





{"id":10209,"date":"2020-03-24T13:22:55","date_gmt":"2020-03-24T13:22:55","guid":{"rendered":"http:\/\/suntribesunscreen.com\/datenschutz\/"},"modified":"2025-09-08T01:51:30","modified_gmt":"2025-09-08T01:51:30","slug":"datenschutz","status":"publish","type":"page","link":"https:\/\/worryfreebackup.win\/de\/datenschutz\/","title":{"rendered":"Impressum &amp; Datenschutzerkl\u00e4rung"},"content":{"rendered":"\t\t<div data-elementor-type=\"wp-post\" data-elementor-id=\"10209\" class=\"elementor elementor-10209 elementor-3588\" data-elementor-post-type=\"page\">\n\t\t\t\t\t\t<section class=\"elementor-section elementor-top-section elementor-element elementor-element-852319e elementor-section-boxed elementor-section-height-default elementor-section-height-default\" data-id=\"852319e\" data-element_type=\"section\" data-e-type=\"section\">\n\t\t\t\t\t\t<div class=\"elementor-container elementor-column-gap-default\">\n\t\t\t\t\t<div class=\"elementor-column elementor-col-100 elementor-top-column elementor-element elementor-element-36c1b1e\" data-id=\"36c1b1e\" data-element_type=\"column\" data-e-type=\"column\">\n\t\t\t<div class=\"elementor-widget-wrap elementor-element-populated\">\n\t\t\t\t\t\t<div class=\"elementor-element elementor-element-32eb2f7 elementor-widget elementor-widget-spacer\" data-id=\"32eb2f7\" data-element_type=\"widget\" data-e-type=\"widget\" data-widget_type=\"spacer.default\">\n\t\t\t\t<div class=\"elementor-widget-container\">\n\t\t\t\t\t\t\t<div class=\"elementor-spacer\">\n\t\t\t<div class=\"elementor-spacer-inner\"><\/div>\n\t\t<\/div>\n\t\t\t\t\t\t<\/div>\n\t\t\t\t<\/div>\n\t\t\t\t\t<\/div>\n\t\t<\/div>\n\t\t\t\t\t<\/div>\n\t\t<\/section>\n\t\t\t\t<section class=\"elementor-section elementor-top-section elementor-element elementor-element-60cb950e elementor-section-stretched elementor-section-full_width elementor-section-content-top elementor-section-height-default elementor-section-height-default\" data-id=\"60cb950e\" data-element_type=\"section\" data-e-type=\"section\" data-settings=\"{&quot;stretch_section&quot;:&quot;section-stretched&quot;}\">\n\t\t\t\t\t\t\t<div class=\"elementor-background-overlay\"><\/div>\n\t\t\t\t\t\t\t<div class=\"elementor-container elementor-column-gap-no\">\n\t\t\t\t\t<div class=\"elementor-column elementor-col-100 elementor-top-column elementor-element elementor-element-42b5581e\" data-id=\"42b5581e\" data-element_type=\"column\" data-e-type=\"column\">\n\t\t\t<div class=\"elementor-widget-wrap elementor-element-populated\">\n\t\t\t\t\t\t<div class=\"elementor-element elementor-element-2f0c8023 elementor-widget elementor-widget-heading\" data-id=\"2f0c8023\" data-element_type=\"widget\" data-e-type=\"widget\" data-widget_type=\"heading.default\">\n\t\t\t\t<div class=\"elementor-widget-container\">\n\t\t\t\t\t<h2 class=\"elementor-heading-title elementor-size-default\">Impressum &amp; Datenschutzerkl\u00e4rung<\/h2>\t\t\t\t<\/div>\n\t\t\t\t<\/div>\n\t\t\t\t\t<\/div>\n\t\t<\/div>\n\t\t\t\t\t<\/div>\n\t\t<\/section>\n\t\t\t\t<section class=\"elementor-section elementor-top-section elementor-element elementor-element-31f14dff elementor-section-boxed elementor-section-height-default elementor-section-height-default\" data-id=\"31f14dff\" data-element_type=\"section\" data-e-type=\"section\">\n\t\t\t\t\t\t<div class=\"elementor-container elementor-column-gap-default\">\n\t\t\t\t\t<div class=\"elementor-column elementor-col-100 elementor-top-column elementor-element elementor-element-7935fd30\" data-id=\"7935fd30\" data-element_type=\"column\" data-e-type=\"column\">\n\t\t\t<div class=\"elementor-widget-wrap elementor-element-populated\">\n\t\t\t\t\t\t<div class=\"elementor-element elementor-element-1cd519ec elementor-widget elementor-widget-text-editor\" data-id=\"1cd519ec\" data-element_type=\"widget\" data-e-type=\"widget\" data-widget_type=\"text-editor.default\">\n\t\t\t\t<div class=\"elementor-widget-container\">\n\t\t\t\t\t\t\t\t\t<p>Sehr geehrter Surfer des Internets,<\/p><p>Auf dieser Seite findest du das Impressum und die Datenschutzerkl\u00e4rung, die erkl\u00e4ren, wie Suntribe AB, Scheelev\u00e4gen 15, 22363 Lund, Schweden, (im Folgenden \u00ab Suntribe \u00bb) deine personenbezogenen Daten im Zusammenhang mit unseren Produkten (im Folgenden \u00ab Produkte \u00bb) und der Suntribe-Website <a href=\"http:\/\/suntribesunscreen.com\/\">www.suntribesunscreen.com<\/a> (im Folgenden \u00ab Dienst \u00bb oder \u00ab Webseite \u00bb) verarbeitet. Mit der Auswahl unseres Dienstes erkl\u00e4rst du dich mit der Erfassung und Verwendung von Informationen im Zusammenhang mit dieser Richtlinie einverstanden.<\/p>\t\t\t\t\t\t\t\t<\/div>\n\t\t\t\t<\/div>\n\t\t\t\t<div class=\"elementor-element elementor-element-a1585b6 elementor-widget elementor-widget-heading\" data-id=\"a1585b6\" data-element_type=\"widget\" data-e-type=\"widget\" data-widget_type=\"heading.default\">\n\t\t\t\t<div class=\"elementor-widget-container\">\n\t\t\t\t\t<h2 class=\"elementor-heading-title elementor-size-default\">Impressum<\/h2>\t\t\t\t<\/div>\n\t\t\t\t<\/div>\n\t\t\t\t<div class=\"elementor-element elementor-element-9f3d1ba elementor-widget elementor-widget-text-editor\" data-id=\"9f3d1ba\" data-element_type=\"widget\" data-e-type=\"widget\" data-widget_type=\"text-editor.default\">\n\t\t\t\t<div class=\"elementor-widget-container\">\n\t\t\t\t\t\t\t\t\t<p><strong style=\"font-size: 20px; letter-spacing: 0.9px;\">Suntribe AB<\/strong><\/p><p>Scheelev\u00e4gen 15<\/p><p>22363 Lund<\/p><p>Schweden<\/p><p><b>E-Mail:<\/b> contact@suntribesunscreen.com<\/p>\t\t\t\t\t\t\t\t<\/div>\n\t\t\t\t<\/div>\n\t\t\t\t<div class=\"elementor-element elementor-element-104c79d elementor-widget elementor-widget-heading\" data-id=\"104c79d\" data-element_type=\"widget\" data-e-type=\"widget\" data-widget_type=\"heading.default\">\n\t\t\t\t<div class=\"elementor-widget-container\">\n\t\t\t\t\t<h2 class=\"elementor-heading-title elementor-size-default\">1. Erfassung und Nutzung von Informationen<\/h2>\t\t\t\t<\/div>\n\t\t\t\t<\/div>\n\t\t\t\t<div class=\"elementor-element elementor-element-8ff8f94 elementor-widget elementor-widget-text-editor\" data-id=\"8ff8f94\" data-element_type=\"widget\" data-e-type=\"widget\" data-widget_type=\"text-editor.default\">\n\t\t\t\t<div class=\"elementor-widget-container\">\n\t\t\t\t\t\t\t\t\t<p><strong>1.1<\/strong> Wenn du uns personenbezogene Daten zur Verf\u00fcgung stellst, um eine Transaktion abzuschlie\u00dfen, deine Kreditkarte zu verifizieren, eine Bestellung aufzugeben, eine Lieferung zu veranlassen oder einen Kauf zur\u00fcckzugeben, erkl\u00e4ren wir uns damit einverstanden, dass wir diese Daten nur aus diesem bestimmten Grund sammeln und verwenden.<\/p><p><strong>1.2<\/strong> Wenn wir aus einem sekund\u00e4ren Grund, wie z.B. Marketing, nach deinen pers\u00f6nlichen Daten fragen, werden wir entweder direkt um deine ausdr\u00fcckliche Zustimmung bitten oder dir die M\u00f6glichkeit geben, Nein zu sagen.<\/p>\t\t\t\t\t\t\t\t<\/div>\n\t\t\t\t<\/div>\n\t\t\t\t<div class=\"elementor-element elementor-element-af9daff elementor-widget elementor-widget-heading\" data-id=\"af9daff\" data-element_type=\"widget\" data-e-type=\"widget\" data-widget_type=\"heading.default\">\n\t\t\t\t<div class=\"elementor-widget-container\">\n\t\t\t\t\t<h2 class=\"elementor-heading-title elementor-size-default\">2. Cookies<\/h2>\t\t\t\t<\/div>\n\t\t\t\t<\/div>\n\t\t\t\t<div class=\"elementor-element elementor-element-ffb22d7 elementor-widget elementor-widget-text-editor\" data-id=\"ffb22d7\" data-element_type=\"widget\" data-e-type=\"widget\" data-widget_type=\"text-editor.default\">\n\t\t\t\t<div class=\"elementor-widget-container\">\n\t\t\t\t\t\t\t\t\t<p><strong>2.1<\/strong> Auf unserer Website verwenden wir Cookies. Wir sammeln nur die Informationen, die notwendig sind, um dir die bestm\u00f6gliche Benutzererfahrung zu bieten. <\/p>\t\t\t\t\t\t\t\t<\/div>\n\t\t\t\t<\/div>\n\t\t\t\t<div class=\"elementor-element elementor-element-43d7c7b elementor-widget elementor-widget-heading\" data-id=\"43d7c7b\" data-element_type=\"widget\" data-e-type=\"widget\" data-widget_type=\"heading.default\">\n\t\t\t\t<div class=\"elementor-widget-container\">\n\t\t\t\t\t<h2 class=\"elementor-heading-title elementor-size-default\">3. Dienste von Drittanbietern<\/h2>\t\t\t\t<\/div>\n\t\t\t\t<\/div>\n\t\t\t\t<div class=\"elementor-element elementor-element-dadfc31 elementor-widget elementor-widget-text-editor\" data-id=\"dadfc31\" data-element_type=\"widget\" data-e-type=\"widget\" data-widget_type=\"text-editor.default\">\n\t\t\t\t<div class=\"elementor-widget-container\">\n\t\t\t\t\t\t\t\t\t<p><strong>3.1<\/strong> Wir geben Ihre Daten niemals an Dritte weiter, es sei denn, dies geschieht zum Zweck der Abwicklung Ihrer Zahlung und der Erf\u00fcllung Ihrer Bestellung. <\/p>\t\t\t\t\t\t\t\t<\/div>\n\t\t\t\t<\/div>\n\t\t\t\t<div class=\"elementor-element elementor-element-679db64 elementor-widget elementor-widget-heading\" data-id=\"679db64\" data-element_type=\"widget\" data-e-type=\"widget\" data-widget_type=\"heading.default\">\n\t\t\t\t<div class=\"elementor-widget-container\">\n\t\t\t\t\t<h2 class=\"elementor-heading-title elementor-size-default\">4. L\u00f6schung und Aufbewahrung von Daten<\/h2>\t\t\t\t<\/div>\n\t\t\t\t<\/div>\n\t\t\t\t<div class=\"elementor-element elementor-element-6731ebf elementor-widget elementor-widget-text-editor\" data-id=\"6731ebf\" data-element_type=\"widget\" data-e-type=\"widget\" data-widget_type=\"text-editor.default\">\n\t\t\t\t<div class=\"elementor-widget-container\">\n\t\t\t\t\t\t\t\t\t<p><strong>4.1<\/strong> Du hast das Recht, von Suntribe Auskunft \u00fcber die zu deiner Person oder deinem Pseudonym gespeicherten Daten zu verlangen.<\/p><p><strong>4.2<\/strong> Du kannst dein Benutzerkonto auf unserer Website vollst\u00e4ndig l\u00f6schen. Sende uns dazu einfach eine E-Mail mit dem Betreff &#8222;Mein Profil l\u00f6schen&#8220; an contact@suntribesunscreen.com <\/p>\t\t\t\t\t\t\t\t<\/div>\n\t\t\t\t<\/div>\n\t\t\t\t<div class=\"elementor-element elementor-element-bbf8e52 elementor-widget elementor-widget-heading\" data-id=\"bbf8e52\" data-element_type=\"widget\" data-e-type=\"widget\" data-widget_type=\"heading.default\">\n\t\t\t\t<div class=\"elementor-widget-container\">\n\t\t\t\t\t<h2 class=\"elementor-heading-title elementor-size-default\">5. Links zu anderen Webseiten<\/h2>\t\t\t\t<\/div>\n\t\t\t\t<\/div>\n\t\t\t\t<div class=\"elementor-element elementor-element-ffb0a8c elementor-widget elementor-widget-text-editor\" data-id=\"ffb0a8c\" data-element_type=\"widget\" data-e-type=\"widget\" data-widget_type=\"text-editor.default\">\n\t\t\t\t<div class=\"elementor-widget-container\">\n\t\t\t\t\t\t\t\t\t<p><b>5.1<\/b> Unser Service kann Links zu anderen Webseiten enthalten. Obwohl wir bestrebt sind, nur qualitativ hochwertige Links zu n\u00fctzlichen und ethischen Websites bereitzustellen, haben wir keine Kontrolle \u00fcber den Inhalt, die Datenschutzrichtlinien oder die Praktiken von Websites oder Dienstleistungen Dritter und \u00fcbernehmen keine Verantwortung daf\u00fcr.<\/p>\t\t\t\t\t\t\t\t<\/div>\n\t\t\t\t<\/div>\n\t\t\t\t\t<\/div>\n\t\t<\/div>\n\t\t\t\t\t<\/div>\n\t\t<\/section>\n\t\t\t\t<\/div>\n\t\t","protected":false},"excerpt":{"rendered":"<p>Impressum &amp; Datenschutzerkl\u00e4rung Sehr geehrter Surfer des Internets, Auf dieser Seite findest du das Impressum und die Datenschutzerkl\u00e4rung, die erkl\u00e4ren, wie Suntribe AB, Scheelev\u00e4gen 15, 22363 Lund, Schweden, (im Folgenden \u00ab Suntribe \u00bb) deine personenbezogenen Daten im Zusammenhang mit unseren Produkten (im Folgenden \u00ab Produkte \u00bb) und der Suntribe-Website www.suntribesunscreen.com (im Folgenden \u00ab Dienst \u00bb [&hellip;]<\/p>\n","protected":false},"author":1,"featured_media":0,"parent":0,"menu_order":10,"comment_status":"closed","ping_status":"closed","template":"elementor_header_footer","meta":{"ocean_post_layout":"","ocean_both_sidebars_style":"","ocean_both_sidebars_content_width":[],"ocean_both_sidebars_sidebars_width":[],"ocean_sidebar":["0"],"ocean_second_sidebar":["0"],"ocean_disable_margins":["enable"],"ocean_add_body_class":"","ocean_shortcode_before_top_bar":"","ocean_shortcode_after_top_bar":"","ocean_shortcode_before_header":"","ocean_shortcode_after_header":"","ocean_has_shortcode":"","ocean_shortcode_after_title":"","ocean_shortcode_before_footer_widgets":"","ocean_shortcode_after_footer_widgets":"","ocean_shortcode_before_footer_bottom":"","ocean_shortcode_after_footer_bottom":"","ocean_display_top_bar":["default"],"ocean_display_header":["default"],"ocean_header_style":"","ocean_center_header_left_menu":["0"],"ocean_custom_header_template":["0"],"ocean_custom_logo":[],"ocean_custom_retina_logo":[],"ocean_custom_logo_max_width":[""],"ocean_custom_logo_tablet_max_width":[""],"ocean_custom_logo_mobile_max_width":[""],"ocean_custom_logo_max_height":[""],"ocean_custom_logo_tablet_max_height":[""],"ocean_custom_logo_mobile_max_height":[""],"ocean_header_custom_menu":["0"],"ocean_menu_typo_font_family":["0"],"ocean_menu_typo_font_subset":"","ocean_menu_typo_font_size":[],"ocean_menu_typo_font_size_tablet":0,"ocean_menu_typo_font_size_mobile":0,"ocean_menu_typo_font_size_unit":"px","ocean_menu_typo_font_weight":"","ocean_menu_typo_font_weight_tablet":"","ocean_menu_typo_font_weight_mobile":"","ocean_menu_typo_transform":"","ocean_menu_typo_transform_tablet":"","ocean_menu_typo_transform_mobile":"","ocean_menu_typo_line_height":[],"ocean_menu_typo_line_height_tablet":0,"ocean_menu_typo_line_height_mobile":0,"ocean_menu_typo_line_height_unit":"","ocean_menu_typo_spacing":[],"ocean_menu_typo_spacing_tablet":0,"ocean_menu_typo_spacing_mobile":0,"ocean_menu_typo_spacing_unit":"","ocean_menu_link_color":"","ocean_menu_link_color_hover":"","ocean_menu_link_color_active":"","ocean_menu_link_background":"","ocean_menu_link_hover_background":"","ocean_menu_link_active_background":"","ocean_menu_social_links_bg":"","ocean_menu_social_hover_links_bg":"","ocean_menu_social_links_color":"","ocean_menu_social_hover_links_color":"","ocean_disable_title":["on"],"ocean_disable_heading":["default"],"ocean_post_title":"","ocean_post_subheading":"","ocean_post_title_style":"","ocean_post_title_background_color":"","ocean_post_title_background":[],"ocean_post_title_bg_image_position":"","ocean_post_title_bg_image_attachment":"","ocean_post_title_bg_image_repeat":"","ocean_post_title_bg_image_size":"","ocean_post_title_height":[],"ocean_post_title_bg_overlay":[],"ocean_post_title_bg_overlay_color":"","ocean_disable_breadcrumbs":["default"],"ocean_breadcrumbs_color":"","ocean_breadcrumbs_separator_color":"","ocean_breadcrumbs_links_color":"","ocean_breadcrumbs_links_hover_color":"","ocean_display_footer_widgets":["default"],"ocean_display_footer_bottom":["default"],"ocean_custom_footer_template":["0"],"_wp_page_template":["elementor_header_footer"],"ocean_link_format_target":[],"ocean_quote_format_link":[],"_wp_old_date":[],"_edit_lock":["1591483227:1"],"_edit_last":[],"ocean_gallery_link_images":[],"osh_disable_topbar_sticky":[],"osh_disable_header_sticky":[],"_elementor_pro_version":[],"_oembed_e2253486b4ac832aa91022f965f4df74":[],"_elementor_version":["3.31.3"],"_oembed_time_e2253486b4ac832aa91022f965f4df74":[],"_genesis_description":[],"_yoast_wpseo_content_score":[],"_yoast_wpseo_primary_category":[],"_oembed_147307c9146127d25c8c9bc3fedbbdd2":[],"_oembed_time_147307c9146127d25c8c9bc3fedbbdd2":[],"_oembed_298cc3cf7783e9a730e0d30489c0767d":[],"_oembed_time_298cc3cf7783e9a730e0d30489c0767d":[],"_wp_old_slug":[],"_yoast_wpseo_focuskw":[],"_oembed_6ce714c902a6c8b37bfed747aa272afa":[],"_oembed_time_6ce714c902a6c8b37bfed747aa272afa":[],"_oembed_67fd97d2449b30f3b8aff7987461bdee":[],"_oembed_time_67fd97d2449b30f3b8aff7987461bdee":[],"_yoast_wpseo_linkdex":[],"_oembed_8c4ad389a55d131ee3502f96b92cd139":[],"_oembed_time_8c4ad389a55d131ee3502f96b92cd139":[],"_thumbnail_id":[],"_wpml_media_duplicate":["1"],"_wpml_media_has_media":[],"_seopress_titles_desc":[],"_seopress_analysis_target_kw":[],"_seopress_robots_primary_cat":[],"rank_math_seo_score":[],"rank_math_contentai_score":[],"rank_math_focus_keyword":[],"rank_math_title":[],"rank_math_description":[],"_elementor_controls_usage":[],"_ez-toc-disabled":[],"_ez-toc-insert":[],"_ez-toc-header-label":[],"_ez-toc-alignment":[],"_ez-toc-heading-levels":[],"_ez-toc-alttext":[],"_ez-toc-visibility_hide_by_default":[],"_ez-toc-hide_counter":[],"_ez-toc-exclude":[],"_ez-toc-position-specific":[],"rank_math_internal_links_processed":["1"],"rank_math_primary_category":[],"_wpml_media_featured":["1"],"_alp_processed":["1757296291"],"_wpml_word_count":["401"],"copied_media_ids":[],"referenced_media_ids":[],"footnotes":""},"class_list":["post-10209","page","type-page","status-publish","hentry","entry","owp-thumbs-layout-horizontal","owp-btn-normal","owp-tabs-layout-horizontal","has-no-thumbnails","has-product-nav","circle-sale"],"jetpack_sharing_enabled":true,"_links":{"self":[{"href":"https:\/\/worryfreebackup.win\/de\/wp-json\/wp\/v2\/pages\/10209","targetHints":{"allow":["GET"]}}],"collection":[{"href":"https:\/\/worryfreebackup.win\/de\/wp-json\/wp\/v2\/pages"}],"about":[{"href":"https:\/\/worryfreebackup.win\/de\/wp-json\/wp\/v2\/types\/page"}],"author":[{"embeddable":true,"href":"https:\/\/worryfreebackup.win\/de\/wp-json\/wp\/v2\/users\/1"}],"replies":[{"embeddable":true,"href":"https:\/\/worryfreebackup.win\/de\/wp-json\/wp\/v2\/comments?post=10209"}],"version-history":[{"count":3,"href":"https:\/\/worryfreebackup.win\/de\/wp-json\/wp\/v2\/pages\/10209\/revisions"}],"predecessor-version":[{"id":101066,"href":"https:\/\/worryfreebackup.win\/de\/wp-json\/wp\/v2\/pages\/10209\/revisions\/101066"}],"wp:attachment":[{"href":"https:\/\/worryfreebackup.win\/de\/wp-json\/wp\/v2\/media?parent=10209"}],"curies":[{"name":"wp","href":"https:\/\/api.w.org\/{rel}","templated":true}]}}