





{"id":10211,"date":"2020-03-24T13:23:31","date_gmt":"2020-03-24T13:23:31","guid":{"rendered":"http:\/\/suntribesunscreen.com\/allgemeine-geschaeftsbedingungen\/"},"modified":"2025-09-07T22:52:25","modified_gmt":"2025-09-07T22:52:25","slug":"allgemeine-geschaeftsbedingungen","status":"publish","type":"page","link":"https:\/\/worryfreebackup.win\/de\/allgemeine-geschaeftsbedingungen\/","title":{"rendered":"Allgemeine Gesch\u00e4ftsbedingungen"},"content":{"rendered":"\t\t<div data-elementor-type=\"wp-post\" data-elementor-id=\"10211\" class=\"elementor elementor-10211 elementor-3586\" data-elementor-post-type=\"page\">\n\t\t\t\t\t\t<section class=\"elementor-section elementor-top-section elementor-element elementor-element-60cb950e elementor-section-stretched elementor-section-full_width elementor-section-content-top elementor-section-height-default elementor-section-height-default\" data-id=\"60cb950e\" data-element_type=\"section\" data-e-type=\"section\" data-settings=\"{&quot;background_background&quot;:&quot;gradient&quot;,&quot;stretch_section&quot;:&quot;section-stretched&quot;}\">\n\t\t\t\t\t\t\t<div class=\"elementor-background-overlay\"><\/div>\n\t\t\t\t\t\t\t<div class=\"elementor-container elementor-column-gap-no\">\n\t\t\t\t\t<div class=\"elementor-column elementor-col-100 elementor-top-column elementor-element elementor-element-42b5581e\" data-id=\"42b5581e\" data-element_type=\"column\" data-e-type=\"column\">\n\t\t\t<div class=\"elementor-widget-wrap elementor-element-populated\">\n\t\t\t\t\t\t<div class=\"elementor-element elementor-element-2f0c8023 elementor-widget elementor-widget-heading\" data-id=\"2f0c8023\" data-element_type=\"widget\" data-e-type=\"widget\" data-widget_type=\"heading.default\">\n\t\t\t\t<div class=\"elementor-widget-container\">\n\t\t\t\t\t<h2 class=\"elementor-heading-title elementor-size-default\">Allgemeine Gesch\u00e4ftsbedingungen<\/h2>\t\t\t\t<\/div>\n\t\t\t\t<\/div>\n\t\t\t\t\t<\/div>\n\t\t<\/div>\n\t\t\t\t\t<\/div>\n\t\t<\/section>\n\t\t\t\t<section class=\"elementor-section elementor-top-section elementor-element elementor-element-31f14dff elementor-section-boxed elementor-section-height-default elementor-section-height-default\" data-id=\"31f14dff\" data-element_type=\"section\" data-e-type=\"section\">\n\t\t\t\t\t\t<div class=\"elementor-container elementor-column-gap-default\">\n\t\t\t\t\t<div class=\"elementor-column elementor-col-100 elementor-top-column elementor-element elementor-element-7935fd30\" data-id=\"7935fd30\" data-element_type=\"column\" data-e-type=\"column\">\n\t\t\t<div class=\"elementor-widget-wrap elementor-element-populated\">\n\t\t\t\t\t\t<div class=\"elementor-element elementor-element-1cd519ec elementor-widget elementor-widget-text-editor\" data-id=\"1cd519ec\" data-element_type=\"widget\" data-e-type=\"widget\" data-widget_type=\"text-editor.default\">\n\t\t\t\t<div class=\"elementor-widget-container\">\n\t\t\t\t\t\t\t\t\t<p>Sehr geehrter Surfer des Internets,&nbsp;<\/p>\n<p>Hier finden Sie die Allgemeinen Gesch\u00e4ftsbedingungen (die &#8222;Bedingungen&#8220;), die gelten, wenn Sie (der &#8222;Nutzer&#8220;) auf http:\/\/suntribesunscreen.com und alle seine Unterseiten (die &#8222;Website&#8220;, der &#8222;Dienst&#8220;) zugreifen oder Bestellungen f\u00fcr Produkte aufgeben.<br><\/p>\t\t\t\t\t\t\t\t<\/div>\n\t\t\t\t<\/div>\n\t\t\t\t<div class=\"elementor-element elementor-element-a1585b6 elementor-widget elementor-widget-heading\" data-id=\"a1585b6\" data-element_type=\"widget\" data-e-type=\"widget\" data-widget_type=\"heading.default\">\n\t\t\t\t<div class=\"elementor-widget-container\">\n\t\t\t\t\t<h2 class=\"elementor-heading-title elementor-size-default\">1. Privatkunden: Preise, Lieferung und R\u00fccksendung\n<\/h2>\t\t\t\t<\/div>\n\t\t\t\t<\/div>\n\t\t\t\t<div class=\"elementor-element elementor-element-c72ccce elementor-widget elementor-widget-text-editor\" data-id=\"c72ccce\" data-element_type=\"widget\" data-e-type=\"widget\" data-widget_type=\"text-editor.default\">\n\t\t\t\t<div class=\"elementor-widget-container\">\n\t\t\t\t\t\t\t\t\t<p><b>1.1<\/b> Der Versand dauert umso l\u00e4nger, je weiter du von uns entfernt bist (unser Lager befindet sich in Schweden). Die neuesten Versandzeiten findest du auf der Shop-Seite und den Produktseiten. <\/p><p><b>1.2<\/b> Alle Preise verstehen sich inklusive MwSt. f\u00fcr Kunden innerhalb der EU und exklusive MwSt. f\u00fcr alle Kunden, die von au\u00dferhalb der EU bestellen.<\/p><p><b>1.3<\/b> Wir m\u00f6chten, dass du mit unseren Produkten vollkommen zufrieden bist. Wenn du in irgendeiner Weise unzufrieden sein solltest oder Fragen vor, w\u00e4hrend oder nach der Bestellung hast, sende uns eine E-Mail an <a href=\"mailto:contact@suntribesunscreen.com\">contact@suntribesunscreen.com<\/a>und wir senden dir entweder einen Ersatz, erstatten dir deine Bestellung oder finden eine andere L\u00f6sung, um sicherzustellen, dass du letztendlich mit unserem Service zufrieden bist. Weitere M\u00f6glichkeiten, uns zu kontaktieren, findest du auf unserer Kontaktseite.<\/p>\t\t\t\t\t\t\t\t<\/div>\n\t\t\t\t<\/div>\n\t\t\t\t<div class=\"elementor-element elementor-element-1b1f0d1 elementor-widget elementor-widget-heading\" data-id=\"1b1f0d1\" data-element_type=\"widget\" data-e-type=\"widget\" data-widget_type=\"heading.default\">\n\t\t\t\t<div class=\"elementor-widget-container\">\n\t\t\t\t\t<h2 class=\"elementor-heading-title elementor-size-default\">2. Gesetzliche Verpflichtungen und Haftungsbeschr\u00e4nkungen<\/h2>\t\t\t\t<\/div>\n\t\t\t\t<\/div>\n\t\t\t\t<div class=\"elementor-element elementor-element-848f451 elementor-widget elementor-widget-text-editor\" data-id=\"848f451\" data-element_type=\"widget\" data-e-type=\"widget\" data-widget_type=\"text-editor.default\">\n\t\t\t\t<div class=\"elementor-widget-container\">\n\t\t\t\t\t\t\t\t\t<p><strong>2.1<\/strong> Obwohl wir unser Bestes tun, um sicherzustellen, dass die Informationen auf dieser Webseite korrekt sind, \u00fcbernehmen wir keine Garantie f\u00fcr ihre Vollst\u00e4ndigkeit oder Richtigkeit; wir verpflichten uns auch nicht, daf\u00fcr zu sorgen, dass die Website verf\u00fcgbar bleibt oder dass das Material auf der Website auf dem neuesten Stand gehalten wird. Alle dargestellten Informationen und alle damit verbundenen Links dienen nur der allgemeinen Information. Konsultiere bitte deinen Arzt oder deine \u00c4rztin f\u00fcr alle spezifischen medizinischen Beschwerden oder Bedenken, die du eventuell hast Die Nutzung der Informationen und aller vorgeschlagenen Produkte oder Inhaltsstoffe auf dieser Website erfolgt auf eigene Verantwortung. Wir \u00fcbernehmen keine Verantwortung f\u00fcr die korrekte Anwendung und Nutzung unseres Produkts und die daraus resultierenden Folgen, wie z.B. Sonnenbrand oder Hautsch\u00e4den.<\/p><p><strong>2.2<\/strong> Jeder Abschnitt dieser Allgemeinen Gesch\u00e4ftsbedingungen hat seine eigene G\u00fcltigkeit. Sollte ein Teil oder eine Bestimmung dieser Allgemeinen Gesch\u00e4ftsbedingungen von einem zust\u00e4ndigen Gericht oder einem Schiedsrichter f\u00fcr ung\u00fcltig erkl\u00e4rt werden, bleiben alle anderen Teile g\u00fcltig.<\/p><p><strong>2.3<\/strong> Wir werden unser Bestes tun, um alle Streitigkeiten \u00fcber diese Bedingungen beizulegen. Es gilt das relevante schwedische Recht.<\/p>\t\t\t\t\t\t\t\t<\/div>\n\t\t\t\t<\/div>\n\t\t\t\t\t<\/div>\n\t\t<\/div>\n\t\t\t\t\t<\/div>\n\t\t<\/section>\n\t\t\t\t<\/div>\n\t\t","protected":false},"excerpt":{"rendered":"<p>Allgemeine Gesch\u00e4ftsbedingungen Sehr geehrter Surfer des Internets,&nbsp; Hier finden Sie die Allgemeinen Gesch\u00e4ftsbedingungen (die &#8222;Bedingungen&#8220;), die gelten, wenn Sie (der &#8222;Nutzer&#8220;) auf http:\/\/suntribesunscreen.com und alle seine Unterseiten (die &#8222;Website&#8220;, der &#8222;Dienst&#8220;) zugreifen oder Bestellungen f\u00fcr Produkte aufgeben. 1. Privatkunden: Preise, Lieferung und R\u00fccksendung 1.1 Der Versand dauert umso l\u00e4nger, je weiter du von uns entfernt [&hellip;]<\/p>\n","protected":false},"author":1,"featured_media":0,"parent":0,"menu_order":9,"comment_status":"closed","ping_status":"closed","template":"elementor_header_footer","meta":{"ocean_post_layout":"","ocean_both_sidebars_style":"","ocean_both_sidebars_content_width":[],"ocean_both_sidebars_sidebars_width":[],"ocean_sidebar":["0"],"ocean_second_sidebar":["0"],"ocean_disable_margins":["enable"],"ocean_add_body_class":"","ocean_shortcode_before_top_bar":"","ocean_shortcode_after_top_bar":"","ocean_shortcode_before_header":"","ocean_shortcode_after_header":"","ocean_has_shortcode":"","ocean_shortcode_after_title":"","ocean_shortcode_before_footer_widgets":"","ocean_shortcode_after_footer_widgets":"","ocean_shortcode_before_footer_bottom":"","ocean_shortcode_after_footer_bottom":"","ocean_display_top_bar":["default"],"ocean_display_header":["default"],"ocean_header_style":"","ocean_center_header_left_menu":["0"],"ocean_custom_header_template":["0"],"ocean_custom_logo":[],"ocean_custom_retina_logo":[],"ocean_custom_logo_max_width":[],"ocean_custom_logo_tablet_max_width":[],"ocean_custom_logo_mobile_max_width":[],"ocean_custom_logo_max_height":[],"ocean_custom_logo_tablet_max_height":[],"ocean_custom_logo_mobile_max_height":[],"ocean_header_custom_menu":["0"],"ocean_menu_typo_font_family":["0"],"ocean_menu_typo_font_subset":"","ocean_menu_typo_font_size":[],"ocean_menu_typo_font_size_tablet":0,"ocean_menu_typo_font_size_mobile":0,"ocean_menu_typo_font_size_unit":"px","ocean_menu_typo_font_weight":"","ocean_menu_typo_font_weight_tablet":"","ocean_menu_typo_font_weight_mobile":"","ocean_menu_typo_transform":"","ocean_menu_typo_transform_tablet":"","ocean_menu_typo_transform_mobile":"","ocean_menu_typo_line_height":[],"ocean_menu_typo_line_height_tablet":0,"ocean_menu_typo_line_height_mobile":0,"ocean_menu_typo_line_height_unit":"","ocean_menu_typo_spacing":[],"ocean_menu_typo_spacing_tablet":0,"ocean_menu_typo_spacing_mobile":0,"ocean_menu_typo_spacing_unit":"","ocean_menu_link_color":"","ocean_menu_link_color_hover":"","ocean_menu_link_color_active":"","ocean_menu_link_background":"","ocean_menu_link_hover_background":"","ocean_menu_link_active_background":"","ocean_menu_social_links_bg":"","ocean_menu_social_hover_links_bg":"","ocean_menu_social_links_color":"","ocean_menu_social_hover_links_color":"","ocean_disable_title":["on"],"ocean_disable_heading":["default"],"ocean_post_title":"","ocean_post_subheading":"","ocean_post_title_style":"","ocean_post_title_background_color":"","ocean_post_title_background":[],"ocean_post_title_bg_image_position":"","ocean_post_title_bg_image_attachment":"","ocean_post_title_bg_image_repeat":"","ocean_post_title_bg_image_size":"","ocean_post_title_height":[],"ocean_post_title_bg_overlay":[],"ocean_post_title_bg_overlay_color":"","ocean_disable_breadcrumbs":["default"],"ocean_breadcrumbs_color":"","ocean_breadcrumbs_separator_color":"","ocean_breadcrumbs_links_color":"","ocean_breadcrumbs_links_hover_color":"","ocean_display_footer_widgets":["default"],"ocean_display_footer_bottom":["default"],"ocean_custom_footer_template":["0"],"_wp_page_template":["elementor_header_footer"],"ocean_link_format_target":[],"ocean_quote_format_link":[],"_wp_old_date":[],"_edit_lock":["1591483350:1"],"_edit_last":[],"ocean_gallery_link_images":[],"osh_disable_topbar_sticky":[],"osh_disable_header_sticky":[],"_elementor_pro_version":["2.9.5"],"_oembed_e2253486b4ac832aa91022f965f4df74":[],"_elementor_version":["3.28.3"],"_oembed_time_e2253486b4ac832aa91022f965f4df74":[],"_genesis_description":[],"_yoast_wpseo_content_score":[],"_yoast_wpseo_primary_category":[],"_oembed_147307c9146127d25c8c9bc3fedbbdd2":[],"_oembed_time_147307c9146127d25c8c9bc3fedbbdd2":[],"_oembed_298cc3cf7783e9a730e0d30489c0767d":[],"_oembed_time_298cc3cf7783e9a730e0d30489c0767d":[],"_wp_old_slug":[],"_yoast_wpseo_focuskw":[],"_oembed_6ce714c902a6c8b37bfed747aa272afa":[],"_oembed_time_6ce714c902a6c8b37bfed747aa272afa":[],"_oembed_67fd97d2449b30f3b8aff7987461bdee":[],"_oembed_time_67fd97d2449b30f3b8aff7987461bdee":[],"_yoast_wpseo_linkdex":[],"_oembed_8c4ad389a55d131ee3502f96b92cd139":[],"_oembed_time_8c4ad389a55d131ee3502f96b92cd139":[],"_thumbnail_id":[],"_wpml_media_duplicate":["1"],"_wpml_media_has_media":[],"_seopress_titles_desc":[],"_seopress_analysis_target_kw":[],"_seopress_robots_primary_cat":[],"rank_math_seo_score":[],"rank_math_contentai_score":[],"rank_math_focus_keyword":[],"rank_math_title":[],"rank_math_description":[],"_elementor_controls_usage":[null],"_ez-toc-disabled":[],"_ez-toc-insert":[],"_ez-toc-header-label":[],"_ez-toc-alignment":[],"_ez-toc-heading-levels":[],"_ez-toc-alttext":[],"_ez-toc-visibility_hide_by_default":[],"_ez-toc-hide_counter":[],"_ez-toc-exclude":[],"_ez-toc-position-specific":[],"rank_math_internal_links_processed":["1"],"rank_math_primary_category":[],"_wpml_media_featured":["1"],"_alp_processed":["1757285545"],"_wpml_word_count":["451"],"copied_media_ids":[],"referenced_media_ids":[],"_elementor_page_assets":[null],"_elementor_css":[null],"_elementor_element_cache":["{\"timeout\":1778020233,\"value\":{\"content\":\"\\t\\t<section class=\\\"elementor-section elementor-top-section elementor-element elementor-element-60cb950e elementor-section-stretched elementor-section-full_width elementor-section-content-top elementor-section-height-default elementor-section-height-default\\\" data-id=\\\"60cb950e\\\" data-element_type=\\\"section\\\" data-e-type=\\\"section\\\" data-settings=\\\"{&quot;background_background&quot;:&quot;gradient&quot;,&quot;stretch_section&quot;:&quot;section-stretched&quot;}\\\">\\n\\t\\t\\t\\t\\t\\t\\t<div class=\\\"elementor-background-overlay\\\"><\\\/div>\\n\\t\\t\\t\\t\\t\\t\\t<div class=\\\"elementor-container elementor-column-gap-no\\\">\\n\\t\\t\\t\\t\\t<div class=\\\"elementor-column elementor-col-100 elementor-top-column elementor-element elementor-element-42b5581e\\\" data-id=\\\"42b5581e\\\" data-element_type=\\\"column\\\" data-e-type=\\\"column\\\">\\n\\t\\t\\t<div class=\\\"elementor-widget-wrap elementor-element-populated\\\">\\n\\t\\t\\t\\t\\t\\t<div class=\\\"elementor-element elementor-element-2f0c8023 elementor-widget elementor-widget-heading\\\" data-id=\\\"2f0c8023\\\" data-element_type=\\\"widget\\\" data-e-type=\\\"widget\\\" data-widget_type=\\\"heading.default\\\">\\n\\t\\t\\t\\t<div class=\\\"elementor-widget-container\\\">\\n\\t\\t\\t\\t\\t<h2 class=\\\"elementor-heading-title elementor-size-default\\\">Allgemeine Gesch\\u00e4ftsbedingungen<\\\/h2>\\t\\t\\t\\t<\\\/div>\\n\\t\\t\\t\\t<\\\/div>\\n\\t\\t\\t\\t\\t<\\\/div>\\n\\t\\t<\\\/div>\\n\\t\\t\\t\\t\\t<\\\/div>\\n\\t\\t<\\\/section>\\n\\t\\t\\t\\t<section class=\\\"elementor-section elementor-top-section elementor-element elementor-element-31f14dff elementor-section-boxed elementor-section-height-default elementor-section-height-default\\\" data-id=\\\"31f14dff\\\" data-element_type=\\\"section\\\" data-e-type=\\\"section\\\">\\n\\t\\t\\t\\t\\t\\t<div class=\\\"elementor-container elementor-column-gap-default\\\">\\n\\t\\t\\t\\t\\t<div class=\\\"elementor-column elementor-col-100 elementor-top-column elementor-element elementor-element-7935fd30\\\" data-id=\\\"7935fd30\\\" data-element_type=\\\"column\\\" data-e-type=\\\"column\\\">\\n\\t\\t\\t<div class=\\\"elementor-widget-wrap elementor-element-populated\\\">\\n\\t\\t\\t\\t[elementor-element k=\\\"00ea4abe6a0de50372c95f922628ba35\\\" data=\\\"eyJpZCI6IjFjZDUxOWVjIiwiZWxUeXBlIjoid2lkZ2V0Iiwic2V0dGluZ3MiOnsiZWRpdG9yIjoiPHA+U2VociBnZWVocnRlciBTdXJmZXIgZGVzIEludGVybmV0cywmbmJzcDs8XC9wPlxuPHA+SGllciBmaW5kZW4gU2llIGRpZSBBbGxnZW1laW5lbiBHZXNjaFx1MDBlNGZ0c2JlZGluZ3VuZ2VuIChkaWUgXCJCZWRpbmd1bmdlblwiKSwgZGllIGdlbHRlbiwgd2VubiBTaWUgKGRlciBcIk51dHplclwiKSBhdWYgaHR0cDpcL1wvc3VudHJpYmVzdW5zY3JlZW4uY29tIHVuZCBhbGxlIHNlaW5lIFVudGVyc2VpdGVuIChkaWUgXCJXZWJzaXRlXCIsIGRlciBcIkRpZW5zdFwiKSB6dWdyZWlmZW4gb2RlciBCZXN0ZWxsdW5nZW4gZlx1MDBmY3IgUHJvZHVrdGUgYXVmZ2ViZW4uPGJyPjxcL3A+IiwidGV4dF9jb2xvciI6IiM1QjRCNDMiLCJ0eXBvZ3JhcGh5X3R5cG9ncmFwaHkiOiJjdXN0b20iLCJ0eXBvZ3JhcGh5X2ZvbnRfc2l6ZSI6eyJ1bml0IjoicHgiLCJzaXplIjoyMH0sInR5cG9ncmFwaHlfZm9udF93ZWlnaHQiOiI0MDAiLCJ0eXBvZ3JhcGh5X2xpbmVfaGVpZ2h0Ijp7InVuaXQiOiJlbSIsInNpemUiOjEuM30sInR5cG9ncmFwaHlfZm9udF9mYW1pbHkiOiJCcmFuZG9uIEdyb3Rlc3F1ZSIsInR5cG9ncmFwaHlfZm9udF9zaXplX21vYmlsZSI6eyJ1bml0IjoicHgiLCJzaXplIjoxNn0sIl9wYWRkaW5nIjp7InVuaXQiOiJweCIsInRvcCI6IjI1IiwicmlnaHQiOiIwIiwiYm90dG9tIjoiMCIsImxlZnQiOiIwIiwiaXNMaW5rZWQiOmZhbHNlfSwiYWxpZ24iOiJsZWZ0IiwiYWxpZ25fbW9iaWxlIjoibGVmdCIsIl9tYXJnaW5fbW9iaWxlIjp7InVuaXQiOiJweCIsInRvcCI6IjAiLCJyaWdodCI6IjIwIiwiYm90dG9tIjoiMCIsImxlZnQiOiIyMCIsImlzTGlua2VkIjpmYWxzZX0sIl9wYWRkaW5nX21vYmlsZSI6eyJ1bml0IjoicHgiLCJ0b3AiOiIwIiwicmlnaHQiOiIwIiwiYm90dG9tIjoiMCIsImxlZnQiOiIwIiwiaXNMaW5rZWQiOmZhbHNlfSwidHlwb2dyYXBoeV9sZXR0ZXJfc3BhY2luZyI6eyJ1bml0IjoicHgiLCJzaXplIjowLjksInNpemVzIjpbXX19LCJlbGVtZW50cyI6W10sIndpZGdldFR5cGUiOiJ0ZXh0LWVkaXRvciJ9\\\"]\\t\\t<div class=\\\"elementor-element elementor-element-a1585b6 elementor-widget elementor-widget-heading\\\" data-id=\\\"a1585b6\\\" data-element_type=\\\"widget\\\" data-e-type=\\\"widget\\\" data-widget_type=\\\"heading.default\\\">\\n\\t\\t\\t\\t<div class=\\\"elementor-widget-container\\\">\\n\\t\\t\\t\\t\\t<h2 class=\\\"elementor-heading-title elementor-size-default\\\">1. Privatkunden: Preise, Lieferung und R\\u00fccksendung\\n<\\\/h2>\\t\\t\\t\\t<\\\/div>\\n\\t\\t\\t\\t<\\\/div>\\n\\t\\t[elementor-element k=\\\"00ea4abe6a0de50372c95f922628ba35\\\" data=\\\"eyJpZCI6ImM3MmNjY2UiLCJlbFR5cGUiOiJ3aWRnZXQiLCJzZXR0aW5ncyI6eyJlZGl0b3IiOiI8cD48Yj4xLjE8XC9iPiBEZXIgVmVyc2FuZCBkYXVlcnQgdW1zbyBsXHUwMGU0bmdlciwgamUgd2VpdGVyIGR1IHZvbiB1bnMgZW50ZmVybnQgYmlzdCAodW5zZXIgTGFnZXIgYmVmaW5kZXQgc2ljaCBpbiBTY2h3ZWRlbikuIERpZSBuZXVlc3RlbiBWZXJzYW5kemVpdGVuIGZpbmRlc3QgZHUgYXVmIGRlciBTaG9wLVNlaXRlIHVuZCBkZW4gUHJvZHVrdHNlaXRlbi4gPFwvcD48cD48Yj4xLjI8XC9iPiBBbGxlIFByZWlzZSB2ZXJzdGVoZW4gc2ljaCBpbmtsdXNpdmUgTXdTdC4gZlx1MDBmY3IgS3VuZGVuIGlubmVyaGFsYiBkZXIgRVUgdW5kIGV4a2x1c2l2ZSBNd1N0LiBmXHUwMGZjciBhbGxlIEt1bmRlbiwgZGllIHZvbiBhdVx1MDBkZmVyaGFsYiBkZXIgRVUgYmVzdGVsbGVuLjxcL3A+PHA+PGI+MS4zPFwvYj4gV2lyIG1cdTAwZjZjaHRlbiwgZGFzcyBkdSBtaXQgdW5zZXJlbiBQcm9kdWt0ZW4gdm9sbGtvbW1lbiB6dWZyaWVkZW4gYmlzdC4gV2VubiBkdSBpbiBpcmdlbmRlaW5lciBXZWlzZSB1bnp1ZnJpZWRlbiBzZWluIHNvbGx0ZXN0IG9kZXIgRnJhZ2VuIHZvciwgd1x1MDBlNGhyZW5kIG9kZXIgbmFjaCBkZXIgQmVzdGVsbHVuZyBoYXN0LCBzZW5kZSB1bnMgZWluZSBFLU1haWwgYW4gPGEgaHJlZj1cIm1haWx0bzpjb250YWN0QHN1bnRyaWJlc3Vuc2NyZWVuLmNvbVwiPmNvbnRhY3RAc3VudHJpYmVzdW5zY3JlZW4uY29tPFwvYT51bmQgd2lyIHNlbmRlbiBkaXIgZW50d2VkZXIgZWluZW4gRXJzYXR6LCBlcnN0YXR0ZW4gZGlyIGRlaW5lIEJlc3RlbGx1bmcgb2RlciBmaW5kZW4gZWluZSBhbmRlcmUgTFx1MDBmNnN1bmcsIHVtIHNpY2hlcnp1c3RlbGxlbiwgZGFzcyBkdSBsZXR6dGVuZGxpY2ggbWl0IHVuc2VyZW0gU2VydmljZSB6dWZyaWVkZW4gYmlzdC4gV2VpdGVyZSBNXHUwMGY2Z2xpY2hrZWl0ZW4sIHVucyB6dSBrb250YWt0aWVyZW4sIGZpbmRlc3QgZHUgYXVmIHVuc2VyZXIgS29udGFrdHNlaXRlLjxcL3A+IiwidGV4dF9jb2xvciI6IiM1QjRCNDMiLCJ0eXBvZ3JhcGh5X3R5cG9ncmFwaHkiOiJjdXN0b20iLCJ0eXBvZ3JhcGh5X2ZvbnRfc2l6ZSI6eyJ1bml0IjoicHgiLCJzaXplIjoyMH0sInR5cG9ncmFwaHlfZm9udF93ZWlnaHQiOiI0MDAiLCJ0eXBvZ3JhcGh5X2xpbmVfaGVpZ2h0Ijp7InVuaXQiOiJlbSIsInNpemUiOjEuM30sInR5cG9ncmFwaHlfZm9udF9mYW1pbHkiOiJCcmFuZG9uIEdyb3Rlc3F1ZSIsInR5cG9ncmFwaHlfZm9udF9zaXplX21vYmlsZSI6eyJ1bml0IjoicHgiLCJzaXplIjoxNn0sIl9wYWRkaW5nIjp7InVuaXQiOiJweCIsInRvcCI6IjI1IiwicmlnaHQiOiIwIiwiYm90dG9tIjoiMCIsImxlZnQiOiIwIiwiaXNMaW5rZWQiOmZhbHNlfSwiYWxpZ24iOiJsZWZ0IiwiYWxpZ25fbW9iaWxlIjoibGVmdCIsIl9tYXJnaW5fbW9iaWxlIjp7InVuaXQiOiJweCIsInRvcCI6IjAiLCJyaWdodCI6IjIwIiwiYm90dG9tIjoiMCIsImxlZnQiOiIyMCIsImlzTGlua2VkIjpmYWxzZX0sIl9wYWRkaW5nX21vYmlsZSI6eyJ1bml0IjoicHgiLCJ0b3AiOiIwIiwicmlnaHQiOiIwIiwiYm90dG9tIjoiMCIsImxlZnQiOiIwIiwiaXNMaW5rZWQiOmZhbHNlfSwidHlwb2dyYXBoeV9sZXR0ZXJfc3BhY2luZyI6eyJ1bml0IjoicHgiLCJzaXplIjowLjksInNpemVzIjpbXX19LCJlbGVtZW50cyI6W10sIndpZGdldFR5cGUiOiJ0ZXh0LWVkaXRvciJ9\\\"]\\t\\t<div class=\\\"elementor-element elementor-element-1b1f0d1 elementor-widget elementor-widget-heading\\\" data-id=\\\"1b1f0d1\\\" data-element_type=\\\"widget\\\" data-e-type=\\\"widget\\\" data-widget_type=\\\"heading.default\\\">\\n\\t\\t\\t\\t<div class=\\\"elementor-widget-container\\\">\\n\\t\\t\\t\\t\\t<h2 class=\\\"elementor-heading-title elementor-size-default\\\">2. Gesetzliche Verpflichtungen und Haftungsbeschr\\u00e4nkungen<\\\/h2>\\t\\t\\t\\t<\\\/div>\\n\\t\\t\\t\\t<\\\/div>\\n\\t\\t[elementor-element k=\\\"00ea4abe6a0de50372c95f922628ba35\\\" data=\\\"eyJpZCI6Ijg0OGY0NTEiLCJlbFR5cGUiOiJ3aWRnZXQiLCJzZXR0aW5ncyI6eyJlZGl0b3IiOiI8cD48c3Ryb25nPjIuMTxcL3N0cm9uZz4gT2J3b2hsIHdpciB1bnNlciBCZXN0ZXMgdHVuLCB1bSBzaWNoZXJ6dXN0ZWxsZW4sIGRhc3MgZGllIEluZm9ybWF0aW9uZW4gYXVmIGRpZXNlciBXZWJzZWl0ZSBrb3JyZWt0IHNpbmQsIFx1MDBmY2Jlcm5laG1lbiB3aXIga2VpbmUgR2FyYW50aWUgZlx1MDBmY3IgaWhyZSBWb2xsc3RcdTAwZTRuZGlna2VpdCBvZGVyIFJpY2h0aWdrZWl0OyB3aXIgdmVycGZsaWNodGVuIHVucyBhdWNoIG5pY2h0LCBkYWZcdTAwZmNyIHp1IHNvcmdlbiwgZGFzcyBkaWUgV2Vic2l0ZSB2ZXJmXHUwMGZjZ2JhciBibGVpYnQgb2RlciBkYXNzIGRhcyBNYXRlcmlhbCBhdWYgZGVyIFdlYnNpdGUgYXVmIGRlbSBuZXVlc3RlbiBTdGFuZCBnZWhhbHRlbiB3aXJkLiBBbGxlIGRhcmdlc3RlbGx0ZW4gSW5mb3JtYXRpb25lbiB1bmQgYWxsZSBkYW1pdCB2ZXJidW5kZW5lbiBMaW5rcyBkaWVuZW4gbnVyIGRlciBhbGxnZW1laW5lbiBJbmZvcm1hdGlvbi4gS29uc3VsdGllcmUgYml0dGUgZGVpbmVuIEFyenQgb2RlciBkZWluZSBcdTAwYzRyenRpbiBmXHUwMGZjciBhbGxlIHNwZXppZmlzY2hlbiBtZWRpemluaXNjaGVuIEJlc2Nod2VyZGVuIG9kZXIgQmVkZW5rZW4sIGRpZSBkdSBldmVudHVlbGwgaGFzdCBEaWUgTnV0enVuZyBkZXIgSW5mb3JtYXRpb25lbiB1bmQgYWxsZXIgdm9yZ2VzY2hsYWdlbmVuIFByb2R1a3RlIG9kZXIgSW5oYWx0c3N0b2ZmZSBhdWYgZGllc2VyIFdlYnNpdGUgZXJmb2xndCBhdWYgZWlnZW5lIFZlcmFudHdvcnR1bmcuIFdpciBcdTAwZmNiZXJuZWhtZW4ga2VpbmUgVmVyYW50d29ydHVuZyBmXHUwMGZjciBkaWUga29ycmVrdGUgQW53ZW5kdW5nIHVuZCBOdXR6dW5nIHVuc2VyZXMgUHJvZHVrdHMgdW5kIGRpZSBkYXJhdXMgcmVzdWx0aWVyZW5kZW4gRm9sZ2VuLCB3aWUgei5CLiBTb25uZW5icmFuZCBvZGVyIEhhdXRzY2hcdTAwZTRkZW4uPFwvcD48cD48c3Ryb25nPjIuMjxcL3N0cm9uZz4gSmVkZXIgQWJzY2huaXR0IGRpZXNlciBBbGxnZW1laW5lbiBHZXNjaFx1MDBlNGZ0c2JlZGluZ3VuZ2VuIGhhdCBzZWluZSBlaWdlbmUgR1x1MDBmY2x0aWdrZWl0LiBTb2xsdGUgZWluIFRlaWwgb2RlciBlaW5lIEJlc3RpbW11bmcgZGllc2VyIEFsbGdlbWVpbmVuIEdlc2NoXHUwMGU0ZnRzYmVkaW5ndW5nZW4gdm9uIGVpbmVtIHp1c3RcdTAwZTRuZGlnZW4gR2VyaWNodCBvZGVyIGVpbmVtIFNjaGllZHNyaWNodGVyIGZcdTAwZmNyIHVuZ1x1MDBmY2x0aWcgZXJrbFx1MDBlNHJ0IHdlcmRlbiwgYmxlaWJlbiBhbGxlIGFuZGVyZW4gVGVpbGUgZ1x1MDBmY2x0aWcuPFwvcD48cD48c3Ryb25nPjIuMzxcL3N0cm9uZz4gV2lyIHdlcmRlbiB1bnNlciBCZXN0ZXMgdHVuLCB1bSBhbGxlIFN0cmVpdGlna2VpdGVuIFx1MDBmY2JlciBkaWVzZSBCZWRpbmd1bmdlbiBiZWl6dWxlZ2VuLiBFcyBnaWx0IGRhcyByZWxldmFudGUgc2Nod2VkaXNjaGUgUmVjaHQuPFwvcD4iLCJ0ZXh0X2NvbG9yIjoiIzVCNEI0MyIsInR5cG9ncmFwaHlfdHlwb2dyYXBoeSI6ImN1c3RvbSIsInR5cG9ncmFwaHlfZm9udF9zaXplIjp7InVuaXQiOiJweCIsInNpemUiOjIwfSwidHlwb2dyYXBoeV9mb250X3dlaWdodCI6IjQwMCIsInR5cG9ncmFwaHlfbGluZV9oZWlnaHQiOnsidW5pdCI6ImVtIiwic2l6ZSI6MS4zfSwidHlwb2dyYXBoeV9mb250X2ZhbWlseSI6IkJyYW5kb24gR3JvdGVzcXVlIiwidHlwb2dyYXBoeV9mb250X3NpemVfbW9iaWxlIjp7InVuaXQiOiJweCIsInNpemUiOjE2fSwiX3BhZGRpbmciOnsidW5pdCI6InB4IiwidG9wIjoiMjUiLCJyaWdodCI6IjAiLCJib3R0b20iOiIwIiwibGVmdCI6IjAiLCJpc0xpbmtlZCI6ZmFsc2V9LCJhbGlnbiI6ImxlZnQiLCJhbGlnbl9tb2JpbGUiOiJsZWZ0IiwiX21hcmdpbl9tb2JpbGUiOnsidW5pdCI6InB4IiwidG9wIjoiMCIsInJpZ2h0IjoiMjAiLCJib3R0b20iOiIwIiwibGVmdCI6IjIwIiwiaXNMaW5rZWQiOmZhbHNlfSwiX3BhZGRpbmdfbW9iaWxlIjp7InVuaXQiOiJweCIsInRvcCI6IjAiLCJyaWdodCI6IjAiLCJib3R0b20iOiIwIiwibGVmdCI6IjAiLCJpc0xpbmtlZCI6ZmFsc2V9LCJ0eXBvZ3JhcGh5X2xldHRlcl9zcGFjaW5nIjp7InVuaXQiOiJweCIsInNpemUiOjAuOSwic2l6ZXMiOltdfX0sImVsZW1lbnRzIjpbXSwid2lkZ2V0VHlwZSI6InRleHQtZWRpdG9yIn0=\\\"]\\t\\t\\t<\\\/div>\\n\\t\\t<\\\/div>\\n\\t\\t\\t\\t\\t<\\\/div>\\n\\t\\t<\\\/section>\\n\\t\\t\",\"scripts\":[],\"styles\":[]}}"],"footnotes":""},"class_list":["post-10211","page","type-page","status-publish","hentry","entry","owp-thumbs-layout-horizontal","owp-btn-normal","owp-tabs-layout-horizontal","has-no-thumbnails","has-product-nav","circle-sale"],"jetpack_sharing_enabled":true,"_links":{"self":[{"href":"https:\/\/worryfreebackup.win\/de\/wp-json\/wp\/v2\/pages\/10211","targetHints":{"allow":["GET"]}}],"collection":[{"href":"https:\/\/worryfreebackup.win\/de\/wp-json\/wp\/v2\/pages"}],"about":[{"href":"https:\/\/worryfreebackup.win\/de\/wp-json\/wp\/v2\/types\/page"}],"author":[{"embeddable":true,"href":"https:\/\/worryfreebackup.win\/de\/wp-json\/wp\/v2\/users\/1"}],"replies":[{"embeddable":true,"href":"https:\/\/worryfreebackup.win\/de\/wp-json\/wp\/v2\/comments?post=10211"}],"version-history":[{"count":2,"href":"https:\/\/worryfreebackup.win\/de\/wp-json\/wp\/v2\/pages\/10211\/revisions"}],"predecessor-version":[{"id":101002,"href":"https:\/\/worryfreebackup.win\/de\/wp-json\/wp\/v2\/pages\/10211\/revisions\/101002"}],"wp:attachment":[{"href":"https:\/\/worryfreebackup.win\/de\/wp-json\/wp\/v2\/media?parent=10211"}],"curies":[{"name":"wp","href":"https:\/\/api.w.org\/{rel}","templated":true}]}}