





{"id":10577,"date":"2023-08-03T08:32:22","date_gmt":"2023-08-03T08:32:22","guid":{"rendered":"http:\/\/suntribesunscreen.com\/product\/suntribe-bio-tagescreme-lsf-20-40-ml\/"},"modified":"2026-02-03T14:35:34","modified_gmt":"2026-02-03T14:35:34","slug":"suntribe-naturliche-mineralische-bio-tagescreme-mit-zinkoxid-lsf-20","status":"publish","type":"product","link":"https:\/\/worryfreebackup.win\/de\/produkt\/suntribe-naturliche-mineralische-bio-tagescreme-mit-zinkoxid-lsf-20\/","title":{"rendered":"Mineralische Anti-Aging Bio-Tagescreme LSF 20"},"content":{"rendered":"<p><span style=\"font-weight: 400;\">Du kannst endlich aufh\u00f6ren, dir dar\u00fcber Sorgen zu machen, was deine Tagescreme enth\u00e4lt. Diese exklusive, nicht fettende mineralische Tagescreme enth\u00e4lt ausschlie\u00dflich nat\u00fcrliche und biologische Inhaltsstoffe, insbesondere Zinkoxid ohne Nanopartikel und Anti-Aging Wildrosen\u00f6l. Perfekt f\u00fcr die t\u00e4gliche Anwendung und hilft, die Vitalit\u00e4t und Jugendlichkeit deiner Haut zu erhalten.<\/span><\/p>\n<p><span style=\"font-weight: 400;\">Diese vegane und nicht komedogene Tagescreme ist der ideale Begleiter f\u00fcr deine Morgenroutine! Du kannst sie anstelle von oder vor dem Make-up aufgetragen. Die Tagescreme bietet dir Breitbandspektrum-Schutz mit LSF 20, sodass deine Haut den ganzen Tag \u00fcber gesund und gesch\u00fctzt bleibt. Au\u00dferdem sch\u00fctzt sie dich wirksam vor sichtbarem blauen Licht von elektronischen Ger\u00e4ten (HEV). Geeignet f\u00fcr normale, empfindliche und trockene Haut.<\/span><\/p>\n","protected":false},"excerpt":{"rendered":"<p><span style=\"font-weight: 400;\"><strong>100% NAT\u00dcRLICHE TAGESCREME<\/strong> | Premium Anti-Aging-Tagescreme mit SPF. Mattierend und verpackt in einer umweltfreundlichen Zuckerrohrtube.<\/span><\/p>\n<p><span style=\"font-weight: 400;\"><strong>GET\u00d6NT &amp; UNGET\u00d6NT<\/strong> | W\u00e4hle die f\u00fcr dich am besten geeignete Option, damit sich diese mineralische Tagescreme deinem Hautton anpasst: Unget\u00f6nt f\u00fcr helle Hautt\u00f6ne und get\u00f6nt f\u00fcr dunklere Hautt\u00f6ne (oder wenn du sie als Foundation verwenden m\u00f6chtest).<\/span><\/p>\n<p><span style=\"font-weight: 400;\"><strong>BIO &amp; SANFT ZUR HAUT <\/strong> | Bio-Wildrosen\u00f6l gibt deiner Haut einen Anti-Aging-Schub, abgerundet durch pflegendes Mandel\u00f6l und antioxidatives Jojoba\u00f6l. Nicht-komedogen (verstopft deine Poren nicht). Allergenfrei und vegan sowieso!<\/span><\/p>\n<p><span style=\"font-weight: 400;\"><strong>MINERALISCHER UV-FILTER<\/strong> | Wissenschaftlich validierter Breitbandspektrum-Schutz gegen UVA- und UVB-Strahlen dank nanofreiem Zinkoxid. Blockt 95% der UVB-Strahlen. <\/span><\/p>\n<p><span style=\"font-weight: 400;\"><strong>0% ZUS\u00c4TZE<\/strong> | Endlich eine sorgenfreie Tagescreme. Frei von Parf\u00fcm, Mikroplastik, Konservierungsstoffen und synthetischen Chemikalien.<\/span><\/p>\n<p><strong>50 ml \u2014 UVA &amp; UVB \u2014 Nat\u00fcrlicher Duft \u2014 Get\u00f6nt \/ Unget\u00f6nt<\/strong><\/p>\n","protected":false},"featured_media":92126,"comment_status":"open","ping_status":"closed","template":"","meta":{"ocean_post_layout":"","ocean_both_sidebars_style":"","ocean_both_sidebars_content_width":[""],"ocean_both_sidebars_sidebars_width":[""],"ocean_sidebar":["0"],"ocean_second_sidebar":["0"],"ocean_disable_margins":["enable"],"ocean_add_body_class":"","ocean_shortcode_before_top_bar":"","ocean_shortcode_after_top_bar":"","ocean_shortcode_before_header":"","ocean_shortcode_after_header":"","ocean_has_shortcode":"","ocean_shortcode_after_title":"","ocean_shortcode_before_footer_widgets":"","ocean_shortcode_after_footer_widgets":"","ocean_shortcode_before_footer_bottom":"","ocean_shortcode_after_footer_bottom":"","ocean_display_top_bar":["default"],"ocean_display_header":["default"],"ocean_header_style":"","ocean_center_header_left_menu":["0"],"ocean_custom_header_template":["0"],"ocean_custom_logo":["0"],"ocean_custom_retina_logo":["0"],"ocean_custom_logo_max_width":[""],"ocean_custom_logo_tablet_max_width":[""],"ocean_custom_logo_mobile_max_width":[""],"ocean_custom_logo_max_height":[""],"ocean_custom_logo_tablet_max_height":[""],"ocean_custom_logo_mobile_max_height":[""],"ocean_header_custom_menu":["0"],"ocean_menu_typo_font_family":["0"],"ocean_menu_typo_font_subset":"","ocean_menu_typo_font_size":[""],"ocean_menu_typo_font_size_tablet":0,"ocean_menu_typo_font_size_mobile":0,"ocean_menu_typo_font_size_unit":"px","ocean_menu_typo_font_weight":"","ocean_menu_typo_font_weight_tablet":"","ocean_menu_typo_font_weight_mobile":"","ocean_menu_typo_transform":"","ocean_menu_typo_transform_tablet":"","ocean_menu_typo_transform_mobile":"","ocean_menu_typo_line_height":[""],"ocean_menu_typo_line_height_tablet":0,"ocean_menu_typo_line_height_mobile":0,"ocean_menu_typo_line_height_unit":"","ocean_menu_typo_spacing":[""],"ocean_menu_typo_spacing_tablet":0,"ocean_menu_typo_spacing_mobile":0,"ocean_menu_typo_spacing_unit":"","ocean_menu_link_color":"","ocean_menu_link_color_hover":"","ocean_menu_link_color_active":"","ocean_menu_link_background":"","ocean_menu_link_hover_background":"","ocean_menu_link_active_background":"","ocean_menu_social_links_bg":"","ocean_menu_social_hover_links_bg":"","ocean_menu_social_links_color":"","ocean_menu_social_hover_links_color":"","ocean_disable_title":["default"],"ocean_disable_heading":["on"],"ocean_post_title":"","ocean_post_subheading":"","ocean_post_title_style":"","ocean_post_title_background_color":"","ocean_post_title_background":[""],"ocean_post_title_bg_image_position":"","ocean_post_title_bg_image_attachment":"","ocean_post_title_bg_image_repeat":"","ocean_post_title_bg_image_size":"","ocean_post_title_height":[""],"ocean_post_title_bg_overlay":["0.5"],"ocean_post_title_bg_overlay_color":"","ocean_disable_breadcrumbs":["default"],"ocean_breadcrumbs_color":"","ocean_breadcrumbs_separator_color":"","ocean_breadcrumbs_links_color":"","ocean_breadcrumbs_links_hover_color":"","ocean_display_footer_widgets":["default"],"ocean_display_footer_bottom":["default"],"ocean_custom_footer_template":["0"],"_wp_page_template":["default"],"ocean_link_format_target":[],"ocean_quote_format_link":[],"_wp_old_date":[],"_edit_lock":["1716026877:1"],"_edit_last":["1"],"ocean_gallery_link_images":[],"osh_disable_topbar_sticky":["default"],"osh_disable_header_sticky":["default"],"_elementor_pro_version":[],"_oembed_e2253486b4ac832aa91022f965f4df74":[],"_elementor_version":["0.4"],"_oembed_time_e2253486b4ac832aa91022f965f4df74":[],"_genesis_description":["Mineralische Bio-Tagescreme LSF 20 mit Breitbandspektrum-Schutz f\u00fcr die t\u00e4gliche Anwendung. 100% nat\u00fcrliche & zertifiziert biologische Inhaltsstoffe. Mattierend mit einer leichten T\u00f6nung."],"_yoast_wpseo_content_score":["60"],"_yoast_wpseo_primary_category":[],"_oembed_147307c9146127d25c8c9bc3fedbbdd2":[],"_oembed_time_147307c9146127d25c8c9bc3fedbbdd2":[],"_oembed_298cc3cf7783e9a730e0d30489c0767d":[],"_oembed_time_298cc3cf7783e9a730e0d30489c0767d":[],"_wp_old_slug":["suntribe-bio-tagescreme-lsf-20-40-ml"],"_yoast_wpseo_focuskw":["Tagescreme"],"_oembed_6ce714c902a6c8b37bfed747aa272afa":[],"_oembed_time_6ce714c902a6c8b37bfed747aa272afa":[],"_oembed_67fd97d2449b30f3b8aff7987461bdee":[],"_oembed_time_67fd97d2449b30f3b8aff7987461bdee":[],"_yoast_wpseo_linkdex":["58"],"_oembed_8c4ad389a55d131ee3502f96b92cd139":[],"_oembed_time_8c4ad389a55d131ee3502f96b92cd139":[],"_thumbnail_id":["92126"],"_wpml_media_duplicate":["1"],"_wpml_media_has_media":["1"],"_seopress_titles_desc":["Mineralische Bio-Tagescreme LSF 20 mit Breitbandspektrum-Schutz f\u00fcr die t\u00e4gliche Anwendung. 100% nat\u00fcrliche & zertifiziert biologische Inhaltsstoffe. Mattierend mit einer leichten T\u00f6nung."],"_seopress_analysis_target_kw":["Tagescreme"],"_seopress_robots_primary_cat":[],"rank_math_seo_score":[],"rank_math_contentai_score":[],"rank_math_focus_keyword":["mineral day cream"],"rank_math_title":[],"rank_math_description":[],"_elementor_controls_usage":[],"_ez-toc-disabled":[],"_ez-toc-insert":[],"_ez-toc-header-label":[],"_ez-toc-alignment":[],"_ez-toc-heading-levels":[],"_ez-toc-alttext":[],"_ez-toc-visibility_hide_by_default":[],"_ez-toc-hide_counter":[],"_ez-toc-exclude":[],"_ez-toc-position-specific":[],"rank_math_internal_links_processed":["1"],"rank_math_primary_category":[],"_wpml_media_featured":["1"],"_alp_processed":["1750409364"],"_wpml_word_count":["323"],"copied_media_ids":[],"referenced_media_ids":[]},"product_brand":[],"product_cat":[126],"product_tag":[],"class_list":{"0":"post-10577","1":"product","2":"type-product","3":"status-publish","4":"has-post-thumbnail","6":"product_cat-sonnencremes","7":"pa_amount-getont","8":"pa_amount-getont-3-ml-probiergrose","9":"pa_amount-nimm-2-spare-10-getont","10":"pa_amount-nimm-2-spare-10-ungetont","11":"pa_amount-ungetont","13":"entry","14":"has-media","16":"first","17":"instock","18":"sale","19":"taxable","20":"shipping-taxable","21":"purchasable","22":"product-type-variable","23":"has-rating","24":"has-product-nav","25":"col","26":"span_1_of_3","27":"owp-content-center","28":"owp-thumbs-layout-horizontal","29":"owp-btn-normal","30":"owp-tabs-layout-horizontal","32":"circle-sale"},"bundled_by":["48459","48531","48542"],"bundle_stock_status":"instock","bundle_stock_quantity":null,"bundle_virtual":false,"bundle_layout":"","bundle_add_to_cart_form_location":"","bundle_editable_in_cart":false,"bundle_sold_individually_context":"","bundle_item_grouping":"","bundle_min_size":"","bundle_max_size":"","bundle_price":[],"bundled_items":[],"bundle_sell_ids":[],"jetpack_sharing_enabled":true,"_links":{"self":[{"href":"https:\/\/worryfreebackup.win\/de\/wp-json\/wp\/v2\/product\/10577","targetHints":{"allow":["GET"]}}],"collection":[{"href":"https:\/\/worryfreebackup.win\/de\/wp-json\/wp\/v2\/product"}],"about":[{"href":"https:\/\/worryfreebackup.win\/de\/wp-json\/wp\/v2\/types\/product"}],"replies":[{"embeddable":true,"href":"https:\/\/worryfreebackup.win\/de\/wp-json\/wp\/v2\/comments?post=10577"}],"version-history":[{"count":10,"href":"https:\/\/worryfreebackup.win\/de\/wp-json\/wp\/v2\/product\/10577\/revisions"}],"predecessor-version":[{"id":96442,"href":"https:\/\/worryfreebackup.win\/de\/wp-json\/wp\/v2\/product\/10577\/revisions\/96442"}],"wp:featuredmedia":[{"embeddable":true,"href":"https:\/\/worryfreebackup.win\/de\/wp-json\/wp\/v2\/media\/92126"}],"wp:attachment":[{"href":"https:\/\/worryfreebackup.win\/de\/wp-json\/wp\/v2\/media?parent=10577"}],"wp:term":[{"taxonomy":"product_brand","embeddable":true,"href":"https:\/\/worryfreebackup.win\/de\/wp-json\/wp\/v2\/product_brand?post=10577"},{"taxonomy":"product_cat","embeddable":true,"href":"https:\/\/worryfreebackup.win\/de\/wp-json\/wp\/v2\/product_cat?post=10577"},{"taxonomy":"product_tag","embeddable":true,"href":"https:\/\/worryfreebackup.win\/de\/wp-json\/wp\/v2\/product_tag?post=10577"}],"curies":[{"name":"wp","href":"https:\/\/api.w.org\/{rel}","templated":true}]}}