





{"id":10813,"date":"2015-11-17T10:16:49","date_gmt":"2015-11-17T10:16:49","guid":{"rendered":"http:\/\/suntribesunscreen.com\/product\/suntribe-super-cosy-hooded-surf-change-poncho\/"},"modified":"2025-12-11T09:15:00","modified_gmt":"2025-12-11T09:15:00","slug":"suntribe-super-bequemer-surfponcho-umziehponcho-badeponcho-baumwolle-extra-warm-kapuze","status":"publish","type":"product","link":"https:\/\/worryfreebackup.win\/de\/produkt\/suntribe-super-bequemer-surfponcho-umziehponcho-badeponcho-baumwolle-extra-warm-kapuze\/","title":{"rendered":"Super kuscheliger Surf &amp; Change Poncho mit Kapuze"},"content":{"rendered":"<p><span style=\"font-weight: 400;\">Der Extra Kuschelige Sport &amp; Surfponcho in wundersch\u00f6nen Ozeanfarben ist einer der dicksten und gem\u00fctlichsten Ponchos, die du finden kannst. Aus 100 % hochwertiger gek\u00e4mmter Baumwolle und mit einer St\u00e4rke von 420 g\/m2 ist sie nicht nur sehr weich und bequem, sondern h\u00e4lt auch Wind und K\u00e4lte ab. Dieser Poncho hat eine praktische Beuteltasche und zwei Kn\u00f6pfe zum Verschlie\u00dfen am Hals. Macht das Umziehen nach Outdoor-Aktivit\u00e4ten so bequem wie m\u00f6glich. <\/span><\/p>\n<p><span style=\"font-weight: 400;\">Dieser Poncho wurde von Surflehrern entwickelt und von der schwedischen Designerin Clarie Ek entworfen. Er bietet dir den Stil, die Gem\u00fctlichkeit und W\u00e4rme, die du nach jeder Art von Schwimmen, Surfen oder Outdoor-Abenteuer am dringendsten brauchst. Dieser Poncho eignet sich auch hervorragend, um dich zwischen Saunag\u00e4ngen, beim Camping oder \u00e4hnlichen Aktivit\u00e4ten warm zu halten! <\/span><\/p>\n<p><span style=\"font-weight: 400;\">Der Poncho von Suntribe eignet sich hervorragend f\u00fcr alle Situationen, in denen du dich abtrocknen oder umziehen m\u00f6chtest. Manchmal brauchen wir aber nicht einmal eine Ausrede, um ihn zu tragen. Dieser Poncho ist die perfekte Wahl, um sich \u00fcberall bequem umzuziehen, ohne sich Sorgen machen zu m\u00fcssen, dass man sich blo\u00dfstellt &#8211; das ist politisch korrekte Nacktheit! Nat\u00fcrlich kannst du den Poncho auch beim Fr\u00fchst\u00fcck nach deiner morgendlichen Dusche tragen, er ist perfekt f\u00fcr das gewisse Extra an Gem\u00fctlichkeit im Alltag. Auch wenn du es dir bei einem kurzen Nickerchen am Strand oder sogar auf deinem Sofa zu Hause gem\u00fctlich machen willst ist dieser Poncho ein Muss. <\/span><\/p>\n<p><strong>Material:<\/strong> 100% gek\u00e4mmte Baumwolle, <span style=\"font-weight: 400;\">450 Gramm\/m2<\/span> (extra dick). <strong>Hergestellt in der EU.<\/strong> <\/p>\n","protected":false},"excerpt":{"rendered":"<p><span style=\"font-weight: 400;\"><strong>EXTRA DICK &amp; KUSCHELIG<\/strong> Dieser Poncho aus extra dicker, gek\u00e4mmter 420 g\/m2-Baumwolle mit Kn\u00f6pfen zum Schlie\u00dfen der Kapuze h\u00e4lt dich warm, auch wenn es drau\u00dfen k\u00fchl ist!<\/span><\/p>\n<p><span style=\"font-weight: 400;\"><strong>SCHWEDISCHES DESIGN<\/strong> Entworfen von der schwedischen Designerin Clarie Ek, einer gefeierten Designerin im Bereich klassischer Funktionskleidung f\u00fcr Sportaktivit\u00e4ten seit 1960.<\/span><\/p>\n<p><span style=\"font-weight: 400;\"><strong>PRAKTISCH<\/strong> Mit kuscheliger Kapuze und praktischer Beuteltasche, in der du deine Habseligkeiten verstauen, Sonnencreme aufbewahren oder deine H\u00e4nde warm halten kannst.<\/span><\/p>\n<p><span style=\"font-weight: 400;\"><strong>UNKOMPLIZIERT<\/strong> Leicht waschbar bei 40\u00b0C, erh\u00e4ltlich in einer Unisex-Gr\u00f6\u00dfe (passt f\u00fcr alle Gr\u00f6\u00dfen), geeignet f\u00fcr M\u00e4nner und Frauen.<\/span> <\/p>\n","protected":false},"featured_media":90043,"comment_status":"open","ping_status":"closed","template":"","meta":{"ocean_post_layout":"","ocean_both_sidebars_style":"","ocean_both_sidebars_content_width":[],"ocean_both_sidebars_sidebars_width":[],"ocean_sidebar":["0"],"ocean_second_sidebar":["0"],"ocean_disable_margins":["enable"],"ocean_add_body_class":"","ocean_shortcode_before_top_bar":"","ocean_shortcode_after_top_bar":"","ocean_shortcode_before_header":"","ocean_shortcode_after_header":"","ocean_has_shortcode":"","ocean_shortcode_after_title":"","ocean_shortcode_before_footer_widgets":"","ocean_shortcode_after_footer_widgets":"","ocean_shortcode_before_footer_bottom":"","ocean_shortcode_after_footer_bottom":"","ocean_display_top_bar":["default"],"ocean_display_header":["default"],"ocean_header_style":"","ocean_center_header_left_menu":["0"],"ocean_custom_header_template":["0"],"ocean_custom_logo":[],"ocean_custom_retina_logo":[],"ocean_custom_logo_max_width":[""],"ocean_custom_logo_tablet_max_width":[""],"ocean_custom_logo_mobile_max_width":[""],"ocean_custom_logo_max_height":[""],"ocean_custom_logo_tablet_max_height":[""],"ocean_custom_logo_mobile_max_height":[""],"ocean_header_custom_menu":["0"],"ocean_menu_typo_font_family":["0"],"ocean_menu_typo_font_subset":"","ocean_menu_typo_font_size":[],"ocean_menu_typo_font_size_tablet":0,"ocean_menu_typo_font_size_mobile":0,"ocean_menu_typo_font_size_unit":"px","ocean_menu_typo_font_weight":"","ocean_menu_typo_font_weight_tablet":"","ocean_menu_typo_font_weight_mobile":"","ocean_menu_typo_transform":"","ocean_menu_typo_transform_tablet":"","ocean_menu_typo_transform_mobile":"","ocean_menu_typo_line_height":[],"ocean_menu_typo_line_height_tablet":0,"ocean_menu_typo_line_height_mobile":0,"ocean_menu_typo_line_height_unit":"","ocean_menu_typo_spacing":[],"ocean_menu_typo_spacing_tablet":0,"ocean_menu_typo_spacing_mobile":0,"ocean_menu_typo_spacing_unit":"","ocean_menu_link_color":"","ocean_menu_link_color_hover":"","ocean_menu_link_color_active":"","ocean_menu_link_background":"","ocean_menu_link_hover_background":"","ocean_menu_link_active_background":"","ocean_menu_social_links_bg":"","ocean_menu_social_hover_links_bg":"","ocean_menu_social_links_color":"","ocean_menu_social_hover_links_color":"","ocean_disable_title":["default"],"ocean_disable_heading":["on"],"ocean_post_title":"","ocean_post_subheading":"","ocean_post_title_style":"","ocean_post_title_background_color":"","ocean_post_title_background":[],"ocean_post_title_bg_image_position":"","ocean_post_title_bg_image_attachment":"","ocean_post_title_bg_image_repeat":"","ocean_post_title_bg_image_size":"","ocean_post_title_height":[],"ocean_post_title_bg_overlay":[],"ocean_post_title_bg_overlay_color":"","ocean_disable_breadcrumbs":["default"],"ocean_breadcrumbs_color":"","ocean_breadcrumbs_separator_color":"","ocean_breadcrumbs_links_color":"","ocean_breadcrumbs_links_hover_color":"","ocean_display_footer_widgets":["default"],"ocean_display_footer_bottom":["default"],"ocean_custom_footer_template":["0"],"_wp_page_template":["default"],"ocean_link_format_target":[],"ocean_quote_format_link":[],"_wp_old_date":[],"_edit_lock":["1678205707:1"],"_edit_last":["1"],"ocean_gallery_link_images":[],"osh_disable_topbar_sticky":["default"],"osh_disable_header_sticky":["default"],"_elementor_pro_version":[],"_oembed_e2253486b4ac832aa91022f965f4df74":[],"_elementor_version":["0.4"],"_oembed_time_e2253486b4ac832aa91022f965f4df74":[],"_genesis_description":["The Suntribe Surf and Change Poncho made from extra thick combed cotton is one of the warmest ponchos available. For that little bit of extra cosiness!"],"_yoast_wpseo_content_score":["30"],"_yoast_wpseo_primary_category":[],"_oembed_147307c9146127d25c8c9bc3fedbbdd2":[],"_oembed_time_147307c9146127d25c8c9bc3fedbbdd2":[],"_oembed_298cc3cf7783e9a730e0d30489c0767d":[],"_oembed_time_298cc3cf7783e9a730e0d30489c0767d":[],"_wp_old_slug":["suntribe-super-cosy-hooded-surf-change-poncho"],"_yoast_wpseo_focuskw":["poncho"],"_oembed_6ce714c902a6c8b37bfed747aa272afa":[],"_oembed_time_6ce714c902a6c8b37bfed747aa272afa":[],"_oembed_67fd97d2449b30f3b8aff7987461bdee":[],"_oembed_time_67fd97d2449b30f3b8aff7987461bdee":[],"_yoast_wpseo_linkdex":["54"],"_oembed_8c4ad389a55d131ee3502f96b92cd139":[],"_oembed_time_8c4ad389a55d131ee3502f96b92cd139":[],"_thumbnail_id":["90043"],"_wpml_media_duplicate":["1"],"_wpml_media_has_media":["1"],"_seopress_titles_desc":["The Suntribe Surf and Change Poncho made from extra thick combed cotton is one of the warmest ponchos available. For that little bit of extra cosiness!"],"_seopress_analysis_target_kw":["poncho"],"_seopress_robots_primary_cat":[],"rank_math_seo_score":[],"rank_math_contentai_score":[],"rank_math_focus_keyword":[],"rank_math_title":[],"rank_math_description":[],"_elementor_controls_usage":[null],"_ez-toc-disabled":[],"_ez-toc-insert":[],"_ez-toc-header-label":[],"_ez-toc-alignment":[],"_ez-toc-heading-levels":[],"_ez-toc-alttext":[],"_ez-toc-visibility_hide_by_default":[],"_ez-toc-hide_counter":[],"_ez-toc-exclude":[],"_ez-toc-position-specific":[],"rank_math_internal_links_processed":["1"],"rank_math_primary_category":[],"_wpml_media_featured":["1"],"_alp_processed":["1747743181"],"_wpml_word_count":["392"],"copied_media_ids":[],"referenced_media_ids":[],"_elementor_page_assets":[],"_elementor_css":[],"_elementor_element_cache":[]},"product_brand":[],"product_cat":[126],"product_tag":[],"class_list":{"0":"post-10813","1":"product","2":"type-product","3":"status-publish","4":"has-post-thumbnail","6":"product_cat-sonnencremes","8":"entry","9":"has-media","11":"first","12":"outofstock","13":"taxable","14":"shipping-taxable","15":"purchasable","16":"product-type-simple","17":"has-rating","18":"has-product-nav","19":"col","20":"span_1_of_3","21":"owp-content-center","22":"owp-thumbs-layout-horizontal","23":"owp-btn-normal","24":"owp-tabs-layout-horizontal","26":"circle-sale"},"bundled_by":["48451"],"bundle_stock_status":"outofstock","bundle_stock_quantity":0,"bundle_virtual":false,"bundle_layout":"","bundle_add_to_cart_form_location":"","bundle_editable_in_cart":false,"bundle_sold_individually_context":"","bundle_item_grouping":"","bundle_min_size":"","bundle_max_size":"","bundle_price":[],"bundled_items":[],"bundle_sell_ids":[],"jetpack_sharing_enabled":true,"_links":{"self":[{"href":"https:\/\/worryfreebackup.win\/de\/wp-json\/wp\/v2\/product\/10813","targetHints":{"allow":["GET"]}}],"collection":[{"href":"https:\/\/worryfreebackup.win\/de\/wp-json\/wp\/v2\/product"}],"about":[{"href":"https:\/\/worryfreebackup.win\/de\/wp-json\/wp\/v2\/types\/product"}],"replies":[{"embeddable":true,"href":"https:\/\/worryfreebackup.win\/de\/wp-json\/wp\/v2\/comments?post=10813"}],"version-history":[{"count":2,"href":"https:\/\/worryfreebackup.win\/de\/wp-json\/wp\/v2\/product\/10813\/revisions"}],"predecessor-version":[{"id":92833,"href":"https:\/\/worryfreebackup.win\/de\/wp-json\/wp\/v2\/product\/10813\/revisions\/92833"}],"wp:featuredmedia":[{"embeddable":true,"href":"https:\/\/worryfreebackup.win\/de\/wp-json\/wp\/v2\/media\/90043"}],"wp:attachment":[{"href":"https:\/\/worryfreebackup.win\/de\/wp-json\/wp\/v2\/media?parent=10813"}],"wp:term":[{"taxonomy":"product_brand","embeddable":true,"href":"https:\/\/worryfreebackup.win\/de\/wp-json\/wp\/v2\/product_brand?post=10813"},{"taxonomy":"product_cat","embeddable":true,"href":"https:\/\/worryfreebackup.win\/de\/wp-json\/wp\/v2\/product_cat?post=10813"},{"taxonomy":"product_tag","embeddable":true,"href":"https:\/\/worryfreebackup.win\/de\/wp-json\/wp\/v2\/product_tag?post=10813"}],"curies":[{"name":"wp","href":"https:\/\/api.w.org\/{rel}","templated":true}]}}