





{"id":11004,"date":"2018-12-18T14:29:25","date_gmt":"2018-12-18T14:29:25","guid":{"rendered":"http:\/\/suntribesunscreen.com\/product\/suntribe-alle-natuerlichen-zink-sonnenschutz-bundle-gesicht-sport-spf-30\/"},"modified":"2026-02-03T14:32:35","modified_gmt":"2026-02-03T14:32:35","slug":"suntribe-bio-mini-mineralische-zink-sonnencreme-gesicht-sport-lsf30-sehr-wasserfest-plastikfrei","status":"publish","type":"product","link":"https:\/\/worryfreebackup.win\/de\/produkt\/suntribe-bio-mini-mineralische-zink-sonnencreme-gesicht-sport-lsf30-sehr-wasserfest-plastikfrei\/","title":{"rendered":"Mineralische Bio-Zinksonnencreme Gesicht &amp; Sport Mini LSF 50"},"content":{"rendered":"<p><span style=\"font-weight: 400;\">Endlich eine komplett nat\u00fcrliche Zinksonnencreme, die sowohl in gro\u00dfen Wellen als auch bei schwei\u00dftreibenden Aktivit\u00e4ten an Land langanhaltend sch\u00fctzt. Komplett frei von fragw\u00fcrdigen Inhaltsstoffen und brennt nicht, wenn sie in die Augen kommt. Das ist die originale Zink-Sonnencreme, nach der du schon immer gesucht hast.<\/span><\/p>\n<p><span style=\"font-weight: 400;\">Hergestellt mit nanofreiem Zinkoxid, bildet diese riffischere Sport-Sonnencreme vom ersten Moment des Auftragens an eine sichtbare Schutzschicht. Unvergleichbare Wasserfestigkeit und hocheffektiver Sonnenschutz, der von Profisportlern und Alltagsabenteurern auf der ganzen Welt t\u00e4glich angewandt wird. <\/span><\/p>\n<p><span style=\"font-weight: 400;\">Verpackt in einer plastikfreien und auslaufsicheren Blechdose, die das Reisen genauso liebt wie du. Am einfachsten aufzutragen bei Temperaturen \u00fcber 20 Grad (wenn du dich in kalten Temperaturen aufh\u00e4lst, w\u00e4rme die Dose vor der Anwendung in deiner Hosentasche oder in der Hand etwas auf).<\/span><\/p>\n<p><b>Original Weiss<\/b> <span style=\"font-weight: 400;\">ist die klassische Sportformel von Suntribe und hat eine nat\u00fcrlich wei\u00dfe Farbe.<\/span> <\/p>\n<p><b>Get\u00f6nt<\/b> <span style=\"font-weight: 400;\">ist unsere diskreteste Sportformel. Sie ist mit Bio-Kakaopulver get\u00f6nt und passt sich an deinen Hautton an, sodass sie weniger sichtbar ist.<\/span><\/p>\n<p><strong>Ozeanblau<\/strong> ist Suntribes verspielte Variante unserer Sportformel und kommt in einem fr\u00f6hlichen Blau daher, das durch das nat\u00fcrliche Mineral Ultramarin erzeugt wird.<\/p>\n<p><strong>Pretty Pink<\/strong> hat dank nat\u00fcrlichem Eisenoxid eine r\u00f6tliche Farbe, die mit dem Hautton leicht r\u00f6tlicher Hauttypen verschmilzt und einen nat\u00fcrlichen Rouge-Effekt hervorruft.<\/p>\n<p>&nbsp;<\/p>\n","protected":false},"excerpt":{"rendered":"<p><span style=\"font-weight: 400;\"><strong>100% NAT\u00dcRLICHE ZINKSONNENCREME<\/strong> | Riffsichere Sonnencreme f\u00fcr alle Arten von Outdoor-Aktivit\u00e4ten. Warme \/ tropische Formel (am einfachsten \u00fcber 20 Grad aufzutragen).<\/span><\/p>\n<p><span style=\"font-weight: 400;\"><strong>BIO &amp; MINIMALISTISCH<\/strong> | Feste und sichtbare Sportsonnencreme mit drei bis vier nat\u00fcrlichen Inhaltsstoffen. Zertifiziert bio. <\/span><\/p>\n<p><span style=\"font-weight: 400;\"><strong>HOCHWIRKSAMER SONNENSCHUTZ<\/strong> | Wissenschaftlich validierter Breitbandspektrum-Schutz gegen UVA- und UVB-Strahlen \u2013 blockt 98 % der UVB-Strahlen. Sehr wasserfest und schwei\u00dffest.<\/span><\/p>\n<p><span style=\"font-weight: 400;\"><strong>MINERALISCHER UV-FILTER<\/strong> | Enth\u00e4lt Zinkoxid ohne Nanopartikel, das laut Forschung der sicherste verf\u00fcgbare UV-Filter f\u00fcr die menschliche Gesundheit, Korallen und Meereslebewesen ist.<\/span><\/p>\n<p><span style=\"font-weight: 400;\"><strong>PLASTIKFREI VERPACKT<\/strong> | Reisefreundliche Aluminiumdose ohne Plastik. <\/span><\/p>\n<p><strong>15 g \/ 16 ml \u2014 80 min wasserfest \u2014 UVA &amp; UVB \u2014 Nat\u00fcrlicher Kokosduft \u2014 4 Farben<\/strong><\/p>\n","protected":false},"featured_media":92179,"comment_status":"open","ping_status":"closed","template":"","meta":{"ocean_post_layout":"","ocean_both_sidebars_style":"","ocean_both_sidebars_content_width":[],"ocean_both_sidebars_sidebars_width":[],"ocean_sidebar":["0"],"ocean_second_sidebar":["0"],"ocean_disable_margins":["enable"],"ocean_add_body_class":"","ocean_shortcode_before_top_bar":"","ocean_shortcode_after_top_bar":"","ocean_shortcode_before_header":"","ocean_shortcode_after_header":"","ocean_has_shortcode":"","ocean_shortcode_after_title":"","ocean_shortcode_before_footer_widgets":"","ocean_shortcode_after_footer_widgets":"","ocean_shortcode_before_footer_bottom":"","ocean_shortcode_after_footer_bottom":"","ocean_display_top_bar":["default"],"ocean_display_header":["default"],"ocean_header_style":"","ocean_center_header_left_menu":["0"],"ocean_custom_header_template":["0"],"ocean_custom_logo":[],"ocean_custom_retina_logo":[],"ocean_custom_logo_max_width":[""],"ocean_custom_logo_tablet_max_width":[""],"ocean_custom_logo_mobile_max_width":[""],"ocean_custom_logo_max_height":[""],"ocean_custom_logo_tablet_max_height":[""],"ocean_custom_logo_mobile_max_height":[""],"ocean_header_custom_menu":["0"],"ocean_menu_typo_font_family":["0"],"ocean_menu_typo_font_subset":"","ocean_menu_typo_font_size":[],"ocean_menu_typo_font_size_tablet":0,"ocean_menu_typo_font_size_mobile":0,"ocean_menu_typo_font_size_unit":"px","ocean_menu_typo_font_weight":"","ocean_menu_typo_font_weight_tablet":"","ocean_menu_typo_font_weight_mobile":"","ocean_menu_typo_transform":"","ocean_menu_typo_transform_tablet":"","ocean_menu_typo_transform_mobile":"","ocean_menu_typo_line_height":[],"ocean_menu_typo_line_height_tablet":0,"ocean_menu_typo_line_height_mobile":0,"ocean_menu_typo_line_height_unit":"","ocean_menu_typo_spacing":[],"ocean_menu_typo_spacing_tablet":0,"ocean_menu_typo_spacing_mobile":0,"ocean_menu_typo_spacing_unit":"","ocean_menu_link_color":"","ocean_menu_link_color_hover":"","ocean_menu_link_color_active":"","ocean_menu_link_background":"","ocean_menu_link_hover_background":"","ocean_menu_link_active_background":"","ocean_menu_social_links_bg":"","ocean_menu_social_hover_links_bg":"","ocean_menu_social_links_color":"","ocean_menu_social_hover_links_color":"","ocean_disable_title":["enable"],"ocean_disable_heading":["on"],"ocean_post_title":"","ocean_post_subheading":"","ocean_post_title_style":"centered","ocean_post_title_background_color":"","ocean_post_title_background":[],"ocean_post_title_bg_image_position":"","ocean_post_title_bg_image_attachment":"","ocean_post_title_bg_image_repeat":"","ocean_post_title_bg_image_size":"","ocean_post_title_height":[],"ocean_post_title_bg_overlay":[],"ocean_post_title_bg_overlay_color":"","ocean_disable_breadcrumbs":["default"],"ocean_breadcrumbs_color":"","ocean_breadcrumbs_separator_color":"","ocean_breadcrumbs_links_color":"","ocean_breadcrumbs_links_hover_color":"","ocean_display_footer_widgets":["default"],"ocean_display_footer_bottom":["default"],"ocean_custom_footer_template":["0"],"_wp_page_template":["default"],"ocean_link_format_target":[],"ocean_quote_format_link":[],"_wp_old_date":[],"_edit_lock":["1695281063:1"],"_edit_last":["300"],"ocean_gallery_link_images":[],"osh_disable_topbar_sticky":["default"],"osh_disable_header_sticky":["default"],"_elementor_pro_version":[],"_oembed_e2253486b4ac832aa91022f965f4df74":[],"_elementor_version":["0.4"],"_oembed_time_e2253486b4ac832aa91022f965f4df74":[],"_genesis_description":["Unsere beliebten Suntribe Sonnencremes in einem handlichen Format und in 4 verschiedenen Farben. Riffsicher und biologisch abbaubar. LSF 30, blockt UVA & UVB-Strahlen. Plastikfrei."],"_yoast_wpseo_content_score":["60"],"_yoast_wpseo_primary_category":[],"_oembed_147307c9146127d25c8c9bc3fedbbdd2":[],"_oembed_time_147307c9146127d25c8c9bc3fedbbdd2":[],"_oembed_298cc3cf7783e9a730e0d30489c0767d":[],"_oembed_time_298cc3cf7783e9a730e0d30489c0767d":[],"_wp_old_slug":["suntribe-alle-natuerlichen-zink-sonnenschutz-bundle-gesicht-sport-spf-30","suntribe-bio-zinksonnencreme-gesicht-sport-4-farben"],"_yoast_wpseo_focuskw":["Zinksonnencreme"],"_oembed_6ce714c902a6c8b37bfed747aa272afa":[],"_oembed_time_6ce714c902a6c8b37bfed747aa272afa":[],"_oembed_67fd97d2449b30f3b8aff7987461bdee":[],"_oembed_time_67fd97d2449b30f3b8aff7987461bdee":[],"_yoast_wpseo_linkdex":["52"],"_oembed_8c4ad389a55d131ee3502f96b92cd139":[],"_oembed_time_8c4ad389a55d131ee3502f96b92cd139":[],"_thumbnail_id":["92179"],"_wpml_media_duplicate":["1"],"_wpml_media_has_media":["1"],"_seopress_titles_desc":["Unsere beliebten Suntribe Sonnencremes in einem handlichen Format und in 4 verschiedenen Farben. Riffsicher und biologisch abbaubar. LSF 30, blockt UVA & UVB-Strahlen. Plastikfrei."],"_seopress_analysis_target_kw":["Zinksonnencreme"],"_seopress_robots_primary_cat":[],"rank_math_seo_score":[],"rank_math_contentai_score":[],"rank_math_focus_keyword":[],"rank_math_title":[],"rank_math_description":[],"_elementor_controls_usage":[null],"_ez-toc-disabled":[],"_ez-toc-insert":[],"_ez-toc-header-label":[],"_ez-toc-alignment":[],"_ez-toc-heading-levels":[],"_ez-toc-alttext":[],"_ez-toc-visibility_hide_by_default":[],"_ez-toc-hide_counter":[],"_ez-toc-exclude":[],"_ez-toc-position-specific":[],"rank_math_internal_links_processed":["1"],"rank_math_primary_category":[],"_wpml_media_featured":["1"],"_alp_processed":["1747888709"],"_wpml_word_count":["412"],"copied_media_ids":[],"referenced_media_ids":[],"_elementor_page_assets":[null],"_elementor_css":[],"_elementor_element_cache":[]},"product_brand":[],"product_cat":[126],"product_tag":[],"class_list":{"0":"post-11004","1":"product","2":"type-product","3":"status-publish","4":"has-post-thumbnail","6":"product_cat-sonnencremes","8":"entry","9":"has-media","11":"first","12":"instock","13":"sale","14":"taxable","15":"shipping-taxable","16":"purchasable","17":"product-type-variable","18":"has-rating","19":"has-product-nav","20":"col","21":"span_1_of_3","22":"owp-content-center","23":"owp-thumbs-layout-horizontal","24":"owp-btn-normal","25":"owp-tabs-layout-horizontal","27":"circle-sale"},"bundled_by":["48451","48459","48529","48535"],"bundle_stock_status":"instock","bundle_stock_quantity":null,"bundle_virtual":false,"bundle_layout":"","bundle_add_to_cart_form_location":"","bundle_editable_in_cart":false,"bundle_sold_individually_context":"","bundle_item_grouping":"","bundle_min_size":"","bundle_max_size":"","bundle_price":[],"bundled_items":[],"bundle_sell_ids":[],"jetpack_sharing_enabled":true,"_links":{"self":[{"href":"https:\/\/worryfreebackup.win\/de\/wp-json\/wp\/v2\/product\/11004","targetHints":{"allow":["GET"]}}],"collection":[{"href":"https:\/\/worryfreebackup.win\/de\/wp-json\/wp\/v2\/product"}],"about":[{"href":"https:\/\/worryfreebackup.win\/de\/wp-json\/wp\/v2\/types\/product"}],"replies":[{"embeddable":true,"href":"https:\/\/worryfreebackup.win\/de\/wp-json\/wp\/v2\/comments?post=11004"}],"version-history":[{"count":6,"href":"https:\/\/worryfreebackup.win\/de\/wp-json\/wp\/v2\/product\/11004\/revisions"}],"predecessor-version":[{"id":93282,"href":"https:\/\/worryfreebackup.win\/de\/wp-json\/wp\/v2\/product\/11004\/revisions\/93282"}],"wp:featuredmedia":[{"embeddable":true,"href":"https:\/\/worryfreebackup.win\/de\/wp-json\/wp\/v2\/media\/92179"}],"wp:attachment":[{"href":"https:\/\/worryfreebackup.win\/de\/wp-json\/wp\/v2\/media?parent=11004"}],"wp:term":[{"taxonomy":"product_brand","embeddable":true,"href":"https:\/\/worryfreebackup.win\/de\/wp-json\/wp\/v2\/product_brand?post=11004"},{"taxonomy":"product_cat","embeddable":true,"href":"https:\/\/worryfreebackup.win\/de\/wp-json\/wp\/v2\/product_cat?post=11004"},{"taxonomy":"product_tag","embeddable":true,"href":"https:\/\/worryfreebackup.win\/de\/wp-json\/wp\/v2\/product_tag?post=11004"}],"curies":[{"name":"wp","href":"https:\/\/api.w.org\/{rel}","templated":true}]}}