





{"id":11383,"date":"2021-04-26T08:49:27","date_gmt":"2021-04-26T08:49:27","guid":{"rendered":"http:\/\/suntribesunscreen.com\/product\/suntribe-alle-natuerlichen-mineral-kinder-vanille-sonnencreme-spf-30\/"},"modified":"2026-02-08T15:25:46","modified_gmt":"2026-02-08T15:25:46","slug":"suntribe-naturliche-mineralische-baby-kinder-bio-sonnencreme-lsf-30","status":"publish","type":"product","link":"https:\/\/worryfreebackup.win\/de\/produkt\/suntribe-naturliche-mineralische-baby-kinder-bio-sonnencreme-lsf-30\/","title":{"rendered":"Mineralische Baby &amp; Kinder Bio-Sonnencreme LSF 30"},"content":{"rendered":"<p><span style=\"font-weight: 400;\">Endlich eine Sonnencreme f\u00fcr Kinder und Babies ab 6 Monaten, bei der du dir keine Sorgen \u00fcber die Inhaltsstoffe machen musst. Hergestellt mit nanofreiem Zinkoxid bietet diese biologische und mineralische Sonnencreme einen sichHergestellt mit nanofreiem Zinkoxid bietet diese biologische und mineralische Sonnencreme einen sicheren Breitbandspektrum-Schutz vor UVA- und UVB-Strahlen vom ersten Moment der Anwendung an. Allergenfrei und sorgf\u00e4ltig formuliert f\u00fcr die empfindliche Haut von Kindern und Babies. Brennt nicht in den Augen.<\/span><\/p>\n<p><span style=\"font-weight: 400;\">Verpackt in einer innovativen Zuckerrohrtube. Hinterl\u00e4sst einen schwachen wei\u00dfen Schwimmer, so dass du leicht sehen kannst, wo dein Kind schon vor der Sonne gesch\u00fctzt ist. Die sanfte, nat\u00fcrliche Formel mit leckeren Vanilleduft macht diese Sonnencreme unwiderstehlich f\u00fcr Kinder und Erwachsene.<\/span><\/p>\n","protected":false},"excerpt":{"rendered":"<p style=\"text-align: left;\"><span style=\"font-weight: 400;\"><strong>&#8222;Beste Mineralische Sonnencreme&#8220; <\/strong>laut <a href=\"https:\/\/www.independent.co.uk\/extras\/indybest\/kids\/best-sunscreen-kids-sun-cream-children-face-spf-protection-lotion-uva-uvb-a9526726.html\">The Independent UK<\/a><\/span><\/p>\n<p style=\"text-align: left;\"><span style=\"font-weight: 400;\"><strong>100% NAT\u00dcRLICHE SONNENCREME<\/strong> | Ein Sonnencreme f\u00fcr Kinder, bei der du dir keine Sorgen \u00fcber die Inhaltsstoffe machen musst. Verpackt in einer klimapositiven Tube aus Zuckerrohr.<\/span><\/p>\n<p><span style=\"font-weight: 400;\"><strong>BIO &amp; SANFT ZUR HAUT<\/strong> | Allergenfrei und perfekt f\u00fcr die empfindliche Haut von Kindern und Babys. Nat\u00fcrlicher Vanilleduft, der das Auftragen zum Kinderspiel macht.<\/span><\/p>\n<p><span style=\"font-weight: 400;\"><strong>MINERALISCHER UV-FILTER<\/strong> | Wissenschaftlich validierter Breitbandspektrum-Schutz gegen UVA- und UVB-Strahlen dank nanofreiem Zinkoxid. Blockt 97% der UVB-Strahlen. Wasserfest. Biologisch abbaubar &amp; riffsicher<\/span><\/p>\n<p><span style=\"font-weight: 400;\"><strong>SICHTBARER SCHUTZ<\/strong> | Gibt einen sichtbaren Hinweis darauf, wo die Haut gesch\u00fctzt ist, damit keine Stellen \u00fcbersehen werden. <\/span><\/p>\n<p><span style=\"font-weight: 400;\"><strong>0 % ZUS\u00c4TZE<\/strong> | Endlich eine sorgenfreie Sonnencreme. Frei von Parf\u00fcm, Konservierungsstoffen und synthetischen Chemikalien. <\/span><\/p>\n<p><strong>100 ml \u2014 40 Min wasserfest \u2014 UVA &amp; UVB \u2014 Nat\u00fcrlicher Vanilleduft \u2014 Unget\u00f6nt<\/strong><\/p>\n","protected":false},"featured_media":101330,"comment_status":"open","ping_status":"closed","template":"","meta":{"ocean_post_layout":"","ocean_both_sidebars_style":"","ocean_both_sidebars_content_width":[],"ocean_both_sidebars_sidebars_width":[],"ocean_sidebar":["0"],"ocean_second_sidebar":["0"],"ocean_disable_margins":["enable"],"ocean_add_body_class":"","ocean_shortcode_before_top_bar":"","ocean_shortcode_after_top_bar":"","ocean_shortcode_before_header":"","ocean_shortcode_after_header":"","ocean_has_shortcode":"","ocean_shortcode_after_title":"","ocean_shortcode_before_footer_widgets":"","ocean_shortcode_after_footer_widgets":"","ocean_shortcode_before_footer_bottom":"","ocean_shortcode_after_footer_bottom":"","ocean_display_top_bar":["default"],"ocean_display_header":["default"],"ocean_header_style":"","ocean_center_header_left_menu":["0"],"ocean_custom_header_template":["0"],"ocean_custom_logo":[],"ocean_custom_retina_logo":[],"ocean_custom_logo_max_width":[""],"ocean_custom_logo_tablet_max_width":[""],"ocean_custom_logo_mobile_max_width":[""],"ocean_custom_logo_max_height":[""],"ocean_custom_logo_tablet_max_height":[""],"ocean_custom_logo_mobile_max_height":[""],"ocean_header_custom_menu":["0"],"ocean_menu_typo_font_family":["0"],"ocean_menu_typo_font_subset":"","ocean_menu_typo_font_size":[],"ocean_menu_typo_font_size_tablet":0,"ocean_menu_typo_font_size_mobile":0,"ocean_menu_typo_font_size_unit":"px","ocean_menu_typo_font_weight":"","ocean_menu_typo_font_weight_tablet":"","ocean_menu_typo_font_weight_mobile":"","ocean_menu_typo_transform":"","ocean_menu_typo_transform_tablet":"","ocean_menu_typo_transform_mobile":"","ocean_menu_typo_line_height":[],"ocean_menu_typo_line_height_tablet":0,"ocean_menu_typo_line_height_mobile":0,"ocean_menu_typo_line_height_unit":"","ocean_menu_typo_spacing":[],"ocean_menu_typo_spacing_tablet":0,"ocean_menu_typo_spacing_mobile":0,"ocean_menu_typo_spacing_unit":"","ocean_menu_link_color":"","ocean_menu_link_color_hover":"","ocean_menu_link_color_active":"","ocean_menu_link_background":"","ocean_menu_link_hover_background":"","ocean_menu_link_active_background":"","ocean_menu_social_links_bg":"","ocean_menu_social_hover_links_bg":"","ocean_menu_social_links_color":"","ocean_menu_social_hover_links_color":"","ocean_disable_title":["default"],"ocean_disable_heading":["on"],"ocean_post_title":"","ocean_post_subheading":"","ocean_post_title_style":"","ocean_post_title_background_color":"","ocean_post_title_background":[],"ocean_post_title_bg_image_position":"","ocean_post_title_bg_image_attachment":"","ocean_post_title_bg_image_repeat":"","ocean_post_title_bg_image_size":"","ocean_post_title_height":[],"ocean_post_title_bg_overlay":[],"ocean_post_title_bg_overlay_color":"","ocean_disable_breadcrumbs":["default"],"ocean_breadcrumbs_color":"","ocean_breadcrumbs_separator_color":"","ocean_breadcrumbs_links_color":"","ocean_breadcrumbs_links_hover_color":"","ocean_display_footer_widgets":["default"],"ocean_display_footer_bottom":["default"],"ocean_custom_footer_template":["0"],"_wp_page_template":["default"],"ocean_link_format_target":[],"ocean_quote_format_link":[],"_wp_old_date":[],"_edit_lock":["1633597895:300"],"_edit_last":["300"],"ocean_gallery_link_images":[],"osh_disable_topbar_sticky":["default"],"osh_disable_header_sticky":["default"],"_elementor_pro_version":[],"_oembed_e2253486b4ac832aa91022f965f4df74":[],"_elementor_version":["0.4"],"_oembed_time_e2253486b4ac832aa91022f965f4df74":[],"_genesis_description":["Mineralische Bio-Sonnencreme LSF 30 f\u00fcr Kinder und Babies, UVA & UVB. 100% nat\u00fcrlich & zertifiziert biologisch. Brennt nicht in den Augen. Riffsicher und schonend f\u00fcr empfindliche Kinderhaut."],"_yoast_wpseo_content_score":["90"],"_yoast_wpseo_primary_category":[],"_oembed_147307c9146127d25c8c9bc3fedbbdd2":[],"_oembed_time_147307c9146127d25c8c9bc3fedbbdd2":[],"_oembed_298cc3cf7783e9a730e0d30489c0767d":[],"_oembed_time_298cc3cf7783e9a730e0d30489c0767d":[],"_wp_old_slug":["suntribe-alle-natuerlichen-mineral-kinder-vanille-sonnencreme-spf-30","suntribe-bio-natuerliche-mineralische-kinder-vanille-sonnencreme-lsf-30"],"_yoast_wpseo_focuskw":["Kindersonnencreme"],"_oembed_6ce714c902a6c8b37bfed747aa272afa":[],"_oembed_time_6ce714c902a6c8b37bfed747aa272afa":[],"_oembed_67fd97d2449b30f3b8aff7987461bdee":[],"_oembed_time_67fd97d2449b30f3b8aff7987461bdee":[],"_yoast_wpseo_linkdex":["43"],"_oembed_8c4ad389a55d131ee3502f96b92cd139":[],"_oembed_time_8c4ad389a55d131ee3502f96b92cd139":[],"_thumbnail_id":["101330"],"_wpml_media_duplicate":["1","1"],"_wpml_media_has_media":["1"],"_seopress_titles_desc":["Mineralische Bio-Sonnencreme LSF 30 f\u00fcr Kinder und Babies, UVA & UVB. 100% nat\u00fcrlich & zertifiziert biologisch. Brennt nicht in den Augen. Riffsicher und schonend f\u00fcr empfindliche Kinderhaut."],"_seopress_analysis_target_kw":["Kindersonnencreme"],"_seopress_robots_primary_cat":[],"rank_math_seo_score":[],"rank_math_contentai_score":[],"rank_math_focus_keyword":["mineralische Bio-Sonnencreme"],"rank_math_title":[],"rank_math_description":[],"_elementor_controls_usage":[null],"_ez-toc-disabled":[],"_ez-toc-insert":[],"_ez-toc-header-label":[],"_ez-toc-alignment":[],"_ez-toc-heading-levels":[],"_ez-toc-alttext":[],"_ez-toc-visibility_hide_by_default":[],"_ez-toc-hide_counter":[],"_ez-toc-exclude":[],"_ez-toc-position-specific":[],"rank_math_internal_links_processed":["1"],"rank_math_primary_category":[],"_wpml_media_featured":["1","1"],"_alp_processed":["1747406475"],"_wpml_word_count":["314"],"copied_media_ids":[],"referenced_media_ids":[],"_elementor_page_assets":[null],"_elementor_css":[],"_elementor_element_cache":[]},"product_brand":[],"product_cat":[126],"product_tag":[],"class_list":{"0":"post-11383","1":"product","2":"type-product","3":"status-publish","4":"has-post-thumbnail","6":"product_cat-sonnencremes","7":"pa_amount-einzeleinheit","8":"pa_amount-kaufe-2-spare-10","9":"pa_amount-kaufe-4-spare-20","11":"entry","12":"has-media","14":"first","15":"instock","16":"sale","17":"taxable","18":"shipping-taxable","19":"purchasable","20":"product-type-variable","21":"has-rating","22":"has-product-nav","23":"col","24":"span_1_of_3","25":"owp-content-center","26":"owp-thumbs-layout-horizontal","27":"owp-btn-normal","28":"owp-tabs-layout-horizontal","30":"circle-sale"},"bundled_by":["48459","48535"],"bundle_stock_status":"instock","bundle_stock_quantity":null,"bundle_virtual":false,"bundle_layout":"","bundle_add_to_cart_form_location":"","bundle_editable_in_cart":false,"bundle_sold_individually_context":"","bundle_item_grouping":"","bundle_min_size":"","bundle_max_size":"","bundle_price":[],"bundled_items":[],"bundle_sell_ids":[],"jetpack_sharing_enabled":true,"_links":{"self":[{"href":"https:\/\/worryfreebackup.win\/de\/wp-json\/wp\/v2\/product\/11383","targetHints":{"allow":["GET"]}}],"collection":[{"href":"https:\/\/worryfreebackup.win\/de\/wp-json\/wp\/v2\/product"}],"about":[{"href":"https:\/\/worryfreebackup.win\/de\/wp-json\/wp\/v2\/types\/product"}],"replies":[{"embeddable":true,"href":"https:\/\/worryfreebackup.win\/de\/wp-json\/wp\/v2\/comments?post=11383"}],"version-history":[{"count":3,"href":"https:\/\/worryfreebackup.win\/de\/wp-json\/wp\/v2\/product\/11383\/revisions"}],"predecessor-version":[{"id":92712,"href":"https:\/\/worryfreebackup.win\/de\/wp-json\/wp\/v2\/product\/11383\/revisions\/92712"}],"wp:featuredmedia":[{"embeddable":true,"href":"https:\/\/worryfreebackup.win\/de\/wp-json\/wp\/v2\/media\/101330"}],"wp:attachment":[{"href":"https:\/\/worryfreebackup.win\/de\/wp-json\/wp\/v2\/media?parent=11383"}],"wp:term":[{"taxonomy":"product_brand","embeddable":true,"href":"https:\/\/worryfreebackup.win\/de\/wp-json\/wp\/v2\/product_brand?post=11383"},{"taxonomy":"product_cat","embeddable":true,"href":"https:\/\/worryfreebackup.win\/de\/wp-json\/wp\/v2\/product_cat?post=11383"},{"taxonomy":"product_tag","embeddable":true,"href":"https:\/\/worryfreebackup.win\/de\/wp-json\/wp\/v2\/product_tag?post=11383"}],"curies":[{"name":"wp","href":"https:\/\/api.w.org\/{rel}","templated":true}]}}