





{"id":28386,"date":"2021-04-26T08:51:07","date_gmt":"2021-04-26T08:51:07","guid":{"rendered":"http:\/\/suntribesunscreen.com\/product\/suntribe-alle-natuerlichen-zink-sonnenstick-spf30-4-farben\/"},"modified":"2026-03-16T14:09:49","modified_gmt":"2026-03-16T14:09:49","slug":"suntribe-bio-zink-sonnenstift-gesicht-sport-lsf30-plastikfrei-riffsicher","status":"publish","type":"product","link":"https:\/\/worryfreebackup.win\/de\/produkt\/suntribe-bio-zink-sonnenstift-gesicht-sport-lsf30-plastikfrei-riffsicher\/","title":{"rendered":"Mineralischer Bio-Sonnenstift mit Zink LSF 50"},"content":{"rendered":"<p style=\"text-align: left;\">Endlich<span style=\"font-weight: 400;\"> eine komplett nat\u00fcrliche Zinksonnencreme, die sowohl in gro\u00dfen Wellen als auch bei schwei\u00dftreibenden Aktivit\u00e4ten an Land langanhaltend sch\u00fctzt. Frei von fragw\u00fcrdigen Inhaltsstoffen (sicher f\u00fcr Korallenriffe &amp; Meereslebewesen) und verursacht garantiert keine klebrigen Finger oder brennende Augen. Das ist die originale Zinksonnencreme, nach der du schon immer gesucht hast.<\/span><\/p>\n<p><span style=\"font-weight: 400;\">Dank nanofreiem Zinkoxid bildet diese riffsichere Sportsonnencreme vom ersten Moment des Auftragens an eine Schutzschicht auf deiner Haut. Zeichnet sich durch lang anhaltende Wasser- und Schwei\u00dffestigkeit aus, weswegen diese Sonnencreme von Profisportlern und Abenteurern t\u00e4glich angewendet wird.<\/span><\/p>\n<p><span style=\"font-weight: 400;\">Praktisches Stiftformat. Am einfachsten aufzutragen in Temperaturen von 0 bis 30+ \u00b0C (im Schatten aufbewahren).<\/span><\/p>\n<p><b>Original Wei\u00df<\/b> <span style=\"font-weight: 400;\"> ist die klassische Sportformel von Suntribe und hat eine nat\u00fcrlich wei\u00dfe Farbe. <\/span> <\/p>\n<p><b>Get\u00f6nt<\/b> <span style=\"font-weight: 400;\">ist unsere diskreteste Sportformel. Sie ist mit Bio-Kakaopulver get\u00f6nt und passt sich an deinen Hautton an, sodass sie weniger sichtbar ist.<\/span> <\/p>\n<p><b>Ozeanblau<\/b> <span style=\"font-weight: 400;\"> ist die farbenfrohe Variante unserer Sportformel und weist dank des Minerals Ultramarin eine nat\u00fcrliche blaue Farbe auf. <\/span> <\/p>\n<p><b>Pretty Pink<\/b> <span style=\"font-weight: 400;\">hat dank nat\u00fcrlichem Eisenoxid eine r\u00f6tliche Farbe, die mit dem Hautton leicht r\u00f6tlicher Hauttypen verschmilzt und einen nat\u00fcrlichen Rouge-Effekt hervorruft.<\/span><\/p>\n<p><b>Mintgr\u00fcn<\/b> <span style=\"font-weight: 400;\">bietet dank seines nat\u00fcrlichen mineralischen Farbstoffs ein k\u00fchles Gef\u00fchl mit einem beruhigenden Mintton, perfekt f\u00fcr alle, die einen Hauch von Frische bei ihren Outdoor-Abenteuern suchen. <\/span><\/p>\n","protected":false},"excerpt":{"rendered":"<p style=\"text-align: left;\"><span style=\"font-weight: 400;\"><strong>100% NAT\u00dcRLICHER SONNENSTIFT<\/strong> | Riffsichere Sonnencreme aus 100% nat\u00fcrlichen Inhaltsstoffen. Ideal f\u00fcr gem\u00e4\u00dfigte Klimazonen, leicht aufzutragen bei Temperaturen bis zu 30 \u00b0C. <\/span><\/p>\n<p><span style=\"font-weight: 400;\"><strong>HOCHWIRKSAMER SONNENSCHUTZ <\/strong> | Wissenschaftlich validierter Breitbandspektrum-Schutz gegen UVA- und UVB-Strahlen \u2014 blockt 98 % der UVB-Strahlen. Sehr wasserfest und schwei\u00dffest. Sehr wasserfest und schwei\u00dffest.<\/span><\/p>\n<p><span style=\"font-weight: 400;\"><strong>MINERALISCHER UV-FILTER<\/strong> | Enth\u00e4lt Zinkoxid ohne Nanopartikel, das laut Forschung der sicherste verf\u00fcgbare UV-Filter f\u00fcr die menschliche Gesundheit, Korallen und Meereslebewesen ist.<\/span><\/p>\n<p><span style=\"font-weight: 400;\"><strong>BIO &amp; MINIMALISTISCH<\/strong> | Feste und sichtbare Sportsonnencreme mit drei bis vier nat\u00fcrlichen Inhaltsstoffen. Zertifiziert bio.<\/span><\/p>\n<p><span style=\"font-weight: 400;\"><strong>ZERO WASTE<\/strong> | Verpackt in einem praktischen, plastikfreien Pappstift f\u00fcr die Anwendung unterwegs.<br \/>\n<\/span><\/p>\n<p data-start=\"134\" data-end=\"406\">Mit jedem <strong>Bio-Sonnenstift in Ozeanblau<\/strong>, den du kaufst, spendest du 1 EUR an die NGO CleanSea w\u00e4hrend des gesamten Juni, Suntribes World Ocean Month. Dank deiner Spende entfernt <a href=\"https:\/\/www.cleansea.co\/en-eu\">CleanSea<\/a> 10 Plastikflaschen, das entspricht 1 kg Plastik, aus unseren Gew\u00e4ssern. Vielen Dank f\u00fcr deine Unterst\u00fctzung!  <\/p>\n<p><strong>30 g \/ 33 ml \u2014 80 Minuten wasserfest \u2014 UVA &amp; UVB \u2014 Nat\u00fcrlicher Kokosduft \u2013 5 Farben<\/strong><\/p>\n","protected":false},"featured_media":99550,"comment_status":"open","ping_status":"closed","template":"","meta":{"ocean_post_layout":"","ocean_both_sidebars_style":"","ocean_both_sidebars_content_width":[""],"ocean_both_sidebars_sidebars_width":[""],"ocean_sidebar":["0"],"ocean_second_sidebar":["0"],"ocean_disable_margins":["enable"],"ocean_add_body_class":"","ocean_shortcode_before_top_bar":"","ocean_shortcode_after_top_bar":"","ocean_shortcode_before_header":"","ocean_shortcode_after_header":"","ocean_has_shortcode":"","ocean_shortcode_after_title":"","ocean_shortcode_before_footer_widgets":"","ocean_shortcode_after_footer_widgets":"","ocean_shortcode_before_footer_bottom":"","ocean_shortcode_after_footer_bottom":"","ocean_display_top_bar":["default"],"ocean_display_header":["default"],"ocean_header_style":"","ocean_center_header_left_menu":["0"],"ocean_custom_header_template":["0"],"ocean_custom_logo":["0"],"ocean_custom_retina_logo":["0"],"ocean_custom_logo_max_width":[""],"ocean_custom_logo_tablet_max_width":[""],"ocean_custom_logo_mobile_max_width":[""],"ocean_custom_logo_max_height":[""],"ocean_custom_logo_tablet_max_height":[""],"ocean_custom_logo_mobile_max_height":[""],"ocean_header_custom_menu":["0"],"ocean_menu_typo_font_family":["0"],"ocean_menu_typo_font_subset":"","ocean_menu_typo_font_size":["0"],"ocean_menu_typo_font_size_tablet":0,"ocean_menu_typo_font_size_mobile":0,"ocean_menu_typo_font_size_unit":"px","ocean_menu_typo_font_weight":"","ocean_menu_typo_font_weight_tablet":"","ocean_menu_typo_font_weight_mobile":"","ocean_menu_typo_transform":"","ocean_menu_typo_transform_tablet":"","ocean_menu_typo_transform_mobile":"","ocean_menu_typo_line_height":["0"],"ocean_menu_typo_line_height_tablet":0,"ocean_menu_typo_line_height_mobile":0,"ocean_menu_typo_line_height_unit":"","ocean_menu_typo_spacing":["0"],"ocean_menu_typo_spacing_tablet":0,"ocean_menu_typo_spacing_mobile":0,"ocean_menu_typo_spacing_unit":"","ocean_menu_link_color":"","ocean_menu_link_color_hover":"","ocean_menu_link_color_active":"","ocean_menu_link_background":"","ocean_menu_link_hover_background":"","ocean_menu_link_active_background":"","ocean_menu_social_links_bg":"","ocean_menu_social_hover_links_bg":"","ocean_menu_social_links_color":"","ocean_menu_social_hover_links_color":"","ocean_disable_title":["enable"],"ocean_disable_heading":["on"],"ocean_post_title":"","ocean_post_subheading":"","ocean_post_title_style":"centered","ocean_post_title_background_color":"","ocean_post_title_background":["0"],"ocean_post_title_bg_image_position":"","ocean_post_title_bg_image_attachment":"","ocean_post_title_bg_image_repeat":"","ocean_post_title_bg_image_size":"","ocean_post_title_height":[""],"ocean_post_title_bg_overlay":["0.5"],"ocean_post_title_bg_overlay_color":"","ocean_disable_breadcrumbs":["default"],"ocean_breadcrumbs_color":"","ocean_breadcrumbs_separator_color":"","ocean_breadcrumbs_links_color":"","ocean_breadcrumbs_links_hover_color":"","ocean_display_footer_widgets":["default"],"ocean_display_footer_bottom":["default"],"ocean_custom_footer_template":["0"],"_wp_page_template":["default"],"ocean_link_format_target":[],"ocean_quote_format_link":[],"_wp_old_date":[],"_edit_lock":["1712152915:1"],"_edit_last":["1"],"ocean_gallery_link_images":[],"osh_disable_topbar_sticky":["default"],"osh_disable_header_sticky":["default"],"_elementor_pro_version":[],"_oembed_e2253486b4ac832aa91022f965f4df74":[],"_elementor_version":["0.4"],"_oembed_time_e2253486b4ac832aa91022f965f4df74":[],"_genesis_description":["Nanofreier Zinkstitt mit Bio-Inhaltsstoffen, riffsicher. Sehr wasserfest, Breitbandspektrum UV-Schutz (UVA & UVB). Perfekt zum Surfen \/ Sport."],"_yoast_wpseo_content_score":["90"],"_yoast_wpseo_primary_category":[],"_oembed_147307c9146127d25c8c9bc3fedbbdd2":[],"_oembed_time_147307c9146127d25c8c9bc3fedbbdd2":[],"_oembed_298cc3cf7783e9a730e0d30489c0767d":[],"_oembed_time_298cc3cf7783e9a730e0d30489c0767d":[],"_wp_old_slug":["zinksunstick","bio-zinksonnenstift","bio-sonnenstift-mit-zink"],"_yoast_wpseo_focuskw":["Sonnenstift Zink"],"_oembed_6ce714c902a6c8b37bfed747aa272afa":[],"_oembed_time_6ce714c902a6c8b37bfed747aa272afa":[],"_oembed_67fd97d2449b30f3b8aff7987461bdee":[],"_oembed_time_67fd97d2449b30f3b8aff7987461bdee":[],"_yoast_wpseo_linkdex":["41"],"_oembed_8c4ad389a55d131ee3502f96b92cd139":[],"_oembed_time_8c4ad389a55d131ee3502f96b92cd139":[],"_thumbnail_id":["99550"],"_wpml_media_duplicate":["1","1"],"_wpml_media_has_media":[],"_seopress_titles_desc":["Nanofreier Zinkstitt mit Bio-Inhaltsstoffen, riffsicher. Sehr wasserfest, Breitbandspektrum UV-Schutz (UVA & UVB). Perfekt zum Surfen \/ Sport."],"_seopress_analysis_target_kw":["Sonnenstift Zink"],"_seopress_robots_primary_cat":[],"rank_math_seo_score":["6"],"rank_math_contentai_score":[null],"rank_math_focus_keyword":["Zinksonnenstift"],"rank_math_title":["Mineralischer Bio-Sonnenstift mit Zink LSF 50 %sitename%"],"rank_math_description":[],"_elementor_controls_usage":[],"_ez-toc-disabled":[],"_ez-toc-insert":[],"_ez-toc-header-label":[],"_ez-toc-alignment":[],"_ez-toc-heading-levels":[],"_ez-toc-alttext":[],"_ez-toc-visibility_hide_by_default":[],"_ez-toc-hide_counter":[],"_ez-toc-exclude":[],"_ez-toc-position-specific":[],"rank_math_internal_links_processed":["1"],"rank_math_primary_category":[],"_wpml_media_featured":["1","1"],"_alp_processed":["1748724403"],"_wpml_word_count":["480"],"copied_media_ids":[],"referenced_media_ids":[],"_elementor_page_assets":[],"_elementor_css":[],"_elementor_element_cache":[]},"product_brand":[],"product_cat":[126],"product_tag":[],"class_list":{"0":"post-28386","1":"product","2":"type-product","3":"status-publish","4":"has-post-thumbnail","6":"product_cat-sonnencremes","8":"entry","9":"has-media","11":"first","12":"instock","13":"sale","14":"taxable","15":"shipping-taxable","16":"purchasable","17":"product-type-variable","18":"has-rating","19":"has-product-nav","20":"col","21":"span_1_of_3","22":"owp-content-center","23":"owp-thumbs-layout-horizontal","24":"owp-btn-normal","25":"owp-tabs-layout-horizontal","27":"circle-sale"},"bundled_by":["48451","48529"],"bundle_stock_status":"instock","bundle_stock_quantity":null,"bundle_virtual":false,"bundle_layout":"","bundle_add_to_cart_form_location":"","bundle_editable_in_cart":false,"bundle_sold_individually_context":"","bundle_item_grouping":"","bundle_min_size":"","bundle_max_size":"","bundle_price":[],"bundled_items":[],"bundle_sell_ids":[],"jetpack_sharing_enabled":true,"_links":{"self":[{"href":"https:\/\/worryfreebackup.win\/de\/wp-json\/wp\/v2\/product\/28386","targetHints":{"allow":["GET"]}}],"collection":[{"href":"https:\/\/worryfreebackup.win\/de\/wp-json\/wp\/v2\/product"}],"about":[{"href":"https:\/\/worryfreebackup.win\/de\/wp-json\/wp\/v2\/types\/product"}],"replies":[{"embeddable":true,"href":"https:\/\/worryfreebackup.win\/de\/wp-json\/wp\/v2\/comments?post=28386"}],"version-history":[{"count":6,"href":"https:\/\/worryfreebackup.win\/de\/wp-json\/wp\/v2\/product\/28386\/revisions"}],"predecessor-version":[{"id":94515,"href":"https:\/\/worryfreebackup.win\/de\/wp-json\/wp\/v2\/product\/28386\/revisions\/94515"}],"wp:featuredmedia":[{"embeddable":true,"href":"https:\/\/worryfreebackup.win\/de\/wp-json\/wp\/v2\/media\/99550"}],"wp:attachment":[{"href":"https:\/\/worryfreebackup.win\/de\/wp-json\/wp\/v2\/media?parent=28386"}],"wp:term":[{"taxonomy":"product_brand","embeddable":true,"href":"https:\/\/worryfreebackup.win\/de\/wp-json\/wp\/v2\/product_brand?post=28386"},{"taxonomy":"product_cat","embeddable":true,"href":"https:\/\/worryfreebackup.win\/de\/wp-json\/wp\/v2\/product_cat?post=28386"},{"taxonomy":"product_tag","embeddable":true,"href":"https:\/\/worryfreebackup.win\/de\/wp-json\/wp\/v2\/product_tag?post=28386"}],"curies":[{"name":"wp","href":"https:\/\/api.w.org\/{rel}","templated":true}]}}