





{"id":65172,"date":"2021-04-26T08:50:09","date_gmt":"2021-04-26T08:50:09","guid":{"rendered":"https:\/\/suntribesunscreen.com\/product\/suntribe-mineralische-bio-sonnencreme-lsf-30\/"},"modified":"2026-03-15T21:13:17","modified_gmt":"2026-03-15T21:13:17","slug":"suntribe-mineralische-sonnencreme-bio-lsf-30-wasserfest-zinksonnencreme-zinkoxid-ohne-nanopartikel","status":"publish","type":"product","link":"https:\/\/worryfreebackup.win\/de\/produkt\/suntribe-mineralische-sonnencreme-bio-lsf-30-wasserfest-zinksonnencreme-zinkoxid-ohne-nanopartikel\/","title":{"rendered":"Mineralische Bio-Sonnencreme LSF 30"},"content":{"rendered":"<p><span style=\"font-weight: 400;\">Du kannst endlich aufh\u00f6ren, dir Sorgen dar\u00fcber zu machen, was deine Sonnencreme enth\u00e4lt. Hergestellt mit nanofreiem Zinkoxid bietet diese biologische und mineralische Sonnencreme einen sichHergestellt mit nanofreiem Zinkoxid bietet diese biologische und mineralische Sonnencreme einen sicheren Breitbandspektrum-Schutz vor UVA- und UVB-Strahlen vom ersten Moment der Anwendung an. <\/span><\/p>\n<p><span style=\"font-weight: 400;\">Sicher f\u00fcr Korallen und Meereslebewesen. Diese Allround-Sonnencreme ist in einer innovativen Zuckerrohrtube verpackt und ist leicht get\u00f6nt, um den wei\u00dflichen Schimmer zu minimieren, der bei vielen mineralischen Sonnencremes auftritt. Hochwertige, nat\u00fcrliche Formel mit pflegendem Kokos\u00f6l und Kakaobutter, die helfen, Feuchtigkeitsverlust durch die Sonne zu verhindern und dich mit ihrem Duft gedanklich in die Tropen entf\u00fchren. Besonders geeignet f\u00fcr normale, empfindliche und trockene Haut.<\/span><\/p>\n","protected":false},"excerpt":{"rendered":"<p><span style=\"font-weight: 400;\"><strong>100% NAT\u00dcRLICHE SONNENCREME<\/strong> | Sicher f\u00fcr dich und die Natur, verpackt in einer klimapositiven Tube aus Zuckerrohr. <\/span><\/p>\n<p><span style=\"font-weight: 400;\"><strong>GET\u00d6NT<\/strong> | Leicht get\u00f6nt, wodurch diese mineralische Sonnencreme mit deinem Hautton verschmilzt. Nicht wei\u00dfelnd.<\/span><\/p>\n<p><span style=\"font-weight: 400;\"><strong>MINERALISCHER UV-FILTER<\/strong> | Wissenschaftlich validierter Breitbandspektrum-Schutz gegen UVA- und UVB-Strahlen dank nanofreiem Zinkoxid. Blockt 97% der UVB-Strahlen. Wasserfest. Riffsicher. <\/span><\/p>\n<p><span style=\"font-weight: 400;\"><strong>BIO &amp; SANFT ZUR HAUT<\/strong>| Mit Bio-Inhaltsstoffen. Allergenfrei und geeignet f\u00fcr empfindliche Haut. Nat\u00fcrlicher Kokosduft. <\/span><\/p>\n<p><span style=\"font-weight: 400;\"><strong>0 % ZUS\u00c4TZE<\/strong> | Endlich eine sorgenfreie Sonnencreme. Frei von Parf\u00fcm, Mikroplastik, Konservierungsstoffen und synthetischen Chemikalien.<\/span><\/p>\n<p><strong>100ml \u2014 40 Minuten wasserfest \u2014 UVA  UVB \u2014 Nat\u00fcrlicher Kokosduft \u2014 Get\u00f6nt \/ nicht wei\u00dfelnd<\/p>\n<p><\/strong><\/p>\n","protected":false},"featured_media":101346,"comment_status":"open","ping_status":"closed","template":"","meta":{"ocean_post_layout":"","ocean_both_sidebars_style":"","ocean_both_sidebars_content_width":[],"ocean_both_sidebars_sidebars_width":[],"ocean_sidebar":["0"],"ocean_second_sidebar":["0"],"ocean_disable_margins":["enable"],"ocean_add_body_class":"","ocean_shortcode_before_top_bar":"","ocean_shortcode_after_top_bar":"","ocean_shortcode_before_header":"","ocean_shortcode_after_header":"","ocean_has_shortcode":"","ocean_shortcode_after_title":"","ocean_shortcode_before_footer_widgets":"","ocean_shortcode_after_footer_widgets":"","ocean_shortcode_before_footer_bottom":"","ocean_shortcode_after_footer_bottom":"","ocean_display_top_bar":["default"],"ocean_display_header":["default"],"ocean_header_style":"","ocean_center_header_left_menu":["0"],"ocean_custom_header_template":["0"],"ocean_custom_logo":[],"ocean_custom_retina_logo":[],"ocean_custom_logo_max_width":[""],"ocean_custom_logo_tablet_max_width":[""],"ocean_custom_logo_mobile_max_width":[""],"ocean_custom_logo_max_height":[""],"ocean_custom_logo_tablet_max_height":[""],"ocean_custom_logo_mobile_max_height":[""],"ocean_header_custom_menu":["0"],"ocean_menu_typo_font_family":["0"],"ocean_menu_typo_font_subset":"","ocean_menu_typo_font_size":[],"ocean_menu_typo_font_size_tablet":0,"ocean_menu_typo_font_size_mobile":0,"ocean_menu_typo_font_size_unit":"px","ocean_menu_typo_font_weight":"","ocean_menu_typo_font_weight_tablet":"","ocean_menu_typo_font_weight_mobile":"","ocean_menu_typo_transform":"","ocean_menu_typo_transform_tablet":"","ocean_menu_typo_transform_mobile":"","ocean_menu_typo_line_height":[],"ocean_menu_typo_line_height_tablet":0,"ocean_menu_typo_line_height_mobile":0,"ocean_menu_typo_line_height_unit":"","ocean_menu_typo_spacing":[],"ocean_menu_typo_spacing_tablet":0,"ocean_menu_typo_spacing_mobile":0,"ocean_menu_typo_spacing_unit":"","ocean_menu_link_color":"","ocean_menu_link_color_hover":"","ocean_menu_link_color_active":"","ocean_menu_link_background":"","ocean_menu_link_hover_background":"","ocean_menu_link_active_background":"","ocean_menu_social_links_bg":"","ocean_menu_social_hover_links_bg":"","ocean_menu_social_links_color":"","ocean_menu_social_hover_links_color":"","ocean_disable_title":["default"],"ocean_disable_heading":["on"],"ocean_post_title":"","ocean_post_subheading":"","ocean_post_title_style":"","ocean_post_title_background_color":"","ocean_post_title_background":[],"ocean_post_title_bg_image_position":"","ocean_post_title_bg_image_attachment":"","ocean_post_title_bg_image_repeat":"","ocean_post_title_bg_image_size":"","ocean_post_title_height":[],"ocean_post_title_bg_overlay":[],"ocean_post_title_bg_overlay_color":"","ocean_disable_breadcrumbs":["default"],"ocean_breadcrumbs_color":"","ocean_breadcrumbs_separator_color":"","ocean_breadcrumbs_links_color":"","ocean_breadcrumbs_links_hover_color":"","ocean_display_footer_widgets":["default"],"ocean_display_footer_bottom":["default"],"ocean_custom_footer_template":["0"],"_wp_page_template":["default"],"ocean_link_format_target":[],"ocean_quote_format_link":[],"_wp_old_date":[],"_edit_lock":["1695735488:718"],"_edit_last":["718"],"ocean_gallery_link_images":[],"osh_disable_topbar_sticky":["default"],"osh_disable_header_sticky":["default"],"_elementor_pro_version":[],"_oembed_e2253486b4ac832aa91022f965f4df74":[],"_elementor_version":["0.4"],"_oembed_time_e2253486b4ac832aa91022f965f4df74":[],"_genesis_description":["Nat\u00fcrliche Mineralische Sonnencreme mit nanofreiem Zinkoxid als UV-Filter. Breitband-Spektrum (UVA\/UVB), riffsicher, Bio-Inhaltsstoffe. Weltweit versendet!"],"_yoast_wpseo_content_score":[],"_yoast_wpseo_primary_category":[],"_oembed_147307c9146127d25c8c9bc3fedbbdd2":[],"_oembed_time_147307c9146127d25c8c9bc3fedbbdd2":[],"_oembed_298cc3cf7783e9a730e0d30489c0767d":[],"_oembed_time_298cc3cf7783e9a730e0d30489c0767d":[],"_wp_old_slug":["suntribe-mineralische-sonnencreme-bio-lsf-30-wasserfest-zinksonnencreme-zinkoxid-ohne-nanopartikel-2"],"_yoast_wpseo_focuskw":["Mineralische Sonnencreme"],"_oembed_6ce714c902a6c8b37bfed747aa272afa":[],"_oembed_time_6ce714c902a6c8b37bfed747aa272afa":[],"_oembed_67fd97d2449b30f3b8aff7987461bdee":[],"_oembed_time_67fd97d2449b30f3b8aff7987461bdee":[],"_yoast_wpseo_linkdex":[],"_oembed_8c4ad389a55d131ee3502f96b92cd139":[],"_oembed_time_8c4ad389a55d131ee3502f96b92cd139":[],"_thumbnail_id":["101346"],"_wpml_media_duplicate":["1"],"_wpml_media_has_media":[],"_seopress_titles_desc":["Nat\u00fcrliche Mineralische Sonnencreme mit nanofreiem Zinkoxid als UV-Filter. Breitband-Spektrum (UVA\/UVB), riffsicher, Bio-Inhaltsstoffe. Weltweit versendet!"],"_seopress_analysis_target_kw":[],"_seopress_robots_primary_cat":[],"rank_math_seo_score":[],"rank_math_contentai_score":[],"rank_math_focus_keyword":["Mineralische Sonnencreme"],"rank_math_title":[],"rank_math_description":[],"_elementor_controls_usage":[],"_ez-toc-disabled":[],"_ez-toc-insert":[],"_ez-toc-header-label":[],"_ez-toc-alignment":[],"_ez-toc-heading-levels":[],"_ez-toc-alttext":[],"_ez-toc-visibility_hide_by_default":[],"_ez-toc-hide_counter":[],"_ez-toc-exclude":[],"_ez-toc-position-specific":[],"rank_math_internal_links_processed":["1"],"rank_math_primary_category":[],"_wpml_media_featured":["1"],"_alp_processed":["1747497269"],"_wpml_word_count":["294"],"copied_media_ids":[],"referenced_media_ids":[],"_elementor_page_assets":[null],"_elementor_css":[],"_elementor_element_cache":[]},"product_brand":[],"product_cat":[126],"product_tag":[],"class_list":{"0":"post-65172","1":"product","2":"type-product","3":"status-publish","4":"has-post-thumbnail","6":"product_cat-sonnencremes","7":"pa_amount-einzeleinheit","8":"pa_amount-kaufe-2-spare-10","9":"pa_amount-kaufe-4-spare-20","11":"entry","12":"has-media","14":"first","15":"instock","16":"sale","17":"taxable","18":"shipping-taxable","19":"purchasable","20":"product-type-variable","21":"has-rating","22":"has-product-nav","23":"col","24":"span_1_of_3","25":"owp-content-center","26":"owp-thumbs-layout-horizontal","27":"owp-btn-normal","28":"owp-tabs-layout-horizontal","30":"circle-sale"},"bundled_by":[],"bundle_stock_status":"instock","bundle_stock_quantity":null,"bundle_virtual":false,"bundle_layout":"","bundle_add_to_cart_form_location":"","bundle_editable_in_cart":false,"bundle_sold_individually_context":"","bundle_item_grouping":"","bundle_min_size":"","bundle_max_size":"","bundle_price":[],"bundled_items":[],"bundle_sell_ids":[],"jetpack_sharing_enabled":true,"_links":{"self":[{"href":"https:\/\/worryfreebackup.win\/de\/wp-json\/wp\/v2\/product\/65172","targetHints":{"allow":["GET"]}}],"collection":[{"href":"https:\/\/worryfreebackup.win\/de\/wp-json\/wp\/v2\/product"}],"about":[{"href":"https:\/\/worryfreebackup.win\/de\/wp-json\/wp\/v2\/types\/product"}],"replies":[{"embeddable":true,"href":"https:\/\/worryfreebackup.win\/de\/wp-json\/wp\/v2\/comments?post=65172"}],"version-history":[{"count":2,"href":"https:\/\/worryfreebackup.win\/de\/wp-json\/wp\/v2\/product\/65172\/revisions"}],"predecessor-version":[{"id":92783,"href":"https:\/\/worryfreebackup.win\/de\/wp-json\/wp\/v2\/product\/65172\/revisions\/92783"}],"wp:featuredmedia":[{"embeddable":true,"href":"https:\/\/worryfreebackup.win\/de\/wp-json\/wp\/v2\/media\/101346"}],"wp:attachment":[{"href":"https:\/\/worryfreebackup.win\/de\/wp-json\/wp\/v2\/media?parent=65172"}],"wp:term":[{"taxonomy":"product_brand","embeddable":true,"href":"https:\/\/worryfreebackup.win\/de\/wp-json\/wp\/v2\/product_brand?post=65172"},{"taxonomy":"product_cat","embeddable":true,"href":"https:\/\/worryfreebackup.win\/de\/wp-json\/wp\/v2\/product_cat?post=65172"},{"taxonomy":"product_tag","embeddable":true,"href":"https:\/\/worryfreebackup.win\/de\/wp-json\/wp\/v2\/product_tag?post=65172"}],"curies":[{"name":"wp","href":"https:\/\/api.w.org\/{rel}","templated":true}]}}