





{"id":68024,"date":"2023-11-02T08:52:24","date_gmt":"2023-11-02T08:52:24","guid":{"rendered":"https:\/\/suntribesunscreen.com\/?post_type=product&#038;p=68024"},"modified":"2026-03-02T13:17:52","modified_gmt":"2026-03-02T13:17:52","slug":"happy-family-natural-cosmetics-kids","status":"publish","type":"product","link":"https:\/\/worryfreebackup.win\/de\/produkt\/happy-family-natural-cosmetics-kids\/","title":{"rendered":"Familienb\u00fcndel"},"content":{"rendered":"<p><span style=\"font-weight: 400;\">In diesem B\u00fcndel bekommst du mineralische Sonnencreme f\u00fcr Kinder und Erwachsene, eine starke Zinkpaste f\u00fcr den Schutz beim Schwimmen oder Sport sowie einen nat\u00fcrlichen mineralischen Lippenbalsam f\u00fcr den t\u00e4glichen Sonnenschutz. Abgerundet wird das Ganze mit einem beruhigenden nat\u00fcrlichen After-Sun-Balsam, einem praktischen Handtuch und einem Sonnenhut f\u00fcr den ultimativen Schutz \u2014 damit sind alle zufrieden! <\/span><\/p>\n","protected":false},"excerpt":{"rendered":"<p><span style=\"font-weight: 400;\">Eine sonnensichere Familie ist eine gl\u00fcckliche Familie, das sagen wir jedenfalls immer. Und Freunde geh\u00f6ren auch zur Familie, also teile dieses Naturkosmetik-B\u00fcndel gerne mit ihnen!<\/span><\/p>\n<p><strong>Was dich erwartet: <\/strong><\/p>\n<p>\u2713 Mineralische Baby &amp; Kinder Bio-Sonnencreme LSF 30, 100 ml<\/p>\n<p>\u2713 Mineralische Bio-Sonnencreme LSF 30, 100 ml<\/p>\n<p>\u2713 Mineralischer Bio-Lippenbalsam Get\u00f6nt LSF 30, 5 g<\/p>\n<p>\u2713 Bio-Aftersunbalsam Eukalyptus &amp; Jojoba, 100 ml<\/p>\n<p><span style=\"font-weight: 400;\">\u2713 Mineralische Bio-Zinksonnencreme Gesicht &amp; Sport Mini LSF 50 Ozeanblau,15 g<\/span><\/p>\n<p>\u2713 Suntribe Handtuch<\/p>\n<p>\u2713 Suntribe Sonnenhut<\/p>\n<p>\u2713 Suntribe Aufkleber<\/p>\n<p>\u2713 Suntribe Baumwollbeutel<\/p>\n","protected":false},"featured_media":102717,"comment_status":"open","ping_status":"closed","template":"","meta":{"ocean_post_layout":"","ocean_both_sidebars_style":"","ocean_both_sidebars_content_width":[""],"ocean_both_sidebars_sidebars_width":[""],"ocean_sidebar":["0"],"ocean_second_sidebar":["0"],"ocean_disable_margins":["enable"],"ocean_add_body_class":"","ocean_shortcode_before_top_bar":"","ocean_shortcode_after_top_bar":"","ocean_shortcode_before_header":"","ocean_shortcode_after_header":"","ocean_has_shortcode":"","ocean_shortcode_after_title":"","ocean_shortcode_before_footer_widgets":"","ocean_shortcode_after_footer_widgets":"","ocean_shortcode_before_footer_bottom":"","ocean_shortcode_after_footer_bottom":"","ocean_display_top_bar":["default"],"ocean_display_header":["default"],"ocean_header_style":"","ocean_center_header_left_menu":["0"],"ocean_custom_header_template":["0"],"ocean_custom_logo":["0"],"ocean_custom_retina_logo":["0"],"ocean_custom_logo_max_width":[""],"ocean_custom_logo_tablet_max_width":[""],"ocean_custom_logo_mobile_max_width":[""],"ocean_custom_logo_max_height":[""],"ocean_custom_logo_tablet_max_height":[""],"ocean_custom_logo_mobile_max_height":[""],"ocean_header_custom_menu":["0"],"ocean_menu_typo_font_family":["0"],"ocean_menu_typo_font_subset":"","ocean_menu_typo_font_size":[""],"ocean_menu_typo_font_size_tablet":0,"ocean_menu_typo_font_size_mobile":0,"ocean_menu_typo_font_size_unit":"px","ocean_menu_typo_font_weight":"","ocean_menu_typo_font_weight_tablet":"","ocean_menu_typo_font_weight_mobile":"","ocean_menu_typo_transform":"","ocean_menu_typo_transform_tablet":"","ocean_menu_typo_transform_mobile":"","ocean_menu_typo_line_height":[""],"ocean_menu_typo_line_height_tablet":0,"ocean_menu_typo_line_height_mobile":0,"ocean_menu_typo_line_height_unit":"","ocean_menu_typo_spacing":[""],"ocean_menu_typo_spacing_tablet":0,"ocean_menu_typo_spacing_mobile":0,"ocean_menu_typo_spacing_unit":"","ocean_menu_link_color":"","ocean_menu_link_color_hover":"","ocean_menu_link_color_active":"","ocean_menu_link_background":"","ocean_menu_link_hover_background":"","ocean_menu_link_active_background":"","ocean_menu_social_links_bg":"","ocean_menu_social_hover_links_bg":"","ocean_menu_social_links_color":"","ocean_menu_social_hover_links_color":"","ocean_disable_title":["default"],"ocean_disable_heading":["default"],"ocean_post_title":"","ocean_post_subheading":"","ocean_post_title_style":"","ocean_post_title_background_color":"","ocean_post_title_background":[""],"ocean_post_title_bg_image_position":"","ocean_post_title_bg_image_attachment":"","ocean_post_title_bg_image_repeat":"","ocean_post_title_bg_image_size":"","ocean_post_title_height":[""],"ocean_post_title_bg_overlay":["0.5"],"ocean_post_title_bg_overlay_color":"","ocean_disable_breadcrumbs":["default"],"ocean_breadcrumbs_color":"","ocean_breadcrumbs_separator_color":"","ocean_breadcrumbs_links_color":"","ocean_breadcrumbs_links_hover_color":"","ocean_display_footer_widgets":["default"],"ocean_display_footer_bottom":["default"],"ocean_custom_footer_template":["0"],"_wp_page_template":["default"],"ocean_link_format_target":[],"ocean_quote_format_link":[],"_wp_old_date":[],"_edit_lock":["1716820374:1"],"_edit_last":["1"],"ocean_gallery_link_images":[],"osh_disable_topbar_sticky":["default"],"osh_disable_header_sticky":["default"],"_elementor_pro_version":[],"_oembed_e2253486b4ac832aa91022f965f4df74":[],"_elementor_version":[],"_oembed_time_e2253486b4ac832aa91022f965f4df74":[],"_genesis_description":["Bei diesem Angebot erh\u00e4ltst du mineralische K\u00f6rpersonnencremes f\u00fcr Kinder und Erwachsene, eine starke Zinkpaste f\u00fcr den Sonnenschutz beim Schwimmen oder beim Sport und eine nat\u00fcrliche mineralische Tagescreme f\u00fcr den t\u00e4glichen Sonnenschutz."],"_yoast_wpseo_content_score":[],"_yoast_wpseo_primary_category":[],"_oembed_147307c9146127d25c8c9bc3fedbbdd2":[],"_oembed_time_147307c9146127d25c8c9bc3fedbbdd2":[],"_oembed_298cc3cf7783e9a730e0d30489c0767d":[],"_oembed_time_298cc3cf7783e9a730e0d30489c0767d":[],"_wp_old_slug":[],"_yoast_wpseo_focuskw":[],"_oembed_6ce714c902a6c8b37bfed747aa272afa":[],"_oembed_time_6ce714c902a6c8b37bfed747aa272afa":[],"_oembed_67fd97d2449b30f3b8aff7987461bdee":[],"_oembed_time_67fd97d2449b30f3b8aff7987461bdee":[],"_yoast_wpseo_linkdex":[],"_oembed_8c4ad389a55d131ee3502f96b92cd139":[],"_oembed_time_8c4ad389a55d131ee3502f96b92cd139":[],"_thumbnail_id":["102717"],"_wpml_media_duplicate":["1","1"],"_wpml_media_has_media":["1"],"_seopress_titles_desc":[],"_seopress_analysis_target_kw":[],"_seopress_robots_primary_cat":[],"rank_math_seo_score":["7"],"rank_math_contentai_score":[],"rank_math_focus_keyword":[],"rank_math_title":[],"rank_math_description":[],"_elementor_controls_usage":[],"_ez-toc-disabled":[],"_ez-toc-insert":[],"_ez-toc-header-label":[],"_ez-toc-alignment":[],"_ez-toc-heading-levels":[],"_ez-toc-alttext":[],"_ez-toc-visibility_hide_by_default":[],"_ez-toc-hide_counter":[],"_ez-toc-exclude":[],"_ez-toc-position-specific":[],"rank_math_internal_links_processed":["1"],"rank_math_primary_category":[],"_wpml_media_featured":["1","1"],"_alp_processed":["1752798543","1752798543"],"_wpml_word_count":["175"],"copied_media_ids":[],"referenced_media_ids":[],"_elementor_page_assets":[null],"_elementor_css":[],"_elementor_element_cache":[]},"product_brand":[],"product_cat":[192],"product_tag":[],"class_list":{"0":"post-68024","1":"product","2":"type-product","3":"status-publish","4":"has-post-thumbnail","6":"product_cat-uncategorized-de","8":"entry","9":"has-media","11":"first","12":"outofstock","13":"sale","14":"taxable","15":"shipping-taxable","16":"purchasable","17":"product-type-simple","18":"has-rating","19":"has-product-nav","20":"col","21":"span_1_of_3","22":"owp-content-center","23":"owp-thumbs-layout-horizontal","24":"owp-btn-normal","25":"owp-tabs-layout-horizontal","27":"circle-sale"},"bundled_by":[],"bundle_stock_status":"outofstock","bundle_stock_quantity":null,"bundle_virtual":false,"bundle_layout":"","bundle_add_to_cart_form_location":"","bundle_editable_in_cart":false,"bundle_sold_individually_context":"","bundle_item_grouping":"","bundle_min_size":"","bundle_max_size":"","bundle_price":[],"bundled_items":[],"bundle_sell_ids":[],"jetpack_sharing_enabled":true,"_links":{"self":[{"href":"https:\/\/worryfreebackup.win\/de\/wp-json\/wp\/v2\/product\/68024","targetHints":{"allow":["GET"]}}],"collection":[{"href":"https:\/\/worryfreebackup.win\/de\/wp-json\/wp\/v2\/product"}],"about":[{"href":"https:\/\/worryfreebackup.win\/de\/wp-json\/wp\/v2\/types\/product"}],"replies":[{"embeddable":true,"href":"https:\/\/worryfreebackup.win\/de\/wp-json\/wp\/v2\/comments?post=68024"}],"version-history":[{"count":8,"href":"https:\/\/worryfreebackup.win\/de\/wp-json\/wp\/v2\/product\/68024\/revisions"}],"predecessor-version":[{"id":98191,"href":"https:\/\/worryfreebackup.win\/de\/wp-json\/wp\/v2\/product\/68024\/revisions\/98191"}],"wp:featuredmedia":[{"embeddable":true,"href":"https:\/\/worryfreebackup.win\/de\/wp-json\/wp\/v2\/media\/102717"}],"wp:attachment":[{"href":"https:\/\/worryfreebackup.win\/de\/wp-json\/wp\/v2\/media?parent=68024"}],"wp:term":[{"taxonomy":"product_brand","embeddable":true,"href":"https:\/\/worryfreebackup.win\/de\/wp-json\/wp\/v2\/product_brand?post=68024"},{"taxonomy":"product_cat","embeddable":true,"href":"https:\/\/worryfreebackup.win\/de\/wp-json\/wp\/v2\/product_cat?post=68024"},{"taxonomy":"product_tag","embeddable":true,"href":"https:\/\/worryfreebackup.win\/de\/wp-json\/wp\/v2\/product_tag?post=68024"}],"curies":[{"name":"wp","href":"https:\/\/api.w.org\/{rel}","templated":true}]}}