





{"id":69344,"date":"2015-11-17T09:56:47","date_gmt":"2015-11-17T09:56:47","guid":{"rendered":"https:\/\/suntribesunscreen.com\/product\/das-offizielle-suntribe-t-shirt-100-zertifizierte-bio-baumwolle\/"},"modified":"2024-12-11T14:34:28","modified_gmt":"2024-12-11T14:34:28","slug":"das-offizielle-suntribe-t-shirt-100-zertifizierte-bio-baumwolle","status":"publish","type":"product","link":"https:\/\/worryfreebackup.win\/de\/produkt\/das-offizielle-suntribe-t-shirt-100-zertifizierte-bio-baumwolle\/","title":{"rendered":"Das Original Suntribe-T-Shirt | 100% zertifizierte Bio-Baumwolle"},"content":{"rendered":"<table id=\"size-guide\" style=\"min-width: 360px;\">\n<thead>\n<tr>\n<th style=\"padding: 10px;\"><\/th>\n<th style=\"color: #000000; font-weight: 500; text-align: left; font-size: 15px; padding: 10px;\">2XS<\/th>\n<th style=\"color: #000000; font-weight: 500; text-align: left; font-size: 15px; padding: 10px;\">XS<\/th>\n<th style=\"color: #000000; font-weight: 500; text-align: left; font-size: 15px; padding: 10px;\">S<\/th>\n<th style=\"color: #000000; font-weight: 500; text-align: left; font-size: 15px; padding: 10px;\">M<\/th>\n<th style=\"color: #000000; font-weight: 500; text-align: left; font-size: 15px; padding: 10px;\">L<\/th>\n<th style=\"color: #000000; font-weight: 500; text-align: left; font-size: 15px; padding: 10px;\">XL<\/th>\n<th style=\"color: #000000; font-weight: 500; text-align: left; font-size: 15px; padding: 10px;\">2XL<\/th>\n<th style=\"color: #000000; font-weight: 500; text-align: left; font-size: 15px; padding: 10px;\">3XL<\/th>\n<th style=\"color: #000000; font-weight: 500; text-align: left; font-size: 15px; padding: 10px;\">4XL<\/th>\n<th style=\"color: #000000; font-weight: 500; text-align: left; font-size: 15px; padding: 10px;\">5XL<\/th>\n<\/tr>\n<\/thead>\n<tbody>\n<tr>\n<td style=\"padding: 10px; color: #525252; font-size: 15px; border-top: 1px solid #ededed;\">Breite, in<\/td>\n<td style=\"padding: 10px; color: #525252; font-size: 15px; border-top: 1px solid #ededed;\">17.13<\/td>\n<td style=\"padding: 10px; color: #525252; font-size: 15px; border-top: 1px solid #ededed;\">18.11<\/td>\n<td style=\"padding: 10px; color: #525252; font-size: 15px; border-top: 1px solid #ededed;\">19.29<\/td>\n<td style=\"padding: 10px; color: #525252; font-size: 15px; border-top: 1px solid #ededed;\">20.47<\/td>\n<td style=\"padding: 10px; color: #525252; font-size: 15px; border-top: 1px solid #ededed;\">21.65<\/td>\n<td style=\"padding: 10px; color: #525252; font-size: 15px; border-top: 1px solid #ededed;\">22.83<\/td>\n<td style=\"padding: 10px; color: #525252; font-size: 15px; border-top: 1px solid #ededed;\">24.02<\/td>\n<td style=\"padding: 10px; color: #525252; font-size: 15px; border-top: 1px solid #ededed;\">25.20<\/td>\n<td style=\"padding: 10px; color: #525252; font-size: 15px; border-top: 1px solid #ededed;\">27.17<\/td>\n<td style=\"padding: 10px; color: #525252; font-size: 15px; border-top: 1px solid #ededed;\">29.13<\/td>\n<\/tr>\n<tr>\n<td style=\"padding: 10px; color: #525252; font-size: 15px; border-top: 1px solid #ededed;\">L\u00e4nge, in<\/td>\n<td style=\"padding: 10px; color: #525252; font-size: 15px; border-top: 1px solid #ededed;\">25.20<\/td>\n<td style=\"padding: 10px; color: #525252; font-size: 15px; border-top: 1px solid #ededed;\">25.98<\/td>\n<td style=\"padding: 10px; color: #525252; font-size: 15px; border-top: 1px solid #ededed;\">27.17<\/td>\n<td style=\"padding: 10px; color: #525252; font-size: 15px; border-top: 1px solid #ededed;\">28.35<\/td>\n<td style=\"padding: 10px; color: #525252; font-size: 15px; border-top: 1px solid #ededed;\">29.13<\/td>\n<td style=\"padding: 10px; color: #525252; font-size: 15px; border-top: 1px solid #ededed;\">29.92<\/td>\n<td style=\"padding: 10px; color: #525252; font-size: 15px; border-top: 1px solid #ededed;\">30.71<\/td>\n<td style=\"padding: 10px; color: #525252; font-size: 15px; border-top: 1px solid #ededed;\">31.50<\/td>\n<td style=\"padding: 10px; color: #525252; font-size: 15px; border-top: 1px solid #ededed;\">32.28<\/td>\n<td style=\"padding: 10px; color: #525252; font-size: 15px; border-top: 1px solid #ededed;\">33.07<\/td>\n<\/tr>\n<tr>\n<td style=\"padding: 10px; color: #525252; font-size: 15px; border-top: 1px solid #ededed;\">\u00c4rmell\u00e4nge, in<\/td>\n<td style=\"padding: 10px; color: #525252; font-size: 15px; border-top: 1px solid #ededed;\">7.48<\/td>\n<td style=\"padding: 10px; color: #525252; font-size: 15px; border-top: 1px solid #ededed;\">7.68<\/td>\n<td style=\"padding: 10px; color: #525252; font-size: 15px; border-top: 1px solid #ededed;\">8.07<\/td>\n<td style=\"padding: 10px; color: #525252; font-size: 15px; border-top: 1px solid #ededed;\">8.46<\/td>\n<td style=\"padding: 10px; color: #525252; font-size: 15px; border-top: 1px solid #ededed;\">8.86<\/td>\n<td style=\"padding: 10px; color: #525252; font-size: 15px; border-top: 1px solid #ededed;\">8.86<\/td>\n<td style=\"padding: 10px; color: #525252; font-size: 15px; border-top: 1px solid #ededed;\">9.25<\/td>\n<td style=\"padding: 10px; color: #525252; font-size: 15px; border-top: 1px solid #ededed;\">9.65<\/td>\n<td style=\"padding: 10px; color: #525252; font-size: 15px; border-top: 1px solid #ededed;\">9.65<\/td>\n<td style=\"padding: 10px; color: #525252; font-size: 15px; border-top: 1px solid #ededed;\">9.84<\/td>\n<\/tr>\n<\/tbody>\n<\/table>\n<p>Bequemes T-Shirt mit einem minimalistischen Design auf der Vorder- und R\u00fcckseite.<\/p>\n<p>Wird von Suntribe Mitgliedern auf der ganzen Welt getragen. Ideal, um am Strand k\u00fchl zu bleiben und gleichzeitig die Schultern und Arme vor Sonnenbrand zu sch\u00fctzen.<\/p>\n<p><b>Material:<\/b> 100% Bio-Baumwolle, zertifiziert von \u00d6ko-Tex, PETA und GOTS. <b>Recycling:<\/b> Spenden, auf einem Flohmarkt verkaufen oder in den Altkleidercontainer werfen.<\/p>\n","protected":false},"excerpt":{"rendered":"<p><b>DAS ORIGINAL SUNTRIBE T-SHIRT<\/b> &#8211; W\u00e4hle deine Lieblingsfarbe, mit dem Suntribe-Logo (Wellen, Berge und Sonne) auf der Vorderseite und einem von Strand und Surfen inspirierten Design auf der R\u00fcckseite.<\/p>\n<p><b>100% BIO UND BEQUEM<\/b> &#8211; Hergestellt aus 100% biologischer, \u00d6ko-Tex, PETA und GOTS zertifizierter Baumwolle, die sich weich auf der Haut anf\u00fchlt. Fester, langlebiger Stoff, der lange h\u00e4lt und dich auf vielen Abenteuern begleiten wird.<\/p>\n<p><b>MINIMALISTISCHES DESIGN<\/b> &#8211; Entworfen von der peruanischen Designerin Gabriela Maskrey @gimaskrey mit einer Liebe zum Strand und der Sch\u00f6nheit der Einfachheit.<\/p>\n<p><b>W\u00c4HLE DEINE GR\u00d6SSE<\/b> &#8211; Dieses Bio-T-Shirt ist f\u00fcr alle Geschlechter und Gr\u00f6\u00dfen geeignet. Erh\u00e4ltlich in allen vorstellbaren Gr\u00f6\u00dfen.<\/p>\n<p>Gut zu wissen: Dein T-Shirt wird nach Bedarf gedruckt, um Abfall zu vermeiden, und separat an dich verschickt. Du erh\u00e4ltst einen separaten Tracking-Link f\u00fcr deine T-Shirt-Bestellung.<\/p>\n","protected":false},"featured_media":90051,"comment_status":"open","ping_status":"closed","template":"","meta":{"ocean_post_layout":"","ocean_both_sidebars_style":"","ocean_both_sidebars_content_width":[],"ocean_both_sidebars_sidebars_width":[],"ocean_sidebar":["0"],"ocean_second_sidebar":["0"],"ocean_disable_margins":[],"ocean_add_body_class":"","ocean_shortcode_before_top_bar":"","ocean_shortcode_after_top_bar":"","ocean_shortcode_before_header":"","ocean_shortcode_after_header":"","ocean_has_shortcode":"","ocean_shortcode_after_title":"","ocean_shortcode_before_footer_widgets":"","ocean_shortcode_after_footer_widgets":"","ocean_shortcode_before_footer_bottom":"","ocean_shortcode_after_footer_bottom":"","ocean_display_top_bar":[],"ocean_display_header":[],"ocean_header_style":"","ocean_center_header_left_menu":["0"],"ocean_custom_header_template":["0"],"ocean_custom_logo":[],"ocean_custom_retina_logo":[],"ocean_custom_logo_max_width":[""],"ocean_custom_logo_tablet_max_width":[""],"ocean_custom_logo_mobile_max_width":[""],"ocean_custom_logo_max_height":[""],"ocean_custom_logo_tablet_max_height":[""],"ocean_custom_logo_mobile_max_height":[""],"ocean_header_custom_menu":["0"],"ocean_menu_typo_font_family":["0"],"ocean_menu_typo_font_subset":"","ocean_menu_typo_font_size":[],"ocean_menu_typo_font_size_tablet":0,"ocean_menu_typo_font_size_mobile":0,"ocean_menu_typo_font_size_unit":"px","ocean_menu_typo_font_weight":"","ocean_menu_typo_font_weight_tablet":"","ocean_menu_typo_font_weight_mobile":"","ocean_menu_typo_transform":"","ocean_menu_typo_transform_tablet":"","ocean_menu_typo_transform_mobile":"","ocean_menu_typo_line_height":[],"ocean_menu_typo_line_height_tablet":0,"ocean_menu_typo_line_height_mobile":0,"ocean_menu_typo_line_height_unit":"","ocean_menu_typo_spacing":[],"ocean_menu_typo_spacing_tablet":0,"ocean_menu_typo_spacing_mobile":0,"ocean_menu_typo_spacing_unit":"","ocean_menu_link_color":"","ocean_menu_link_color_hover":"","ocean_menu_link_color_active":"","ocean_menu_link_background":"","ocean_menu_link_hover_background":"","ocean_menu_link_active_background":"","ocean_menu_social_links_bg":"","ocean_menu_social_hover_links_bg":"","ocean_menu_social_links_color":"","ocean_menu_social_hover_links_color":"","ocean_disable_title":[],"ocean_disable_heading":[],"ocean_post_title":"","ocean_post_subheading":"","ocean_post_title_style":"","ocean_post_title_background_color":"","ocean_post_title_background":[],"ocean_post_title_bg_image_position":"","ocean_post_title_bg_image_attachment":"","ocean_post_title_bg_image_repeat":"","ocean_post_title_bg_image_size":"","ocean_post_title_height":[],"ocean_post_title_bg_overlay":[],"ocean_post_title_bg_overlay_color":"","ocean_disable_breadcrumbs":[],"ocean_breadcrumbs_color":"","ocean_breadcrumbs_separator_color":"","ocean_breadcrumbs_links_color":"","ocean_breadcrumbs_links_hover_color":"","ocean_display_footer_widgets":[],"ocean_display_footer_bottom":[],"ocean_custom_footer_template":["0"],"_wp_page_template":["default"],"ocean_link_format_target":[],"ocean_quote_format_link":[],"_wp_old_date":[],"_edit_lock":[],"_edit_last":[],"ocean_gallery_link_images":[],"osh_disable_topbar_sticky":[],"osh_disable_header_sticky":[],"_elementor_pro_version":[],"_oembed_e2253486b4ac832aa91022f965f4df74":[],"_elementor_version":[],"_oembed_time_e2253486b4ac832aa91022f965f4df74":[],"_genesis_description":[],"_yoast_wpseo_content_score":[],"_yoast_wpseo_primary_category":[],"_oembed_147307c9146127d25c8c9bc3fedbbdd2":[],"_oembed_time_147307c9146127d25c8c9bc3fedbbdd2":[],"_oembed_298cc3cf7783e9a730e0d30489c0767d":[],"_oembed_time_298cc3cf7783e9a730e0d30489c0767d":[],"_wp_old_slug":[],"_yoast_wpseo_focuskw":[],"_oembed_6ce714c902a6c8b37bfed747aa272afa":[],"_oembed_time_6ce714c902a6c8b37bfed747aa272afa":[],"_oembed_67fd97d2449b30f3b8aff7987461bdee":[],"_oembed_time_67fd97d2449b30f3b8aff7987461bdee":[],"_yoast_wpseo_linkdex":[],"_oembed_8c4ad389a55d131ee3502f96b92cd139":[],"_oembed_time_8c4ad389a55d131ee3502f96b92cd139":[],"_thumbnail_id":["90051"],"_wpml_media_duplicate":["1"],"_wpml_media_has_media":[],"_seopress_titles_desc":[],"_seopress_analysis_target_kw":[],"_seopress_robots_primary_cat":[],"rank_math_seo_score":[],"rank_math_contentai_score":[],"rank_math_focus_keyword":[],"rank_math_title":[],"rank_math_description":[],"_elementor_controls_usage":[],"_ez-toc-disabled":[],"_ez-toc-insert":[],"_ez-toc-header-label":[],"_ez-toc-alignment":[],"_ez-toc-heading-levels":[],"_ez-toc-alttext":[],"_ez-toc-visibility_hide_by_default":[],"_ez-toc-hide_counter":[],"_ez-toc-exclude":[],"_ez-toc-position-specific":[],"rank_math_internal_links_processed":["1"],"rank_math_primary_category":[],"_wpml_media_featured":["1"],"_alp_processed":["1733927668"],"_wpml_word_count":[],"copied_media_ids":[],"referenced_media_ids":[],"_elementor_page_assets":[],"_elementor_css":[],"_elementor_element_cache":[]},"product_brand":[],"product_cat":[192],"product_tag":[],"class_list":{"0":"post-69344","1":"product","2":"type-product","3":"status-publish","4":"has-post-thumbnail","6":"product_cat-uncategorized-de","8":"entry","9":"has-media","11":"first","12":"instock","13":"taxable","14":"shipping-taxable","15":"purchasable","16":"product-type-variable","17":"has-rating","18":"has-product-nav","19":"col","20":"span_1_of_3","21":"owp-content-center","22":"owp-thumbs-layout-horizontal","23":"owp-btn-normal","24":"owp-tabs-layout-horizontal","26":"circle-sale"},"bundled_by":[],"bundle_stock_status":"instock","bundle_stock_quantity":null,"bundle_virtual":false,"bundle_layout":"","bundle_add_to_cart_form_location":"","bundle_editable_in_cart":false,"bundle_sold_individually_context":"","bundle_item_grouping":"","bundle_min_size":"","bundle_max_size":"","bundle_price":[],"bundled_items":[],"bundle_sell_ids":[],"jetpack_sharing_enabled":true,"_links":{"self":[{"href":"https:\/\/worryfreebackup.win\/de\/wp-json\/wp\/v2\/product\/69344","targetHints":{"allow":["GET"]}}],"collection":[{"href":"https:\/\/worryfreebackup.win\/de\/wp-json\/wp\/v2\/product"}],"about":[{"href":"https:\/\/worryfreebackup.win\/de\/wp-json\/wp\/v2\/types\/product"}],"replies":[{"embeddable":true,"href":"https:\/\/worryfreebackup.win\/de\/wp-json\/wp\/v2\/comments?post=69344"}],"version-history":[{"count":1,"href":"https:\/\/worryfreebackup.win\/de\/wp-json\/wp\/v2\/product\/69344\/revisions"}],"predecessor-version":[{"id":79488,"href":"https:\/\/worryfreebackup.win\/de\/wp-json\/wp\/v2\/product\/69344\/revisions\/79488"}],"wp:featuredmedia":[{"embeddable":true,"href":"https:\/\/worryfreebackup.win\/de\/wp-json\/wp\/v2\/media\/90051"}],"wp:attachment":[{"href":"https:\/\/worryfreebackup.win\/de\/wp-json\/wp\/v2\/media?parent=69344"}],"wp:term":[{"taxonomy":"product_brand","embeddable":true,"href":"https:\/\/worryfreebackup.win\/de\/wp-json\/wp\/v2\/product_brand?post=69344"},{"taxonomy":"product_cat","embeddable":true,"href":"https:\/\/worryfreebackup.win\/de\/wp-json\/wp\/v2\/product_cat?post=69344"},{"taxonomy":"product_tag","embeddable":true,"href":"https:\/\/worryfreebackup.win\/de\/wp-json\/wp\/v2\/product_tag?post=69344"}],"curies":[{"name":"wp","href":"https:\/\/api.w.org\/{rel}","templated":true}]}}