





{"id":86581,"date":"2025-04-04T14:20:53","date_gmt":"2025-04-04T14:20:53","guid":{"rendered":"https:\/\/suntribesunscreen.com\/?post_type=product&#038;p=86581"},"modified":"2025-05-22T04:53:43","modified_gmt":"2025-05-22T04:53:43","slug":"bio-aftersun-gel-doppel-aloe-vera","status":"publish","type":"product","link":"https:\/\/worryfreebackup.win\/de\/produkt\/bio-aftersun-gel-doppel-aloe-vera\/","title":{"rendered":"Bio-Aftersun Gel Doppel Aloe Vera"},"content":{"rendered":"<p><span style=\"font-weight: 400;\">Erlebe die k\u00fchlende und feuchtigkeitsspendende Wirkung einer doppelten Dosis Aloe Vera. Leichte, fl\u00fcssige Textur ohne klebrige oder \u00f6lige R\u00fcckst\u00e4nde. <\/span><\/p>\n<p><span style=\"font-weight: 400;\">Bio-Jojoba\u00f6l und Natriumhyaluronat f\u00fcllen die nach einem sonnigen Tag verlorene Feuchtigkeit wieder auf und hinterlassen ein erfrischtes, beruhigtes Hautgef\u00fchl. Antioxidatives Vitamin E und Bio-Granatapfelextrakt unterst\u00fctzen die Regeneration und pflegen intensiv. <\/span><\/p>\n<p><span style=\"font-weight: 400;\">Erfrischender Zitronengrasduft ohne Parf\u00fcm. Perfekt f\u00fcr alle Hauttypen, einschlie\u00dflich empfindlicher Haut. <\/span><\/p>\n","protected":false},"excerpt":{"rendered":"<p><span style=\"font-weight: 400;\"><strong>100% NAT\u00dcRLICHES AFTERSUN GEL <\/strong>| Sicher f\u00fcr dich und die Natur. Endlich ein sorgenfreies Aftersun Gel, verpackt in einer umweltfreundlichen Zuckerrohr-Tube. <\/span><\/p>\n<p><span style=\"font-weight: 400;\"><strong>DOPPELDOSIS ALOE VERA<\/strong> | Eine doppelte Dosis Aloe Vera beruhigt und k\u00fchlt die Haut schnell, reduziert R\u00f6tungen und beschleunigt die Regeneration nach Sonneneinstrahlung.<\/span><\/p>\n<p><span style=\"font-weight: 400;\"><strong>NICHT-FETTENDE FEUCHTIGKEIT<\/strong> | Leichte, fl\u00fcssige Textur ohne klebrige oder \u00f6lige R\u00fcckst\u00e4nde. Bio-Jojoba\u00f6l und Natriumhyaluronat spenden intensiv Feuchtigkeit und gleichen den Feuchtigkeitsverlust nach einem Tag in der Sonne aus. <\/span><\/p>\n<p><span style=\"font-weight: 400;\"><strong>REPAIR-EFFEKT<\/strong> | Antioxidantienreiches Bio-Granatapfelextrakt und Vitamin E helfen, sonnenbedingte Hautsch\u00e4den zu reparieren.<\/span><\/p>\n<p><span style=\"font-weight: 400;\"><strong>BIO &amp; SANFT <\/strong>| Nicht komedogenes, veganes Aftersun Gel. Geeignet f\u00fcr Kinder und empfindliche Haut. Nat\u00fcrlicher Zitronengrasduft ohne Parf\u00fcm.  <\/span><\/p>\n<p><strong>100 ml \u2014 Nat\u00fcrlicher Zitronengrasduft<\/strong><\/p>\n","protected":false},"featured_media":100847,"comment_status":"open","ping_status":"closed","template":"","meta":{"ocean_post_layout":"","ocean_both_sidebars_style":"","ocean_both_sidebars_content_width":[""],"ocean_both_sidebars_sidebars_width":[""],"ocean_sidebar":[""],"ocean_second_sidebar":[""],"ocean_disable_margins":[],"ocean_add_body_class":"","ocean_shortcode_before_top_bar":"","ocean_shortcode_after_top_bar":"","ocean_shortcode_before_header":"","ocean_shortcode_after_header":"","ocean_has_shortcode":"","ocean_shortcode_after_title":"","ocean_shortcode_before_footer_widgets":"","ocean_shortcode_after_footer_widgets":"","ocean_shortcode_before_footer_bottom":"","ocean_shortcode_after_footer_bottom":"","ocean_display_top_bar":[],"ocean_display_header":[],"ocean_header_style":"","ocean_center_header_left_menu":[""],"ocean_custom_header_template":[""],"ocean_custom_logo":[""],"ocean_custom_retina_logo":[""],"ocean_custom_logo_max_width":[""],"ocean_custom_logo_tablet_max_width":[""],"ocean_custom_logo_mobile_max_width":[""],"ocean_custom_logo_max_height":[""],"ocean_custom_logo_tablet_max_height":[""],"ocean_custom_logo_mobile_max_height":[""],"ocean_header_custom_menu":[""],"ocean_menu_typo_font_family":[""],"ocean_menu_typo_font_subset":"","ocean_menu_typo_font_size":[""],"ocean_menu_typo_font_size_tablet":0,"ocean_menu_typo_font_size_mobile":0,"ocean_menu_typo_font_size_unit":"px","ocean_menu_typo_font_weight":"","ocean_menu_typo_font_weight_tablet":"","ocean_menu_typo_font_weight_mobile":"","ocean_menu_typo_transform":"","ocean_menu_typo_transform_tablet":"","ocean_menu_typo_transform_mobile":"","ocean_menu_typo_line_height":[""],"ocean_menu_typo_line_height_tablet":0,"ocean_menu_typo_line_height_mobile":0,"ocean_menu_typo_line_height_unit":"","ocean_menu_typo_spacing":[""],"ocean_menu_typo_spacing_tablet":0,"ocean_menu_typo_spacing_mobile":0,"ocean_menu_typo_spacing_unit":"","ocean_menu_link_color":"","ocean_menu_link_color_hover":"","ocean_menu_link_color_active":"","ocean_menu_link_background":"","ocean_menu_link_hover_background":"","ocean_menu_link_active_background":"","ocean_menu_social_links_bg":"","ocean_menu_social_hover_links_bg":"","ocean_menu_social_links_color":"","ocean_menu_social_hover_links_color":"","ocean_disable_title":[],"ocean_disable_heading":[],"ocean_post_title":"","ocean_post_subheading":"","ocean_post_title_style":"","ocean_post_title_background_color":"","ocean_post_title_background":[""],"ocean_post_title_bg_image_position":"","ocean_post_title_bg_image_attachment":"","ocean_post_title_bg_image_repeat":"","ocean_post_title_bg_image_size":"","ocean_post_title_height":[""],"ocean_post_title_bg_overlay":[],"ocean_post_title_bg_overlay_color":"","ocean_disable_breadcrumbs":[],"ocean_breadcrumbs_color":"","ocean_breadcrumbs_separator_color":"","ocean_breadcrumbs_links_color":"","ocean_breadcrumbs_links_hover_color":"","ocean_display_footer_widgets":[],"ocean_display_footer_bottom":[],"ocean_custom_footer_template":[""],"_wp_page_template":["default"],"ocean_link_format_target":[],"ocean_quote_format_link":[],"_wp_old_date":["2025-04-04"],"_edit_lock":["1744296073:1"],"_edit_last":["1"],"ocean_gallery_link_images":[],"osh_disable_topbar_sticky":[],"osh_disable_header_sticky":[],"_elementor_pro_version":[],"_oembed_e2253486b4ac832aa91022f965f4df74":[],"_elementor_version":["0.4"],"_oembed_time_e2253486b4ac832aa91022f965f4df74":[],"_genesis_description":[],"_yoast_wpseo_content_score":[],"_yoast_wpseo_primary_category":[],"_oembed_147307c9146127d25c8c9bc3fedbbdd2":[],"_oembed_time_147307c9146127d25c8c9bc3fedbbdd2":[],"_oembed_298cc3cf7783e9a730e0d30489c0767d":[],"_oembed_time_298cc3cf7783e9a730e0d30489c0767d":[],"_wp_old_slug":[],"_yoast_wpseo_focuskw":[],"_oembed_6ce714c902a6c8b37bfed747aa272afa":[],"_oembed_time_6ce714c902a6c8b37bfed747aa272afa":[],"_oembed_67fd97d2449b30f3b8aff7987461bdee":[],"_oembed_time_67fd97d2449b30f3b8aff7987461bdee":[],"_yoast_wpseo_linkdex":[],"_oembed_8c4ad389a55d131ee3502f96b92cd139":[],"_oembed_time_8c4ad389a55d131ee3502f96b92cd139":[],"_thumbnail_id":["100847"],"_wpml_media_duplicate":["1"],"_wpml_media_has_media":["1"],"_seopress_titles_desc":[],"_seopress_analysis_target_kw":[],"_seopress_robots_primary_cat":[],"rank_math_seo_score":[],"rank_math_contentai_score":[],"rank_math_focus_keyword":["after sun gel"],"rank_math_title":[],"rank_math_description":[],"_elementor_controls_usage":[null],"_ez-toc-disabled":[],"_ez-toc-insert":[],"_ez-toc-header-label":[],"_ez-toc-alignment":[],"_ez-toc-heading-levels":[],"_ez-toc-alttext":[],"_ez-toc-visibility_hide_by_default":[],"_ez-toc-hide_counter":[],"_ez-toc-exclude":[],"_ez-toc-position-specific":[],"rank_math_internal_links_processed":["1"],"rank_math_primary_category":[],"_wpml_media_featured":["1"],"_alp_processed":["1747889623"],"_wpml_word_count":["252"],"copied_media_ids":[],"referenced_media_ids":[],"_elementor_page_assets":[null],"_elementor_css":[],"_elementor_element_cache":[]},"product_brand":[],"product_cat":[127],"product_tag":[],"class_list":{"0":"post-86581","1":"product","2":"type-product","3":"status-publish","4":"has-post-thumbnail","6":"product_cat-feuchtigkeitscremes","7":"pa_amount-einzeleinheit","8":"pa_amount-nimm-2-spare-10","9":"pa_amount-nimm-4-spare-15","11":"entry","12":"has-media","14":"first","15":"instock","16":"sale","17":"taxable","18":"shipping-taxable","19":"purchasable","20":"product-type-variable","21":"has-default-attributes","22":"has-product-nav","23":"col","24":"span_1_of_3","25":"owp-content-center","26":"owp-thumbs-layout-horizontal","27":"owp-btn-normal","28":"owp-tabs-layout-horizontal","30":"circle-sale"},"bundled_by":[],"bundle_stock_status":"instock","bundle_stock_quantity":null,"bundle_virtual":false,"bundle_layout":"","bundle_add_to_cart_form_location":"","bundle_editable_in_cart":false,"bundle_sold_individually_context":"","bundle_item_grouping":"","bundle_min_size":"","bundle_max_size":"","bundle_price":[],"bundled_items":[],"bundle_sell_ids":[],"jetpack_sharing_enabled":true,"_links":{"self":[{"href":"https:\/\/worryfreebackup.win\/de\/wp-json\/wp\/v2\/product\/86581","targetHints":{"allow":["GET"]}}],"collection":[{"href":"https:\/\/worryfreebackup.win\/de\/wp-json\/wp\/v2\/product"}],"about":[{"href":"https:\/\/worryfreebackup.win\/de\/wp-json\/wp\/v2\/types\/product"}],"replies":[{"embeddable":true,"href":"https:\/\/worryfreebackup.win\/de\/wp-json\/wp\/v2\/comments?post=86581"}],"version-history":[{"count":1,"href":"https:\/\/worryfreebackup.win\/de\/wp-json\/wp\/v2\/product\/86581\/revisions"}],"predecessor-version":[{"id":87879,"href":"https:\/\/worryfreebackup.win\/de\/wp-json\/wp\/v2\/product\/86581\/revisions\/87879"}],"wp:featuredmedia":[{"embeddable":true,"href":"https:\/\/worryfreebackup.win\/de\/wp-json\/wp\/v2\/media\/100847"}],"wp:attachment":[{"href":"https:\/\/worryfreebackup.win\/de\/wp-json\/wp\/v2\/media?parent=86581"}],"wp:term":[{"taxonomy":"product_brand","embeddable":true,"href":"https:\/\/worryfreebackup.win\/de\/wp-json\/wp\/v2\/product_brand?post=86581"},{"taxonomy":"product_cat","embeddable":true,"href":"https:\/\/worryfreebackup.win\/de\/wp-json\/wp\/v2\/product_cat?post=86581"},{"taxonomy":"product_tag","embeddable":true,"href":"https:\/\/worryfreebackup.win\/de\/wp-json\/wp\/v2\/product_tag?post=86581"}],"curies":[{"name":"wp","href":"https:\/\/api.w.org\/{rel}","templated":true}]}}