





{"id":93527,"date":"2025-04-23T20:36:15","date_gmt":"2025-04-23T20:36:15","guid":{"rendered":"https:\/\/suntribesunscreen.com\/product\/suntribe-handtuch\/"},"modified":"2026-02-03T08:17:59","modified_gmt":"2026-02-03T08:17:59","slug":"suntribe-handtuch","status":"publish","type":"product","link":"https:\/\/worryfreebackup.win\/de\/produkt\/suntribe-handtuch\/","title":{"rendered":"Suntribe Handtuch"},"content":{"rendered":"<p class=\"\" data-start=\"121\" data-end=\"424\">Klein in der Gr\u00f6\u00dfe, gro\u00df in der Vielseitigkeit. Das Suntribe Handtuch ist dein Begleiter f\u00fcr spontane Tauchg\u00e4nge, sandige F\u00fc\u00dfe und schwei\u00dftreibende Workouts. Aus 100 % Baumwolle gewebt, ist es nat\u00fcrlich weich und sanft zur Haut \u2013 mit genau der richtigen Saugf\u00e4higkeit, um schnell zu trocknen und noch schneller verstaut zu werden.  <\/p>\n<p class=\"\" data-start=\"426\" data-end=\"623\">Entworfen in Schweden mit einem Fokus auf Schlichtheit, passt dieses Handtuch in jede Tasche und ist immer einsatzbereit \u2013 egal, ob es zum Strand, in den Park oder dem Sonnenuntergang entgegen geht.<\/p>\n<p data-start=\"426\" data-end=\"623\"><strong>Dimensionen:<\/strong> 40 cm breit und 78 cm lang.<\/p>\n<p><strong>Material:<\/strong> 100% Baumwolle. <strong>Hergestellt in China. <\/strong> <\/p>\n","protected":false},"excerpt":{"rendered":"<p class=\"\" data-start=\"154\" data-end=\"293\"><strong data-start=\"154\" data-end=\"172\">WEICH &amp; NAT\u00dcRLICH <\/strong>| Aus 100 % Baumwolle f\u00fcr ein weiches, atmungsaktives Gef\u00fchl \u2013 sanft zur Haut und schnell absorbierend.<\/p>\n<p class=\"\" data-start=\"295\" data-end=\"440\"><strong data-start=\"295\" data-end=\"317\">DESIGNED IN SCHWEDEN<\/strong> | Zeitlose Schlichtheit trifft auf Alltagstauglichkeit, mit klaren Linien und einem minimalistischen Look, der \u00fcberall passt.<\/p>\n<p class=\"\" data-start=\"442\" data-end=\"585\"><strong data-start=\"442\" data-end=\"462\">LEICHT &amp; TRAGBAR<\/strong> | L\u00e4sst sich klein zusammenfalten und passt leicht in deine Tasche \u2013 perfekt f\u00fcr spontane Schwimmeinheiten, Workouts oder entspannte Strandtage.<\/p>\n<p class=\"\" data-start=\"587\" data-end=\"731\"><strong data-start=\"587\" data-end=\"606\">GENAU DIE RICHTIGE GR\u00d6SSE<\/strong> | Kompakt und dennoch vielseitig \u2013 ideal zum Abtrocknen, Chillen unterwegs oder f\u00fcr einen Hauch von Komfort, wo auch immer du hingehst.<\/p>\n","protected":false},"featured_media":91661,"comment_status":"open","ping_status":"closed","template":"","meta":{"ocean_post_layout":"","ocean_both_sidebars_style":"","ocean_both_sidebars_content_width":[],"ocean_both_sidebars_sidebars_width":[],"ocean_sidebar":["0"],"ocean_second_sidebar":["0"],"ocean_disable_margins":[],"ocean_add_body_class":"","ocean_shortcode_before_top_bar":"","ocean_shortcode_after_top_bar":"","ocean_shortcode_before_header":"","ocean_shortcode_after_header":"","ocean_has_shortcode":"","ocean_shortcode_after_title":"","ocean_shortcode_before_footer_widgets":"","ocean_shortcode_after_footer_widgets":"","ocean_shortcode_before_footer_bottom":"","ocean_shortcode_after_footer_bottom":"","ocean_display_top_bar":[],"ocean_display_header":[],"ocean_header_style":"","ocean_center_header_left_menu":["0"],"ocean_custom_header_template":["0"],"ocean_custom_logo":[],"ocean_custom_retina_logo":[],"ocean_custom_logo_max_width":[""],"ocean_custom_logo_tablet_max_width":[""],"ocean_custom_logo_mobile_max_width":[""],"ocean_custom_logo_max_height":[""],"ocean_custom_logo_tablet_max_height":[""],"ocean_custom_logo_mobile_max_height":[""],"ocean_header_custom_menu":["0"],"ocean_menu_typo_font_family":["0"],"ocean_menu_typo_font_subset":"","ocean_menu_typo_font_size":[],"ocean_menu_typo_font_size_tablet":0,"ocean_menu_typo_font_size_mobile":0,"ocean_menu_typo_font_size_unit":"px","ocean_menu_typo_font_weight":"","ocean_menu_typo_font_weight_tablet":"","ocean_menu_typo_font_weight_mobile":"","ocean_menu_typo_transform":"","ocean_menu_typo_transform_tablet":"","ocean_menu_typo_transform_mobile":"","ocean_menu_typo_line_height":[],"ocean_menu_typo_line_height_tablet":0,"ocean_menu_typo_line_height_mobile":0,"ocean_menu_typo_line_height_unit":"","ocean_menu_typo_spacing":[],"ocean_menu_typo_spacing_tablet":0,"ocean_menu_typo_spacing_mobile":0,"ocean_menu_typo_spacing_unit":"","ocean_menu_link_color":"","ocean_menu_link_color_hover":"","ocean_menu_link_color_active":"","ocean_menu_link_background":"","ocean_menu_link_hover_background":"","ocean_menu_link_active_background":"","ocean_menu_social_links_bg":"","ocean_menu_social_hover_links_bg":"","ocean_menu_social_links_color":"","ocean_menu_social_hover_links_color":"","ocean_disable_title":[],"ocean_disable_heading":[],"ocean_post_title":"","ocean_post_subheading":"","ocean_post_title_style":"","ocean_post_title_background_color":"","ocean_post_title_background":[],"ocean_post_title_bg_image_position":"","ocean_post_title_bg_image_attachment":"","ocean_post_title_bg_image_repeat":"","ocean_post_title_bg_image_size":"","ocean_post_title_height":[],"ocean_post_title_bg_overlay":[],"ocean_post_title_bg_overlay_color":"","ocean_disable_breadcrumbs":[],"ocean_breadcrumbs_color":"","ocean_breadcrumbs_separator_color":"","ocean_breadcrumbs_links_color":"","ocean_breadcrumbs_links_hover_color":"","ocean_display_footer_widgets":[],"ocean_display_footer_bottom":[],"ocean_custom_footer_template":["0"],"_wp_page_template":["default"],"ocean_link_format_target":[],"ocean_quote_format_link":[],"_wp_old_date":[],"_edit_lock":[],"_edit_last":[],"ocean_gallery_link_images":[],"osh_disable_topbar_sticky":[],"osh_disable_header_sticky":[],"_elementor_pro_version":[],"_oembed_e2253486b4ac832aa91022f965f4df74":[],"_elementor_version":["0.4"],"_oembed_time_e2253486b4ac832aa91022f965f4df74":[],"_genesis_description":[],"_yoast_wpseo_content_score":[],"_yoast_wpseo_primary_category":[],"_oembed_147307c9146127d25c8c9bc3fedbbdd2":[],"_oembed_time_147307c9146127d25c8c9bc3fedbbdd2":[],"_oembed_298cc3cf7783e9a730e0d30489c0767d":[],"_oembed_time_298cc3cf7783e9a730e0d30489c0767d":[],"_wp_old_slug":[],"_yoast_wpseo_focuskw":[],"_oembed_6ce714c902a6c8b37bfed747aa272afa":[],"_oembed_time_6ce714c902a6c8b37bfed747aa272afa":[],"_oembed_67fd97d2449b30f3b8aff7987461bdee":[],"_oembed_time_67fd97d2449b30f3b8aff7987461bdee":[],"_yoast_wpseo_linkdex":[],"_oembed_8c4ad389a55d131ee3502f96b92cd139":[],"_oembed_time_8c4ad389a55d131ee3502f96b92cd139":[],"_thumbnail_id":["91661"],"_wpml_media_duplicate":["1"],"_wpml_media_has_media":[],"_seopress_titles_desc":[],"_seopress_analysis_target_kw":[],"_seopress_robots_primary_cat":[],"rank_math_seo_score":[],"rank_math_contentai_score":[],"rank_math_focus_keyword":[],"rank_math_title":[],"rank_math_description":[],"_elementor_controls_usage":[],"_ez-toc-disabled":[],"_ez-toc-insert":[],"_ez-toc-header-label":[],"_ez-toc-alignment":[],"_ez-toc-heading-levels":[],"_ez-toc-alttext":[],"_ez-toc-visibility_hide_by_default":[],"_ez-toc-hide_counter":[],"_ez-toc-exclude":[],"_ez-toc-position-specific":[],"rank_math_internal_links_processed":[],"rank_math_primary_category":[],"_wpml_media_featured":["1"],"_alp_processed":["1753147777"],"_wpml_word_count":["212"],"copied_media_ids":[],"referenced_media_ids":[],"_elementor_page_assets":[],"_elementor_css":[],"_elementor_element_cache":[]},"product_brand":[],"product_cat":[126],"product_tag":[],"class_list":{"0":"post-93527","1":"product","2":"type-product","3":"status-publish","4":"has-post-thumbnail","6":"product_cat-sonnencremes","8":"entry","9":"has-media","11":"first","12":"instock","13":"taxable","14":"shipping-taxable","15":"purchasable","16":"product-type-simple","17":"has-rating","18":"has-product-nav","19":"col","20":"span_1_of_3","21":"owp-content-center","22":"owp-thumbs-layout-horizontal","23":"owp-btn-normal","24":"owp-tabs-layout-horizontal","26":"circle-sale"},"bundled_by":[],"bundle_stock_status":"instock","bundle_stock_quantity":null,"bundle_virtual":false,"bundle_layout":"","bundle_add_to_cart_form_location":"","bundle_editable_in_cart":false,"bundle_sold_individually_context":"","bundle_item_grouping":"","bundle_min_size":"","bundle_max_size":"","bundle_price":[],"bundled_items":[],"bundle_sell_ids":[],"jetpack_sharing_enabled":true,"_links":{"self":[{"href":"https:\/\/worryfreebackup.win\/de\/wp-json\/wp\/v2\/product\/93527","targetHints":{"allow":["GET"]}}],"collection":[{"href":"https:\/\/worryfreebackup.win\/de\/wp-json\/wp\/v2\/product"}],"about":[{"href":"https:\/\/worryfreebackup.win\/de\/wp-json\/wp\/v2\/types\/product"}],"replies":[{"embeddable":true,"href":"https:\/\/worryfreebackup.win\/de\/wp-json\/wp\/v2\/comments?post=93527"}],"version-history":[{"count":1,"href":"https:\/\/worryfreebackup.win\/de\/wp-json\/wp\/v2\/product\/93527\/revisions"}],"predecessor-version":[{"id":98363,"href":"https:\/\/worryfreebackup.win\/de\/wp-json\/wp\/v2\/product\/93527\/revisions\/98363"}],"wp:featuredmedia":[{"embeddable":true,"href":"https:\/\/worryfreebackup.win\/de\/wp-json\/wp\/v2\/media\/91661"}],"wp:attachment":[{"href":"https:\/\/worryfreebackup.win\/de\/wp-json\/wp\/v2\/media?parent=93527"}],"wp:term":[{"taxonomy":"product_brand","embeddable":true,"href":"https:\/\/worryfreebackup.win\/de\/wp-json\/wp\/v2\/product_brand?post=93527"},{"taxonomy":"product_cat","embeddable":true,"href":"https:\/\/worryfreebackup.win\/de\/wp-json\/wp\/v2\/product_cat?post=93527"},{"taxonomy":"product_tag","embeddable":true,"href":"https:\/\/worryfreebackup.win\/de\/wp-json\/wp\/v2\/product_tag?post=93527"}],"curies":[{"name":"wp","href":"https:\/\/api.w.org\/{rel}","templated":true}]}}