





{"id":31354,"date":"2021-03-27T08:59:39","date_gmt":"2021-03-27T08:59:39","guid":{"rendered":"http:\/\/suntribesunscreen.com\/contacto\/"},"modified":"2025-09-22T07:13:38","modified_gmt":"2025-09-22T07:13:38","slug":"contacto","status":"publish","type":"page","link":"https:\/\/worryfreebackup.win\/es\/contacto\/","title":{"rendered":"Contacto"},"content":{"rendered":"\t\t<div data-elementor-type=\"wp-page\" data-elementor-id=\"31354\" class=\"elementor elementor-31354 elementor-26642\" data-elementor-post-type=\"page\">\n\t\t\t\t\t\t<section class=\"elementor-section elementor-top-section elementor-element elementor-element-7e1d2a5a elementor-section-boxed elementor-section-height-default elementor-section-height-default\" data-id=\"7e1d2a5a\" data-element_type=\"section\" data-e-type=\"section\">\n\t\t\t\t\t\t<div class=\"elementor-container elementor-column-gap-default\">\n\t\t\t\t\t<div class=\"elementor-column elementor-col-100 elementor-top-column elementor-element elementor-element-ef52a0e\" data-id=\"ef52a0e\" data-element_type=\"column\" data-e-type=\"column\">\n\t\t\t<div class=\"elementor-widget-wrap elementor-element-populated\">\n\t\t\t\t\t\t<div class=\"elementor-element elementor-element-56c73404 elementor-widget elementor-widget-spacer\" data-id=\"56c73404\" data-element_type=\"widget\" data-e-type=\"widget\" data-widget_type=\"spacer.default\">\n\t\t\t\t<div class=\"elementor-widget-container\">\n\t\t\t\t\t\t\t<div class=\"elementor-spacer\">\n\t\t\t<div class=\"elementor-spacer-inner\"><\/div>\n\t\t<\/div>\n\t\t\t\t\t\t<\/div>\n\t\t\t\t<\/div>\n\t\t\t\t\t<\/div>\n\t\t<\/div>\n\t\t\t\t\t<\/div>\n\t\t<\/section>\n\t\t\t\t<section class=\"elementor-section elementor-top-section elementor-element elementor-element-767dea06 elementor-section-stretched elementor-section-full_width elementor-section-height-default elementor-section-height-default\" data-id=\"767dea06\" data-element_type=\"section\" data-e-type=\"section\" data-settings=\"{&quot;stretch_section&quot;:&quot;section-stretched&quot;,&quot;background_background&quot;:&quot;classic&quot;}\">\n\t\t\t\t\t\t\t<div class=\"elementor-background-overlay\"><\/div>\n\t\t\t\t\t\t\t<div class=\"elementor-container elementor-column-gap-default\">\n\t\t\t\t\t<div class=\"elementor-column elementor-col-100 elementor-top-column elementor-element elementor-element-38fa8e91\" data-id=\"38fa8e91\" data-element_type=\"column\" data-e-type=\"column\" data-settings=\"{&quot;background_background&quot;:&quot;classic&quot;}\">\n\t\t\t<div class=\"elementor-widget-wrap elementor-element-populated\">\n\t\t\t\t\t<div class=\"elementor-background-overlay\"><\/div>\n\t\t\t\t\t\t<div class=\"elementor-element elementor-element-28020bee elementor-widget elementor-widget-heading\" data-id=\"28020bee\" data-element_type=\"widget\" data-e-type=\"widget\" data-widget_type=\"heading.default\">\n\t\t\t\t<div class=\"elementor-widget-container\">\n\t\t\t\t\t<h2 class=\"elementor-heading-title elementor-size-default\">PONERSE EN CONTACTO<\/h2>\t\t\t\t<\/div>\n\t\t\t\t<\/div>\n\t\t\t\t\t<\/div>\n\t\t<\/div>\n\t\t\t\t\t<\/div>\n\t\t<\/section>\n\t\t\t\t<section class=\"elementor-section elementor-top-section elementor-element elementor-element-1a7631f5 elementor-section-boxed elementor-section-height-default elementor-section-height-default\" data-id=\"1a7631f5\" data-element_type=\"section\" data-e-type=\"section\" data-settings=\"{&quot;background_background&quot;:&quot;classic&quot;}\">\n\t\t\t\t\t\t<div class=\"elementor-container elementor-column-gap-default\">\n\t\t\t\t\t<div class=\"elementor-column elementor-col-100 elementor-top-column elementor-element elementor-element-4d013399\" data-id=\"4d013399\" data-element_type=\"column\" data-e-type=\"column\">\n\t\t\t<div class=\"elementor-widget-wrap elementor-element-populated\">\n\t\t\t\t\t\t<div class=\"elementor-element elementor-element-362c1c14 elementor-widget elementor-widget-text-editor\" data-id=\"362c1c14\" data-element_type=\"widget\" data-e-type=\"widget\" data-widget_type=\"text-editor.default\">\n\t\t\t\t<div class=\"elementor-widget-container\">\n\t\t\t\t\t\t\t\t\t<p>Estamos adivinando que est\u00e1s aqu\u00ed porque quieres comunicarte con nosotros. \u00a1Bien! Nos encantar\u00eda saber de ti. En primer lugar tenemos algunas preguntas:<\/p>\t\t\t\t\t\t\t\t<\/div>\n\t\t\t\t<\/div>\n\t\t\t\t<div class=\"elementor-element elementor-element-64b90ab elementor-widget elementor-widget-heading\" data-id=\"64b90ab\" data-element_type=\"widget\" data-e-type=\"widget\" data-settings=\"{&quot;_animation&quot;:&quot;none&quot;}\" data-widget_type=\"heading.default\">\n\t\t\t\t<div class=\"elementor-widget-container\">\n\t\t\t\t\t<h2 class=\"elementor-heading-title elementor-size-default\">\u00bfQuiere saber d\u00f3nde est\u00e1 su pedido?<\/h2>\t\t\t\t<\/div>\n\t\t\t\t<\/div>\n\t\t\t\t<div class=\"elementor-element elementor-element-28e4028 elementor-align-center animated-slow elementor-widget elementor-widget-button\" data-id=\"28e4028\" data-element_type=\"widget\" data-e-type=\"widget\" data-settings=\"{&quot;_animation&quot;:&quot;none&quot;}\" data-widget_type=\"button.default\">\n\t\t\t\t<div class=\"elementor-widget-container\">\n\t\t\t\t\t\t\t\t\t<div class=\"elementor-button-wrapper\">\n\t\t\t\t\t<a class=\"elementor-button elementor-button-link elementor-size-sm\" href=\"https:\/\/suntribe.aftership.com\/\" target=\"_blank\">\n\t\t\t\t\t\t<span class=\"elementor-button-content-wrapper\">\n\t\t\t\t\t\t\t\t\t<span class=\"elementor-button-text\">Seguir mi pedido<\/span>\n\t\t\t\t\t<\/span>\n\t\t\t\t\t<\/a>\n\t\t\t\t<\/div>\n\t\t\t\t\t\t\t\t<\/div>\n\t\t\t\t<\/div>\n\t\t\t\t<div class=\"elementor-element elementor-element-63b277c3 elementor-widget elementor-widget-heading\" data-id=\"63b277c3\" data-element_type=\"widget\" data-e-type=\"widget\" data-settings=\"{&quot;_animation&quot;:&quot;none&quot;}\" data-widget_type=\"heading.default\">\n\t\t\t\t<div class=\"elementor-widget-container\">\n\t\t\t\t\t<h2 class=\"elementor-heading-title elementor-size-default\">OBTEN TU RESPUESTA DE INMEDIATO<\/h2>\t\t\t\t<\/div>\n\t\t\t\t<\/div>\n\t\t\t\t<div class=\"elementor-element elementor-element-61306be1 elementor-align-center animated-slow elementor-widget elementor-widget-button\" data-id=\"61306be1\" data-element_type=\"widget\" data-e-type=\"widget\" data-settings=\"{&quot;_animation&quot;:&quot;none&quot;}\" data-widget_type=\"button.default\">\n\t\t\t\t<div class=\"elementor-widget-container\">\n\t\t\t\t\t\t\t\t\t<div class=\"elementor-button-wrapper\">\n\t\t\t\t\t<a class=\"elementor-button elementor-button-link elementor-size-sm\" href=\"http:\/\/suntribesunscreen.com\/faq\/\">\n\t\t\t\t\t\t<span class=\"elementor-button-content-wrapper\">\n\t\t\t\t\t\t\t\t\t<span class=\"elementor-button-text\">IR A preguntas frecuentes<\/span>\n\t\t\t\t\t<\/span>\n\t\t\t\t\t<\/a>\n\t\t\t\t<\/div>\n\t\t\t\t\t\t\t\t<\/div>\n\t\t\t\t<\/div>\n\t\t\t\t<div class=\"elementor-element elementor-element-26ee019d elementor-widget elementor-widget-heading\" data-id=\"26ee019d\" data-element_type=\"widget\" data-e-type=\"widget\" data-settings=\"{&quot;_animation&quot;:&quot;none&quot;}\" data-widget_type=\"heading.default\">\n\t\t\t\t<div class=\"elementor-widget-container\">\n\t\t\t\t\t<h2 class=\"elementor-heading-title elementor-size-default\">\u00bfQuieres vender los cosm\u00e9ticos naturales de Suntribe en tu tienda?<\/h2>\t\t\t\t<\/div>\n\t\t\t\t<\/div>\n\t\t\t\t<div class=\"elementor-element elementor-element-5037164 elementor-align-center animated-slow elementor-widget elementor-widget-button\" data-id=\"5037164\" data-element_type=\"widget\" data-e-type=\"widget\" data-settings=\"{&quot;_animation&quot;:&quot;none&quot;}\" data-widget_type=\"button.default\">\n\t\t\t\t<div class=\"elementor-widget-container\">\n\t\t\t\t\t\t\t\t\t<div class=\"elementor-button-wrapper\">\n\t\t\t\t\t<a class=\"elementor-button elementor-button-link elementor-size-sm\" href=\"http:\/\/suntribesunscreen.com\/reseller\/\">\n\t\t\t\t\t\t<span class=\"elementor-button-content-wrapper\">\n\t\t\t\t\t\t\t\t\t<span class=\"elementor-button-text\">Clientes profesionales<\/span>\n\t\t\t\t\t<\/span>\n\t\t\t\t\t<\/a>\n\t\t\t\t<\/div>\n\t\t\t\t\t\t\t\t<\/div>\n\t\t\t\t<\/div>\n\t\t\t\t<div class=\"elementor-element elementor-element-6e4b286d elementor-widget elementor-widget-heading\" data-id=\"6e4b286d\" data-element_type=\"widget\" data-e-type=\"widget\" data-settings=\"{&quot;_animation&quot;:&quot;none&quot;}\" data-widget_type=\"heading.default\">\n\t\t\t\t<div class=\"elementor-widget-container\">\n\t\t\t\t\t<h2 class=\"elementor-heading-title elementor-size-default\">\u00bfQuieres ESCRIBIR SOBRE NOSOTROS? <\/h2>\t\t\t\t<\/div>\n\t\t\t\t<\/div>\n\t\t\t\t<div class=\"elementor-element elementor-element-18841390 elementor-widget elementor-widget-text-editor\" data-id=\"18841390\" data-element_type=\"widget\" data-e-type=\"widget\" data-widget_type=\"text-editor.default\">\n\t\t\t\t<div class=\"elementor-widget-container\">\n\t\t\t\t\t\t\t\t\t<p>Encuentra m\u00e1s informaci\u00f3n en nuestra p\u00e1gina de prensa.<\/p>\t\t\t\t\t\t\t\t<\/div>\n\t\t\t\t<\/div>\n\t\t\t\t<div class=\"elementor-element elementor-element-78374c3f elementor-align-center animated-slow elementor-widget elementor-widget-button\" data-id=\"78374c3f\" data-element_type=\"widget\" data-e-type=\"widget\" data-settings=\"{&quot;_animation&quot;:&quot;none&quot;}\" data-widget_type=\"button.default\">\n\t\t\t\t<div class=\"elementor-widget-container\">\n\t\t\t\t\t\t\t\t\t<div class=\"elementor-button-wrapper\">\n\t\t\t\t\t<a class=\"elementor-button elementor-button-link elementor-size-sm\" href=\"http:\/\/suntribesunscreen.com\/press\/\">\n\t\t\t\t\t\t<span class=\"elementor-button-content-wrapper\">\n\t\t\t\t\t\t\t\t\t<span class=\"elementor-button-text\">CONSULTAS DE PRENSA<\/span>\n\t\t\t\t\t<\/span>\n\t\t\t\t\t<\/a>\n\t\t\t\t<\/div>\n\t\t\t\t\t\t\t\t<\/div>\n\t\t\t\t<\/div>\n\t\t\t\t<div class=\"elementor-element elementor-element-5289ac5 elementor-widget elementor-widget-heading\" data-id=\"5289ac5\" data-element_type=\"widget\" data-e-type=\"widget\" data-settings=\"{&quot;_animation&quot;:&quot;none&quot;}\" data-widget_type=\"heading.default\">\n\t\t\t\t<div class=\"elementor-widget-container\">\n\t\t\t\t\t<h2 class=\"elementor-heading-title elementor-size-default\">Env\u00edenos un correo electr\u00f3nico<\/h2>\t\t\t\t<\/div>\n\t\t\t\t<\/div>\n\t\t\t\t<div class=\"elementor-element elementor-element-56a9f55b elementor-widget elementor-widget-text-editor\" data-id=\"56a9f55b\" data-element_type=\"widget\" data-e-type=\"widget\" data-widget_type=\"text-editor.default\">\n\t\t\t\t<div class=\"elementor-widget-container\">\n\t\t\t\t\t\t\t\t\t<p>\u00a1Nos encantar\u00eda saber de ti! Env\u00ede un correo electr\u00f3nico a contact@suntribesunscreen.com y nos pondremos en contacto con usted lo antes posible. <\/p><p>Hablamos castellano, ingl\u00e9s, sueco y alem\u00e1n, as\u00ed que no dudes en ponerte en contacto con nosotros en cualquiera de estos idiomas!<\/p>\t\t\t\t\t\t\t\t<\/div>\n\t\t\t\t<\/div>\n\t\t\t\t\t<\/div>\n\t\t<\/div>\n\t\t\t\t\t<\/div>\n\t\t<\/section>\n\t\t\t\t<section class=\"elementor-section elementor-top-section elementor-element elementor-element-40e1b755 elementor-section-boxed elementor-section-height-default elementor-section-height-default\" data-id=\"40e1b755\" data-element_type=\"section\" data-e-type=\"section\" data-settings=\"{&quot;background_background&quot;:&quot;classic&quot;}\">\n\t\t\t\t\t\t<div class=\"elementor-container elementor-column-gap-default\">\n\t\t\t\t\t<div class=\"elementor-column elementor-col-100 elementor-top-column elementor-element elementor-element-4a8e6ac9\" data-id=\"4a8e6ac9\" data-element_type=\"column\" data-e-type=\"column\">\n\t\t\t<div class=\"elementor-widget-wrap elementor-element-populated\">\n\t\t\t\t\t\t<div class=\"elementor-element elementor-element-3c5fc313 elementor-widget elementor-widget-spacer\" data-id=\"3c5fc313\" data-element_type=\"widget\" data-e-type=\"widget\" data-widget_type=\"spacer.default\">\n\t\t\t\t<div class=\"elementor-widget-container\">\n\t\t\t\t\t\t\t<div class=\"elementor-spacer\">\n\t\t\t<div class=\"elementor-spacer-inner\"><\/div>\n\t\t<\/div>\n\t\t\t\t\t\t<\/div>\n\t\t\t\t<\/div>\n\t\t\t\t\t<\/div>\n\t\t<\/div>\n\t\t\t\t\t<\/div>\n\t\t<\/section>\n\t\t\t\t<section class=\"elementor-section elementor-top-section elementor-element elementor-element-63153d29 elementor-section-boxed elementor-section-height-default elementor-section-height-default\" data-id=\"63153d29\" data-element_type=\"section\" data-e-type=\"section\" data-settings=\"{&quot;background_background&quot;:&quot;classic&quot;}\">\n\t\t\t\t\t\t<div class=\"elementor-container elementor-column-gap-default\">\n\t\t\t\t\t<div class=\"elementor-column elementor-col-100 elementor-top-column elementor-element elementor-element-6544d517\" data-id=\"6544d517\" data-element_type=\"column\" data-e-type=\"column\">\n\t\t\t<div class=\"elementor-widget-wrap elementor-element-populated\">\n\t\t\t\t\t\t<div class=\"elementor-element elementor-element-11b70125 elementor-widget elementor-widget-text-editor\" data-id=\"11b70125\" data-element_type=\"widget\" data-e-type=\"widget\" data-settings=\"{&quot;_animation&quot;:&quot;none&quot;}\" data-widget_type=\"text-editor.default\">\n\t\t\t\t<div class=\"elementor-widget-container\">\n\t\t\t\t\t\t\t\t\t<p>Hasta pronto \/ bis bald \/ vi ses \/ talk to you soon!<\/p>\t\t\t\t\t\t\t\t<\/div>\n\t\t\t\t<\/div>\n\t\t\t\t\t<\/div>\n\t\t<\/div>\n\t\t\t\t\t<\/div>\n\t\t<\/section>\n\t\t\t\t<section class=\"elementor-section elementor-top-section elementor-element elementor-element-7bcc9027 elementor-section-boxed elementor-section-height-default elementor-section-height-default\" data-id=\"7bcc9027\" data-element_type=\"section\" data-e-type=\"section\" data-settings=\"{&quot;background_background&quot;:&quot;classic&quot;}\">\n\t\t\t\t\t\t<div class=\"elementor-container elementor-column-gap-default\">\n\t\t\t\t\t<div class=\"elementor-column elementor-col-100 elementor-top-column elementor-element elementor-element-44dcc7a1\" data-id=\"44dcc7a1\" data-element_type=\"column\" data-e-type=\"column\">\n\t\t\t<div class=\"elementor-widget-wrap elementor-element-populated\">\n\t\t\t\t\t\t<div class=\"elementor-element elementor-element-1d2f839e elementor-widget elementor-widget-spacer\" data-id=\"1d2f839e\" data-element_type=\"widget\" data-e-type=\"widget\" data-widget_type=\"spacer.default\">\n\t\t\t\t<div class=\"elementor-widget-container\">\n\t\t\t\t\t\t\t<div class=\"elementor-spacer\">\n\t\t\t<div class=\"elementor-spacer-inner\"><\/div>\n\t\t<\/div>\n\t\t\t\t\t\t<\/div>\n\t\t\t\t<\/div>\n\t\t\t\t\t<\/div>\n\t\t<\/div>\n\t\t\t\t\t<\/div>\n\t\t<\/section>\n\t\t\t\t<\/div>\n\t\t","protected":false},"excerpt":{"rendered":"<p>PONERSE EN CONTACTO Estamos adivinando que est\u00e1s aqu\u00ed porque quieres comunicarte con nosotros. \u00a1Bien! Nos encantar\u00eda saber de ti. En primer lugar tenemos algunas preguntas: \u00bfQuiere saber d\u00f3nde est\u00e1 su pedido? Seguir mi pedido OBTEN TU RESPUESTA DE INMEDIATO IR A preguntas frecuentes \u00bfQuieres vender los cosm\u00e9ticos naturales de Suntribe en tu tienda? Clientes profesionales [&hellip;]<\/p>\n","protected":false},"author":1,"featured_media":0,"parent":0,"menu_order":39,"comment_status":"closed","ping_status":"closed","template":"elementor_header_footer","meta":{"ocean_post_layout":"","ocean_both_sidebars_style":"","ocean_both_sidebars_content_width":[],"ocean_both_sidebars_sidebars_width":[],"ocean_sidebar":["0"],"ocean_second_sidebar":["0"],"ocean_disable_margins":["enable"],"ocean_add_body_class":"","ocean_shortcode_before_top_bar":"","ocean_shortcode_after_top_bar":"","ocean_shortcode_before_header":"","ocean_shortcode_after_header":"","ocean_has_shortcode":"","ocean_shortcode_after_title":"","ocean_shortcode_before_footer_widgets":"","ocean_shortcode_after_footer_widgets":"","ocean_shortcode_before_footer_bottom":"","ocean_shortcode_after_footer_bottom":"","ocean_display_top_bar":["default"],"ocean_display_header":["default"],"ocean_header_style":"","ocean_center_header_left_menu":["0"],"ocean_custom_header_template":["0"],"ocean_custom_logo":[],"ocean_custom_retina_logo":[],"ocean_custom_logo_max_width":[],"ocean_custom_logo_tablet_max_width":[],"ocean_custom_logo_mobile_max_width":[],"ocean_custom_logo_max_height":[],"ocean_custom_logo_tablet_max_height":[],"ocean_custom_logo_mobile_max_height":[],"ocean_header_custom_menu":["0"],"ocean_menu_typo_font_family":["0"],"ocean_menu_typo_font_subset":"","ocean_menu_typo_font_size":[],"ocean_menu_typo_font_size_tablet":0,"ocean_menu_typo_font_size_mobile":0,"ocean_menu_typo_font_size_unit":"px","ocean_menu_typo_font_weight":"","ocean_menu_typo_font_weight_tablet":"","ocean_menu_typo_font_weight_mobile":"","ocean_menu_typo_transform":"","ocean_menu_typo_transform_tablet":"","ocean_menu_typo_transform_mobile":"","ocean_menu_typo_line_height":[],"ocean_menu_typo_line_height_tablet":0,"ocean_menu_typo_line_height_mobile":0,"ocean_menu_typo_line_height_unit":"","ocean_menu_typo_spacing":[],"ocean_menu_typo_spacing_tablet":0,"ocean_menu_typo_spacing_mobile":0,"ocean_menu_typo_spacing_unit":"","ocean_menu_link_color":"","ocean_menu_link_color_hover":"","ocean_menu_link_color_active":"","ocean_menu_link_background":"","ocean_menu_link_hover_background":"","ocean_menu_link_active_background":"","ocean_menu_social_links_bg":"","ocean_menu_social_hover_links_bg":"","ocean_menu_social_links_color":"","ocean_menu_social_hover_links_color":"","ocean_disable_title":["on"],"ocean_disable_heading":["default"],"ocean_post_title":"","ocean_post_subheading":"","ocean_post_title_style":"","ocean_post_title_background_color":"","ocean_post_title_background":[],"ocean_post_title_bg_image_position":"","ocean_post_title_bg_image_attachment":"","ocean_post_title_bg_image_repeat":"","ocean_post_title_bg_image_size":"","ocean_post_title_height":[],"ocean_post_title_bg_overlay":[],"ocean_post_title_bg_overlay_color":"","ocean_disable_breadcrumbs":["default"],"ocean_breadcrumbs_color":"","ocean_breadcrumbs_separator_color":"","ocean_breadcrumbs_links_color":"","ocean_breadcrumbs_links_hover_color":"","ocean_display_footer_widgets":["default"],"ocean_display_footer_bottom":["default"],"ocean_custom_footer_template":["0"],"_wp_page_template":["elementor_header_footer"],"ocean_link_format_target":[],"ocean_quote_format_link":[],"_wp_old_date":[],"_edit_lock":["1617985587:718"],"_edit_last":["718"],"ocean_gallery_link_images":[],"osh_disable_topbar_sticky":["default"],"osh_disable_header_sticky":["default"],"_elementor_pro_version":["3.2.1"],"_oembed_e2253486b4ac832aa91022f965f4df74":[],"_elementor_version":["3.31.2"],"_oembed_time_e2253486b4ac832aa91022f965f4df74":[],"_genesis_description":["\u00a1Nos encantar\u00eda saber de ti! P\u00f3nte en contacto con nosotros con cualquier pregunta sobre nuestros protectores solares minerales naturales, servicio al cliente o consultas de prensa."],"_yoast_wpseo_content_score":["60"],"_yoast_wpseo_primary_category":[],"_oembed_147307c9146127d25c8c9bc3fedbbdd2":[],"_oembed_time_147307c9146127d25c8c9bc3fedbbdd2":[],"_oembed_298cc3cf7783e9a730e0d30489c0767d":[],"_oembed_time_298cc3cf7783e9a730e0d30489c0767d":[],"_wp_old_slug":[],"_yoast_wpseo_focuskw":["Contacto"],"_oembed_6ce714c902a6c8b37bfed747aa272afa":[],"_oembed_time_6ce714c902a6c8b37bfed747aa272afa":[],"_oembed_67fd97d2449b30f3b8aff7987461bdee":[],"_oembed_time_67fd97d2449b30f3b8aff7987461bdee":[],"_yoast_wpseo_linkdex":["63"],"_oembed_8c4ad389a55d131ee3502f96b92cd139":[],"_oembed_time_8c4ad389a55d131ee3502f96b92cd139":[],"_thumbnail_id":[],"_wpml_media_duplicate":["1"],"_wpml_media_has_media":[],"_seopress_titles_desc":["\u00a1Nos encantar\u00eda saber de ti! P\u00f3nte en contacto con nosotros con cualquier pregunta sobre nuestros protectores solares minerales naturales, servicio al cliente o consultas de prensa."],"_seopress_analysis_target_kw":["Contacto"],"_seopress_robots_primary_cat":[],"rank_math_seo_score":[],"rank_math_contentai_score":[],"rank_math_focus_keyword":[],"rank_math_title":[],"rank_math_description":[],"_elementor_controls_usage":[null],"_ez-toc-disabled":[],"_ez-toc-insert":[],"_ez-toc-header-label":[],"_ez-toc-alignment":[],"_ez-toc-heading-levels":[],"_ez-toc-alttext":[],"_ez-toc-visibility_hide_by_default":[],"_ez-toc-hide_counter":[],"_ez-toc-exclude":[],"_ez-toc-position-specific":[],"rank_math_internal_links_processed":["1"],"rank_math_primary_category":[],"_wpml_media_featured":["1"],"_alp_processed":["1758525218"],"_wpml_word_count":["143"],"copied_media_ids":[],"referenced_media_ids":[],"footnotes":""},"class_list":["post-31354","page","type-page","status-publish","hentry","entry","owp-thumbs-layout-horizontal","owp-btn-normal","owp-tabs-layout-horizontal","has-no-thumbnails","has-product-nav","circle-sale"],"jetpack_sharing_enabled":true,"_links":{"self":[{"href":"https:\/\/worryfreebackup.win\/es\/wp-json\/wp\/v2\/pages\/31354","targetHints":{"allow":["GET"]}}],"collection":[{"href":"https:\/\/worryfreebackup.win\/es\/wp-json\/wp\/v2\/pages"}],"about":[{"href":"https:\/\/worryfreebackup.win\/es\/wp-json\/wp\/v2\/types\/page"}],"author":[{"embeddable":true,"href":"https:\/\/worryfreebackup.win\/es\/wp-json\/wp\/v2\/users\/1"}],"replies":[{"embeddable":true,"href":"https:\/\/worryfreebackup.win\/es\/wp-json\/wp\/v2\/comments?post=31354"}],"version-history":[{"count":2,"href":"https:\/\/worryfreebackup.win\/es\/wp-json\/wp\/v2\/pages\/31354\/revisions"}],"predecessor-version":[{"id":101364,"href":"https:\/\/worryfreebackup.win\/es\/wp-json\/wp\/v2\/pages\/31354\/revisions\/101364"}],"wp:attachment":[{"href":"https:\/\/worryfreebackup.win\/es\/wp-json\/wp\/v2\/media?parent=31354"}],"curies":[{"name":"wp","href":"https:\/\/api.w.org\/{rel}","templated":true}]}}