





{"id":31486,"date":"2021-03-31T13:10:13","date_gmt":"2021-03-31T13:10:13","guid":{"rendered":"http:\/\/suntribesunscreen.com\/terms-conditions\/"},"modified":"2025-09-07T22:55:21","modified_gmt":"2025-09-07T22:55:21","slug":"terminos-y-condiciones","status":"publish","type":"page","link":"https:\/\/worryfreebackup.win\/es\/terminos-y-condiciones\/","title":{"rendered":"Terms &amp; Conditions"},"content":{"rendered":"\t\t<div data-elementor-type=\"wp-post\" data-elementor-id=\"31486\" class=\"elementor elementor-31486 elementor-3586\" data-elementor-post-type=\"page\">\n\t\t\t\t\t\t<section class=\"elementor-section elementor-top-section elementor-element elementor-element-60cb950e elementor-section-stretched elementor-section-full_width elementor-section-content-top elementor-section-height-default elementor-section-height-default\" data-id=\"60cb950e\" data-element_type=\"section\" data-e-type=\"section\" data-settings=\"{&quot;background_background&quot;:&quot;gradient&quot;,&quot;stretch_section&quot;:&quot;section-stretched&quot;}\">\n\t\t\t\t\t\t\t<div class=\"elementor-background-overlay\"><\/div>\n\t\t\t\t\t\t\t<div class=\"elementor-container elementor-column-gap-no\">\n\t\t\t\t\t<div class=\"elementor-column elementor-col-100 elementor-top-column elementor-element elementor-element-42b5581e\" data-id=\"42b5581e\" data-element_type=\"column\" data-e-type=\"column\">\n\t\t\t<div class=\"elementor-widget-wrap elementor-element-populated\">\n\t\t\t\t\t\t<div class=\"elementor-element elementor-element-2f0c8023 elementor-widget elementor-widget-heading\" data-id=\"2f0c8023\" data-element_type=\"widget\" data-e-type=\"widget\" data-widget_type=\"heading.default\">\n\t\t\t\t<div class=\"elementor-widget-container\">\n\t\t\t\t\t<h2 class=\"elementor-heading-title elementor-size-default\">Terms &amp; Conditions<\/h2>\t\t\t\t<\/div>\n\t\t\t\t<\/div>\n\t\t\t\t\t<\/div>\n\t\t<\/div>\n\t\t\t\t\t<\/div>\n\t\t<\/section>\n\t\t\t\t<section class=\"elementor-section elementor-top-section elementor-element elementor-element-31f14dff elementor-section-boxed elementor-section-height-default elementor-section-height-default\" data-id=\"31f14dff\" data-element_type=\"section\" data-e-type=\"section\">\n\t\t\t\t\t\t<div class=\"elementor-container elementor-column-gap-default\">\n\t\t\t\t\t<div class=\"elementor-column elementor-col-100 elementor-top-column elementor-element elementor-element-7935fd30\" data-id=\"7935fd30\" data-element_type=\"column\" data-e-type=\"column\">\n\t\t\t<div class=\"elementor-widget-wrap elementor-element-populated\">\n\t\t\t\t\t\t<div class=\"elementor-element elementor-element-1cd519ec elementor-widget elementor-widget-text-editor\" data-id=\"1cd519ec\" data-element_type=\"widget\" data-e-type=\"widget\" data-widget_type=\"text-editor.default\">\n\t\t\t\t<div class=\"elementor-widget-container\">\n\t\t\t\t\t\t\t\t\t<p>Querido navegante de la web,&nbsp;<\/p>\n<p>Aqu\u00ed encontrar\u00e1s los t\u00e9rminos y condiciones (los \u00abT\u00e9rminos\u00bb) que se aplican cuando t\u00fa (el \u00abUsuario\u00bb) accedes a http:\/\/suntribesunscreen.com y a todas sus subp\u00e1ginas (el \u00abSitio Web\u00bb, el \u00abServicio\u00bb) o realizas pedidos de productos.<br><\/p>\t\t\t\t\t\t\t\t<\/div>\n\t\t\t\t<\/div>\n\t\t\t\t<div class=\"elementor-element elementor-element-a1585b6 elementor-widget elementor-widget-heading\" data-id=\"a1585b6\" data-element_type=\"widget\" data-e-type=\"widget\" data-widget_type=\"heading.default\">\n\t\t\t\t<div class=\"elementor-widget-container\">\n\t\t\t\t\t<h2 class=\"elementor-heading-title elementor-size-default\">1. Private Customers: Prices, Delivery and Returns\u200b\n<\/h2>\t\t\t\t<\/div>\n\t\t\t\t<\/div>\n\t\t\t\t<div class=\"elementor-element elementor-element-c72ccce elementor-widget elementor-widget-text-editor\" data-id=\"c72ccce\" data-element_type=\"widget\" data-e-type=\"widget\" data-widget_type=\"text-editor.default\">\n\t\t\t\t<div class=\"elementor-widget-container\">\n\t\t\t\t\t\t\t\t\t<p><b>1.1<\/b> El env\u00edo tarda m\u00e1s cuanto m\u00e1s lejos est\u00e9s de nosotros (nuestro almac\u00e9n est\u00e1 en Suecia). Puedes encontrar los plazos de env\u00edo m\u00e1s recientes en la p\u00e1gina de la tienda y en las p\u00e1ginas de los productos. <\/p><p><b>1.2<\/b> Todos los precios incluyen IVA para clientes con sede en la UE, y excluyen el IVA para todos los clientes que realicen pedidos desde fuera de la UE.<\/p><p><b>1.3<\/b> Queremos que est\u00e9s completamente satisfecho con nuestros productos. Si no est\u00e1s satisfecho de alguna manera o tienes preguntas antes, durante o despu\u00e9s del pedido, env\u00edanos un correo electr\u00f3nico a <a href=\"mailto:contact@suntribesunscreen.com\">contact@suntribesunscreen.com<\/a> y te devolveremos tu dinero.  You find more ways of contacting us on our Contact Page.<\/p>\t\t\t\t\t\t\t\t<\/div>\n\t\t\t\t<\/div>\n\t\t\t\t<div class=\"elementor-element elementor-element-1b1f0d1 elementor-widget elementor-widget-heading\" data-id=\"1b1f0d1\" data-element_type=\"widget\" data-e-type=\"widget\" data-widget_type=\"heading.default\">\n\t\t\t\t<div class=\"elementor-widget-container\">\n\t\t\t\t\t<h2 class=\"elementor-heading-title elementor-size-default\">2. Legal Obligations and Limitation on Liability<\/h2>\t\t\t\t<\/div>\n\t\t\t\t<\/div>\n\t\t\t\t<div class=\"elementor-element elementor-element-848f451 elementor-widget elementor-widget-text-editor\" data-id=\"848f451\" data-element_type=\"widget\" data-e-type=\"widget\" data-widget_type=\"text-editor.default\">\n\t\t\t\t<div class=\"elementor-widget-container\">\n\t\t\t\t\t\t\t\t\t<p><strong>2.1<\/strong> While we do our best to make sure that the information on this website is correct, we do not warrant its completeness or accuracy; nor do we commit to ensuring that the website remains available or that the material on the website is kept up to date. All information presented, and any related links, is provided for general information only. Consult with your physician or health care provider for any specific medical conditions or concerns that you have. Use the information and any suggested products or ingredients on this site at your own risk. We do not assume any responsibility for the correct usage and application of our product and the resulting consequences, such as sunburn or skin damage.<\/p><p><strong>2.2<\/strong> Each section of these Terms &amp; Conditions is valid in itself. Should any part or provision of these Terms &amp; Conditions be declared invalid by a court of competent jurisdiction or an arbitrator, all other parts remain valid.<\/p><p><strong>2.3<\/strong> We will do our best to resolve any disputes over these Terms. Relevant Swedish law applies.<\/p>\t\t\t\t\t\t\t\t<\/div>\n\t\t\t\t<\/div>\n\t\t\t\t\t<\/div>\n\t\t<\/div>\n\t\t\t\t\t<\/div>\n\t\t<\/section>\n\t\t\t\t<\/div>\n\t\t","protected":false},"excerpt":{"rendered":"<p>Terms &amp; Conditions Querido navegante de la web,&nbsp; Aqu\u00ed encontrar\u00e1s los t\u00e9rminos y condiciones (los \u00abT\u00e9rminos\u00bb) que se aplican cuando t\u00fa (el \u00abUsuario\u00bb) accedes a http:\/\/suntribesunscreen.com y a todas sus subp\u00e1ginas (el \u00abSitio Web\u00bb, el \u00abServicio\u00bb) o realizas pedidos de productos. 1. Private Customers: Prices, Delivery and Returns\u200b 1.1 El env\u00edo tarda m\u00e1s cuanto m\u00e1s [&hellip;]<\/p>\n","protected":false},"author":1,"featured_media":0,"parent":0,"menu_order":9,"comment_status":"closed","ping_status":"closed","template":"elementor_header_footer","meta":{"ocean_post_layout":"","ocean_both_sidebars_style":"","ocean_both_sidebars_content_width":[],"ocean_both_sidebars_sidebars_width":[],"ocean_sidebar":["0"],"ocean_second_sidebar":["0"],"ocean_disable_margins":["enable"],"ocean_add_body_class":"","ocean_shortcode_before_top_bar":"","ocean_shortcode_after_top_bar":"","ocean_shortcode_before_header":"","ocean_shortcode_after_header":"","ocean_has_shortcode":"","ocean_shortcode_after_title":"","ocean_shortcode_before_footer_widgets":"","ocean_shortcode_after_footer_widgets":"","ocean_shortcode_before_footer_bottom":"","ocean_shortcode_after_footer_bottom":"","ocean_display_top_bar":["default"],"ocean_display_header":["default"],"ocean_header_style":"","ocean_center_header_left_menu":["0"],"ocean_custom_header_template":["0"],"ocean_custom_logo":[],"ocean_custom_retina_logo":[],"ocean_custom_logo_max_width":[],"ocean_custom_logo_tablet_max_width":[],"ocean_custom_logo_mobile_max_width":[],"ocean_custom_logo_max_height":[],"ocean_custom_logo_tablet_max_height":[],"ocean_custom_logo_mobile_max_height":[],"ocean_header_custom_menu":["0"],"ocean_menu_typo_font_family":["0"],"ocean_menu_typo_font_subset":"","ocean_menu_typo_font_size":[],"ocean_menu_typo_font_size_tablet":0,"ocean_menu_typo_font_size_mobile":0,"ocean_menu_typo_font_size_unit":"px","ocean_menu_typo_font_weight":"","ocean_menu_typo_font_weight_tablet":"","ocean_menu_typo_font_weight_mobile":"","ocean_menu_typo_transform":"","ocean_menu_typo_transform_tablet":"","ocean_menu_typo_transform_mobile":"","ocean_menu_typo_line_height":[],"ocean_menu_typo_line_height_tablet":0,"ocean_menu_typo_line_height_mobile":0,"ocean_menu_typo_line_height_unit":"","ocean_menu_typo_spacing":[],"ocean_menu_typo_spacing_tablet":0,"ocean_menu_typo_spacing_mobile":0,"ocean_menu_typo_spacing_unit":"","ocean_menu_link_color":"","ocean_menu_link_color_hover":"","ocean_menu_link_color_active":"","ocean_menu_link_background":"","ocean_menu_link_hover_background":"","ocean_menu_link_active_background":"","ocean_menu_social_links_bg":"","ocean_menu_social_hover_links_bg":"","ocean_menu_social_links_color":"","ocean_menu_social_hover_links_color":"","ocean_disable_title":["on"],"ocean_disable_heading":["default"],"ocean_post_title":"","ocean_post_subheading":"","ocean_post_title_style":"","ocean_post_title_background_color":"","ocean_post_title_background":[],"ocean_post_title_bg_image_position":"","ocean_post_title_bg_image_attachment":"","ocean_post_title_bg_image_repeat":"","ocean_post_title_bg_image_size":"","ocean_post_title_height":[],"ocean_post_title_bg_overlay":[],"ocean_post_title_bg_overlay_color":"","ocean_disable_breadcrumbs":["default"],"ocean_breadcrumbs_color":"","ocean_breadcrumbs_separator_color":"","ocean_breadcrumbs_links_color":"","ocean_breadcrumbs_links_hover_color":"","ocean_display_footer_widgets":["default"],"ocean_display_footer_bottom":["default"],"ocean_custom_footer_template":["0"],"_wp_page_template":["elementor_header_footer"],"ocean_link_format_target":[],"ocean_quote_format_link":[],"_wp_old_date":[],"_edit_lock":["1617982778:718"],"_edit_last":["718"],"ocean_gallery_link_images":[],"osh_disable_topbar_sticky":["default"],"osh_disable_header_sticky":["default"],"_elementor_pro_version":["3.2.1"],"_oembed_e2253486b4ac832aa91022f965f4df74":[],"_elementor_version":["3.28.3"],"_oembed_time_e2253486b4ac832aa91022f965f4df74":[],"_genesis_description":["En nuestros t\u00e9rminos y condiciones te explicamos por ejemplo cuenta cuesta el env\u00edo - son 2.99 \u20ac y el env\u00edo internacional es gratuito a partir de 35\u20ac."],"_yoast_wpseo_content_score":["30"],"_yoast_wpseo_primary_category":[],"_oembed_147307c9146127d25c8c9bc3fedbbdd2":[],"_oembed_time_147307c9146127d25c8c9bc3fedbbdd2":[],"_oembed_298cc3cf7783e9a730e0d30489c0767d":[],"_oembed_time_298cc3cf7783e9a730e0d30489c0767d":[],"_wp_old_slug":[],"_yoast_wpseo_focuskw":["terminos y condiciones"],"_oembed_6ce714c902a6c8b37bfed747aa272afa":[],"_oembed_time_6ce714c902a6c8b37bfed747aa272afa":[],"_oembed_67fd97d2449b30f3b8aff7987461bdee":[],"_oembed_time_67fd97d2449b30f3b8aff7987461bdee":[],"_yoast_wpseo_linkdex":["55"],"_oembed_8c4ad389a55d131ee3502f96b92cd139":[],"_oembed_time_8c4ad389a55d131ee3502f96b92cd139":[],"_thumbnail_id":[],"_wpml_media_duplicate":["1"],"_wpml_media_has_media":[],"_seopress_titles_desc":["En nuestros t\u00e9rminos y condiciones te explicamos por ejemplo cuenta cuesta el env\u00edo - son 2.99 \u20ac y el env\u00edo internacional es gratuito a partir de 35\u20ac."],"_seopress_analysis_target_kw":["terminos y condiciones"],"_seopress_robots_primary_cat":[],"rank_math_seo_score":[],"rank_math_contentai_score":[],"rank_math_focus_keyword":[],"rank_math_title":[],"rank_math_description":[],"_elementor_controls_usage":[null],"_ez-toc-disabled":[],"_ez-toc-insert":[],"_ez-toc-header-label":[],"_ez-toc-alignment":[],"_ez-toc-heading-levels":[],"_ez-toc-alttext":[],"_ez-toc-visibility_hide_by_default":[],"_ez-toc-hide_counter":[],"_ez-toc-exclude":[],"_ez-toc-position-specific":[],"rank_math_internal_links_processed":["1"],"rank_math_primary_category":[],"_wpml_media_featured":["1"],"_alp_processed":["1757285721"],"_wpml_word_count":["348"],"copied_media_ids":[],"referenced_media_ids":[],"_elementor_page_assets":[null],"_elementor_css":[null],"_elementor_element_cache":["{\"timeout\":1778015571,\"value\":{\"content\":\"\\t\\t<section class=\\\"elementor-section elementor-top-section elementor-element elementor-element-60cb950e elementor-section-stretched elementor-section-full_width elementor-section-content-top elementor-section-height-default elementor-section-height-default\\\" data-id=\\\"60cb950e\\\" data-element_type=\\\"section\\\" data-e-type=\\\"section\\\" data-settings=\\\"{&quot;background_background&quot;:&quot;gradient&quot;,&quot;stretch_section&quot;:&quot;section-stretched&quot;}\\\">\\n\\t\\t\\t\\t\\t\\t\\t<div class=\\\"elementor-background-overlay\\\"><\\\/div>\\n\\t\\t\\t\\t\\t\\t\\t<div class=\\\"elementor-container elementor-column-gap-no\\\">\\n\\t\\t\\t\\t\\t<div class=\\\"elementor-column elementor-col-100 elementor-top-column elementor-element elementor-element-42b5581e\\\" data-id=\\\"42b5581e\\\" data-element_type=\\\"column\\\" data-e-type=\\\"column\\\">\\n\\t\\t\\t<div class=\\\"elementor-widget-wrap elementor-element-populated\\\">\\n\\t\\t\\t\\t\\t\\t<div class=\\\"elementor-element elementor-element-2f0c8023 elementor-widget elementor-widget-heading\\\" data-id=\\\"2f0c8023\\\" data-element_type=\\\"widget\\\" data-e-type=\\\"widget\\\" data-widget_type=\\\"heading.default\\\">\\n\\t\\t\\t\\t<div class=\\\"elementor-widget-container\\\">\\n\\t\\t\\t\\t\\t<h2 class=\\\"elementor-heading-title elementor-size-default\\\">Terms &amp; Conditions<\\\/h2>\\t\\t\\t\\t<\\\/div>\\n\\t\\t\\t\\t<\\\/div>\\n\\t\\t\\t\\t\\t<\\\/div>\\n\\t\\t<\\\/div>\\n\\t\\t\\t\\t\\t<\\\/div>\\n\\t\\t<\\\/section>\\n\\t\\t\\t\\t<section class=\\\"elementor-section elementor-top-section elementor-element elementor-element-31f14dff elementor-section-boxed elementor-section-height-default elementor-section-height-default\\\" data-id=\\\"31f14dff\\\" data-element_type=\\\"section\\\" data-e-type=\\\"section\\\">\\n\\t\\t\\t\\t\\t\\t<div class=\\\"elementor-container elementor-column-gap-default\\\">\\n\\t\\t\\t\\t\\t<div class=\\\"elementor-column elementor-col-100 elementor-top-column elementor-element elementor-element-7935fd30\\\" data-id=\\\"7935fd30\\\" data-element_type=\\\"column\\\" data-e-type=\\\"column\\\">\\n\\t\\t\\t<div class=\\\"elementor-widget-wrap elementor-element-populated\\\">\\n\\t\\t\\t\\t[elementor-element k=\\\"00ea4abe6a0de50372c95f922628ba35\\\" data=\\\"eyJpZCI6IjFjZDUxOWVjIiwiZWxUeXBlIjoid2lkZ2V0Iiwic2V0dGluZ3MiOnsiZWRpdG9yIjoiPHA+UXVlcmlkbyBuYXZlZ2FudGUgZGUgbGEgd2ViLCZuYnNwOzxcL3A+XG48cD5BcXVcdTAwZWQgZW5jb250cmFyXHUwMGUxcyBsb3MgdFx1MDBlOXJtaW5vcyB5IGNvbmRpY2lvbmVzIChsb3MgXCJUXHUwMGU5cm1pbm9zXCIpIHF1ZSBzZSBhcGxpY2FuIGN1YW5kbyB0XHUwMGZhIChlbCBcIlVzdWFyaW9cIikgYWNjZWRlcyBhIGh0dHA6XC9cL3N1bnRyaWJlc3Vuc2NyZWVuLmNvbSB5IGEgdG9kYXMgc3VzIHN1YnBcdTAwZTFnaW5hcyAoZWwgXCJTaXRpbyBXZWJcIiwgZWwgXCJTZXJ2aWNpb1wiKSBvIHJlYWxpemFzIHBlZGlkb3MgZGUgcHJvZHVjdG9zLjxicj48XC9wPiIsInRleHRfY29sb3IiOiIjNUI0QjQzIiwidHlwb2dyYXBoeV90eXBvZ3JhcGh5IjoiY3VzdG9tIiwidHlwb2dyYXBoeV9mb250X3NpemUiOnsidW5pdCI6InB4Iiwic2l6ZSI6MjB9LCJ0eXBvZ3JhcGh5X2ZvbnRfd2VpZ2h0IjoiNDAwIiwidHlwb2dyYXBoeV9saW5lX2hlaWdodCI6eyJ1bml0IjoiZW0iLCJzaXplIjoxLjN9LCJ0eXBvZ3JhcGh5X2ZvbnRfZmFtaWx5IjoiQnJhbmRvbiBHcm90ZXNxdWUiLCJ0eXBvZ3JhcGh5X2ZvbnRfc2l6ZV9tb2JpbGUiOnsidW5pdCI6InB4Iiwic2l6ZSI6MTZ9LCJfcGFkZGluZyI6eyJ1bml0IjoicHgiLCJ0b3AiOiIyNSIsInJpZ2h0IjoiMCIsImJvdHRvbSI6IjAiLCJsZWZ0IjoiMCIsImlzTGlua2VkIjpmYWxzZX0sImFsaWduIjoibGVmdCIsImFsaWduX21vYmlsZSI6ImxlZnQiLCJfbWFyZ2luX21vYmlsZSI6eyJ1bml0IjoicHgiLCJ0b3AiOiIwIiwicmlnaHQiOiIyMCIsImJvdHRvbSI6IjAiLCJsZWZ0IjoiMjAiLCJpc0xpbmtlZCI6ZmFsc2V9LCJfcGFkZGluZ19tb2JpbGUiOnsidW5pdCI6InB4IiwidG9wIjoiMCIsInJpZ2h0IjoiMCIsImJvdHRvbSI6IjAiLCJsZWZ0IjoiMCIsImlzTGlua2VkIjpmYWxzZX0sInR5cG9ncmFwaHlfbGV0dGVyX3NwYWNpbmciOnsidW5pdCI6InB4Iiwic2l6ZSI6MC45LCJzaXplcyI6W119fSwiZWxlbWVudHMiOltdLCJ3aWRnZXRUeXBlIjoidGV4dC1lZGl0b3IifQ==\\\"]\\t\\t<div class=\\\"elementor-element elementor-element-a1585b6 elementor-widget elementor-widget-heading\\\" data-id=\\\"a1585b6\\\" data-element_type=\\\"widget\\\" data-e-type=\\\"widget\\\" data-widget_type=\\\"heading.default\\\">\\n\\t\\t\\t\\t<div class=\\\"elementor-widget-container\\\">\\n\\t\\t\\t\\t\\t<h2 class=\\\"elementor-heading-title elementor-size-default\\\">1. Private Customers: Prices, Delivery and Returns\\u200b\\n<\\\/h2>\\t\\t\\t\\t<\\\/div>\\n\\t\\t\\t\\t<\\\/div>\\n\\t\\t[elementor-element k=\\\"00ea4abe6a0de50372c95f922628ba35\\\" data=\\\"eyJpZCI6ImM3MmNjY2UiLCJlbFR5cGUiOiJ3aWRnZXQiLCJzZXR0aW5ncyI6eyJlZGl0b3IiOiI8cD48Yj4xLjE8XC9iPiBFbCBlbnZcdTAwZWRvIHRhcmRhIG1cdTAwZTFzIGN1YW50byBtXHUwMGUxcyBsZWpvcyBlc3RcdTAwZTlzIGRlIG5vc290cm9zIChudWVzdHJvIGFsbWFjXHUwMGU5biBlc3RcdTAwZTEgZW4gU3VlY2lhKS4gUHVlZGVzIGVuY29udHJhciBsb3MgcGxhem9zIGRlIGVudlx1MDBlZG8gbVx1MDBlMXMgcmVjaWVudGVzIGVuIGxhIHBcdTAwZTFnaW5hIGRlIGxhIHRpZW5kYSB5IGVuIGxhcyBwXHUwMGUxZ2luYXMgZGUgbG9zIHByb2R1Y3Rvcy4gPFwvcD48cD48Yj4xLjI8XC9iPiBUb2RvcyBsb3MgcHJlY2lvcyBpbmNsdXllbiBJVkEgcGFyYSBjbGllbnRlcyBjb24gc2VkZSBlbiBsYSBVRSwgeSBleGNsdXllbiBlbCBJVkEgcGFyYSB0b2RvcyBsb3MgY2xpZW50ZXMgcXVlIHJlYWxpY2VuIHBlZGlkb3MgZGVzZGUgZnVlcmEgZGUgbGEgVUUuPFwvcD48cD48Yj4xLjM8XC9iPiBRdWVyZW1vcyBxdWUgZXN0XHUwMGU5cyBjb21wbGV0YW1lbnRlIHNhdGlzZmVjaG8gY29uIG51ZXN0cm9zIHByb2R1Y3Rvcy4gU2kgbm8gZXN0XHUwMGUxcyBzYXRpc2ZlY2hvIGRlIGFsZ3VuYSBtYW5lcmEgbyB0aWVuZXMgcHJlZ3VudGFzIGFudGVzLCBkdXJhbnRlIG8gZGVzcHVcdTAwZTlzIGRlbCBwZWRpZG8sIGVudlx1MDBlZGFub3MgdW4gY29ycmVvIGVsZWN0clx1MDBmM25pY28gYSA8YSBocmVmPVwibWFpbHRvOmNvbnRhY3RAc3VudHJpYmVzdW5zY3JlZW4uY29tXCI+Y29udGFjdEBzdW50cmliZXN1bnNjcmVlbi5jb208XC9hPiB5IHRlIGRldm9sdmVyZW1vcyB0dSBkaW5lcm8uICBZb3UgZmluZCBtb3JlIHdheXMgb2YgY29udGFjdGluZyB1cyBvbiBvdXIgQ29udGFjdCBQYWdlLjxcL3A+IiwidGV4dF9jb2xvciI6IiM1QjRCNDMiLCJ0eXBvZ3JhcGh5X3R5cG9ncmFwaHkiOiJjdXN0b20iLCJ0eXBvZ3JhcGh5X2ZvbnRfc2l6ZSI6eyJ1bml0IjoicHgiLCJzaXplIjoyMH0sInR5cG9ncmFwaHlfZm9udF93ZWlnaHQiOiI0MDAiLCJ0eXBvZ3JhcGh5X2xpbmVfaGVpZ2h0Ijp7InVuaXQiOiJlbSIsInNpemUiOjEuM30sInR5cG9ncmFwaHlfZm9udF9mYW1pbHkiOiJCcmFuZG9uIEdyb3Rlc3F1ZSIsInR5cG9ncmFwaHlfZm9udF9zaXplX21vYmlsZSI6eyJ1bml0IjoicHgiLCJzaXplIjoxNn0sIl9wYWRkaW5nIjp7InVuaXQiOiJweCIsInRvcCI6IjI1IiwicmlnaHQiOiIwIiwiYm90dG9tIjoiMCIsImxlZnQiOiIwIiwiaXNMaW5rZWQiOmZhbHNlfSwiYWxpZ24iOiJsZWZ0IiwiYWxpZ25fbW9iaWxlIjoibGVmdCIsIl9tYXJnaW5fbW9iaWxlIjp7InVuaXQiOiJweCIsInRvcCI6IjAiLCJyaWdodCI6IjIwIiwiYm90dG9tIjoiMCIsImxlZnQiOiIyMCIsImlzTGlua2VkIjpmYWxzZX0sIl9wYWRkaW5nX21vYmlsZSI6eyJ1bml0IjoicHgiLCJ0b3AiOiIwIiwicmlnaHQiOiIwIiwiYm90dG9tIjoiMCIsImxlZnQiOiIwIiwiaXNMaW5rZWQiOmZhbHNlfSwidHlwb2dyYXBoeV9sZXR0ZXJfc3BhY2luZyI6eyJ1bml0IjoicHgiLCJzaXplIjowLjksInNpemVzIjpbXX19LCJlbGVtZW50cyI6W10sIndpZGdldFR5cGUiOiJ0ZXh0LWVkaXRvciJ9\\\"]\\t\\t<div class=\\\"elementor-element elementor-element-1b1f0d1 elementor-widget elementor-widget-heading\\\" data-id=\\\"1b1f0d1\\\" data-element_type=\\\"widget\\\" data-e-type=\\\"widget\\\" data-widget_type=\\\"heading.default\\\">\\n\\t\\t\\t\\t<div class=\\\"elementor-widget-container\\\">\\n\\t\\t\\t\\t\\t<h2 class=\\\"elementor-heading-title elementor-size-default\\\">2. Legal Obligations and Limitation on Liability<\\\/h2>\\t\\t\\t\\t<\\\/div>\\n\\t\\t\\t\\t<\\\/div>\\n\\t\\t[elementor-element k=\\\"00ea4abe6a0de50372c95f922628ba35\\\" data=\\\"eyJpZCI6Ijg0OGY0NTEiLCJlbFR5cGUiOiJ3aWRnZXQiLCJzZXR0aW5ncyI6eyJlZGl0b3IiOiI8cD48c3Ryb25nPjIuMTxcL3N0cm9uZz4gV2hpbGUgd2UgZG8gb3VyIGJlc3QgdG8gbWFrZSBzdXJlIHRoYXQgdGhlIGluZm9ybWF0aW9uIG9uIHRoaXMgd2Vic2l0ZSBpcyBjb3JyZWN0LCB3ZSBkbyBub3Qgd2FycmFudCBpdHMgY29tcGxldGVuZXNzIG9yIGFjY3VyYWN5OyBub3IgZG8gd2UgY29tbWl0IHRvIGVuc3VyaW5nIHRoYXQgdGhlIHdlYnNpdGUgcmVtYWlucyBhdmFpbGFibGUgb3IgdGhhdCB0aGUgbWF0ZXJpYWwgb24gdGhlIHdlYnNpdGUgaXMga2VwdCB1cCB0byBkYXRlLiBBbGwgaW5mb3JtYXRpb24gcHJlc2VudGVkLCBhbmQgYW55IHJlbGF0ZWQgbGlua3MsIGlzIHByb3ZpZGVkIGZvciBnZW5lcmFsIGluZm9ybWF0aW9uIG9ubHkuIENvbnN1bHQgd2l0aCB5b3VyIHBoeXNpY2lhbiBvciBoZWFsdGggY2FyZSBwcm92aWRlciBmb3IgYW55IHNwZWNpZmljIG1lZGljYWwgY29uZGl0aW9ucyBvciBjb25jZXJucyB0aGF0IHlvdSBoYXZlLiBVc2UgdGhlIGluZm9ybWF0aW9uIGFuZCBhbnkgc3VnZ2VzdGVkIHByb2R1Y3RzIG9yIGluZ3JlZGllbnRzIG9uIHRoaXMgc2l0ZSBhdCB5b3VyIG93biByaXNrLiBXZSBkbyBub3QgYXNzdW1lIGFueSByZXNwb25zaWJpbGl0eSBmb3IgdGhlIGNvcnJlY3QgdXNhZ2UgYW5kIGFwcGxpY2F0aW9uIG9mIG91ciBwcm9kdWN0IGFuZCB0aGUgcmVzdWx0aW5nIGNvbnNlcXVlbmNlcywgc3VjaCBhcyBzdW5idXJuIG9yIHNraW4gZGFtYWdlLjxcL3A+PHA+PHN0cm9uZz4yLjI8XC9zdHJvbmc+IEVhY2ggc2VjdGlvbiBvZiB0aGVzZSBUZXJtcyAmYW1wOyBDb25kaXRpb25zIGlzIHZhbGlkIGluIGl0c2VsZi4gU2hvdWxkIGFueSBwYXJ0IG9yIHByb3Zpc2lvbiBvZiB0aGVzZSBUZXJtcyAmYW1wOyBDb25kaXRpb25zIGJlIGRlY2xhcmVkIGludmFsaWQgYnkgYSBjb3VydCBvZiBjb21wZXRlbnQganVyaXNkaWN0aW9uIG9yIGFuIGFyYml0cmF0b3IsIGFsbCBvdGhlciBwYXJ0cyByZW1haW4gdmFsaWQuPFwvcD48cD48c3Ryb25nPjIuMzxcL3N0cm9uZz4gV2Ugd2lsbCBkbyBvdXIgYmVzdCB0byByZXNvbHZlIGFueSBkaXNwdXRlcyBvdmVyIHRoZXNlIFRlcm1zLiBSZWxldmFudCBTd2VkaXNoIGxhdyBhcHBsaWVzLjxcL3A+IiwidGV4dF9jb2xvciI6IiM1QjRCNDMiLCJ0eXBvZ3JhcGh5X3R5cG9ncmFwaHkiOiJjdXN0b20iLCJ0eXBvZ3JhcGh5X2ZvbnRfc2l6ZSI6eyJ1bml0IjoicHgiLCJzaXplIjoyMH0sInR5cG9ncmFwaHlfZm9udF93ZWlnaHQiOiI0MDAiLCJ0eXBvZ3JhcGh5X2xpbmVfaGVpZ2h0Ijp7InVuaXQiOiJlbSIsInNpemUiOjEuM30sInR5cG9ncmFwaHlfZm9udF9mYW1pbHkiOiJCcmFuZG9uIEdyb3Rlc3F1ZSIsInR5cG9ncmFwaHlfZm9udF9zaXplX21vYmlsZSI6eyJ1bml0IjoicHgiLCJzaXplIjoxNn0sIl9wYWRkaW5nIjp7InVuaXQiOiJweCIsInRvcCI6IjI1IiwicmlnaHQiOiIwIiwiYm90dG9tIjoiMCIsImxlZnQiOiIwIiwiaXNMaW5rZWQiOmZhbHNlfSwiYWxpZ24iOiJsZWZ0IiwiYWxpZ25fbW9iaWxlIjoibGVmdCIsIl9tYXJnaW5fbW9iaWxlIjp7InVuaXQiOiJweCIsInRvcCI6IjAiLCJyaWdodCI6IjIwIiwiYm90dG9tIjoiMCIsImxlZnQiOiIyMCIsImlzTGlua2VkIjpmYWxzZX0sIl9wYWRkaW5nX21vYmlsZSI6eyJ1bml0IjoicHgiLCJ0b3AiOiIwIiwicmlnaHQiOiIwIiwiYm90dG9tIjoiMCIsImxlZnQiOiIwIiwiaXNMaW5rZWQiOmZhbHNlfSwidHlwb2dyYXBoeV9sZXR0ZXJfc3BhY2luZyI6eyJ1bml0IjoicHgiLCJzaXplIjowLjksInNpemVzIjpbXX19LCJlbGVtZW50cyI6W10sIndpZGdldFR5cGUiOiJ0ZXh0LWVkaXRvciJ9\\\"]\\t\\t\\t<\\\/div>\\n\\t\\t<\\\/div>\\n\\t\\t\\t\\t\\t<\\\/div>\\n\\t\\t<\\\/section>\\n\\t\\t\",\"scripts\":[],\"styles\":[]}}"],"footnotes":""},"class_list":["post-31486","page","type-page","status-publish","hentry","entry","owp-thumbs-layout-horizontal","owp-btn-normal","owp-tabs-layout-horizontal","has-no-thumbnails","has-product-nav","circle-sale"],"jetpack_sharing_enabled":true,"_links":{"self":[{"href":"https:\/\/worryfreebackup.win\/es\/wp-json\/wp\/v2\/pages\/31486","targetHints":{"allow":["GET"]}}],"collection":[{"href":"https:\/\/worryfreebackup.win\/es\/wp-json\/wp\/v2\/pages"}],"about":[{"href":"https:\/\/worryfreebackup.win\/es\/wp-json\/wp\/v2\/types\/page"}],"author":[{"embeddable":true,"href":"https:\/\/worryfreebackup.win\/es\/wp-json\/wp\/v2\/users\/1"}],"replies":[{"embeddable":true,"href":"https:\/\/worryfreebackup.win\/es\/wp-json\/wp\/v2\/comments?post=31486"}],"version-history":[{"count":2,"href":"https:\/\/worryfreebackup.win\/es\/wp-json\/wp\/v2\/pages\/31486\/revisions"}],"predecessor-version":[{"id":101006,"href":"https:\/\/worryfreebackup.win\/es\/wp-json\/wp\/v2\/pages\/31486\/revisions\/101006"}],"wp:attachment":[{"href":"https:\/\/worryfreebackup.win\/es\/wp-json\/wp\/v2\/media?parent=31486"}],"curies":[{"name":"wp","href":"https:\/\/api.w.org\/{rel}","templated":true}]}}