





{"id":30401,"date":"2023-08-03T08:32:22","date_gmt":"2023-08-03T08:32:22","guid":{"rendered":"http:\/\/suntribesunscreen.com\/product\/crema-de-dia-mineral-natural-suntribe-fps-20\/"},"modified":"2026-02-03T14:35:35","modified_gmt":"2026-02-03T14:35:35","slug":"suntribe-crema-de-dia-natural-mineral-fps20-zinc","status":"publish","type":"product","link":"https:\/\/worryfreebackup.win\/es\/producto\/suntribe-crema-de-dia-natural-mineral-fps20-zinc\/","title":{"rendered":"Crema de D\u00eda Mineral Ecol\u00f3gica FPS 20"},"content":{"rendered":"<p><span style=\"font-weight: 400;\">Por fin puedes dejar de preocuparte por los ingredientes de tu Crema de D\u00eda. Con solo ingredientes naturales y org\u00e1nicos, esta exclusiva f\u00f3rmula mineral no grasa con \u00f3xido de zinc sin nanopart\u00edculas y aceite de rosa mosqueta anti-envejecimiento est\u00e1 desarrollada para uso diario y ayuda a mantener el vigor y juventud de tu piel.<\/span><\/p>\n<p><span style=\"font-weight: 400;\">\u00a1Esta crema de d\u00eda vegana y no comedog\u00e9nica es el compa\u00f1ero ideal para tu rutina matutina! La puedes aplicar en lugar de o antes del maquillaje y viene con protecci\u00f3n de amplio espectro FPS 20 para asegurar que tu piel se mantenga protegida durante todo el d\u00eda. Adem\u00e1s, tambi\u00e9n te protege eficazmente de la luz azul visible de los dispositivos electr\u00f3nicos (HEV). Ideal para pieles normales, sensibles y secas.<\/span><\/p>\n","protected":false},"excerpt":{"rendered":"<p><span style=\"font-weight: 400;\"><strong>CREMA DE D\u00cdA 100 % NATURAL<\/strong> | Crema de d\u00eda exclusiva anti-envejecimiento con FPS. Matificante y envasada en un tubo de ca\u00f1a de az\u00facar ecol\u00f3gico.<\/span><\/p>\n<p><span style=\"font-weight: 400;\"><strong>CON TINTE<\/strong> | Esta Crema Mineral de D\u00eda se funde con el tono de tu piel y funciona tambi\u00e9n como base de maquillaje.<\/span><\/p>\n<p><span style=\"font-weight: 400;\"><strong>ORG\u00c1NICA &amp; SUAVE EN TU PIEL <\/strong> | El aceite de rosa mosqueta org\u00e1nico le brinda a tu piel un impulso anti-envejecimiento, complementado con aceite de almendras nutritivo y aceite de jojoba antioxidante. No comedog\u00e9nica (no obstruye los poros). \u00a1Sin al\u00e9rgenos y vegana tambi\u00e9n!<\/span><\/p>\n<p><span style=\"font-weight: 400;\"><strong>FILTRO UV MINERAL<\/strong> | Protecci\u00f3n de amplio espectro cient\u00edficamente validada contra los rayos UVA y UVB gracias al \u00d2xido de Zinc sin nanopart\u00edculas. Bloquea el 95% de los rayos UVB. <\/span><\/p>\n<p><span style=\"font-weight: 400;\"><strong>0 % ADITIVOS<\/strong> | Por fin una Crema de D\u00eda sin preocupaciones. Sin perfume, conservantes ni productos qu\u00edmicos sint\u00e9ticos.<\/span><\/p>\n<p><strong>50 ml \u2014 UVA &amp; UVB \u2014 Fragancia natural \u2014 Con tinte \/ Sin tinte<\/strong><\/p>\n","protected":false},"featured_media":92128,"comment_status":"open","ping_status":"closed","template":"","meta":{"ocean_post_layout":"","ocean_both_sidebars_style":"","ocean_both_sidebars_content_width":[""],"ocean_both_sidebars_sidebars_width":[""],"ocean_sidebar":["0"],"ocean_second_sidebar":["0"],"ocean_disable_margins":["enable"],"ocean_add_body_class":"","ocean_shortcode_before_top_bar":"","ocean_shortcode_after_top_bar":"","ocean_shortcode_before_header":"","ocean_shortcode_after_header":"","ocean_has_shortcode":"","ocean_shortcode_after_title":"","ocean_shortcode_before_footer_widgets":"","ocean_shortcode_after_footer_widgets":"","ocean_shortcode_before_footer_bottom":"","ocean_shortcode_after_footer_bottom":"","ocean_display_top_bar":["default"],"ocean_display_header":["default"],"ocean_header_style":"","ocean_center_header_left_menu":["0"],"ocean_custom_header_template":["0"],"ocean_custom_logo":["0"],"ocean_custom_retina_logo":["0"],"ocean_custom_logo_max_width":[""],"ocean_custom_logo_tablet_max_width":[""],"ocean_custom_logo_mobile_max_width":[""],"ocean_custom_logo_max_height":[""],"ocean_custom_logo_tablet_max_height":[""],"ocean_custom_logo_mobile_max_height":[""],"ocean_header_custom_menu":["0"],"ocean_menu_typo_font_family":["0"],"ocean_menu_typo_font_subset":"","ocean_menu_typo_font_size":[""],"ocean_menu_typo_font_size_tablet":0,"ocean_menu_typo_font_size_mobile":0,"ocean_menu_typo_font_size_unit":"px","ocean_menu_typo_font_weight":"","ocean_menu_typo_font_weight_tablet":"","ocean_menu_typo_font_weight_mobile":"","ocean_menu_typo_transform":"","ocean_menu_typo_transform_tablet":"","ocean_menu_typo_transform_mobile":"","ocean_menu_typo_line_height":[""],"ocean_menu_typo_line_height_tablet":0,"ocean_menu_typo_line_height_mobile":0,"ocean_menu_typo_line_height_unit":"","ocean_menu_typo_spacing":[""],"ocean_menu_typo_spacing_tablet":0,"ocean_menu_typo_spacing_mobile":0,"ocean_menu_typo_spacing_unit":"","ocean_menu_link_color":"","ocean_menu_link_color_hover":"","ocean_menu_link_color_active":"","ocean_menu_link_background":"","ocean_menu_link_hover_background":"","ocean_menu_link_active_background":"","ocean_menu_social_links_bg":"","ocean_menu_social_hover_links_bg":"","ocean_menu_social_links_color":"","ocean_menu_social_hover_links_color":"","ocean_disable_title":["default"],"ocean_disable_heading":["on"],"ocean_post_title":"","ocean_post_subheading":"","ocean_post_title_style":"","ocean_post_title_background_color":"","ocean_post_title_background":[""],"ocean_post_title_bg_image_position":"","ocean_post_title_bg_image_attachment":"","ocean_post_title_bg_image_repeat":"","ocean_post_title_bg_image_size":"","ocean_post_title_height":[""],"ocean_post_title_bg_overlay":["0.5"],"ocean_post_title_bg_overlay_color":"","ocean_disable_breadcrumbs":["default"],"ocean_breadcrumbs_color":"","ocean_breadcrumbs_separator_color":"","ocean_breadcrumbs_links_color":"","ocean_breadcrumbs_links_hover_color":"","ocean_display_footer_widgets":["default"],"ocean_display_footer_bottom":["default"],"ocean_custom_footer_template":["0"],"_wp_page_template":["default"],"ocean_link_format_target":[],"ocean_quote_format_link":[],"_wp_old_date":[],"_edit_lock":["1716026054:1"],"_edit_last":["1"],"ocean_gallery_link_images":[],"osh_disable_topbar_sticky":["default"],"osh_disable_header_sticky":["default"],"_elementor_pro_version":[],"_oembed_e2253486b4ac832aa91022f965f4df74":[],"_elementor_version":["0.4"],"_oembed_time_e2253486b4ac832aa91022f965f4df74":[],"_genesis_description":["Crema solar mineral de amplio espectro FPS 20 de aplicaci\u00f3n diaria. Todos los ingredientes son naturales y veganos. Matificante con un ligero tinte."],"_yoast_wpseo_content_score":["30"],"_yoast_wpseo_primary_category":[],"_oembed_147307c9146127d25c8c9bc3fedbbdd2":[],"_oembed_time_147307c9146127d25c8c9bc3fedbbdd2":[],"_oembed_298cc3cf7783e9a730e0d30489c0767d":[],"_oembed_time_298cc3cf7783e9a730e0d30489c0767d":[],"_wp_old_slug":["suntribe-natural-mineral-crema-de-dia-fps-20","suntribe-crema-de-dia-natural-mineral-fps20-matificante-zinc"],"_yoast_wpseo_focuskw":["Crema de d\u00eda"],"_oembed_6ce714c902a6c8b37bfed747aa272afa":[],"_oembed_time_6ce714c902a6c8b37bfed747aa272afa":[],"_oembed_67fd97d2449b30f3b8aff7987461bdee":[],"_oembed_time_67fd97d2449b30f3b8aff7987461bdee":[],"_yoast_wpseo_linkdex":["63"],"_oembed_8c4ad389a55d131ee3502f96b92cd139":[],"_oembed_time_8c4ad389a55d131ee3502f96b92cd139":[],"_thumbnail_id":["92128"],"_wpml_media_duplicate":["1"],"_wpml_media_has_media":[],"_seopress_titles_desc":["Crema solar mineral de amplio espectro FPS 20 de aplicaci\u00f3n diaria. Todos los ingredientes son naturales y veganos. Matificante con un ligero tinte."],"_seopress_analysis_target_kw":["Crema de d\u00eda"],"_seopress_robots_primary_cat":[],"rank_math_seo_score":["7"],"rank_math_contentai_score":[],"rank_math_focus_keyword":["mineral day cream"],"rank_math_title":[],"rank_math_description":[],"_elementor_controls_usage":[],"_ez-toc-disabled":[],"_ez-toc-insert":[],"_ez-toc-header-label":[],"_ez-toc-alignment":[],"_ez-toc-heading-levels":[],"_ez-toc-alttext":[],"_ez-toc-visibility_hide_by_default":[],"_ez-toc-hide_counter":[],"_ez-toc-exclude":[],"_ez-toc-position-specific":[],"rank_math_internal_links_processed":["1"],"rank_math_primary_category":[],"_wpml_media_featured":["1"],"_alp_processed":["1747889494"],"_wpml_word_count":["284"],"copied_media_ids":[],"referenced_media_ids":[],"_elementor_page_assets":[],"_elementor_css":[],"_elementor_element_cache":[]},"product_brand":[],"product_cat":[145],"product_tag":[],"class_list":{"0":"post-30401","1":"product","2":"type-product","3":"status-publish","4":"has-post-thumbnail","6":"product_cat-protectores-solares","7":"pa_amount-con-tinte","8":"pa_amount-con-tinte-3-ml-muestra","9":"pa_amount-sin-tinte","10":"pa_amount-compra-2-ahorra-un-10-con-tinte","11":"pa_amount-compra-2-ahorra-un-10-sin-tinte","13":"entry","14":"has-media","16":"first","17":"instock","18":"sale","19":"taxable","20":"shipping-taxable","21":"purchasable","22":"product-type-variable","23":"has-rating","24":"has-product-nav","25":"col","26":"span_1_of_3","27":"owp-content-center","28":"owp-thumbs-layout-horizontal","29":"owp-btn-normal","30":"owp-tabs-layout-horizontal","32":"circle-sale"},"bundled_by":["48461","48528","48540"],"bundle_stock_status":"instock","bundle_stock_quantity":null,"bundle_virtual":false,"bundle_layout":"","bundle_add_to_cart_form_location":"","bundle_editable_in_cart":false,"bundle_sold_individually_context":"","bundle_item_grouping":"","bundle_min_size":"","bundle_max_size":"","bundle_price":[],"bundled_items":[],"bundle_sell_ids":[],"jetpack_sharing_enabled":true,"_links":{"self":[{"href":"https:\/\/worryfreebackup.win\/es\/wp-json\/wp\/v2\/product\/30401","targetHints":{"allow":["GET"]}}],"collection":[{"href":"https:\/\/worryfreebackup.win\/es\/wp-json\/wp\/v2\/product"}],"about":[{"href":"https:\/\/worryfreebackup.win\/es\/wp-json\/wp\/v2\/types\/product"}],"replies":[{"embeddable":true,"href":"https:\/\/worryfreebackup.win\/es\/wp-json\/wp\/v2\/comments?post=30401"}],"version-history":[{"count":9,"href":"https:\/\/worryfreebackup.win\/es\/wp-json\/wp\/v2\/product\/30401\/revisions"}],"predecessor-version":[{"id":93312,"href":"https:\/\/worryfreebackup.win\/es\/wp-json\/wp\/v2\/product\/30401\/revisions\/93312"}],"wp:featuredmedia":[{"embeddable":true,"href":"https:\/\/worryfreebackup.win\/es\/wp-json\/wp\/v2\/media\/92128"}],"wp:attachment":[{"href":"https:\/\/worryfreebackup.win\/es\/wp-json\/wp\/v2\/media?parent=30401"}],"wp:term":[{"taxonomy":"product_brand","embeddable":true,"href":"https:\/\/worryfreebackup.win\/es\/wp-json\/wp\/v2\/product_brand?post=30401"},{"taxonomy":"product_cat","embeddable":true,"href":"https:\/\/worryfreebackup.win\/es\/wp-json\/wp\/v2\/product_cat?post=30401"},{"taxonomy":"product_tag","embeddable":true,"href":"https:\/\/worryfreebackup.win\/es\/wp-json\/wp\/v2\/product_tag?post=30401"}],"curies":[{"name":"wp","href":"https:\/\/api.w.org\/{rel}","templated":true}]}}