





{"id":30913,"date":"2018-12-18T14:29:25","date_gmt":"2018-12-18T14:29:25","guid":{"rendered":"http:\/\/suntribesunscreen.com\/product\/protector-solar-natural-mini-zinc-suntribe-fps-30-4-colores\/"},"modified":"2026-02-03T14:32:35","modified_gmt":"2026-02-03T14:32:35","slug":"suntribe-natural-mini-zinc-protector-solar-cara-deporte-fps30-biodegradable-resistente-al-agua","status":"publish","type":"product","link":"https:\/\/worryfreebackup.win\/es\/producto\/suntribe-natural-mini-zinc-protector-solar-cara-deporte-fps30-biodegradable-resistente-al-agua\/","title":{"rendered":"Protector Solar Ecol\u00f3gico Mineral Zinc Mini FPS 50"},"content":{"rendered":"<p><span style=\"font-weight: 400;\">Di hola a un protector solar de zinc totalmente natural que se mantiene tanto en olas grandes como en actividades sudorosas en tierra. No contiene ning\u00fan ingrediente cuestionable, no contiene productos qu\u00edmicos que da\u00f1an los arrecifes de coral y no pica si entra en contacto con los ojos. Este es el protector solar de zinc original que estabas buscando.<\/span><\/p>\n<p><span style=\"font-weight: 400;\">Fabricado con \u00d3xido de Zinc sin nanopart\u00edculas, este protector solar deportivo seguro para los arrecifes crea una capa visible de protecci\u00f3n desde el primer momento de la aplicaci\u00f3n. Ofrece una resistencia al agua sin igual y una funcionalidad de alto rendimiento que adoran los atletas profesionales y los aventureros de todo el mundo. <\/span><\/p>\n<p><span style=\"font-weight: 400;\">Se presenta en una lata sin pl\u00e1stico al que le encanta viajar tanto como a ti. Es m\u00e1s f\u00e1cil de aplicar a temperaturas superiores a 20 grados (si te encuentras en temperaturas bajo cero, cali\u00e9ntalo en un bolsillo o en la mano antes de usarlo).<\/span><\/p>\n<p><b>Blanco Original<\/b> <span style=\"font-weight: 400;\">es la f\u00f3rmula deportiva cl\u00e1sica de Suntribe y tiene un color blanco natural.<\/span> <\/p>\n<p><b>Cacao<\/b> <span style=\"font-weight: 400;\">es la f\u00f3rmula deportiva m\u00e1s discreta de Suntribe, el tono marr\u00f3n creado por el polvo de cacao ecol\u00f3gico se funde con los tonos naturales de la piel.<\/span><\/p>\n<p><strong>Azul Oc\u00e9ano<\/strong> es la variante m\u00e1s colorida de nuestra f\u00f3rmula deportiva, y viene en un divertido color azul creado por el mineral natural ultramar.<\/p>\n<p><strong>Pretty Pink<\/strong> presenta un color rojizo gracias al \u00f3xido de hierro natural, que se funde con el tono de piel de los tipos de piel ligeramente rojizos y tiene un efecto de colorete natural.<\/p>\n<p>&nbsp;<\/p>\n","protected":false},"excerpt":{"rendered":"<p><span style=\"font-weight: 400;\"><strong>PROTECTOR SOLAR DE ZINC 100% NATURAL<\/strong> | Protector solar seguro para todo tipo de actividades al aire libre. F\u00f3rmula c\u00e1lida \/ tropical (m\u00e1s f\u00e1cil de aplicar por encima de los 20 grados).<\/span><\/p>\n<p><span style=\"font-weight: 400;\"><strong>ECOL\u00d2GICO &amp; MINIMALISTA<\/strong> | Protector solar deportivo espeso y visible a base de tres a cuatro ingredientes naturales y ecol\u00f3gicos. <\/span><\/p>\n<p><span style=\"font-weight: 400;\"><strong>PROTECTOR SOLAR DE ALTO RENDIMIENTO<\/strong> | Protecci\u00f3n de amplio espectro cient\u00edficamente validada contra los rayos UVA y UVB \u2014 bloquea el 98 % de los UVB. Muy resistente al agua y al sudor.<\/span><\/p>\n<p><span style=\"font-weight: 400;\"><strong>FILTRO UV MINERAL<\/strong> | Contiene exclusivamente \u00d3xido de Zinc sin nanopart\u00edculas que es el filtro UV m\u00e1s seguro para la salud humana, los corales y la vida marina.<\/span><\/p>\n<p><span style=\"font-weight: 400;\"><strong>RESIDUO CERO<\/strong> | Envasado en una lata de aluminio de f\u00e1cil transporte sin pl\u00e1stico. <\/span><\/p>\n<p><strong>15 g \/ 16 ml \u2014 80 min resistente al agua \u2014 UVA &amp; UVB \u2014 Aroma natural de coco \u2014 4 colores<\/strong><\/p>\n","protected":false},"featured_media":92181,"comment_status":"open","ping_status":"closed","template":"","meta":{"ocean_post_layout":"","ocean_both_sidebars_style":"","ocean_both_sidebars_content_width":[],"ocean_both_sidebars_sidebars_width":[],"ocean_sidebar":["0"],"ocean_second_sidebar":["0"],"ocean_disable_margins":["enable"],"ocean_add_body_class":"","ocean_shortcode_before_top_bar":"","ocean_shortcode_after_top_bar":"","ocean_shortcode_before_header":"","ocean_shortcode_after_header":"","ocean_has_shortcode":"","ocean_shortcode_after_title":"","ocean_shortcode_before_footer_widgets":"","ocean_shortcode_after_footer_widgets":"","ocean_shortcode_before_footer_bottom":"","ocean_shortcode_after_footer_bottom":"","ocean_display_top_bar":["default"],"ocean_display_header":["default"],"ocean_header_style":"","ocean_center_header_left_menu":["0"],"ocean_custom_header_template":["0"],"ocean_custom_logo":[],"ocean_custom_retina_logo":[],"ocean_custom_logo_max_width":[""],"ocean_custom_logo_tablet_max_width":[""],"ocean_custom_logo_mobile_max_width":[""],"ocean_custom_logo_max_height":[""],"ocean_custom_logo_tablet_max_height":[""],"ocean_custom_logo_mobile_max_height":[""],"ocean_header_custom_menu":["0"],"ocean_menu_typo_font_family":["0"],"ocean_menu_typo_font_subset":"","ocean_menu_typo_font_size":[],"ocean_menu_typo_font_size_tablet":0,"ocean_menu_typo_font_size_mobile":0,"ocean_menu_typo_font_size_unit":"px","ocean_menu_typo_font_weight":"","ocean_menu_typo_font_weight_tablet":"","ocean_menu_typo_font_weight_mobile":"","ocean_menu_typo_transform":"","ocean_menu_typo_transform_tablet":"","ocean_menu_typo_transform_mobile":"","ocean_menu_typo_line_height":[],"ocean_menu_typo_line_height_tablet":0,"ocean_menu_typo_line_height_mobile":0,"ocean_menu_typo_line_height_unit":"","ocean_menu_typo_spacing":[],"ocean_menu_typo_spacing_tablet":0,"ocean_menu_typo_spacing_mobile":0,"ocean_menu_typo_spacing_unit":"","ocean_menu_link_color":"","ocean_menu_link_color_hover":"","ocean_menu_link_color_active":"","ocean_menu_link_background":"","ocean_menu_link_hover_background":"","ocean_menu_link_active_background":"","ocean_menu_social_links_bg":"","ocean_menu_social_hover_links_bg":"","ocean_menu_social_links_color":"","ocean_menu_social_hover_links_color":"","ocean_disable_title":["enable"],"ocean_disable_heading":["on"],"ocean_post_title":"","ocean_post_subheading":"","ocean_post_title_style":"centered","ocean_post_title_background_color":"","ocean_post_title_background":[],"ocean_post_title_bg_image_position":"","ocean_post_title_bg_image_attachment":"","ocean_post_title_bg_image_repeat":"","ocean_post_title_bg_image_size":"","ocean_post_title_height":[],"ocean_post_title_bg_overlay":[],"ocean_post_title_bg_overlay_color":"","ocean_disable_breadcrumbs":["default"],"ocean_breadcrumbs_color":"","ocean_breadcrumbs_separator_color":"","ocean_breadcrumbs_links_color":"","ocean_breadcrumbs_links_hover_color":"","ocean_display_footer_widgets":["default"],"ocean_display_footer_bottom":["default"],"ocean_custom_footer_template":["0"],"_wp_page_template":["default"],"ocean_link_format_target":[],"ocean_quote_format_link":[],"_wp_old_date":[],"_edit_lock":["1633597557:300"],"_edit_last":["300"],"ocean_gallery_link_images":[],"osh_disable_topbar_sticky":["default"],"osh_disable_header_sticky":["default"],"_elementor_pro_version":[],"_oembed_e2253486b4ac832aa91022f965f4df74":[],"_elementor_version":["0.4"],"_oembed_time_e2253486b4ac832aa91022f965f4df74":[],"_genesis_description":["Nuestros populares protectores solares Suntribe disponibles en un formato pr\u00e1ctico y 4 colores diferentes. Seguro para arrecifes y biodegradable. FPS 50, bloquea UVA y UVB. Sin pl\u00e1stico."],"_yoast_wpseo_content_score":["30"],"_yoast_wpseo_primary_category":[],"_oembed_147307c9146127d25c8c9bc3fedbbdd2":[],"_oembed_time_147307c9146127d25c8c9bc3fedbbdd2":[],"_oembed_298cc3cf7783e9a730e0d30489c0767d":[],"_oembed_time_298cc3cf7783e9a730e0d30489c0767d":[],"_wp_old_slug":["suntribe-natural-mini-zinc-protector-solar-cara-deporte-fps30-biodegradable-resistente-al-agua"],"_yoast_wpseo_focuskw":["Protector solar de zinc"],"_oembed_6ce714c902a6c8b37bfed747aa272afa":[],"_oembed_time_6ce714c902a6c8b37bfed747aa272afa":[],"_oembed_67fd97d2449b30f3b8aff7987461bdee":[],"_oembed_time_67fd97d2449b30f3b8aff7987461bdee":[],"_yoast_wpseo_linkdex":["60"],"_oembed_8c4ad389a55d131ee3502f96b92cd139":[],"_oembed_time_8c4ad389a55d131ee3502f96b92cd139":[],"_thumbnail_id":["92181"],"_wpml_media_duplicate":["1"],"_wpml_media_has_media":["1"],"_seopress_titles_desc":["Nuestros populares protectores solares Suntribe disponibles en un formato pr\u00e1ctico y 4 colores diferentes. Seguro para arrecifes y biodegradable. FPS 50, bloquea UVA y UVB. Sin pl\u00e1stico."],"_seopress_analysis_target_kw":["Protector solar de zinc"],"_seopress_robots_primary_cat":[],"rank_math_seo_score":[],"rank_math_contentai_score":[],"rank_math_focus_keyword":[],"rank_math_title":[],"rank_math_description":[],"_elementor_controls_usage":[],"_ez-toc-disabled":[],"_ez-toc-insert":[],"_ez-toc-header-label":[],"_ez-toc-alignment":[],"_ez-toc-heading-levels":[],"_ez-toc-alttext":[],"_ez-toc-visibility_hide_by_default":[],"_ez-toc-hide_counter":[],"_ez-toc-exclude":[],"_ez-toc-position-specific":[],"rank_math_internal_links_processed":["1"],"rank_math_primary_category":[],"_wpml_media_featured":["1"],"_alp_processed":["1747888675"],"_wpml_word_count":["403"],"copied_media_ids":[],"referenced_media_ids":[],"_elementor_page_assets":[],"_elementor_css":[],"_elementor_element_cache":[]},"product_brand":[],"product_cat":[145],"product_tag":[],"class_list":{"0":"post-30913","1":"product","2":"type-product","3":"status-publish","4":"has-post-thumbnail","6":"product_cat-protectores-solares","8":"entry","9":"has-media","11":"first","12":"instock","13":"sale","14":"taxable","15":"shipping-taxable","16":"purchasable","17":"product-type-variable","18":"has-rating","19":"has-product-nav","20":"col","21":"span_1_of_3","22":"owp-content-center","23":"owp-thumbs-layout-horizontal","24":"owp-btn-normal","25":"owp-tabs-layout-horizontal","27":"circle-sale"},"bundled_by":["48453","48461","48526","48533"],"bundle_stock_status":"instock","bundle_stock_quantity":null,"bundle_virtual":false,"bundle_layout":"","bundle_add_to_cart_form_location":"","bundle_editable_in_cart":false,"bundle_sold_individually_context":"","bundle_item_grouping":"","bundle_min_size":"","bundle_max_size":"","bundle_price":[],"bundled_items":[],"bundle_sell_ids":[],"jetpack_sharing_enabled":true,"_links":{"self":[{"href":"https:\/\/worryfreebackup.win\/es\/wp-json\/wp\/v2\/product\/30913","targetHints":{"allow":["GET"]}}],"collection":[{"href":"https:\/\/worryfreebackup.win\/es\/wp-json\/wp\/v2\/product"}],"about":[{"href":"https:\/\/worryfreebackup.win\/es\/wp-json\/wp\/v2\/types\/product"}],"replies":[{"embeddable":true,"href":"https:\/\/worryfreebackup.win\/es\/wp-json\/wp\/v2\/comments?post=30913"}],"version-history":[{"count":6,"href":"https:\/\/worryfreebackup.win\/es\/wp-json\/wp\/v2\/product\/30913\/revisions"}],"predecessor-version":[{"id":93281,"href":"https:\/\/worryfreebackup.win\/es\/wp-json\/wp\/v2\/product\/30913\/revisions\/93281"}],"wp:featuredmedia":[{"embeddable":true,"href":"https:\/\/worryfreebackup.win\/es\/wp-json\/wp\/v2\/media\/92181"}],"wp:attachment":[{"href":"https:\/\/worryfreebackup.win\/es\/wp-json\/wp\/v2\/media?parent=30913"}],"wp:term":[{"taxonomy":"product_brand","embeddable":true,"href":"https:\/\/worryfreebackup.win\/es\/wp-json\/wp\/v2\/product_brand?post=30913"},{"taxonomy":"product_cat","embeddable":true,"href":"https:\/\/worryfreebackup.win\/es\/wp-json\/wp\/v2\/product_cat?post=30913"},{"taxonomy":"product_tag","embeddable":true,"href":"https:\/\/worryfreebackup.win\/es\/wp-json\/wp\/v2\/product_tag?post=30913"}],"curies":[{"name":"wp","href":"https:\/\/api.w.org\/{rel}","templated":true}]}}