





{"id":31024,"date":"2015-11-17T10:16:49","date_gmt":"2015-11-17T10:16:49","guid":{"rendered":"http:\/\/suntribesunscreen.com\/product\/poncho-de-surf-suntribe-super-acogedor-100-algodon-peinado\/"},"modified":"2025-12-11T09:15:00","modified_gmt":"2025-12-11T09:15:00","slug":"suntribe-super-acogedor-surf-poncho-capucha-grueso-temperatures-frias-algodon-azul-unisex","status":"publish","type":"product","link":"https:\/\/worryfreebackup.win\/es\/producto\/suntribe-super-acogedor-surf-poncho-capucha-grueso-temperatures-frias-algodon-azul-unisex\/","title":{"rendered":"Poncho de Surf Suntribe S\u00faper Acogedor y Espeso 100% Algod\u00f3n Peinado"},"content":{"rendered":"<p><span style=\"font-weight: 400;\">El Poncho de Surf en hermosos colores oce\u00e1nicos es uno de los ponchos m\u00e1s gruesos y acogedores disponibles en el mercado. Elaborado en algod\u00f3n peinado 100% calidad y con un grosor de 420 gramos\/m2, no solo es muy suave y c\u00f3modo, sino que tambi\u00e9n mantiene el viento y la sensaci\u00f3n. Este poncho tiene un c\u00f3modo bolsillo de bolsa y dos botones para cerrar alrededor del cuello. Hace que cambiar despu\u00e9s de las actividades al aire libre sea lo m\u00e1s c\u00f3modo posible. <\/span><\/p>\n<p><span style=\"font-weight: 400;\">Desarrollado por profesores de surf y dise\u00f1ado por la dise\u00f1adora sueca Clarie Ek, este poncho te proporcionar\u00e1 el estilo, la comodidad y la calidez que deseas despu\u00e9s de cualquier tipo de nataci\u00f3n, surf o aventura al aire libre. Este poncho tambi\u00e9n funciona muy bien para mantenerte caliente entre sesiones de sauna, al acampar o cualquier actividad similar! <\/span><\/p>\n<p><span style=\"font-weight: 400;\">El Poncho de Surf es ideal para cualquier situaci\u00f3n en la que necesites secarte o cambiar de ropa. A veces ni siquiera necesitamos eso como excusa para usarlo. Es la opci\u00f3n perfecta para cambiar en cualquier lugar c\u00f3modamente sin tener que preocuparse por exponer sus piezas &#8211; esto es la desnudez pol\u00edticamente correcta! Por supuesto, tambi\u00e9n puedes usarlo mientras desayunas despu\u00e9s de tu ducha de la ma\u00f1ana, es nuestra ropa favorita para todos los d\u00edas. Y cuando quieres mantenerte acogedor mientras duermes una siesta en la playa o incluso en tu sof\u00e1 en casa, este poncho es imprescindible. <\/span><\/p>\n<p><strong>Material:<\/strong> 100% algod\u00f3n peinado, <span style=\"font-weight: 400;\">420 gramos\/m2 (extra<\/span>grueso). <strong>Hecho en la UE. <\/strong> <\/p>\n","protected":false},"excerpt":{"rendered":"<p><span style=\"font-weight: 400;\"><strong>EXTRA GRUESO Y ACOGEDOR<\/strong> Hecho de algod\u00f3n peinado extra grueso de 420 g\/m\u00b2 con botones para cerrar la capucha \u2013 este poncho te mantiene abrigado incluso cuando hace fr\u00edo afuera.<\/span><\/p>\n<p><span style=\"font-weight: 400;\"><strong>DISE\u00d1O SUECO<\/strong> Dise\u00f1ado por la dise\u00f1adora sueca Clarie Ek, responsable de algunas de las prendas deportivas funcionales m\u00e1s cl\u00e1sicas fabricadas en Suecia desde 1960.<\/span><\/p>\n<p><span style=\"font-weight: 400;\"><strong>PR\u00c1CTICO<\/strong> Incluye una capucha c\u00f3moda y un pr\u00e1ctico bolsillo tipo canguro para llevar lo esencial, guardar protector solar o mantener las manos calientes.<\/span><\/p>\n<p><span style=\"font-weight: 400;\"><strong>SIN PREOCUPACIONES<\/strong> F\u00e1cil de lavar a 40\u202f\u00b0C, disponible en una talla unisex que se adapta a todas las tallas, apto tanto para hombres como para mujeres.<\/span> <\/p>\n","protected":false},"featured_media":90045,"comment_status":"open","ping_status":"closed","template":"","meta":{"ocean_post_layout":"","ocean_both_sidebars_style":"","ocean_both_sidebars_content_width":[],"ocean_both_sidebars_sidebars_width":[],"ocean_sidebar":["0"],"ocean_second_sidebar":["0"],"ocean_disable_margins":["enable"],"ocean_add_body_class":"","ocean_shortcode_before_top_bar":"","ocean_shortcode_after_top_bar":"","ocean_shortcode_before_header":"","ocean_shortcode_after_header":"","ocean_has_shortcode":"","ocean_shortcode_after_title":"","ocean_shortcode_before_footer_widgets":"","ocean_shortcode_after_footer_widgets":"","ocean_shortcode_before_footer_bottom":"","ocean_shortcode_after_footer_bottom":"","ocean_display_top_bar":["default"],"ocean_display_header":["default"],"ocean_header_style":"","ocean_center_header_left_menu":["0"],"ocean_custom_header_template":["0"],"ocean_custom_logo":[],"ocean_custom_retina_logo":[],"ocean_custom_logo_max_width":[""],"ocean_custom_logo_tablet_max_width":[""],"ocean_custom_logo_mobile_max_width":[""],"ocean_custom_logo_max_height":[""],"ocean_custom_logo_tablet_max_height":[""],"ocean_custom_logo_mobile_max_height":[""],"ocean_header_custom_menu":["0"],"ocean_menu_typo_font_family":["0"],"ocean_menu_typo_font_subset":"","ocean_menu_typo_font_size":[],"ocean_menu_typo_font_size_tablet":0,"ocean_menu_typo_font_size_mobile":0,"ocean_menu_typo_font_size_unit":"px","ocean_menu_typo_font_weight":"","ocean_menu_typo_font_weight_tablet":"","ocean_menu_typo_font_weight_mobile":"","ocean_menu_typo_transform":"","ocean_menu_typo_transform_tablet":"","ocean_menu_typo_transform_mobile":"","ocean_menu_typo_line_height":[],"ocean_menu_typo_line_height_tablet":0,"ocean_menu_typo_line_height_mobile":0,"ocean_menu_typo_line_height_unit":"","ocean_menu_typo_spacing":[],"ocean_menu_typo_spacing_tablet":0,"ocean_menu_typo_spacing_mobile":0,"ocean_menu_typo_spacing_unit":"","ocean_menu_link_color":"","ocean_menu_link_color_hover":"","ocean_menu_link_color_active":"","ocean_menu_link_background":"","ocean_menu_link_hover_background":"","ocean_menu_link_active_background":"","ocean_menu_social_links_bg":"","ocean_menu_social_hover_links_bg":"","ocean_menu_social_links_color":"","ocean_menu_social_hover_links_color":"","ocean_disable_title":["default"],"ocean_disable_heading":["on"],"ocean_post_title":"","ocean_post_subheading":"","ocean_post_title_style":"","ocean_post_title_background_color":"","ocean_post_title_background":[],"ocean_post_title_bg_image_position":"","ocean_post_title_bg_image_attachment":"","ocean_post_title_bg_image_repeat":"","ocean_post_title_bg_image_size":"","ocean_post_title_height":[],"ocean_post_title_bg_overlay":[],"ocean_post_title_bg_overlay_color":"","ocean_disable_breadcrumbs":["default"],"ocean_breadcrumbs_color":"","ocean_breadcrumbs_separator_color":"","ocean_breadcrumbs_links_color":"","ocean_breadcrumbs_links_hover_color":"","ocean_display_footer_widgets":["default"],"ocean_display_footer_bottom":["default"],"ocean_custom_footer_template":["0"],"_wp_page_template":["default"],"ocean_link_format_target":[],"ocean_quote_format_link":[],"_wp_old_date":[],"_edit_lock":["1747563147:1"],"_edit_last":["300"],"ocean_gallery_link_images":[],"osh_disable_topbar_sticky":["default"],"osh_disable_header_sticky":["default"],"_elementor_pro_version":[],"_oembed_e2253486b4ac832aa91022f965f4df74":[],"_elementor_version":["0.4"],"_oembed_time_e2253486b4ac832aa91022f965f4df74":[],"_genesis_description":["El Poncho de Surf fabricado con algod\u00f3n peinado extra grueso es uno de los ponchos m\u00e1s acogedores disponibles. \u00a1Por ese pedacito de comodidad extra!"],"_yoast_wpseo_content_score":["30"],"_yoast_wpseo_primary_category":[],"_oembed_147307c9146127d25c8c9bc3fedbbdd2":[],"_oembed_time_147307c9146127d25c8c9bc3fedbbdd2":[],"_oembed_298cc3cf7783e9a730e0d30489c0767d":[],"_oembed_time_298cc3cf7783e9a730e0d30489c0767d":[],"_wp_old_slug":["suntribe-super-acogedor-surf-poncho-capucha-grueso-temperatures-frias-algodon-azul-unisex"],"_yoast_wpseo_focuskw":["Poncho"],"_oembed_6ce714c902a6c8b37bfed747aa272afa":[],"_oembed_time_6ce714c902a6c8b37bfed747aa272afa":[],"_oembed_67fd97d2449b30f3b8aff7987461bdee":[],"_oembed_time_67fd97d2449b30f3b8aff7987461bdee":[],"_yoast_wpseo_linkdex":["61"],"_oembed_8c4ad389a55d131ee3502f96b92cd139":[],"_oembed_time_8c4ad389a55d131ee3502f96b92cd139":[],"_thumbnail_id":["90045"],"_wpml_media_duplicate":["1"],"_wpml_media_has_media":["1"],"_seopress_titles_desc":["El Poncho de Surf fabricado con algod\u00f3n peinado extra grueso es uno de los ponchos m\u00e1s acogedores disponibles. \u00a1Por ese pedacito de comodidad extra!"],"_seopress_analysis_target_kw":["Poncho"],"_seopress_robots_primary_cat":[],"rank_math_seo_score":[],"rank_math_contentai_score":[],"rank_math_focus_keyword":[],"rank_math_title":[],"rank_math_description":[],"_elementor_controls_usage":[],"_ez-toc-disabled":[],"_ez-toc-insert":[],"_ez-toc-header-label":[],"_ez-toc-alignment":[],"_ez-toc-heading-levels":[],"_ez-toc-alttext":[],"_ez-toc-visibility_hide_by_default":[],"_ez-toc-hide_counter":[],"_ez-toc-exclude":[],"_ez-toc-position-specific":[],"rank_math_internal_links_processed":["1"],"rank_math_primary_category":[],"_wpml_media_featured":["1"],"_alp_processed":["1747743128"],"_wpml_word_count":["372"],"copied_media_ids":[],"referenced_media_ids":[],"_elementor_page_assets":[],"_elementor_css":[],"_elementor_element_cache":[]},"product_brand":[],"product_cat":[145],"product_tag":[],"class_list":{"0":"post-31024","1":"product","2":"type-product","3":"status-publish","4":"has-post-thumbnail","6":"product_cat-protectores-solares","8":"entry","9":"has-media","11":"first","12":"outofstock","13":"taxable","14":"shipping-taxable","15":"purchasable","16":"product-type-simple","17":"has-rating","18":"has-product-nav","19":"col","20":"span_1_of_3","21":"owp-content-center","22":"owp-thumbs-layout-horizontal","23":"owp-btn-normal","24":"owp-tabs-layout-horizontal","26":"circle-sale"},"bundled_by":["48453"],"bundle_stock_status":"outofstock","bundle_stock_quantity":0,"bundle_virtual":false,"bundle_layout":"","bundle_add_to_cart_form_location":"","bundle_editable_in_cart":false,"bundle_sold_individually_context":"","bundle_item_grouping":"","bundle_min_size":"","bundle_max_size":"","bundle_price":[],"bundled_items":[],"bundle_sell_ids":[],"jetpack_sharing_enabled":true,"_links":{"self":[{"href":"https:\/\/worryfreebackup.win\/es\/wp-json\/wp\/v2\/product\/31024","targetHints":{"allow":["GET"]}}],"collection":[{"href":"https:\/\/worryfreebackup.win\/es\/wp-json\/wp\/v2\/product"}],"about":[{"href":"https:\/\/worryfreebackup.win\/es\/wp-json\/wp\/v2\/types\/product"}],"replies":[{"embeddable":true,"href":"https:\/\/worryfreebackup.win\/es\/wp-json\/wp\/v2\/comments?post=31024"}],"version-history":[{"count":2,"href":"https:\/\/worryfreebackup.win\/es\/wp-json\/wp\/v2\/product\/31024\/revisions"}],"predecessor-version":[{"id":92757,"href":"https:\/\/worryfreebackup.win\/es\/wp-json\/wp\/v2\/product\/31024\/revisions\/92757"}],"wp:featuredmedia":[{"embeddable":true,"href":"https:\/\/worryfreebackup.win\/es\/wp-json\/wp\/v2\/media\/90045"}],"wp:attachment":[{"href":"https:\/\/worryfreebackup.win\/es\/wp-json\/wp\/v2\/media?parent=31024"}],"wp:term":[{"taxonomy":"product_brand","embeddable":true,"href":"https:\/\/worryfreebackup.win\/es\/wp-json\/wp\/v2\/product_brand?post=31024"},{"taxonomy":"product_cat","embeddable":true,"href":"https:\/\/worryfreebackup.win\/es\/wp-json\/wp\/v2\/product_cat?post=31024"},{"taxonomy":"product_tag","embeddable":true,"href":"https:\/\/worryfreebackup.win\/es\/wp-json\/wp\/v2\/product_tag?post=31024"}],"curies":[{"name":"wp","href":"https:\/\/api.w.org\/{rel}","templated":true}]}}