





{"id":64093,"date":"2023-08-02T11:36:17","date_gmt":"2023-08-02T11:36:17","guid":{"rendered":"https:\/\/suntribesunscreen.com\/?post_type=product&#038;p=64093"},"modified":"2026-02-03T14:32:37","modified_gmt":"2026-02-03T14:32:37","slug":"paquete-de-cuidado-de-la-piel-natural-copy","status":"publish","type":"product","link":"https:\/\/worryfreebackup.win\/es\/producto\/paquete-de-cuidado-de-la-piel-natural-copy\/","title":{"rendered":"Crema de Noche Anti-envejecimiento Biol\u00f3gica con \u00c1cido Hialur\u00f3nico, Retinol &amp; Niacinamida"},"content":{"rendered":"<p>Da la bienvenida a piel fresca y luminosa. Esta f\u00f3rmula premium 100% natural recarga, revitaliza e hidrata intensamente tu piel durante la noche con ingredientes naturales eficaces cuidadosamente seleccionados. Tres superh\u00e9roes antienvejecimiento hacen de esta Crema de Noche ecol\u00f3gica y vegana el complemento perfecto para tu rutina de cuidado natural de la piel: \u00c1cido Hialur\u00f3nico, Niacinamida y Retinol (Vitamina A), que trabajan en armon\u00eda para proporcionarte una piel m\u00e1s joven, radiante y nutrida. Ideal para pieles normales, sensibles, secas y maduras. No comedog\u00e9nico: no obstruye los poros.<\/p>\n","protected":false},"excerpt":{"rendered":"<p><span style=\"font-weight: 400;\"><strong>CREMA DE NOCHE ANTI-ENVEJECIMIENTO 100 % NATURAL<\/strong> | Da la bienvenida a una piel hidratada y luminosa con esta Crema de Noche de primera calidad envasada en un tarro de cristal ecol\u00f3gico.<\/span><\/p>\n<p><span style=\"font-weight: 400;\"><strong>ANTI-ENVEJECIMIENTO<\/strong> | Repleta de tres superh\u00e9roes antienvejecimiento: \u00c1cido Hialur\u00f3nico, Niacinamida y Retinol (Vitamina A) trabajan en armon\u00eda para darte una piel m\u00e1s joven, radiante y nutrida.<\/span><\/p>\n<p><span style=\"font-weight: 400;\"><strong>BIO &amp; SUAVE CON TU PIEL<\/strong> | Crema de Noche vegana con Aceite de Semillas de Uva antioxidante y Aceite de Aguacate. Sin perfume y libre de al\u00e9rgenos.<\/span><\/p>\n<p><span style=\"font-weight: 400;\"><strong>HIDRATACI\u00d2N PROFUNDA<\/strong> | Enriquecida con Extracto de Aloe Vera, Aceite de Arg\u00e1n y Manteca de Karit\u00e9 para que te despiertes con la piel profundamente hidratada y revitalizada.<\/span><\/p>\n<p><span style=\"font-weight: 400;\"><strong>NO GRASA<\/strong> | Esta f\u00f3rmula no comedog\u00e9nica deja que los poros respiren f\u00e1cilmente. La rutina de noche perfecta para pieles normales, sensibles, secas y maduras. La rutina nocturna perfecta para pieles normales, sensibles, secas y maduras.<\/span><\/p>\n<p><strong>50 ml \u2014 Sin perfume \u2014 0.5 % Retinol<\/strong><\/p>\n","protected":false},"featured_media":92195,"comment_status":"open","ping_status":"closed","template":"","meta":{"ocean_post_layout":"","ocean_both_sidebars_style":"","ocean_both_sidebars_content_width":[],"ocean_both_sidebars_sidebars_width":[],"ocean_sidebar":["0"],"ocean_second_sidebar":["0"],"ocean_disable_margins":["enable"],"ocean_add_body_class":"","ocean_shortcode_before_top_bar":"","ocean_shortcode_after_top_bar":"","ocean_shortcode_before_header":"","ocean_shortcode_after_header":"","ocean_has_shortcode":"","ocean_shortcode_after_title":"","ocean_shortcode_before_footer_widgets":"","ocean_shortcode_after_footer_widgets":"","ocean_shortcode_before_footer_bottom":"","ocean_shortcode_after_footer_bottom":"","ocean_display_top_bar":["default"],"ocean_display_header":["default"],"ocean_header_style":"","ocean_center_header_left_menu":["0"],"ocean_custom_header_template":["0"],"ocean_custom_logo":[],"ocean_custom_retina_logo":[],"ocean_custom_logo_max_width":[""],"ocean_custom_logo_tablet_max_width":[""],"ocean_custom_logo_mobile_max_width":[""],"ocean_custom_logo_max_height":[""],"ocean_custom_logo_tablet_max_height":[""],"ocean_custom_logo_mobile_max_height":[""],"ocean_header_custom_menu":["0"],"ocean_menu_typo_font_family":["0"],"ocean_menu_typo_font_subset":"","ocean_menu_typo_font_size":[],"ocean_menu_typo_font_size_tablet":0,"ocean_menu_typo_font_size_mobile":0,"ocean_menu_typo_font_size_unit":"px","ocean_menu_typo_font_weight":"","ocean_menu_typo_font_weight_tablet":"","ocean_menu_typo_font_weight_mobile":"","ocean_menu_typo_transform":"","ocean_menu_typo_transform_tablet":"","ocean_menu_typo_transform_mobile":"","ocean_menu_typo_line_height":[],"ocean_menu_typo_line_height_tablet":0,"ocean_menu_typo_line_height_mobile":0,"ocean_menu_typo_line_height_unit":"","ocean_menu_typo_spacing":[],"ocean_menu_typo_spacing_tablet":0,"ocean_menu_typo_spacing_mobile":0,"ocean_menu_typo_spacing_unit":"","ocean_menu_link_color":"","ocean_menu_link_color_hover":"","ocean_menu_link_color_active":"","ocean_menu_link_background":"","ocean_menu_link_hover_background":"","ocean_menu_link_active_background":"","ocean_menu_social_links_bg":"","ocean_menu_social_hover_links_bg":"","ocean_menu_social_links_color":"","ocean_menu_social_hover_links_color":"","ocean_disable_title":["default"],"ocean_disable_heading":["default"],"ocean_post_title":"","ocean_post_subheading":"","ocean_post_title_style":"","ocean_post_title_background_color":"","ocean_post_title_background":[],"ocean_post_title_bg_image_position":"","ocean_post_title_bg_image_attachment":"","ocean_post_title_bg_image_repeat":"","ocean_post_title_bg_image_size":"","ocean_post_title_height":[],"ocean_post_title_bg_overlay":[],"ocean_post_title_bg_overlay_color":"","ocean_disable_breadcrumbs":["default"],"ocean_breadcrumbs_color":"","ocean_breadcrumbs_separator_color":"","ocean_breadcrumbs_links_color":"","ocean_breadcrumbs_links_hover_color":"","ocean_display_footer_widgets":["default"],"ocean_display_footer_bottom":["default"],"ocean_custom_footer_template":["0"],"_wp_page_template":["default"],"ocean_link_format_target":[],"ocean_quote_format_link":[],"_wp_old_date":[],"_edit_lock":[],"_edit_last":[],"ocean_gallery_link_images":[],"osh_disable_topbar_sticky":[],"osh_disable_header_sticky":[],"_elementor_pro_version":[],"_oembed_e2253486b4ac832aa91022f965f4df74":[],"_elementor_version":[],"_oembed_time_e2253486b4ac832aa91022f965f4df74":[],"_genesis_description":["Presenta nuestra popular Crema Mineral de D\u00eda complementada con nuestra m\u00e1s pura Mantequilla Corporal de Coco y nuestro B\u00e1lsamo Labial de C\u00e1\u00f1amo."],"_yoast_wpseo_content_score":[],"_yoast_wpseo_primary_category":[],"_oembed_147307c9146127d25c8c9bc3fedbbdd2":[],"_oembed_time_147307c9146127d25c8c9bc3fedbbdd2":[],"_oembed_298cc3cf7783e9a730e0d30489c0767d":[],"_oembed_time_298cc3cf7783e9a730e0d30489c0767d":[],"_wp_old_slug":[],"_yoast_wpseo_focuskw":[],"_oembed_6ce714c902a6c8b37bfed747aa272afa":[],"_oembed_time_6ce714c902a6c8b37bfed747aa272afa":[],"_oembed_67fd97d2449b30f3b8aff7987461bdee":[],"_oembed_time_67fd97d2449b30f3b8aff7987461bdee":[],"_yoast_wpseo_linkdex":[],"_oembed_8c4ad389a55d131ee3502f96b92cd139":[],"_oembed_time_8c4ad389a55d131ee3502f96b92cd139":[],"_thumbnail_id":["92195"],"_wpml_media_duplicate":["1","1","1","1"],"_wpml_media_has_media":[],"_seopress_titles_desc":[],"_seopress_analysis_target_kw":[],"_seopress_robots_primary_cat":[],"rank_math_seo_score":[],"rank_math_contentai_score":[],"rank_math_focus_keyword":["Crema de Noche Natural Anti-envejecimiento"],"rank_math_title":["Crema de Noche Natural Anti-envejecimiento con \u00c1cido Hialur\u00f3nico & Retinol"],"rank_math_description":[],"_elementor_controls_usage":[],"_ez-toc-disabled":[],"_ez-toc-insert":[],"_ez-toc-header-label":[],"_ez-toc-alignment":[],"_ez-toc-heading-levels":[],"_ez-toc-alttext":[],"_ez-toc-visibility_hide_by_default":[],"_ez-toc-hide_counter":[],"_ez-toc-exclude":[],"_ez-toc-position-specific":[],"rank_math_internal_links_processed":["1"],"rank_math_primary_category":[],"_wpml_media_featured":["1","1","1","1"],"_alp_processed":["1757993553","1757993553"],"_wpml_word_count":["285"],"copied_media_ids":[],"referenced_media_ids":[],"_elementor_page_assets":[null],"_elementor_css":[],"_elementor_element_cache":[]},"product_brand":[],"product_cat":[194],"product_tag":[],"class_list":{"0":"post-64093","1":"product","2":"type-product","3":"status-publish","4":"has-post-thumbnail","6":"product_cat-uncategorized-es","7":"pa_amount-compra-2-ahorra-un-10","8":"pa_amount-compra-4-ahorra-un-20","9":"pa_amount-una-unidad","11":"entry","12":"has-media","14":"first","15":"instock","16":"sale","17":"taxable","18":"shipping-taxable","19":"purchasable","20":"product-type-variable","21":"has-rating","22":"has-product-nav","23":"col","24":"span_1_of_3","25":"owp-content-center","26":"owp-thumbs-layout-horizontal","27":"owp-btn-normal","28":"owp-tabs-layout-horizontal","30":"circle-sale"},"bundled_by":[],"bundle_stock_status":"instock","bundle_stock_quantity":null,"bundle_virtual":false,"bundle_layout":"","bundle_add_to_cart_form_location":"","bundle_editable_in_cart":false,"bundle_sold_individually_context":"","bundle_item_grouping":"","bundle_min_size":"","bundle_max_size":"","bundle_price":[],"bundled_items":[],"bundle_sell_ids":[],"jetpack_sharing_enabled":true,"_links":{"self":[{"href":"https:\/\/worryfreebackup.win\/es\/wp-json\/wp\/v2\/product\/64093","targetHints":{"allow":["GET"]}}],"collection":[{"href":"https:\/\/worryfreebackup.win\/es\/wp-json\/wp\/v2\/product"}],"about":[{"href":"https:\/\/worryfreebackup.win\/es\/wp-json\/wp\/v2\/types\/product"}],"replies":[{"embeddable":true,"href":"https:\/\/worryfreebackup.win\/es\/wp-json\/wp\/v2\/comments?post=64093"}],"version-history":[{"count":5,"href":"https:\/\/worryfreebackup.win\/es\/wp-json\/wp\/v2\/product\/64093\/revisions"}],"predecessor-version":[{"id":93311,"href":"https:\/\/worryfreebackup.win\/es\/wp-json\/wp\/v2\/product\/64093\/revisions\/93311"}],"wp:featuredmedia":[{"embeddable":true,"href":"https:\/\/worryfreebackup.win\/es\/wp-json\/wp\/v2\/media\/92195"}],"wp:attachment":[{"href":"https:\/\/worryfreebackup.win\/es\/wp-json\/wp\/v2\/media?parent=64093"}],"wp:term":[{"taxonomy":"product_brand","embeddable":true,"href":"https:\/\/worryfreebackup.win\/es\/wp-json\/wp\/v2\/product_brand?post=64093"},{"taxonomy":"product_cat","embeddable":true,"href":"https:\/\/worryfreebackup.win\/es\/wp-json\/wp\/v2\/product_cat?post=64093"},{"taxonomy":"product_tag","embeddable":true,"href":"https:\/\/worryfreebackup.win\/es\/wp-json\/wp\/v2\/product_tag?post=64093"}],"curies":[{"name":"wp","href":"https:\/\/api.w.org\/{rel}","templated":true}]}}