





{"id":64139,"date":"2022-08-02T08:45:29","date_gmt":"2022-08-02T08:45:29","guid":{"rendered":"https:\/\/suntribesunscreen.com\/?post_type=product&#038;p=64139"},"modified":"2025-12-02T08:35:40","modified_gmt":"2025-12-02T08:35:40","slug":"suntribe-natural-mango-delight-body-lotion","status":"publish","type":"product","link":"https:\/\/worryfreebackup.win\/es\/producto\/suntribe-natural-mango-delight-body-lotion\/","title":{"rendered":"Loci\u00f3n Corporal Ecol\u00f3gica Melocot\u00f3n Antioxidante"},"content":{"rendered":"<p><span style=\"font-weight: 400;\">\u00a1Di hola a una piel naturalmente suave y revitalizada! Esta loci\u00f3n corporal 100% natural y vegana est\u00e1 enriquecida con extracto de Melocot\u00f3n, rico en antioxidantes, para proteger y refrescar tu piel.<br \/>Una mezcla nutritiva de manteca de karit\u00e9 ecol\u00f3gica y aceites de jojoba, oliva y semilla de granada proporciona hidrataci\u00f3n duradera y restaura la elasticidad natural de la piel. Enriquecida con vitamina E para un cuidado antioxidante y extracto de ra\u00edz de regaliz para un cutis calmado y radiante.    <\/span><\/p>\n<p><span style=\"font-weight: 400;\">Gracias a su textura de r\u00e1pida absorci\u00f3n y no comedog\u00e9nica, esta loci\u00f3n corporal natural no obstruye los poros y deja la piel sedosa, sin sensaci\u00f3n grasa.<br \/>Libre de parabenos, siliconas, PEGs, micropl\u00e1sticos y perfumes sint\u00e9ticos \u2014 un cuidado diario suave para pieles normales, sensibles, secas y maduras. <\/span><\/p>\n","protected":false},"excerpt":{"rendered":"<p><strong>LOCI\u00d3N CORPORAL 100% NATURAL<\/strong> | Di hola a una loci\u00f3n corporal naturalmente revitalizante e hidratante con extracto de melocot\u00f3n antioxidante que nutre tu piel y la mantiene suave y flexible.<\/p>\n<p><strong>FRESCURA CON INFUSI\u00d3N DE MELOCOT\u00d3N <\/strong>| El delicado aroma afrutado del melocot\u00f3n estimula tus sentidos, mientras sus antioxidantes naturales ayudan a que tu piel se sienta fresca y revitalizada durante todo el d\u00eda.<\/p>\n<p><strong>HIDRATANTE &amp; NUTRITIVA<\/strong> | Con manteca de karit\u00e9 ecol\u00f3gica, aceite de jojoba, aceite de oliva y aceite de semilla de granada para una hidrataci\u00f3n profunda y una nutrici\u00f3n duradera. Enriquecida con vitamina E antioxidante y extracto de ra\u00edz de regaliz calmante para una piel sana y radiante. <\/p>\n<p><strong>NO GRASA <\/strong>| Esta f\u00f3rmula de r\u00e1pida absorci\u00f3n y no comedog\u00e9nica no obstruye los poros y deja tu piel suave, sin sensaci\u00f3n grasa. Perfecta para el cuidado diario de pieles normales, sensibles, secas y maduras. <\/p>\n<p> <strong>SUAVE &amp; EQUILIBRADA<\/strong> | Vegana y con pH equilibrado, libre de ingredientes potencialmente da\u00f1inos como parabenos, siliconas y PEGs. Aromatizada de forma natural, sin perfumes sint\u00e9ticos. <\/p>\n<p><strong>200 ml \u2014 Aroma natural a melocot\u00f3n<\/strong><\/p>\n","protected":false},"featured_media":101845,"comment_status":"open","ping_status":"closed","template":"","meta":{"ocean_post_layout":"","ocean_both_sidebars_style":"","ocean_both_sidebars_content_width":[],"ocean_both_sidebars_sidebars_width":[],"ocean_sidebar":[""],"ocean_second_sidebar":[""],"ocean_disable_margins":["enable"],"ocean_add_body_class":"","ocean_shortcode_before_top_bar":"","ocean_shortcode_after_top_bar":"","ocean_shortcode_before_header":"","ocean_shortcode_after_header":"","ocean_has_shortcode":"","ocean_shortcode_after_title":"","ocean_shortcode_before_footer_widgets":"","ocean_shortcode_after_footer_widgets":"","ocean_shortcode_before_footer_bottom":"","ocean_shortcode_after_footer_bottom":"","ocean_display_top_bar":["default"],"ocean_display_header":["default"],"ocean_header_style":"","ocean_center_header_left_menu":[""],"ocean_custom_header_template":[""],"ocean_custom_logo":[],"ocean_custom_retina_logo":[],"ocean_custom_logo_max_width":[""],"ocean_custom_logo_tablet_max_width":[""],"ocean_custom_logo_mobile_max_width":[""],"ocean_custom_logo_max_height":[""],"ocean_custom_logo_tablet_max_height":[""],"ocean_custom_logo_mobile_max_height":[""],"ocean_header_custom_menu":[""],"ocean_menu_typo_font_family":[""],"ocean_menu_typo_font_subset":"","ocean_menu_typo_font_size":[],"ocean_menu_typo_font_size_tablet":0,"ocean_menu_typo_font_size_mobile":0,"ocean_menu_typo_font_size_unit":"px","ocean_menu_typo_font_weight":"","ocean_menu_typo_font_weight_tablet":"","ocean_menu_typo_font_weight_mobile":"","ocean_menu_typo_transform":"","ocean_menu_typo_transform_tablet":"","ocean_menu_typo_transform_mobile":"","ocean_menu_typo_line_height":[],"ocean_menu_typo_line_height_tablet":0,"ocean_menu_typo_line_height_mobile":0,"ocean_menu_typo_line_height_unit":"","ocean_menu_typo_spacing":[],"ocean_menu_typo_spacing_tablet":0,"ocean_menu_typo_spacing_mobile":0,"ocean_menu_typo_spacing_unit":"","ocean_menu_link_color":"","ocean_menu_link_color_hover":"","ocean_menu_link_color_active":"","ocean_menu_link_background":"","ocean_menu_link_hover_background":"","ocean_menu_link_active_background":"","ocean_menu_social_links_bg":"","ocean_menu_social_hover_links_bg":"","ocean_menu_social_links_color":"","ocean_menu_social_hover_links_color":"","ocean_disable_title":["default"],"ocean_disable_heading":["default"],"ocean_post_title":"","ocean_post_subheading":"","ocean_post_title_style":"","ocean_post_title_background_color":"","ocean_post_title_background":[],"ocean_post_title_bg_image_position":"","ocean_post_title_bg_image_attachment":"","ocean_post_title_bg_image_repeat":"","ocean_post_title_bg_image_size":"","ocean_post_title_height":[],"ocean_post_title_bg_overlay":[],"ocean_post_title_bg_overlay_color":"","ocean_disable_breadcrumbs":["default"],"ocean_breadcrumbs_color":"","ocean_breadcrumbs_separator_color":"","ocean_breadcrumbs_links_color":"","ocean_breadcrumbs_links_hover_color":"","ocean_display_footer_widgets":["default"],"ocean_display_footer_bottom":["default"],"ocean_custom_footer_template":[""],"_wp_page_template":["default"],"ocean_link_format_target":[],"ocean_quote_format_link":[],"_wp_old_date":[],"_edit_lock":["1693567812:1"],"_edit_last":["1"],"ocean_gallery_link_images":[],"osh_disable_topbar_sticky":[],"osh_disable_header_sticky":[],"_elementor_pro_version":[],"_oembed_e2253486b4ac832aa91022f965f4df74":[],"_elementor_version":[],"_oembed_time_e2253486b4ac832aa91022f965f4df74":[],"_genesis_description":["Presenta nuestra popular Crema Mineral de D\u00eda complementada con nuestra m\u00e1s pura Mantequilla Corporal de Coco y nuestro B\u00e1lsamo Labial de C\u00e1\u00f1amo."],"_yoast_wpseo_content_score":[],"_yoast_wpseo_primary_category":[],"_oembed_147307c9146127d25c8c9bc3fedbbdd2":[],"_oembed_time_147307c9146127d25c8c9bc3fedbbdd2":[],"_oembed_298cc3cf7783e9a730e0d30489c0767d":[],"_oembed_time_298cc3cf7783e9a730e0d30489c0767d":[],"_wp_old_slug":[],"_yoast_wpseo_focuskw":[],"_oembed_6ce714c902a6c8b37bfed747aa272afa":[],"_oembed_time_6ce714c902a6c8b37bfed747aa272afa":[],"_oembed_67fd97d2449b30f3b8aff7987461bdee":[],"_oembed_time_67fd97d2449b30f3b8aff7987461bdee":[],"_yoast_wpseo_linkdex":[],"_oembed_8c4ad389a55d131ee3502f96b92cd139":[],"_oembed_time_8c4ad389a55d131ee3502f96b92cd139":[],"_thumbnail_id":["101845"],"_wpml_media_duplicate":["1","1","1","1","1"],"_wpml_media_has_media":["1"],"_seopress_titles_desc":[],"_seopress_analysis_target_kw":[],"_seopress_robots_primary_cat":[],"rank_math_seo_score":[],"rank_math_contentai_score":[],"rank_math_focus_keyword":["mango body lotion"],"rank_math_title":[],"rank_math_description":[],"_elementor_controls_usage":[],"_ez-toc-disabled":[],"_ez-toc-insert":[],"_ez-toc-header-label":[],"_ez-toc-alignment":[],"_ez-toc-heading-levels":[],"_ez-toc-alttext":[],"_ez-toc-visibility_hide_by_default":[],"_ez-toc-hide_counter":[],"_ez-toc-exclude":[],"_ez-toc-position-specific":[],"rank_math_internal_links_processed":["1"],"rank_math_primary_category":[],"_wpml_media_featured":["1","1","1","1","1"],"_alp_processed":["1760076121","1760076121","1760076121"],"_wpml_word_count":["339"],"copied_media_ids":[],"referenced_media_ids":[],"_elementor_page_assets":[null],"_elementor_css":[],"_elementor_element_cache":[]},"product_brand":[],"product_cat":[194],"product_tag":[],"class_list":{"0":"post-64139","1":"product","2":"type-product","3":"status-publish","4":"has-post-thumbnail","6":"product_cat-uncategorized-es","7":"pa_amount-compra-2-ahorra-un-10","8":"pa_amount-compra-4-ahorra-un-20","9":"pa_amount-una-unidad","11":"entry","12":"has-media","14":"first","15":"instock","16":"taxable","17":"shipping-taxable","18":"purchasable","19":"product-type-variable","20":"has-rating","21":"has-product-nav","22":"col","23":"span_1_of_3","24":"owp-content-center","25":"owp-thumbs-layout-horizontal","26":"owp-btn-normal","27":"owp-tabs-layout-horizontal","29":"circle-sale"},"bundled_by":[],"bundle_stock_status":"instock","bundle_stock_quantity":null,"bundle_virtual":false,"bundle_layout":"","bundle_add_to_cart_form_location":"","bundle_editable_in_cart":false,"bundle_sold_individually_context":"","bundle_item_grouping":"","bundle_min_size":"","bundle_max_size":"","bundle_price":[],"bundled_items":[],"bundle_sell_ids":[],"jetpack_sharing_enabled":true,"_links":{"self":[{"href":"https:\/\/worryfreebackup.win\/es\/wp-json\/wp\/v2\/product\/64139","targetHints":{"allow":["GET"]}}],"collection":[{"href":"https:\/\/worryfreebackup.win\/es\/wp-json\/wp\/v2\/product"}],"about":[{"href":"https:\/\/worryfreebackup.win\/es\/wp-json\/wp\/v2\/types\/product"}],"replies":[{"embeddable":true,"href":"https:\/\/worryfreebackup.win\/es\/wp-json\/wp\/v2\/comments?post=64139"}],"version-history":[{"count":4,"href":"https:\/\/worryfreebackup.win\/es\/wp-json\/wp\/v2\/product\/64139\/revisions"}],"predecessor-version":[{"id":101982,"href":"https:\/\/worryfreebackup.win\/es\/wp-json\/wp\/v2\/product\/64139\/revisions\/101982"}],"wp:featuredmedia":[{"embeddable":true,"href":"https:\/\/worryfreebackup.win\/es\/wp-json\/wp\/v2\/media\/101845"}],"wp:attachment":[{"href":"https:\/\/worryfreebackup.win\/es\/wp-json\/wp\/v2\/media?parent=64139"}],"wp:term":[{"taxonomy":"product_brand","embeddable":true,"href":"https:\/\/worryfreebackup.win\/es\/wp-json\/wp\/v2\/product_brand?post=64139"},{"taxonomy":"product_cat","embeddable":true,"href":"https:\/\/worryfreebackup.win\/es\/wp-json\/wp\/v2\/product_cat?post=64139"},{"taxonomy":"product_tag","embeddable":true,"href":"https:\/\/worryfreebackup.win\/es\/wp-json\/wp\/v2\/product_tag?post=64139"}],"curies":[{"name":"wp","href":"https:\/\/api.w.org\/{rel}","templated":true}]}}