





{"id":77394,"date":"2008-05-23T12:52:59","date_gmt":"2024-05-23T13:08:44","guid":{"rendered":"https:\/\/suntribesunscreen.com\/product\/pruebalo-crema-solar-natural-mineral-deporte-fps-50-3-ml\/"},"modified":"2025-05-17T13:20:36","modified_gmt":"2025-05-17T13:20:36","slug":"pruebalo-crema-solar-natural-mineral-deporte-fps-50-3-ml","status":"publish","type":"product","link":"https:\/\/worryfreebackup.win\/es\/producto\/pruebalo-crema-solar-natural-mineral-deporte-fps-50-3-ml\/","title":{"rendered":"\u00a1Pru\u00e9balo! Crema Solar Natural Mineral Deporte FPS 50 (3 ml)"},"content":{"rendered":"<p style=\"text-align: left;\"><span style=\"font-weight: 400;\">Por fin puedes dejar de preocuparte por los ingredientes de tu crema solar \u2014 esta es segura para ti y para la naturaleza. Crema solar FPS 50 de alto rendimiento con una gran resistencia al agua y al sudor. Una innovadora combinaci\u00f3n de filtros UV minerales y Aceite de Pongamia Glabra hace que esta crema solar ecol\u00f3gica sea apenas visible a la vez que proporciona una protecci\u00f3n de amplio espectro cient\u00edficamente validada contra los rayos UVA y UVB. <\/span><\/p>\n<p><span style=\"font-weight: 400;\">Suave crema solar vegana y segura para los arrecifes con Aloe Vera calmante y Camomila relajante. No contiene al\u00e9rgenos y es adecuado para ni\u00f1os y pieles sensibles. <\/span><\/p>\n","protected":false},"excerpt":{"rendered":"<p><span style=\"font-weight: 400;\"><strong>CREMA SOLAR 100% NATURAL<\/strong> | Segura para usted y la naturaleza. Por fin una crema solar sin preocupaciones. <\/span><\/p>\n<p><span style=\"font-weight: 400;\"><strong>PROTECCI\u00d3N SOLAR DE ALTO RENDIMIENTO<\/strong> | Muy resistente al agua y al sudor. Se mantiene tanto en olas grandes como en actividades sudorosas en tierra. <\/span><\/p>\n<p><span style=\"font-weight: 400;\"><strong>POCO VISIBLE<\/strong> | La innovadora combinaci\u00f3n de filtros UV minerales y Aceite de Pongamia Glabra reduce el efecto blanqueador de esta crema solar sobre la piel.<\/span><\/p>\n<p><span style=\"font-weight: 400;\"><strong>ECOL\u00d2GICA &amp; SUAVE EN LA PIEL<\/strong> | Crema solar vegana con Aloe Vera calmante y Camomila relajante. Libre de al\u00e9rgenos y apto para ni\u00f1os y pieles sensibles. Aroma natural, sin fragancias sint\u00e9ticas.<\/span><\/p>\n<p><span style=\"font-weight: 400;\"><strong>FILTROS UV MINERALES<\/strong> | Protecci\u00f3n de amplio espectro cient\u00edficamente validada contra los rayos UVA y UVB gracias al \u00d3xido de Zinc y al Di\u00f3xido de Titanio sin nanopart\u00edculas. Seguro para los arrecifes.<\/span><\/p>\n<p><img decoding=\"async\" class=\"alignleft wp-image-84023\" src=\"https:\/\/suntribesunscreen.com\/wp-content\/uploads\/2021\/04\/SPF-50-4.jpg\" alt=\"\" width=\"600\" height=\"76\" srcset=\"https:\/\/worryfreebackup.win\/wp-content\/uploads\/2021\/04\/SPF-50-4.jpg 1688w, https:\/\/worryfreebackup.win\/wp-content\/uploads\/2021\/04\/SPF-50-4-700x89.jpg 700w, https:\/\/worryfreebackup.win\/wp-content\/uploads\/2021\/04\/SPF-50-4-1024x130.jpg 1024w, https:\/\/worryfreebackup.win\/wp-content\/uploads\/2021\/04\/SPF-50-4-768x97.jpg 768w, https:\/\/worryfreebackup.win\/wp-content\/uploads\/2021\/04\/SPF-50-4-1536x195.jpg 1536w, https:\/\/worryfreebackup.win\/wp-content\/uploads\/2021\/04\/SPF-50-4-1000x127.jpg 1000w\" sizes=\"(max-width: 600px) 100vw, 600px\" \/><\/p>\n<p>&nbsp;<\/p>\n<p>&nbsp;<\/p>\n<p>&nbsp;<\/p>\n<p><strong>3 ml \u2014 80 min resistente al agua \u2014 UVA &amp; UVB \u2014 Sin perfume \u2014 Sin tinte<\/strong><\/p>\n","protected":false},"featured_media":74424,"comment_status":"open","ping_status":"closed","template":"","meta":{"ocean_post_layout":"","ocean_both_sidebars_style":"","ocean_both_sidebars_content_width":[],"ocean_both_sidebars_sidebars_width":[],"ocean_sidebar":["0"],"ocean_second_sidebar":["0"],"ocean_disable_margins":[],"ocean_add_body_class":"","ocean_shortcode_before_top_bar":"","ocean_shortcode_after_top_bar":"","ocean_shortcode_before_header":"","ocean_shortcode_after_header":"","ocean_has_shortcode":"","ocean_shortcode_after_title":"","ocean_shortcode_before_footer_widgets":"","ocean_shortcode_after_footer_widgets":"","ocean_shortcode_before_footer_bottom":"","ocean_shortcode_after_footer_bottom":"","ocean_display_top_bar":[],"ocean_display_header":[],"ocean_header_style":"","ocean_center_header_left_menu":["0"],"ocean_custom_header_template":["0"],"ocean_custom_logo":[],"ocean_custom_retina_logo":[],"ocean_custom_logo_max_width":[""],"ocean_custom_logo_tablet_max_width":[""],"ocean_custom_logo_mobile_max_width":[""],"ocean_custom_logo_max_height":[""],"ocean_custom_logo_tablet_max_height":[""],"ocean_custom_logo_mobile_max_height":[""],"ocean_header_custom_menu":["0"],"ocean_menu_typo_font_family":["0"],"ocean_menu_typo_font_subset":"","ocean_menu_typo_font_size":[],"ocean_menu_typo_font_size_tablet":0,"ocean_menu_typo_font_size_mobile":0,"ocean_menu_typo_font_size_unit":"px","ocean_menu_typo_font_weight":"","ocean_menu_typo_font_weight_tablet":"","ocean_menu_typo_font_weight_mobile":"","ocean_menu_typo_transform":"","ocean_menu_typo_transform_tablet":"","ocean_menu_typo_transform_mobile":"","ocean_menu_typo_line_height":[],"ocean_menu_typo_line_height_tablet":0,"ocean_menu_typo_line_height_mobile":0,"ocean_menu_typo_line_height_unit":"","ocean_menu_typo_spacing":[],"ocean_menu_typo_spacing_tablet":0,"ocean_menu_typo_spacing_mobile":0,"ocean_menu_typo_spacing_unit":"","ocean_menu_link_color":"","ocean_menu_link_color_hover":"","ocean_menu_link_color_active":"","ocean_menu_link_background":"","ocean_menu_link_hover_background":"","ocean_menu_link_active_background":"","ocean_menu_social_links_bg":"","ocean_menu_social_hover_links_bg":"","ocean_menu_social_links_color":"","ocean_menu_social_hover_links_color":"","ocean_disable_title":[],"ocean_disable_heading":[],"ocean_post_title":"","ocean_post_subheading":"","ocean_post_title_style":"","ocean_post_title_background_color":"","ocean_post_title_background":[],"ocean_post_title_bg_image_position":"","ocean_post_title_bg_image_attachment":"","ocean_post_title_bg_image_repeat":"","ocean_post_title_bg_image_size":"","ocean_post_title_height":[],"ocean_post_title_bg_overlay":[],"ocean_post_title_bg_overlay_color":"","ocean_disable_breadcrumbs":[],"ocean_breadcrumbs_color":"","ocean_breadcrumbs_separator_color":"","ocean_breadcrumbs_links_color":"","ocean_breadcrumbs_links_hover_color":"","ocean_display_footer_widgets":[],"ocean_display_footer_bottom":[],"ocean_custom_footer_template":["0"],"_wp_page_template":["default"],"ocean_link_format_target":[],"ocean_quote_format_link":[],"_wp_old_date":[],"_edit_lock":[],"_edit_last":[],"ocean_gallery_link_images":[],"osh_disable_topbar_sticky":[],"osh_disable_header_sticky":[],"_elementor_pro_version":[],"_oembed_e2253486b4ac832aa91022f965f4df74":[],"_elementor_version":["0.4"],"_oembed_time_e2253486b4ac832aa91022f965f4df74":[],"_genesis_description":[],"_yoast_wpseo_content_score":[],"_yoast_wpseo_primary_category":[],"_oembed_147307c9146127d25c8c9bc3fedbbdd2":[],"_oembed_time_147307c9146127d25c8c9bc3fedbbdd2":[],"_oembed_298cc3cf7783e9a730e0d30489c0767d":[],"_oembed_time_298cc3cf7783e9a730e0d30489c0767d":[],"_wp_old_slug":[],"_yoast_wpseo_focuskw":[],"_oembed_6ce714c902a6c8b37bfed747aa272afa":[],"_oembed_time_6ce714c902a6c8b37bfed747aa272afa":[],"_oembed_67fd97d2449b30f3b8aff7987461bdee":[],"_oembed_time_67fd97d2449b30f3b8aff7987461bdee":[],"_yoast_wpseo_linkdex":[],"_oembed_8c4ad389a55d131ee3502f96b92cd139":[],"_oembed_time_8c4ad389a55d131ee3502f96b92cd139":[],"_thumbnail_id":["74424"],"_wpml_media_duplicate":["1"],"_wpml_media_has_media":[],"_seopress_titles_desc":[],"_seopress_analysis_target_kw":[],"_seopress_robots_primary_cat":[],"rank_math_seo_score":[],"rank_math_contentai_score":[],"rank_math_focus_keyword":[],"rank_math_title":[],"rank_math_description":[],"_elementor_controls_usage":[],"_ez-toc-disabled":[],"_ez-toc-insert":[],"_ez-toc-header-label":[],"_ez-toc-alignment":[],"_ez-toc-heading-levels":[],"_ez-toc-alttext":[],"_ez-toc-visibility_hide_by_default":[],"_ez-toc-hide_counter":[],"_ez-toc-exclude":[],"_ez-toc-position-specific":[],"rank_math_internal_links_processed":["1"],"rank_math_primary_category":[],"_wpml_media_featured":["1"],"_alp_processed":["1747488036"],"_wpml_word_count":["265"],"copied_media_ids":[],"referenced_media_ids":[],"_elementor_page_assets":[],"_elementor_css":[],"_elementor_element_cache":[]},"product_brand":[],"product_cat":[145],"product_tag":[],"class_list":{"0":"post-77394","1":"product","2":"type-product","3":"status-publish","4":"has-post-thumbnail","6":"product_cat-protectores-solares","7":"pa_amount-compra-2-ahorra-un-10","8":"pa_amount-compra-4-ahorra-un-20","9":"pa_amount-producto-de-muestra-3-ml","10":"pa_amount-una-unidad","12":"entry","13":"has-media","15":"first","16":"instock","17":"taxable","18":"shipping-taxable","19":"purchasable","20":"product-type-simple","21":"has-product-nav","22":"col","23":"span_1_of_3","24":"owp-content-center","25":"owp-thumbs-layout-horizontal","26":"owp-btn-normal","27":"owp-tabs-layout-horizontal","29":"circle-sale"},"bundled_by":[],"bundle_stock_status":"instock","bundle_stock_quantity":null,"bundle_virtual":false,"bundle_layout":"","bundle_add_to_cart_form_location":"","bundle_editable_in_cart":false,"bundle_sold_individually_context":"","bundle_item_grouping":"","bundle_min_size":"","bundle_max_size":"","bundle_price":[],"bundled_items":[],"bundle_sell_ids":[],"jetpack_sharing_enabled":true,"_links":{"self":[{"href":"https:\/\/worryfreebackup.win\/es\/wp-json\/wp\/v2\/product\/77394","targetHints":{"allow":["GET"]}}],"collection":[{"href":"https:\/\/worryfreebackup.win\/es\/wp-json\/wp\/v2\/product"}],"about":[{"href":"https:\/\/worryfreebackup.win\/es\/wp-json\/wp\/v2\/types\/product"}],"replies":[{"embeddable":true,"href":"https:\/\/worryfreebackup.win\/es\/wp-json\/wp\/v2\/comments?post=77394"}],"version-history":[{"count":3,"href":"https:\/\/worryfreebackup.win\/es\/wp-json\/wp\/v2\/product\/77394\/revisions"}],"predecessor-version":[{"id":92754,"href":"https:\/\/worryfreebackup.win\/es\/wp-json\/wp\/v2\/product\/77394\/revisions\/92754"}],"wp:featuredmedia":[{"embeddable":true,"href":"https:\/\/worryfreebackup.win\/es\/wp-json\/wp\/v2\/media\/74424"}],"wp:attachment":[{"href":"https:\/\/worryfreebackup.win\/es\/wp-json\/wp\/v2\/media?parent=77394"}],"wp:term":[{"taxonomy":"product_brand","embeddable":true,"href":"https:\/\/worryfreebackup.win\/es\/wp-json\/wp\/v2\/product_brand?post=77394"},{"taxonomy":"product_cat","embeddable":true,"href":"https:\/\/worryfreebackup.win\/es\/wp-json\/wp\/v2\/product_cat?post=77394"},{"taxonomy":"product_tag","embeddable":true,"href":"https:\/\/worryfreebackup.win\/es\/wp-json\/wp\/v2\/product_tag?post=77394"}],"curies":[{"name":"wp","href":"https:\/\/api.w.org\/{rel}","templated":true}]}}