





{"id":93533,"date":"2025-05-27T15:07:24","date_gmt":"2025-05-27T15:07:24","guid":{"rendered":"https:\/\/suntribesunscreen.com\/?post_type=product&#038;p=93533"},"modified":"2025-07-23T01:14:33","modified_gmt":"2025-07-23T01:14:33","slug":"balsamo-labial-ecologico-mineral-zinc-fps-50","status":"publish","type":"product","link":"https:\/\/worryfreebackup.win\/es\/producto\/balsamo-labial-ecologico-mineral-zinc-fps-50\/","title":{"rendered":"B\u00e1lsamo Labial Ecol\u00f3gico Mineral Zinc FPS 50"},"content":{"rendered":"<p>Por fin puedes dejar de preocuparte por los ingredientes de tu b\u00e1lsamo labial con protecci\u00f3n solar: este es seguro para ti y para la naturaleza. Nuestro b\u00e1lsamo labial SPF 50 est\u00e1 dise\u00f1ado para acompa\u00f1arte en cualquier actividad al aire libre, proporcionando protecci\u00f3n duradera con un ligero brillo blanco. <\/p>\n<p>Este potente b\u00e1lsamo labial contiene \u00f3xido de zinc sin nanopart\u00edculas, garantizando una eficaz protecci\u00f3n UVA y UVB de amplio espectro. Su combinaci\u00f3n de aceite de coco ecol\u00f3gico y manteca de cacao proporciona una hidrataci\u00f3n profunda, dejando tus labios suaves y protegidos en todas tus aventuras.  <\/p>\n<p>Adem\u00e1s, es libre de al\u00e9rgenos, por lo que incluso las pieles m\u00e1s sensibles pueden disfrutar de su cuidado y protecci\u00f3n sin preocupaciones.<\/p>\n","protected":false},"excerpt":{"rendered":"<p><span style=\"font-weight: 400;\"><strong>B\u00c1LSAMO LABIAL 100% NATURAL <\/strong>| Seguro para ti y para la naturaleza. Descubre un b\u00e1lsamo labial con protector solar que cuida tus labios sin preocupaciones. <\/span><\/p>\n<p><span style=\"font-weight: 400;\"><strong>BRILLO BLANCO<\/strong> | Protecci\u00f3n visible para actividades deportivas y aventuras al aire libre.<\/span><\/p>\n<p><span style=\"font-weight: 400;\"><strong>FILTRO UV MINERAL<\/strong> | Protecci\u00f3n de amplio espectro cient\u00edficamente validada contra los rayos UVA y UVB gracias al \u00d2xido de Zinc sin nanopart\u00edculas. Seguro para los arrecifes.<\/span><\/p>\n<p><span style=\"font-weight: 400;\"><strong>ECOL\u00d3GICO &amp; SUAVE<\/strong> | B\u00e1lsamo labial vegano, enriquecido con aceite de coco ecol\u00f3gico y manteca de cacao ecol\u00f3gica para una hidrataci\u00f3n profunda. Libre de al\u00e9rgenos y apto para ni\u00f1os y pieles sensibles. Aroma natural, sin fragancias sint\u00e9ticas.<\/span><\/p>\n<p><span style=\"font-weight: 400;\"><strong>IMPULSO REPARADOR<\/strong> | Enriquecido con extracto de zanahoria para una dosis saludable de antioxidantes y beneficios reparadores, complementado con vitamina E para calmar y curar tus labios.<\/span><\/p>\n<p><strong>5 g \u2014 Aroma natural de vainilla y melocot\u00f3n<\/strong><\/p>\n","protected":false},"featured_media":101616,"comment_status":"open","ping_status":"closed","template":"","meta":{"ocean_post_layout":"","ocean_both_sidebars_style":"","ocean_both_sidebars_content_width":[""],"ocean_both_sidebars_sidebars_width":[""],"ocean_sidebar":["0"],"ocean_second_sidebar":["0"],"ocean_disable_margins":[],"ocean_add_body_class":"","ocean_shortcode_before_top_bar":"","ocean_shortcode_after_top_bar":"","ocean_shortcode_before_header":"","ocean_shortcode_after_header":"","ocean_has_shortcode":"","ocean_shortcode_after_title":"","ocean_shortcode_before_footer_widgets":"","ocean_shortcode_after_footer_widgets":"","ocean_shortcode_before_footer_bottom":"","ocean_shortcode_after_footer_bottom":"","ocean_display_top_bar":[],"ocean_display_header":[],"ocean_header_style":"","ocean_center_header_left_menu":["0"],"ocean_custom_header_template":["0"],"ocean_custom_logo":["0"],"ocean_custom_retina_logo":["0"],"ocean_custom_logo_max_width":[""],"ocean_custom_logo_tablet_max_width":[""],"ocean_custom_logo_mobile_max_width":[""],"ocean_custom_logo_max_height":[""],"ocean_custom_logo_tablet_max_height":[""],"ocean_custom_logo_mobile_max_height":[""],"ocean_header_custom_menu":["0"],"ocean_menu_typo_font_family":["0"],"ocean_menu_typo_font_subset":"","ocean_menu_typo_font_size":[""],"ocean_menu_typo_font_size_tablet":0,"ocean_menu_typo_font_size_mobile":0,"ocean_menu_typo_font_size_unit":"px","ocean_menu_typo_font_weight":"","ocean_menu_typo_font_weight_tablet":"","ocean_menu_typo_font_weight_mobile":"","ocean_menu_typo_transform":"","ocean_menu_typo_transform_tablet":"","ocean_menu_typo_transform_mobile":"","ocean_menu_typo_line_height":[""],"ocean_menu_typo_line_height_tablet":0,"ocean_menu_typo_line_height_mobile":0,"ocean_menu_typo_line_height_unit":"","ocean_menu_typo_spacing":[""],"ocean_menu_typo_spacing_tablet":0,"ocean_menu_typo_spacing_mobile":0,"ocean_menu_typo_spacing_unit":"","ocean_menu_link_color":"","ocean_menu_link_color_hover":"","ocean_menu_link_color_active":"","ocean_menu_link_background":"","ocean_menu_link_hover_background":"","ocean_menu_link_active_background":"","ocean_menu_social_links_bg":"","ocean_menu_social_hover_links_bg":"","ocean_menu_social_links_color":"","ocean_menu_social_hover_links_color":"","ocean_disable_title":[],"ocean_disable_heading":[],"ocean_post_title":"","ocean_post_subheading":"","ocean_post_title_style":"","ocean_post_title_background_color":"","ocean_post_title_background":[""],"ocean_post_title_bg_image_position":"","ocean_post_title_bg_image_attachment":"","ocean_post_title_bg_image_repeat":"","ocean_post_title_bg_image_size":"","ocean_post_title_height":[""],"ocean_post_title_bg_overlay":["0.5"],"ocean_post_title_bg_overlay_color":"","ocean_disable_breadcrumbs":[],"ocean_breadcrumbs_color":"","ocean_breadcrumbs_separator_color":"","ocean_breadcrumbs_links_color":"","ocean_breadcrumbs_links_hover_color":"","ocean_display_footer_widgets":[],"ocean_display_footer_bottom":[],"ocean_custom_footer_template":["0"],"_wp_page_template":["default"],"ocean_link_format_target":[],"ocean_quote_format_link":[],"_wp_old_date":["2025-05-27"],"_edit_lock":["1748596937:1"],"_edit_last":["1"],"ocean_gallery_link_images":[],"osh_disable_topbar_sticky":["default"],"osh_disable_header_sticky":["default"],"_elementor_pro_version":[],"_oembed_e2253486b4ac832aa91022f965f4df74":[],"_elementor_version":["0.4"],"_oembed_time_e2253486b4ac832aa91022f965f4df74":[],"_genesis_description":[],"_yoast_wpseo_content_score":[],"_yoast_wpseo_primary_category":[],"_oembed_147307c9146127d25c8c9bc3fedbbdd2":[],"_oembed_time_147307c9146127d25c8c9bc3fedbbdd2":[],"_oembed_298cc3cf7783e9a730e0d30489c0767d":[],"_oembed_time_298cc3cf7783e9a730e0d30489c0767d":[],"_wp_old_slug":[],"_yoast_wpseo_focuskw":[],"_oembed_6ce714c902a6c8b37bfed747aa272afa":[],"_oembed_time_6ce714c902a6c8b37bfed747aa272afa":[],"_oembed_67fd97d2449b30f3b8aff7987461bdee":[],"_oembed_time_67fd97d2449b30f3b8aff7987461bdee":[],"_yoast_wpseo_linkdex":[],"_oembed_8c4ad389a55d131ee3502f96b92cd139":[],"_oembed_time_8c4ad389a55d131ee3502f96b92cd139":[],"_thumbnail_id":["101616"],"_wpml_media_duplicate":["1"],"_wpml_media_has_media":[],"_seopress_titles_desc":[],"_seopress_analysis_target_kw":[],"_seopress_robots_primary_cat":[],"rank_math_seo_score":[],"rank_math_contentai_score":[],"rank_math_focus_keyword":[],"rank_math_title":[],"rank_math_description":[],"_elementor_controls_usage":[null],"_ez-toc-disabled":[],"_ez-toc-insert":[],"_ez-toc-header-label":[],"_ez-toc-alignment":[],"_ez-toc-heading-levels":[],"_ez-toc-alttext":[],"_ez-toc-visibility_hide_by_default":[],"_ez-toc-hide_counter":[],"_ez-toc-exclude":[],"_ez-toc-position-specific":[],"rank_math_internal_links_processed":[],"rank_math_primary_category":[],"_wpml_media_featured":["1"],"_alp_processed":["1753233273"],"_wpml_word_count":["291"],"copied_media_ids":[],"referenced_media_ids":[],"_elementor_page_assets":[],"_elementor_css":[],"_elementor_element_cache":[]},"product_brand":[],"product_cat":[146],"product_tag":[],"class_list":{"0":"post-93533","1":"product","2":"type-product","3":"status-publish","4":"has-post-thumbnail","6":"product_cat-cremas-hidratantes","7":"pa_amount-llevate-2-ahorra-un-10","8":"pa_amount-llevate-4-ahorra-un-15","9":"pa_amount-una-unidad","11":"entry","12":"has-media","14":"first","15":"instock","16":"sale","17":"taxable","18":"shipping-taxable","19":"purchasable","20":"product-type-variable","21":"has-product-nav","22":"col","23":"span_1_of_3","24":"owp-content-center","25":"owp-thumbs-layout-horizontal","26":"owp-btn-normal","27":"owp-tabs-layout-horizontal","29":"circle-sale"},"bundled_by":[],"bundle_stock_status":"instock","bundle_stock_quantity":null,"bundle_virtual":false,"bundle_layout":"","bundle_add_to_cart_form_location":"","bundle_editable_in_cart":false,"bundle_sold_individually_context":"","bundle_item_grouping":"","bundle_min_size":"","bundle_max_size":"","bundle_price":[],"bundled_items":[],"bundle_sell_ids":[],"jetpack_sharing_enabled":true,"_links":{"self":[{"href":"https:\/\/worryfreebackup.win\/es\/wp-json\/wp\/v2\/product\/93533","targetHints":{"allow":["GET"]}}],"collection":[{"href":"https:\/\/worryfreebackup.win\/es\/wp-json\/wp\/v2\/product"}],"about":[{"href":"https:\/\/worryfreebackup.win\/es\/wp-json\/wp\/v2\/types\/product"}],"replies":[{"embeddable":true,"href":"https:\/\/worryfreebackup.win\/es\/wp-json\/wp\/v2\/comments?post=93533"}],"version-history":[{"count":3,"href":"https:\/\/worryfreebackup.win\/es\/wp-json\/wp\/v2\/product\/93533\/revisions"}],"predecessor-version":[{"id":98410,"href":"https:\/\/worryfreebackup.win\/es\/wp-json\/wp\/v2\/product\/93533\/revisions\/98410"}],"wp:featuredmedia":[{"embeddable":true,"href":"https:\/\/worryfreebackup.win\/es\/wp-json\/wp\/v2\/media\/101616"}],"wp:attachment":[{"href":"https:\/\/worryfreebackup.win\/es\/wp-json\/wp\/v2\/media?parent=93533"}],"wp:term":[{"taxonomy":"product_brand","embeddable":true,"href":"https:\/\/worryfreebackup.win\/es\/wp-json\/wp\/v2\/product_brand?post=93533"},{"taxonomy":"product_cat","embeddable":true,"href":"https:\/\/worryfreebackup.win\/es\/wp-json\/wp\/v2\/product_cat?post=93533"},{"taxonomy":"product_tag","embeddable":true,"href":"https:\/\/worryfreebackup.win\/es\/wp-json\/wp\/v2\/product_tag?post=93533"}],"curies":[{"name":"wp","href":"https:\/\/api.w.org\/{rel}","templated":true}]}}