





{"id":35143,"date":"2021-04-25T08:12:58","date_gmt":"2021-04-25T08:12:58","guid":{"rendered":"http:\/\/suntribesunscreen.com\/conditions-generales\/"},"modified":"2025-09-07T22:51:03","modified_gmt":"2025-09-07T22:51:03","slug":"conditions-generales","status":"publish","type":"page","link":"https:\/\/worryfreebackup.win\/fr\/conditions-generales\/","title":{"rendered":"Conditions g\u00e9n\u00e9rales"},"content":{"rendered":"\t\t<div data-elementor-type=\"wp-post\" data-elementor-id=\"35143\" class=\"elementor elementor-35143 elementor-3586\" data-elementor-post-type=\"page\">\n\t\t\t\t\t\t<section class=\"elementor-section elementor-top-section elementor-element elementor-element-60cb950e elementor-section-stretched elementor-section-full_width elementor-section-content-top elementor-section-height-default elementor-section-height-default\" data-id=\"60cb950e\" data-element_type=\"section\" data-e-type=\"section\" data-settings=\"{&quot;background_background&quot;:&quot;gradient&quot;,&quot;stretch_section&quot;:&quot;section-stretched&quot;}\">\n\t\t\t\t\t\t\t<div class=\"elementor-background-overlay\"><\/div>\n\t\t\t\t\t\t\t<div class=\"elementor-container elementor-column-gap-no\">\n\t\t\t\t\t<div class=\"elementor-column elementor-col-100 elementor-top-column elementor-element elementor-element-42b5581e\" data-id=\"42b5581e\" data-element_type=\"column\" data-e-type=\"column\">\n\t\t\t<div class=\"elementor-widget-wrap elementor-element-populated\">\n\t\t\t\t\t\t<div class=\"elementor-element elementor-element-2f0c8023 elementor-widget elementor-widget-heading\" data-id=\"2f0c8023\" data-element_type=\"widget\" data-e-type=\"widget\" data-widget_type=\"heading.default\">\n\t\t\t\t<div class=\"elementor-widget-container\">\n\t\t\t\t\t<h2 class=\"elementor-heading-title elementor-size-default\">Conditions g\u00e9n\u00e9rales<\/h2>\t\t\t\t<\/div>\n\t\t\t\t<\/div>\n\t\t\t\t\t<\/div>\n\t\t<\/div>\n\t\t\t\t\t<\/div>\n\t\t<\/section>\n\t\t\t\t<section class=\"elementor-section elementor-top-section elementor-element elementor-element-31f14dff elementor-section-boxed elementor-section-height-default elementor-section-height-default\" data-id=\"31f14dff\" data-element_type=\"section\" data-e-type=\"section\">\n\t\t\t\t\t\t<div class=\"elementor-container elementor-column-gap-default\">\n\t\t\t\t\t<div class=\"elementor-column elementor-col-100 elementor-top-column elementor-element elementor-element-7935fd30\" data-id=\"7935fd30\" data-element_type=\"column\" data-e-type=\"column\">\n\t\t\t<div class=\"elementor-widget-wrap elementor-element-populated\">\n\t\t\t\t\t\t<div class=\"elementor-element elementor-element-1cd519ec elementor-widget elementor-widget-text-editor\" data-id=\"1cd519ec\" data-element_type=\"widget\" data-e-type=\"widget\" data-widget_type=\"text-editor.default\">\n\t\t\t\t<div class=\"elementor-widget-container\">\n\t\t\t\t\t\t\t\t\t<p>Cher internaute du web,&nbsp;<\/p>\n<p>Vous trouverez ici les conditions g\u00e9n\u00e9rales (les \u00ab\u00a0Conditions\u00a0\u00bb) qui s&rsquo;appliquent lorsque vous (l'\u00a0\u00bbUtilisateur\u00a0\u00bb) acc\u00e9dez \u00e0 http:\/\/suntribesunscreen.com et \u00e0 toutes ses sous-pages (le \u00ab\u00a0Site\u00a0\u00bb, le \u00ab\u00a0Service\u00a0\u00bb) ou passez des commandes de produits.<br><\/p>\t\t\t\t\t\t\t\t<\/div>\n\t\t\t\t<\/div>\n\t\t\t\t<div class=\"elementor-element elementor-element-a1585b6 elementor-widget elementor-widget-heading\" data-id=\"a1585b6\" data-element_type=\"widget\" data-e-type=\"widget\" data-widget_type=\"heading.default\">\n\t\t\t\t<div class=\"elementor-widget-container\">\n\t\t\t\t\t<h2 class=\"elementor-heading-title elementor-size-default\">1. Clients priv\u00e9s: Prix, livraison et retours\n<\/h2>\t\t\t\t<\/div>\n\t\t\t\t<\/div>\n\t\t\t\t<div class=\"elementor-element elementor-element-c72ccce elementor-widget elementor-widget-text-editor\" data-id=\"c72ccce\" data-element_type=\"widget\" data-e-type=\"widget\" data-widget_type=\"text-editor.default\">\n\t\t\t\t<div class=\"elementor-widget-container\">\n\t\t\t\t\t\t\t\t\t<p><b>1.1<\/b> Les d\u00e9lais de livraison sont plus longs plus vous \u00eates \u00e9loign\u00e9 de nous (notre entrep\u00f4t est en Su\u00e8de). Vous trouvez les derni\u00e8res estimations de livraison sur la page boutique et les pages produits. <\/p><p><b>1.2<\/b> Tous les prix incluent la TVA pour les clients bas\u00e9s dans l\u2019UE, et sont indiqu\u00e9s hors TVA pour tous les clients commandant en dehors de l\u2019UE.<\/p><p><b>1.3<\/b> Nous voulons que vous soyez enti\u00e8rement satisfait de nos produits. Si vous n\u2019\u00eates pas satisfait de quelque fa\u00e7on que ce soit ou si vous avez des questions avant, pendant ou apr\u00e8s la commande, <a href=\"mailto:contact@suntribesunscreen.com\">envoyez-nous un e-mail \u00e0 contact@suntribesunscreen.com<\/a> et nous vous rembourserons votre argent. Vous trouverez d\u2019autres moyens de nous contacter sur notre page de contact.<\/p>\t\t\t\t\t\t\t\t<\/div>\n\t\t\t\t<\/div>\n\t\t\t\t<div class=\"elementor-element elementor-element-1b1f0d1 elementor-widget elementor-widget-heading\" data-id=\"1b1f0d1\" data-element_type=\"widget\" data-e-type=\"widget\" data-widget_type=\"heading.default\">\n\t\t\t\t<div class=\"elementor-widget-container\">\n\t\t\t\t\t<h2 class=\"elementor-heading-title elementor-size-default\">2. Obligations l\u00e9gales et limitation de la responsabilit\u00e9<\/h2>\t\t\t\t<\/div>\n\t\t\t\t<\/div>\n\t\t\t\t<div class=\"elementor-element elementor-element-848f451 elementor-widget elementor-widget-text-editor\" data-id=\"848f451\" data-element_type=\"widget\" data-e-type=\"widget\" data-widget_type=\"text-editor.default\">\n\t\t\t\t<div class=\"elementor-widget-container\">\n\t\t\t\t\t\t\t\t\t<p><strong>2.1<\/strong> Bien que nous faisons de notre mieux pour nous assurer que les renseignements sur ce site Web sont exacts, nous ne justifions pas son exhaustivit\u00e9 ou son exactitude; nous ne nous engageons pas non plus \u00e0 nous assurer que le site Web reste disponible ou que le mat\u00e9riel sur le site Web est tenu \u00e0 jour. Toutes les informations pr\u00e9sent\u00e9es, ainsi que les liens connexes, sont fournies uniquement pour des informations g\u00e9n\u00e9rales. Consultez votre m\u00e9decin ou votre fournisseur de soins de sant\u00e9 pour toute affection ou pr\u00e9occupation particuli\u00e8re que vous avez. Utilisez l\u2019information et tous les produits ou ingr\u00e9dients sugg\u00e9r\u00e9s sur ce site \u00e0 vos propres risques. Nous n\u2019assumons aucune responsabilit\u00e9 pour l\u2019utilisation et l\u2019application correctes de notre produit et les cons\u00e9quences qui en r\u00e9sultent, telles que les coups de soleil ou les l\u00e9sions cutan\u00e9es.<\/p><p><strong>2.2<\/strong> Chaque section de ces conditions g\u00e9n\u00e9rales est valide en soi. Si une partie ou une disposition de ces conditions est d\u00e9clar\u00e9e invalide par un tribunal comp\u00e9tent ou un arbitre, toutes les autres parties demeurent valides.<\/p><p><strong>2.3<\/strong> Nous ferons de notre mieux pour r\u00e9gler tout diff\u00e9rend au sujet de ces conditions. La loi su\u00e9doise pertinente s\u2019applique.<\/p>\t\t\t\t\t\t\t\t<\/div>\n\t\t\t\t<\/div>\n\t\t\t\t\t<\/div>\n\t\t<\/div>\n\t\t\t\t\t<\/div>\n\t\t<\/section>\n\t\t\t\t<\/div>\n\t\t","protected":false},"excerpt":{"rendered":"<p>Conditions g\u00e9n\u00e9rales Cher internaute du web,&nbsp; Vous trouverez ici les conditions g\u00e9n\u00e9rales (les \u00ab\u00a0Conditions\u00a0\u00bb) qui s&rsquo;appliquent lorsque vous (l&rsquo;\u00a0\u00bbUtilisateur\u00a0\u00bb) acc\u00e9dez \u00e0 http:\/\/suntribesunscreen.com et \u00e0 toutes ses sous-pages (le \u00ab\u00a0Site\u00a0\u00bb, le \u00ab\u00a0Service\u00a0\u00bb) ou passez des commandes de produits. 1. Clients priv\u00e9s: Prix, livraison et retours 1.1 Les d\u00e9lais de livraison sont plus longs plus vous \u00eates [&hellip;]<\/p>\n","protected":false},"author":1,"featured_media":0,"parent":0,"menu_order":9,"comment_status":"closed","ping_status":"closed","template":"elementor_header_footer","meta":{"ocean_post_layout":"","ocean_both_sidebars_style":"","ocean_both_sidebars_content_width":[],"ocean_both_sidebars_sidebars_width":[],"ocean_sidebar":["0"],"ocean_second_sidebar":["0"],"ocean_disable_margins":["enable"],"ocean_add_body_class":"","ocean_shortcode_before_top_bar":"","ocean_shortcode_after_top_bar":"","ocean_shortcode_before_header":"","ocean_shortcode_after_header":"","ocean_has_shortcode":"","ocean_shortcode_after_title":"","ocean_shortcode_before_footer_widgets":"","ocean_shortcode_after_footer_widgets":"","ocean_shortcode_before_footer_bottom":"","ocean_shortcode_after_footer_bottom":"","ocean_display_top_bar":["default"],"ocean_display_header":["default"],"ocean_header_style":"","ocean_center_header_left_menu":["0"],"ocean_custom_header_template":["0"],"ocean_custom_logo":[],"ocean_custom_retina_logo":[],"ocean_custom_logo_max_width":[],"ocean_custom_logo_tablet_max_width":[],"ocean_custom_logo_mobile_max_width":[],"ocean_custom_logo_max_height":[],"ocean_custom_logo_tablet_max_height":[],"ocean_custom_logo_mobile_max_height":[],"ocean_header_custom_menu":["0"],"ocean_menu_typo_font_family":["0"],"ocean_menu_typo_font_subset":"","ocean_menu_typo_font_size":[],"ocean_menu_typo_font_size_tablet":0,"ocean_menu_typo_font_size_mobile":0,"ocean_menu_typo_font_size_unit":"px","ocean_menu_typo_font_weight":"","ocean_menu_typo_font_weight_tablet":"","ocean_menu_typo_font_weight_mobile":"","ocean_menu_typo_transform":"","ocean_menu_typo_transform_tablet":"","ocean_menu_typo_transform_mobile":"","ocean_menu_typo_line_height":[],"ocean_menu_typo_line_height_tablet":0,"ocean_menu_typo_line_height_mobile":0,"ocean_menu_typo_line_height_unit":"","ocean_menu_typo_spacing":[],"ocean_menu_typo_spacing_tablet":0,"ocean_menu_typo_spacing_mobile":0,"ocean_menu_typo_spacing_unit":"","ocean_menu_link_color":"","ocean_menu_link_color_hover":"","ocean_menu_link_color_active":"","ocean_menu_link_background":"","ocean_menu_link_hover_background":"","ocean_menu_link_active_background":"","ocean_menu_social_links_bg":"","ocean_menu_social_hover_links_bg":"","ocean_menu_social_links_color":"","ocean_menu_social_hover_links_color":"","ocean_disable_title":["on"],"ocean_disable_heading":["default"],"ocean_post_title":"","ocean_post_subheading":"","ocean_post_title_style":"","ocean_post_title_background_color":"","ocean_post_title_background":[],"ocean_post_title_bg_image_position":"","ocean_post_title_bg_image_attachment":"","ocean_post_title_bg_image_repeat":"","ocean_post_title_bg_image_size":"","ocean_post_title_height":[],"ocean_post_title_bg_overlay":[],"ocean_post_title_bg_overlay_color":"","ocean_disable_breadcrumbs":["default"],"ocean_breadcrumbs_color":"","ocean_breadcrumbs_separator_color":"","ocean_breadcrumbs_links_color":"","ocean_breadcrumbs_links_hover_color":"","ocean_display_footer_widgets":["default"],"ocean_display_footer_bottom":["default"],"ocean_custom_footer_template":["0"],"_wp_page_template":["elementor_header_footer"],"ocean_link_format_target":[],"ocean_quote_format_link":[],"_wp_old_date":[],"_edit_lock":["1623326217:718"],"_edit_last":[],"ocean_gallery_link_images":[],"osh_disable_topbar_sticky":[],"osh_disable_header_sticky":[],"_elementor_pro_version":[],"_oembed_e2253486b4ac832aa91022f965f4df74":[],"_elementor_version":["3.28.3"],"_oembed_time_e2253486b4ac832aa91022f965f4df74":[],"_genesis_description":[],"_yoast_wpseo_content_score":[],"_yoast_wpseo_primary_category":[],"_oembed_147307c9146127d25c8c9bc3fedbbdd2":[],"_oembed_time_147307c9146127d25c8c9bc3fedbbdd2":[],"_oembed_298cc3cf7783e9a730e0d30489c0767d":[],"_oembed_time_298cc3cf7783e9a730e0d30489c0767d":[],"_wp_old_slug":[],"_yoast_wpseo_focuskw":[],"_oembed_6ce714c902a6c8b37bfed747aa272afa":[],"_oembed_time_6ce714c902a6c8b37bfed747aa272afa":[],"_oembed_67fd97d2449b30f3b8aff7987461bdee":[],"_oembed_time_67fd97d2449b30f3b8aff7987461bdee":[],"_yoast_wpseo_linkdex":[],"_oembed_8c4ad389a55d131ee3502f96b92cd139":[],"_oembed_time_8c4ad389a55d131ee3502f96b92cd139":[],"_thumbnail_id":[],"_wpml_media_duplicate":["1"],"_wpml_media_has_media":[],"_seopress_titles_desc":[],"_seopress_analysis_target_kw":[],"_seopress_robots_primary_cat":[],"rank_math_seo_score":[],"rank_math_contentai_score":[],"rank_math_focus_keyword":[],"rank_math_title":[],"rank_math_description":[],"_elementor_controls_usage":[],"_ez-toc-disabled":[],"_ez-toc-insert":[],"_ez-toc-header-label":[],"_ez-toc-alignment":[],"_ez-toc-heading-levels":[],"_ez-toc-alttext":[],"_ez-toc-visibility_hide_by_default":[],"_ez-toc-hide_counter":[],"_ez-toc-exclude":[],"_ez-toc-position-specific":[],"rank_math_internal_links_processed":["1"],"rank_math_primary_category":[],"_wpml_media_featured":["1"],"_alp_processed":["1757285463"],"_wpml_word_count":["401"],"copied_media_ids":[],"referenced_media_ids":[],"footnotes":""},"class_list":["post-35143","page","type-page","status-publish","hentry","entry","owp-thumbs-layout-horizontal","owp-btn-normal","owp-tabs-layout-horizontal","has-no-thumbnails","has-product-nav","circle-sale"],"jetpack_sharing_enabled":true,"_links":{"self":[{"href":"https:\/\/worryfreebackup.win\/fr\/wp-json\/wp\/v2\/pages\/35143","targetHints":{"allow":["GET"]}}],"collection":[{"href":"https:\/\/worryfreebackup.win\/fr\/wp-json\/wp\/v2\/pages"}],"about":[{"href":"https:\/\/worryfreebackup.win\/fr\/wp-json\/wp\/v2\/types\/page"}],"author":[{"embeddable":true,"href":"https:\/\/worryfreebackup.win\/fr\/wp-json\/wp\/v2\/users\/1"}],"replies":[{"embeddable":true,"href":"https:\/\/worryfreebackup.win\/fr\/wp-json\/wp\/v2\/comments?post=35143"}],"version-history":[{"count":2,"href":"https:\/\/worryfreebackup.win\/fr\/wp-json\/wp\/v2\/pages\/35143\/revisions"}],"predecessor-version":[{"id":101000,"href":"https:\/\/worryfreebackup.win\/fr\/wp-json\/wp\/v2\/pages\/35143\/revisions\/101000"}],"wp:attachment":[{"href":"https:\/\/worryfreebackup.win\/fr\/wp-json\/wp\/v2\/media?parent=35143"}],"curies":[{"name":"wp","href":"https:\/\/api.w.org\/{rel}","templated":true}]}}