





{"id":34299,"date":"2021-04-26T08:49:27","date_gmt":"2021-04-26T08:49:27","guid":{"rendered":"http:\/\/suntribesunscreen.com\/product\/creme-solaire-minerale-toute-naturelle-pour-enfant-spf-30-suntribe\/"},"modified":"2026-02-08T15:25:46","modified_gmt":"2026-02-08T15:25:46","slug":"suntribe-naturelle-mineral-bebe-enfants-creme-solaire-spf-30","status":"publish","type":"product","link":"https:\/\/worryfreebackup.win\/fr\/produit\/suntribe-naturelle-mineral-bebe-enfants-creme-solaire-spf-30\/","title":{"rendered":"Cr\u00e8me Solaire Min\u00e9rale Bio B\u00e9b\u00e9 &amp; Enfants SPF 30"},"content":{"rendered":"<p><span style=\"font-weight: 400;\">Enfin une cr\u00e8me solaire pour les enfants et les b\u00e9b\u00e9s de plus de 6 mois dont vous n&rsquo;avez pas \u00e0 vous soucier des ingr\u00e9dients. Compos\u00e9e d&rsquo;oxyde de zinc sans nanoparticules, cette cr\u00e8me solaire biologique et min\u00e9rale offre une protection s\u00fbre \u00e0 large spectre contre les UVA et les UVB d\u00e8s la premi\u00e8re application. Sans allerg\u00e8nes et soigneusement formul\u00e9e pour la peau sensible des enfants et des b\u00e9b\u00e9s. Ne pique pas en cas de contact avec les yeux.<\/span><\/p>\n<p><span style=\"font-weight: 400;\">Pr\u00e9sent\u00e9e dans un tube innovant en canne \u00e0 sucre, elle laisse une l\u00e9g\u00e8re trace blanche qui vous permet de voir facilement o\u00f9 votre enfant est prot\u00e9g\u00e9 du soleil. Formule naturelle douce avec un d\u00e9licieux parfum de vanille qui rend cette cr\u00e8me solaire irr\u00e9sistible pour les enfants comme pour les adultes.<\/span><\/p>\n","protected":false},"excerpt":{"rendered":"<p style=\"text-align: left;\"><span style=\"font-weight: 400;\"><strong>\u00ab\u00a0Meilleure cr\u00e8me solaire min\u00e9rale\u00a0\u00bb<\/strong> selon <a href=\"https:\/\/www.independent.co.uk\/extras\/indybest\/kids\/best-sunscreen-kids-sun-cream-children-face-spf-protection-lotion-uva-uvb-a9526726.html\">The Independent UK<\/a><\/span><\/p>\n<p style=\"text-align: left;\"><span style=\"font-weight: 400;\"><strong>CR\u00c8ME SOLAIRE 100% NATURELLE POUR ENFANTS<\/strong> | Enfin une cr\u00e8me solaire pour enfants o\u00f9 vous n&rsquo;avez pas \u00e0 vous soucier des ingr\u00e9dients, dans un tube de canne \u00e0 sucre respectueux de l&rsquo;environnement.<\/span><\/p>\n<p><span style=\"font-weight: 400;\"><strong>BIO &amp; DOUX POUR LA PEAU<\/strong> | Sans allerg\u00e8nes et soigneusement formul\u00e9 pour la peau sensible des enfants et des b\u00e9b\u00e9s. Le parfum naturel de vanille facilite l&rsquo;application.<\/span><\/p>\n<p><span style=\"font-weight: 400;\"><strong>FILTRE UV MIN\u00c9RAL<\/strong> | Protection \u00e0 large spectre scientifiquement valid\u00e9e contre les UVA et les UVB gr\u00e2ce \u00e0 l&rsquo;oxyde de zinc sans nanoparticules. Bloque 97% des rayons UVB. R\u00e9sistant \u00e0 l&rsquo;eau. Sans danger pour les r\u00e9cifs et biod\u00e9gradable<\/span><\/p>\n<p><span style=\"font-weight: 400;\"><strong>PROTECTION VISIBLE<\/strong> | Donne une indication visible de l&rsquo;endroit o\u00f9 la peau est prot\u00e9g\u00e9e afin que vous ne manquiez aucune tache. <\/span><\/p>\n<p><span style=\"font-weight: 400;\"><strong>0% D&rsquo;ADDITIFS<\/strong> | Enfin une cr\u00e8me solaire sans souci. Sans parfum, sans conservateurs et sans chimiques synth\u00e9tiques. <\/span><\/p>\n<p><strong>100ml \u2014 40 minutes de r\u00e9sistance \u00e0 l\u2019eau \u2014 UVA &amp; UVB \u2014 Parfum naturel de vanille \u2014 Non teint\u00e9<\/strong><\/p>\n","protected":false},"featured_media":101329,"comment_status":"open","ping_status":"closed","template":"","meta":{"ocean_post_layout":"","ocean_both_sidebars_style":"","ocean_both_sidebars_content_width":[],"ocean_both_sidebars_sidebars_width":[],"ocean_sidebar":["0"],"ocean_second_sidebar":["0"],"ocean_disable_margins":["enable"],"ocean_add_body_class":"","ocean_shortcode_before_top_bar":"","ocean_shortcode_after_top_bar":"","ocean_shortcode_before_header":"","ocean_shortcode_after_header":"","ocean_has_shortcode":"","ocean_shortcode_after_title":"","ocean_shortcode_before_footer_widgets":"","ocean_shortcode_after_footer_widgets":"","ocean_shortcode_before_footer_bottom":"","ocean_shortcode_after_footer_bottom":"","ocean_display_top_bar":["default"],"ocean_display_header":["default"],"ocean_header_style":"","ocean_center_header_left_menu":["0"],"ocean_custom_header_template":["0"],"ocean_custom_logo":[],"ocean_custom_retina_logo":[],"ocean_custom_logo_max_width":[""],"ocean_custom_logo_tablet_max_width":[""],"ocean_custom_logo_mobile_max_width":[""],"ocean_custom_logo_max_height":[""],"ocean_custom_logo_tablet_max_height":[""],"ocean_custom_logo_mobile_max_height":[""],"ocean_header_custom_menu":["0"],"ocean_menu_typo_font_family":["0"],"ocean_menu_typo_font_subset":"","ocean_menu_typo_font_size":[],"ocean_menu_typo_font_size_tablet":0,"ocean_menu_typo_font_size_mobile":0,"ocean_menu_typo_font_size_unit":"px","ocean_menu_typo_font_weight":"","ocean_menu_typo_font_weight_tablet":"","ocean_menu_typo_font_weight_mobile":"","ocean_menu_typo_transform":"","ocean_menu_typo_transform_tablet":"","ocean_menu_typo_transform_mobile":"","ocean_menu_typo_line_height":[],"ocean_menu_typo_line_height_tablet":0,"ocean_menu_typo_line_height_mobile":0,"ocean_menu_typo_line_height_unit":"","ocean_menu_typo_spacing":[],"ocean_menu_typo_spacing_tablet":0,"ocean_menu_typo_spacing_mobile":0,"ocean_menu_typo_spacing_unit":"","ocean_menu_link_color":"","ocean_menu_link_color_hover":"","ocean_menu_link_color_active":"","ocean_menu_link_background":"","ocean_menu_link_hover_background":"","ocean_menu_link_active_background":"","ocean_menu_social_links_bg":"","ocean_menu_social_hover_links_bg":"","ocean_menu_social_links_color":"","ocean_menu_social_hover_links_color":"","ocean_disable_title":["default"],"ocean_disable_heading":["on"],"ocean_post_title":"","ocean_post_subheading":"","ocean_post_title_style":"","ocean_post_title_background_color":"","ocean_post_title_background":[],"ocean_post_title_bg_image_position":"","ocean_post_title_bg_image_attachment":"","ocean_post_title_bg_image_repeat":"","ocean_post_title_bg_image_size":"","ocean_post_title_height":[],"ocean_post_title_bg_overlay":[],"ocean_post_title_bg_overlay_color":"","ocean_disable_breadcrumbs":["default"],"ocean_breadcrumbs_color":"","ocean_breadcrumbs_separator_color":"","ocean_breadcrumbs_links_color":"","ocean_breadcrumbs_links_hover_color":"","ocean_display_footer_widgets":["default"],"ocean_display_footer_bottom":["default"],"ocean_custom_footer_template":["0"],"_wp_page_template":["default"],"ocean_link_format_target":[],"ocean_quote_format_link":[],"_wp_old_date":[],"_edit_lock":["1633598332:300"],"_edit_last":["300"],"ocean_gallery_link_images":[],"osh_disable_topbar_sticky":["default"],"osh_disable_header_sticky":["default"],"_elementor_pro_version":[],"_oembed_e2253486b4ac832aa91022f965f4df74":[],"_elementor_version":["0.4"],"_oembed_time_e2253486b4ac832aa91022f965f4df74":[],"_genesis_description":["Cr\u00e8me solaire min\u00e9rale SPF 30 \u00e0 large spectre pour les enfants et les b\u00e9b\u00e9s. 100% naturel & biologique. Ne pique pas si elle entre dans les yeux. Biod\u00e9gradable et doux sur la peau sensible des enfants."],"_yoast_wpseo_content_score":["60"],"_yoast_wpseo_primary_category":[],"_oembed_147307c9146127d25c8c9bc3fedbbdd2":[],"_oembed_time_147307c9146127d25c8c9bc3fedbbdd2":[],"_oembed_298cc3cf7783e9a730e0d30489c0767d":[],"_oembed_time_298cc3cf7783e9a730e0d30489c0767d":[],"_wp_old_slug":[],"_yoast_wpseo_focuskw":["cr\u00e9me solaire pour enfants"],"_oembed_6ce714c902a6c8b37bfed747aa272afa":[],"_oembed_time_6ce714c902a6c8b37bfed747aa272afa":[],"_oembed_67fd97d2449b30f3b8aff7987461bdee":[],"_oembed_time_67fd97d2449b30f3b8aff7987461bdee":[],"_yoast_wpseo_linkdex":["47"],"_oembed_8c4ad389a55d131ee3502f96b92cd139":[],"_oembed_time_8c4ad389a55d131ee3502f96b92cd139":[],"_thumbnail_id":["101329"],"_wpml_media_duplicate":["1","1"],"_wpml_media_has_media":["1"],"_seopress_titles_desc":["Cr\u00e8me solaire min\u00e9rale SPF 30 \u00e0 large spectre pour les enfants et les b\u00e9b\u00e9s. 100% naturel & biologique. Ne pique pas si elle entre dans les yeux. Biod\u00e9gradable et doux sur la peau sensible des enfants."],"_seopress_analysis_target_kw":["\u00e9cran solaire pour enfants"],"_seopress_robots_primary_cat":[],"rank_math_seo_score":[],"rank_math_contentai_score":[],"rank_math_focus_keyword":["Cr\u00e8me Solaire Min\u00e9rale Bio"],"rank_math_title":[],"rank_math_description":[],"_elementor_controls_usage":[],"_ez-toc-disabled":[],"_ez-toc-insert":[],"_ez-toc-header-label":[],"_ez-toc-alignment":[],"_ez-toc-heading-levels":[],"_ez-toc-alttext":[],"_ez-toc-visibility_hide_by_default":[],"_ez-toc-hide_counter":[],"_ez-toc-exclude":[],"_ez-toc-position-specific":[],"rank_math_internal_links_processed":["1"],"rank_math_primary_category":[],"_wpml_media_featured":["1","1"],"_alp_processed":["1747406653"],"_wpml_word_count":["310"],"copied_media_ids":[],"referenced_media_ids":[],"_elementor_page_assets":[],"_elementor_css":[],"_elementor_element_cache":[]},"product_brand":[],"product_cat":[166],"product_tag":[],"class_list":{"0":"post-34299","1":"product","2":"type-product","3":"status-publish","4":"has-post-thumbnail","6":"product_cat-ecrans-solaires","7":"pa_amount-achetez-en-2-economisez-10","8":"pa_amount-achetez-en-4-economisez-20","9":"pa_amount-unite-simple","11":"entry","12":"has-media","14":"first","15":"instock","16":"sale","17":"taxable","18":"shipping-taxable","19":"purchasable","20":"product-type-variable","21":"has-rating","22":"has-product-nav","23":"col","24":"span_1_of_3","25":"owp-content-center","26":"owp-thumbs-layout-horizontal","27":"owp-btn-normal","28":"owp-tabs-layout-horizontal","30":"circle-sale"},"bundled_by":["48458","48537"],"bundle_stock_status":"instock","bundle_stock_quantity":null,"bundle_virtual":false,"bundle_layout":"","bundle_add_to_cart_form_location":"","bundle_editable_in_cart":false,"bundle_sold_individually_context":"","bundle_item_grouping":"","bundle_min_size":"","bundle_max_size":"","bundle_price":[],"bundled_items":[],"bundle_sell_ids":[],"jetpack_sharing_enabled":true,"_links":{"self":[{"href":"https:\/\/worryfreebackup.win\/fr\/wp-json\/wp\/v2\/product\/34299","targetHints":{"allow":["GET"]}}],"collection":[{"href":"https:\/\/worryfreebackup.win\/fr\/wp-json\/wp\/v2\/product"}],"about":[{"href":"https:\/\/worryfreebackup.win\/fr\/wp-json\/wp\/v2\/types\/product"}],"replies":[{"embeddable":true,"href":"https:\/\/worryfreebackup.win\/fr\/wp-json\/wp\/v2\/comments?post=34299"}],"version-history":[{"count":3,"href":"https:\/\/worryfreebackup.win\/fr\/wp-json\/wp\/v2\/product\/34299\/revisions"}],"predecessor-version":[{"id":92714,"href":"https:\/\/worryfreebackup.win\/fr\/wp-json\/wp\/v2\/product\/34299\/revisions\/92714"}],"wp:featuredmedia":[{"embeddable":true,"href":"https:\/\/worryfreebackup.win\/fr\/wp-json\/wp\/v2\/media\/101329"}],"wp:attachment":[{"href":"https:\/\/worryfreebackup.win\/fr\/wp-json\/wp\/v2\/media?parent=34299"}],"wp:term":[{"taxonomy":"product_brand","embeddable":true,"href":"https:\/\/worryfreebackup.win\/fr\/wp-json\/wp\/v2\/product_brand?post=34299"},{"taxonomy":"product_cat","embeddable":true,"href":"https:\/\/worryfreebackup.win\/fr\/wp-json\/wp\/v2\/product_cat?post=34299"},{"taxonomy":"product_tag","embeddable":true,"href":"https:\/\/worryfreebackup.win\/fr\/wp-json\/wp\/v2\/product_tag?post=34299"}],"curies":[{"name":"wp","href":"https:\/\/api.w.org\/{rel}","templated":true}]}}