





{"id":34359,"date":"2015-11-17T10:16:49","date_gmt":"2015-11-17T10:16:49","guid":{"rendered":"http:\/\/suntribesunscreen.com\/product\/suntribe-poncho-de-surf-sport-tres-confortable-100-coton-peigne\/"},"modified":"2025-12-11T09:15:00","modified_gmt":"2025-12-11T09:15:00","slug":"suntribe-poncho-surf-sport-tres-confortable-100-coton-peigne-bleu-chaud","status":"publish","type":"product","link":"https:\/\/worryfreebackup.win\/fr\/produit\/suntribe-poncho-surf-sport-tres-confortable-100-coton-peigne-bleu-chaud\/","title":{"rendered":"Poncho de Surf &amp; Sport Suntribe 100% Coton Peign\u00e9"},"content":{"rendered":"<p><span style=\"font-weight: 400;\">Le Poncho de Surf &amp; Sport aux magnifiques couleurs de l&rsquo;oc\u00e9an est l&rsquo;un des ponchos les plus \u00e9pais et les plus coquets disponibles sur le march\u00e9. Fabriqu\u00e9 \u00e0 partir de coton peign\u00e9 100% de qualit\u00e9 et d\u2019une \u00e9paisseur de 420 grammes \/ m2, il est non seulement tr\u00e8s doux et confortable, mais garde \u00e9galement le vent et le froid. Ce poncho a une poche pratique et deux boutons pour se fermer autour du cou. Rend le changement apr\u00e8s les activit\u00e9s de plein air aussi confortable que possible. <\/span><\/p>\n<p><span style=\"font-weight: 400;\">Mis au point par des professeurs de surf et con\u00e7u par la designer su\u00e9doise Clarie Ek, ce poncho vous apportera le style, le confort et la chaleur que vous d\u00e9sirez apr\u00e8s n&rsquo;importe quel type de baignade, de surf ou d&rsquo;aventure en plein air. Ce poncho est \u00e9galement parfait pour vous tenir chaud entre deux s\u00e9ances de sauna, en camping ou pour toute autre activit\u00e9 similaire! <\/span><\/p>\n<p><span style=\"font-weight: 400;\">Le poncho de Suntribe est id\u00e9al pour toutes les situations o\u00f9 il est n\u00e9cessaire de s\u00e9cher ou de changer de v\u00eatements. Parfois, nous n&rsquo;avons m\u00eame pas besoin de cela comme excuse pour le porter. C&rsquo;est le choix parfait pour se changer n&rsquo;importe o\u00f9 confortablement sans avoir \u00e0 se soucier d&rsquo;exposer ses affaires &#8211; c&rsquo;est la nudit\u00e9 politiquement correcte! Bien s\u00fbr, vous pouvez aussi le porter au petit-d\u00e9jeuner apr\u00e8s votre douche matinale, c&rsquo;est notre pr\u00e9f\u00e9r\u00e9e de tous les jours. Et lorsque vous voulez rester confortablement install\u00e9 tout en faisant une petite sieste sur la plage ou m\u00eame sur votre canap\u00e9 \u00e0 la maison, ce poncho est un must. <\/span><\/p>\n<p><strong>Mat\u00e9riau:<\/strong> coton 100% peign\u00e9, <span style=\"font-weight: 400;\">420 grammes\/m2 (extra<\/span>\u00e9pais). <strong>Fabriqu\u00e9 dans l\u2019UE. <\/strong> <\/p>\n","protected":false},"excerpt":{"rendered":"<p><span style=\"font-weight: 400;\"><strong>EXTRA \u00c9PAIS &amp; CONFORTABLE<\/strong> Fabriqu\u00e9 \u00e0 partir de coton peign\u00e9 extra \u00e9pais de 420 g \/ m2 avec des boutons pour fermer la capuche \u2013 ce poncho vous garde au chaud m\u00eame quand il fait froid dehors!<\/span><\/p>\n<p><span style=\"font-weight: 400;\"><strong>DESIGN SU\u00c9DOIS <\/strong>Con\u00e7u par la cr\u00e9atrice su\u00e9doise Clarie Ek, cr\u00e9atrice de certains des v\u00eatements de sport fonctionnels les plus classiques fabriqu\u00e9s en Su\u00e8de depuis 1960.<\/span><\/p>\n<p><span style=\"font-weight: 400;\"><strong>PRATIQUE<\/strong> Livr\u00e9 avec un sweat \u00e0 capuche confortable et une pochette pratique pour contenir vos essentiels, ranger de la cr\u00e8me solaire ou garder vos mains au chaud.<\/span><\/p>\n<p><span style=\"font-weight: 400;\"><strong>PAS DE SOUCIS<\/strong> Facile \u00e0 laver \u00e0 40\u00b0C, disponible en une seule taille unisexe (pour toutes les tailles), convient aux hommes comme aux femmes.<\/span> <\/p>\n","protected":false},"featured_media":90042,"comment_status":"open","ping_status":"closed","template":"","meta":{"ocean_post_layout":"","ocean_both_sidebars_style":"","ocean_both_sidebars_content_width":[],"ocean_both_sidebars_sidebars_width":[],"ocean_sidebar":["0"],"ocean_second_sidebar":["0"],"ocean_disable_margins":["enable"],"ocean_add_body_class":"","ocean_shortcode_before_top_bar":"","ocean_shortcode_after_top_bar":"","ocean_shortcode_before_header":"","ocean_shortcode_after_header":"","ocean_has_shortcode":"","ocean_shortcode_after_title":"","ocean_shortcode_before_footer_widgets":"","ocean_shortcode_after_footer_widgets":"","ocean_shortcode_before_footer_bottom":"","ocean_shortcode_after_footer_bottom":"","ocean_display_top_bar":["default"],"ocean_display_header":["default"],"ocean_header_style":"","ocean_center_header_left_menu":["0"],"ocean_custom_header_template":["0"],"ocean_custom_logo":[],"ocean_custom_retina_logo":[],"ocean_custom_logo_max_width":[""],"ocean_custom_logo_tablet_max_width":[""],"ocean_custom_logo_mobile_max_width":[""],"ocean_custom_logo_max_height":[""],"ocean_custom_logo_tablet_max_height":[""],"ocean_custom_logo_mobile_max_height":[""],"ocean_header_custom_menu":["0"],"ocean_menu_typo_font_family":["0"],"ocean_menu_typo_font_subset":"","ocean_menu_typo_font_size":[],"ocean_menu_typo_font_size_tablet":0,"ocean_menu_typo_font_size_mobile":0,"ocean_menu_typo_font_size_unit":"px","ocean_menu_typo_font_weight":"","ocean_menu_typo_font_weight_tablet":"","ocean_menu_typo_font_weight_mobile":"","ocean_menu_typo_transform":"","ocean_menu_typo_transform_tablet":"","ocean_menu_typo_transform_mobile":"","ocean_menu_typo_line_height":[],"ocean_menu_typo_line_height_tablet":0,"ocean_menu_typo_line_height_mobile":0,"ocean_menu_typo_line_height_unit":"","ocean_menu_typo_spacing":[],"ocean_menu_typo_spacing_tablet":0,"ocean_menu_typo_spacing_mobile":0,"ocean_menu_typo_spacing_unit":"","ocean_menu_link_color":"","ocean_menu_link_color_hover":"","ocean_menu_link_color_active":"","ocean_menu_link_background":"","ocean_menu_link_hover_background":"","ocean_menu_link_active_background":"","ocean_menu_social_links_bg":"","ocean_menu_social_hover_links_bg":"","ocean_menu_social_links_color":"","ocean_menu_social_hover_links_color":"","ocean_disable_title":["default"],"ocean_disable_heading":["on"],"ocean_post_title":"","ocean_post_subheading":"","ocean_post_title_style":"","ocean_post_title_background_color":"","ocean_post_title_background":[],"ocean_post_title_bg_image_position":"","ocean_post_title_bg_image_attachment":"","ocean_post_title_bg_image_repeat":"","ocean_post_title_bg_image_size":"","ocean_post_title_height":[],"ocean_post_title_bg_overlay":[],"ocean_post_title_bg_overlay_color":"","ocean_disable_breadcrumbs":["default"],"ocean_breadcrumbs_color":"","ocean_breadcrumbs_separator_color":"","ocean_breadcrumbs_links_color":"","ocean_breadcrumbs_links_hover_color":"","ocean_display_footer_widgets":["default"],"ocean_display_footer_bottom":["default"],"ocean_custom_footer_template":["0"],"_wp_page_template":["default"],"ocean_link_format_target":[],"ocean_quote_format_link":[],"_wp_old_date":[],"_edit_lock":["1693568917:1"],"_edit_last":["1"],"ocean_gallery_link_images":[],"osh_disable_topbar_sticky":["default"],"osh_disable_header_sticky":["default"],"_elementor_pro_version":[],"_oembed_e2253486b4ac832aa91022f965f4df74":[],"_elementor_version":["0.4"],"_oembed_time_e2253486b4ac832aa91022f965f4df74":[],"_genesis_description":["Le Suntribe Poncho de Surf & Sport en coton peign\u00e9 extra \u00e9pais est l\u2019un des ponchos les plus chauds disponibles. Pour ce petit peu de confort suppl\u00e9mentaire!"],"_yoast_wpseo_content_score":["30"],"_yoast_wpseo_primary_category":[],"_oembed_147307c9146127d25c8c9bc3fedbbdd2":[],"_oembed_time_147307c9146127d25c8c9bc3fedbbdd2":[],"_oembed_298cc3cf7783e9a730e0d30489c0767d":[],"_oembed_time_298cc3cf7783e9a730e0d30489c0767d":[],"_wp_old_slug":[],"_yoast_wpseo_focuskw":["Poncho"],"_oembed_6ce714c902a6c8b37bfed747aa272afa":[],"_oembed_time_6ce714c902a6c8b37bfed747aa272afa":[],"_oembed_67fd97d2449b30f3b8aff7987461bdee":[],"_oembed_time_67fd97d2449b30f3b8aff7987461bdee":[],"_yoast_wpseo_linkdex":["61"],"_oembed_8c4ad389a55d131ee3502f96b92cd139":[],"_oembed_time_8c4ad389a55d131ee3502f96b92cd139":[],"_thumbnail_id":["90042"],"_wpml_media_duplicate":["1"],"_wpml_media_has_media":["1"],"_seopress_titles_desc":["Le Suntribe Poncho de Surf & Sport en coton peign\u00e9 extra \u00e9pais est l\u2019un des ponchos les plus chauds disponibles. Pour ce petit peu de confort suppl\u00e9mentaire!"],"_seopress_analysis_target_kw":["Poncho"],"_seopress_robots_primary_cat":[],"rank_math_seo_score":[],"rank_math_contentai_score":[],"rank_math_focus_keyword":[],"rank_math_title":[],"rank_math_description":[],"_elementor_controls_usage":[null],"_ez-toc-disabled":[],"_ez-toc-insert":[],"_ez-toc-header-label":[],"_ez-toc-alignment":[],"_ez-toc-heading-levels":[],"_ez-toc-alttext":[],"_ez-toc-visibility_hide_by_default":[],"_ez-toc-hide_counter":[],"_ez-toc-exclude":[],"_ez-toc-position-specific":[],"rank_math_internal_links_processed":["1"],"rank_math_primary_category":[],"_wpml_media_featured":["1"],"_alp_processed":["1747743181"],"_wpml_word_count":["387"],"copied_media_ids":[],"referenced_media_ids":[],"_elementor_page_assets":[],"_elementor_css":[],"_elementor_element_cache":[]},"product_brand":[],"product_cat":[166],"product_tag":[],"class_list":{"0":"post-34359","1":"product","2":"type-product","3":"status-publish","4":"has-post-thumbnail","6":"product_cat-ecrans-solaires","8":"entry","9":"has-media","11":"first","12":"outofstock","13":"taxable","14":"shipping-taxable","15":"purchasable","16":"product-type-simple","17":"has-rating","18":"has-product-nav","19":"col","20":"span_1_of_3","21":"owp-content-center","22":"owp-thumbs-layout-horizontal","23":"owp-btn-normal","24":"owp-tabs-layout-horizontal","26":"circle-sale"},"bundled_by":["48450"],"bundle_stock_status":"outofstock","bundle_stock_quantity":0,"bundle_virtual":false,"bundle_layout":"","bundle_add_to_cart_form_location":"","bundle_editable_in_cart":false,"bundle_sold_individually_context":"","bundle_item_grouping":"","bundle_min_size":"","bundle_max_size":"","bundle_price":[],"bundled_items":[],"bundle_sell_ids":[],"jetpack_sharing_enabled":true,"_links":{"self":[{"href":"https:\/\/worryfreebackup.win\/fr\/wp-json\/wp\/v2\/product\/34359","targetHints":{"allow":["GET"]}}],"collection":[{"href":"https:\/\/worryfreebackup.win\/fr\/wp-json\/wp\/v2\/product"}],"about":[{"href":"https:\/\/worryfreebackup.win\/fr\/wp-json\/wp\/v2\/types\/product"}],"replies":[{"embeddable":true,"href":"https:\/\/worryfreebackup.win\/fr\/wp-json\/wp\/v2\/comments?post=34359"}],"version-history":[{"count":2,"href":"https:\/\/worryfreebackup.win\/fr\/wp-json\/wp\/v2\/product\/34359\/revisions"}],"predecessor-version":[{"id":92834,"href":"https:\/\/worryfreebackup.win\/fr\/wp-json\/wp\/v2\/product\/34359\/revisions\/92834"}],"wp:featuredmedia":[{"embeddable":true,"href":"https:\/\/worryfreebackup.win\/fr\/wp-json\/wp\/v2\/media\/90042"}],"wp:attachment":[{"href":"https:\/\/worryfreebackup.win\/fr\/wp-json\/wp\/v2\/media?parent=34359"}],"wp:term":[{"taxonomy":"product_brand","embeddable":true,"href":"https:\/\/worryfreebackup.win\/fr\/wp-json\/wp\/v2\/product_brand?post=34359"},{"taxonomy":"product_cat","embeddable":true,"href":"https:\/\/worryfreebackup.win\/fr\/wp-json\/wp\/v2\/product_cat?post=34359"},{"taxonomy":"product_tag","embeddable":true,"href":"https:\/\/worryfreebackup.win\/fr\/wp-json\/wp\/v2\/product_tag?post=34359"}],"curies":[{"name":"wp","href":"https:\/\/api.w.org\/{rel}","templated":true}]}}