





{"id":34529,"date":"2023-08-03T08:32:22","date_gmt":"2023-08-03T08:32:22","guid":{"rendered":"http:\/\/suntribesunscreen.com\/product\/creme-de-jour-minerale-naturelle-spf-20-suntribe\/"},"modified":"2026-02-03T14:35:35","modified_gmt":"2026-02-03T14:35:35","slug":"suntribe-naturelle-mineral-creme-de-jour-spf-20","status":"publish","type":"product","link":"https:\/\/worryfreebackup.win\/fr\/produit\/suntribe-naturelle-mineral-creme-de-jour-spf-20\/","title":{"rendered":"Cr\u00e8me de Jour Min\u00e9rale Bio SPF 20"},"content":{"rendered":"<p><span style=\"font-weight: 400;\">Vous pouvez enfin cesser de vous inqui\u00e9ter de la composition de votre cr\u00e8me de jour. Compos\u00e9e uniquement d&rsquo;ingr\u00e9dients naturels et biologiques, cette formule min\u00e9rale exclusive non grasse contient de l&rsquo;oxyde de zinc sans nanoparticules et de l&rsquo;huile de rose musqu\u00e9e anti-\u00e2ge. Con\u00e7ue pour un usage quotidien, elle aide \u00e0 pr\u00e9server la vigueur et la jeunesse de la peau.<\/span><\/p>\n<p><span style=\"font-weight: 400;\">Cette cr\u00e8me de jour v\u00e9gane et non com\u00e9dog\u00e8ne est le compagnon id\u00e9al de votre routine matinale ! Elle peut \u00eatre appliqu\u00e9e avant ou \u00e0 la place du maquillage et offre une protection SPF 20 \u00e0 large spectre pour garantir que votre peau reste saine et prot\u00e9g\u00e9e tout au long de la journ\u00e9e. En outre, elle vous prot\u00e8ge efficacement de la lumi\u00e8re bleue visible des appareils \u00e9lectroniques (HEV). Elle est id\u00e9ale pour les peaux normales, sensibles et s\u00e8ches.<\/span><\/p>\n","protected":false},"excerpt":{"rendered":"<p><span style=\"font-weight: 400;\"><strong>CR\u00c8ME DE JOUR 100% NATURELLE<\/strong> | Cr\u00e8me de jour anti-\u00e2ge de qualit\u00e9 sup\u00e9rieure avec SPF. Matifiante, elle est conditionn\u00e9e dans un tube de canne \u00e0 sucre respectueux de l&rsquo;environnement.<\/span><\/p>\n<p><span style=\"font-weight: 400;\"><strong>TEINT\u00c9E &amp; NON TEINT\u00c9E<\/strong> | Choisissez l&rsquo;option qui vous convient le mieux pour que cette cr\u00e8me min\u00e9rale de jour s&rsquo;harmonise avec votre teint : Non teint\u00e9e pour les peaux p\u00e2les et teint\u00e9e pour les peaux plus fonc\u00e9es (ou si vous souhaitez l&rsquo;utiliser comme fond de teint).<\/span><\/p>\n<p><span style=\"font-weight: 400;\"><strong>BIO &amp; DOUX POUR LA PEAU<\/strong> | L&rsquo;huile de rose musqu\u00e9e biologique donne \u00e0 votre peau un coup de fouet anti-\u00e2ge, compl\u00e9t\u00e9 par l&rsquo;huile d&rsquo;amande nourrissante et l&rsquo;huile de jojoba antioxydante. Non com\u00e9dog\u00e8ne (n&rsquo;obstrue pas les pores). Sans allerg\u00e8nes et v\u00e9gane, aussi !<\/span><\/p>\n<p><span style=\"font-weight: 400;\"><strong>FILTRE UV MIN\u00c9RAL<\/strong> | Protection \u00e0 large spectre scientifiquement valid\u00e9e contre les UVA et les UVB gr\u00e2ce \u00e0 l&rsquo;oxyde de zinc sans nanoparticules. Bloque 95% des rayons UVB. <\/span><\/p>\n<p><span style=\"font-weight: 400;\"><strong>0% D\u2019ADDITIFS<\/strong> | Enfin une cr\u00e8me de jour sans souci. Sans parfum, sans conservateurs et sans chimiques synth\u00e9tiques.<\/span><\/p>\n<p><strong>50 ml \u2014 UVA &amp; UVB \u2014 Parfum naturel \u2014 Teint\u00e9e \/ Non teint\u00e9e<\/strong><\/p>\n","protected":false},"featured_media":92125,"comment_status":"open","ping_status":"closed","template":"","meta":{"ocean_post_layout":"","ocean_both_sidebars_style":"","ocean_both_sidebars_content_width":[""],"ocean_both_sidebars_sidebars_width":[""],"ocean_sidebar":["0"],"ocean_second_sidebar":["0"],"ocean_disable_margins":["enable"],"ocean_add_body_class":"","ocean_shortcode_before_top_bar":"","ocean_shortcode_after_top_bar":"","ocean_shortcode_before_header":"","ocean_shortcode_after_header":"","ocean_has_shortcode":"","ocean_shortcode_after_title":"","ocean_shortcode_before_footer_widgets":"","ocean_shortcode_after_footer_widgets":"","ocean_shortcode_before_footer_bottom":"","ocean_shortcode_after_footer_bottom":"","ocean_display_top_bar":["default"],"ocean_display_header":["default"],"ocean_header_style":"","ocean_center_header_left_menu":["0"],"ocean_custom_header_template":["0"],"ocean_custom_logo":["0"],"ocean_custom_retina_logo":["0"],"ocean_custom_logo_max_width":[""],"ocean_custom_logo_tablet_max_width":[""],"ocean_custom_logo_mobile_max_width":[""],"ocean_custom_logo_max_height":[""],"ocean_custom_logo_tablet_max_height":[""],"ocean_custom_logo_mobile_max_height":[""],"ocean_header_custom_menu":["0"],"ocean_menu_typo_font_family":["0"],"ocean_menu_typo_font_subset":"","ocean_menu_typo_font_size":[""],"ocean_menu_typo_font_size_tablet":0,"ocean_menu_typo_font_size_mobile":0,"ocean_menu_typo_font_size_unit":"px","ocean_menu_typo_font_weight":"","ocean_menu_typo_font_weight_tablet":"","ocean_menu_typo_font_weight_mobile":"","ocean_menu_typo_transform":"","ocean_menu_typo_transform_tablet":"","ocean_menu_typo_transform_mobile":"","ocean_menu_typo_line_height":[""],"ocean_menu_typo_line_height_tablet":0,"ocean_menu_typo_line_height_mobile":0,"ocean_menu_typo_line_height_unit":"","ocean_menu_typo_spacing":[""],"ocean_menu_typo_spacing_tablet":0,"ocean_menu_typo_spacing_mobile":0,"ocean_menu_typo_spacing_unit":"","ocean_menu_link_color":"","ocean_menu_link_color_hover":"","ocean_menu_link_color_active":"","ocean_menu_link_background":"","ocean_menu_link_hover_background":"","ocean_menu_link_active_background":"","ocean_menu_social_links_bg":"","ocean_menu_social_hover_links_bg":"","ocean_menu_social_links_color":"","ocean_menu_social_hover_links_color":"","ocean_disable_title":["default"],"ocean_disable_heading":["on"],"ocean_post_title":"","ocean_post_subheading":"","ocean_post_title_style":"","ocean_post_title_background_color":"","ocean_post_title_background":[""],"ocean_post_title_bg_image_position":"","ocean_post_title_bg_image_attachment":"","ocean_post_title_bg_image_repeat":"","ocean_post_title_bg_image_size":"","ocean_post_title_height":[""],"ocean_post_title_bg_overlay":["0.5"],"ocean_post_title_bg_overlay_color":"","ocean_disable_breadcrumbs":["default"],"ocean_breadcrumbs_color":"","ocean_breadcrumbs_separator_color":"","ocean_breadcrumbs_links_color":"","ocean_breadcrumbs_links_hover_color":"","ocean_display_footer_widgets":["default"],"ocean_display_footer_bottom":["default"],"ocean_custom_footer_template":["0"],"_wp_page_template":["default"],"ocean_link_format_target":[],"ocean_quote_format_link":[],"_wp_old_date":[],"_edit_lock":["1716026938:1"],"_edit_last":["1"],"ocean_gallery_link_images":[],"osh_disable_topbar_sticky":["default"],"osh_disable_header_sticky":["default"],"_elementor_pro_version":[],"_oembed_e2253486b4ac832aa91022f965f4df74":[],"_elementor_version":["0.4"],"_oembed_time_e2253486b4ac832aa91022f965f4df74":[],"_genesis_description":["Cr\u00e8me de Jour Min\u00e9rale Naturelle SPF 20 \u00e0 large spectre pour une application quotidienne. Tous les ingr\u00e9dients naturels et v\u00e9g\u00e9taliens. Matifiant avec une l\u00e9g\u00e8re teinte."],"_yoast_wpseo_content_score":["30"],"_yoast_wpseo_primary_category":[],"_oembed_147307c9146127d25c8c9bc3fedbbdd2":[],"_oembed_time_147307c9146127d25c8c9bc3fedbbdd2":[],"_oembed_298cc3cf7783e9a730e0d30489c0767d":[],"_oembed_time_298cc3cf7783e9a730e0d30489c0767d":[],"_wp_old_slug":[],"_yoast_wpseo_focuskw":["Cr\u00e8me de jour"],"_oembed_6ce714c902a6c8b37bfed747aa272afa":[],"_oembed_time_6ce714c902a6c8b37bfed747aa272afa":[],"_oembed_67fd97d2449b30f3b8aff7987461bdee":[],"_oembed_time_67fd97d2449b30f3b8aff7987461bdee":[],"_yoast_wpseo_linkdex":["65"],"_oembed_8c4ad389a55d131ee3502f96b92cd139":[],"_oembed_time_8c4ad389a55d131ee3502f96b92cd139":[],"_thumbnail_id":["92125"],"_wpml_media_duplicate":["1"],"_wpml_media_has_media":["1"],"_seopress_titles_desc":["Cr\u00e8me de Jour Min\u00e9rale Naturelle SPF 20 \u00e0 large spectre pour une application quotidienne. Tous les ingr\u00e9dients naturels et v\u00e9g\u00e9taliens. Matifiant avec une l\u00e9g\u00e8re teinte."],"_seopress_analysis_target_kw":["Cr\u00e8me de jour"],"_seopress_robots_primary_cat":[],"rank_math_seo_score":[],"rank_math_contentai_score":[],"rank_math_focus_keyword":["mineral day cream"],"rank_math_title":[],"rank_math_description":[],"_elementor_controls_usage":[],"_ez-toc-disabled":[],"_ez-toc-insert":[],"_ez-toc-header-label":[],"_ez-toc-alignment":[],"_ez-toc-heading-levels":[],"_ez-toc-alttext":[],"_ez-toc-visibility_hide_by_default":[],"_ez-toc-hide_counter":[],"_ez-toc-exclude":[],"_ez-toc-position-specific":[],"rank_math_internal_links_processed":["1"],"rank_math_primary_category":[],"_wpml_media_featured":["1"],"_alp_processed":["1747889550"],"_wpml_word_count":["329"],"copied_media_ids":[],"referenced_media_ids":[],"_elementor_page_assets":[null],"_elementor_css":[],"_elementor_element_cache":[]},"product_brand":[],"product_cat":[166],"product_tag":[],"class_list":{"0":"post-34529","1":"product","2":"type-product","3":"status-publish","4":"has-post-thumbnail","6":"product_cat-ecrans-solaires","7":"pa_amount-achetez-en-2-economisez-10-nont-teintee","8":"pa_amount-achetez-en-2-economisez-10-teintee","9":"pa_amount-non-teintee","10":"pa_amount-teintee","11":"pa_amount-teintee-3-ml-echantillon","13":"entry","14":"has-media","16":"first","17":"instock","18":"sale","19":"taxable","20":"shipping-taxable","21":"purchasable","22":"product-type-variable","23":"has-rating","24":"has-product-nav","25":"col","26":"span_1_of_3","27":"owp-content-center","28":"owp-thumbs-layout-horizontal","29":"owp-btn-normal","30":"owp-tabs-layout-horizontal","32":"circle-sale"},"bundled_by":["48458","48515","48522"],"bundle_stock_status":"instock","bundle_stock_quantity":null,"bundle_virtual":false,"bundle_layout":"","bundle_add_to_cart_form_location":"","bundle_editable_in_cart":false,"bundle_sold_individually_context":"","bundle_item_grouping":"","bundle_min_size":"","bundle_max_size":"","bundle_price":[],"bundled_items":[],"bundle_sell_ids":[],"jetpack_sharing_enabled":true,"_links":{"self":[{"href":"https:\/\/worryfreebackup.win\/fr\/wp-json\/wp\/v2\/product\/34529","targetHints":{"allow":["GET"]}}],"collection":[{"href":"https:\/\/worryfreebackup.win\/fr\/wp-json\/wp\/v2\/product"}],"about":[{"href":"https:\/\/worryfreebackup.win\/fr\/wp-json\/wp\/v2\/types\/product"}],"replies":[{"embeddable":true,"href":"https:\/\/worryfreebackup.win\/fr\/wp-json\/wp\/v2\/comments?post=34529"}],"version-history":[{"count":9,"href":"https:\/\/worryfreebackup.win\/fr\/wp-json\/wp\/v2\/product\/34529\/revisions"}],"predecessor-version":[{"id":93318,"href":"https:\/\/worryfreebackup.win\/fr\/wp-json\/wp\/v2\/product\/34529\/revisions\/93318"}],"wp:featuredmedia":[{"embeddable":true,"href":"https:\/\/worryfreebackup.win\/fr\/wp-json\/wp\/v2\/media\/92125"}],"wp:attachment":[{"href":"https:\/\/worryfreebackup.win\/fr\/wp-json\/wp\/v2\/media?parent=34529"}],"wp:term":[{"taxonomy":"product_brand","embeddable":true,"href":"https:\/\/worryfreebackup.win\/fr\/wp-json\/wp\/v2\/product_brand?post=34529"},{"taxonomy":"product_cat","embeddable":true,"href":"https:\/\/worryfreebackup.win\/fr\/wp-json\/wp\/v2\/product_cat?post=34529"},{"taxonomy":"product_tag","embeddable":true,"href":"https:\/\/worryfreebackup.win\/fr\/wp-json\/wp\/v2\/product_tag?post=34529"}],"curies":[{"name":"wp","href":"https:\/\/api.w.org\/{rel}","templated":true}]}}