





{"id":34764,"date":"2021-04-26T08:10:20","date_gmt":"2021-04-26T08:10:20","guid":{"rendered":"http:\/\/suntribesunscreen.com\/product\/ecran-solaire-zinc-naturel-visage-sport-spf-30-suntribe-4-couleurs\/"},"modified":"2026-02-03T14:35:56","modified_gmt":"2026-02-03T14:35:56","slug":"suntribe-naturel-ecran-solaire-zinc-visage-sport-spf30-zero-dechet","status":"publish","type":"product","link":"https:\/\/worryfreebackup.win\/fr\/produit\/suntribe-naturel-ecran-solaire-zinc-visage-sport-spf30-zero-dechet\/","title":{"rendered":"\u00c9cran Solaire Zinc Naturel Min\u00e9ral Sport SPF 50"},"content":{"rendered":"<p><span style=\"font-weight: 400;\">Dites bonjour \u00e0 un \u00e9cran solaire au zinc enti\u00e8rement naturel qui reste en place, que ce soit dans les grosses vagues ou lors d&rsquo;activit\u00e9s transpirantes sur la terre ferme. Ne contient aucun ingr\u00e9dient douteux \u2014 sans produits chimiques nocifs pour les r\u00e9cifs coralliens \u2014 et ne pique pas les yeux. C&rsquo;est le \u00e9cran solaire original \u00e0 base de zinc que vous recherchez.<\/span><\/p>\n<p><span style=\"font-weight: 400;\">Fabriqu\u00e9e avec de l&rsquo;oxyde de zinc sans nanoparticules, cet \u00e9cran solaire sportive cr\u00e9e une couche de protection visible d\u00e8s la premi\u00e8re application. Une r\u00e9sistance \u00e0 l&rsquo;eau in\u00e9gal\u00e9e et une fonctionnalit\u00e9 haute performance appr\u00e9ci\u00e9e par les athl\u00e8tes professionnels et les aventuriers de tous les jours dans le monde entier. <\/span><\/p>\n<p><span style=\"font-weight: 400;\">Pr\u00e9sent\u00e9 dans un pot en fer blanc sans plastique et \u00e9tanche, elle aime voyager autant que vous. S&rsquo;applique plus facilement \u00e0 des temp\u00e9ratures sup\u00e9rieures \u00e0 20 degr\u00e9s (en cas de gel, r\u00e9chauffez le produit dans une poche ou dans votre main avant de l&rsquo;utiliser).<\/span><\/p>\n<p><b>Blanc Original<\/b> <span style=\"font-weight: 400;\">est la formule sportive classique de Suntribe et a une couleur blanche naturelle.<\/span> <\/p>\n<p><b>Teint\u00e9<\/b> <span style=\"font-weight: 400;\">est la formule sportive la plus discr\u00e8te de Suntribe. Le ton brun cr\u00e9\u00e9 par la poudre de cacao biologique se fond dans les tons naturels de la peau.<\/span> <\/p>\n","protected":false},"excerpt":{"rendered":"<p><span style=\"font-weight: 400;\"><strong>\u00c9CRAN SOLAIRE ZINC 100% NATUREL<\/strong> | \u00c9cran solaire sans danger pour les r\u00e9cifs, pour toutes sortes d&rsquo;activit\u00e9s de plein air. Formule chaude \/ tropicale (plus facile \u00e0 appliquer au-dessus de 20 degr\u00e9s).<\/span><\/p>\n<p><span style=\"font-weight: 400;\"><strong>BIOLOGIQUE &amp; MINIMALISTE<\/strong> | \u00c9cran solaire sportif \u00e9pais et visible, \u00e0 base de trois ou quatre ingr\u00e9dients naturels et biologiques. <\/span><\/p>\n<p><span style=\"font-weight: 400;\"><strong>PROTECTION SOLAIRE HAUTE PERFORMANCE<\/strong> | Protection \u00e0 large spectre scientifiquement valid\u00e9e contre les rayons UVA et UVB \u2014 bloque 98% des UVB. Tr\u00e8s r\u00e9sistant \u00e0 l&rsquo;eau et \u00e0 la transpiration.<\/span><\/p>\n<p><span style=\"font-weight: 400;\"><strong>FILTRE UV MINERAL<\/strong> | Contient exclusivement de l&rsquo;oxyde de zinc sans nanoparticules qui, selon les recherches, est le filtre UV disponible le plus s\u00fbr pour la sant\u00e9 humaine, les coraux et la vie marine.<\/span><\/p>\n<p><span style=\"font-weight: 400;\"><strong>Z\u00c9RO D\u00c9CHET<\/strong> | Emball\u00e9 dans une bo\u00eete en aluminium facile \u00e0 transporter, sans plastique. <\/span><\/p>\n<p><strong>45 g \/ 50 ml \u2014 80 min r\u00e9sistant \u00e0 l&rsquo;eau \u2014 UVA &amp; UVB \u2014 Senteur naturelle de noix de coco \u2014 2 couleurs<\/strong><\/p>\n","protected":false},"featured_media":101115,"comment_status":"open","ping_status":"closed","template":"","meta":{"ocean_post_layout":"","ocean_both_sidebars_style":"","ocean_both_sidebars_content_width":[""],"ocean_both_sidebars_sidebars_width":[""],"ocean_sidebar":["0"],"ocean_second_sidebar":["0"],"ocean_disable_margins":["enable"],"ocean_add_body_class":"","ocean_shortcode_before_top_bar":"","ocean_shortcode_after_top_bar":"","ocean_shortcode_before_header":"","ocean_shortcode_after_header":"","ocean_has_shortcode":"","ocean_shortcode_after_title":"","ocean_shortcode_before_footer_widgets":"","ocean_shortcode_after_footer_widgets":"","ocean_shortcode_before_footer_bottom":"","ocean_shortcode_after_footer_bottom":"","ocean_display_top_bar":["default"],"ocean_display_header":["default"],"ocean_header_style":"","ocean_center_header_left_menu":["0"],"ocean_custom_header_template":["0"],"ocean_custom_logo":["0"],"ocean_custom_retina_logo":["0"],"ocean_custom_logo_max_width":[""],"ocean_custom_logo_tablet_max_width":[""],"ocean_custom_logo_mobile_max_width":[""],"ocean_custom_logo_max_height":[""],"ocean_custom_logo_tablet_max_height":[""],"ocean_custom_logo_mobile_max_height":[""],"ocean_header_custom_menu":["0"],"ocean_menu_typo_font_family":["0"],"ocean_menu_typo_font_subset":"","ocean_menu_typo_font_size":[""],"ocean_menu_typo_font_size_tablet":0,"ocean_menu_typo_font_size_mobile":0,"ocean_menu_typo_font_size_unit":"px","ocean_menu_typo_font_weight":"","ocean_menu_typo_font_weight_tablet":"","ocean_menu_typo_font_weight_mobile":"","ocean_menu_typo_transform":"","ocean_menu_typo_transform_tablet":"","ocean_menu_typo_transform_mobile":"","ocean_menu_typo_line_height":[""],"ocean_menu_typo_line_height_tablet":0,"ocean_menu_typo_line_height_mobile":0,"ocean_menu_typo_line_height_unit":"","ocean_menu_typo_spacing":[""],"ocean_menu_typo_spacing_tablet":0,"ocean_menu_typo_spacing_mobile":0,"ocean_menu_typo_spacing_unit":"","ocean_menu_link_color":"","ocean_menu_link_color_hover":"","ocean_menu_link_color_active":"","ocean_menu_link_background":"","ocean_menu_link_hover_background":"","ocean_menu_link_active_background":"","ocean_menu_social_links_bg":"","ocean_menu_social_hover_links_bg":"","ocean_menu_social_links_color":"","ocean_menu_social_hover_links_color":"","ocean_disable_title":["enable"],"ocean_disable_heading":["on"],"ocean_post_title":"","ocean_post_subheading":"","ocean_post_title_style":"centered","ocean_post_title_background_color":"","ocean_post_title_background":[""],"ocean_post_title_bg_image_position":"","ocean_post_title_bg_image_attachment":"","ocean_post_title_bg_image_repeat":"","ocean_post_title_bg_image_size":"","ocean_post_title_height":[""],"ocean_post_title_bg_overlay":["0.5"],"ocean_post_title_bg_overlay_color":"","ocean_disable_breadcrumbs":["default"],"ocean_breadcrumbs_color":"","ocean_breadcrumbs_separator_color":"","ocean_breadcrumbs_links_color":"","ocean_breadcrumbs_links_hover_color":"","ocean_display_footer_widgets":["default"],"ocean_display_footer_bottom":["default"],"ocean_custom_footer_template":["0"],"_wp_page_template":["default"],"ocean_link_format_target":[],"ocean_quote_format_link":[],"_wp_old_date":[],"_edit_lock":["1720472774:1"],"_edit_last":["1"],"ocean_gallery_link_images":[],"osh_disable_topbar_sticky":["default"],"osh_disable_header_sticky":["default"],"_elementor_pro_version":[],"_oembed_e2253486b4ac832aa91022f965f4df74":[],"_elementor_version":["0.4"],"_oembed_time_e2253486b4ac832aa91022f965f4df74":[],"_genesis_description":["Cr\u00e8me solaire en zinc sans nanoparticules avec ingr\u00e9dients biologiques, biod\u00e9gradable. Protection UV tr\u00e8s r\u00e9sistante \u00e0 l\u2019eau et \u00e0 large spectre (UVA et UVB). Parfait pour le surf \/ sports."],"_yoast_wpseo_content_score":["30"],"_yoast_wpseo_primary_category":[],"_oembed_147307c9146127d25c8c9bc3fedbbdd2":[],"_oembed_time_147307c9146127d25c8c9bc3fedbbdd2":[],"_oembed_298cc3cf7783e9a730e0d30489c0767d":[],"_oembed_time_298cc3cf7783e9a730e0d30489c0767d":[],"_wp_old_slug":["ecran-solaire-zinc-naturel-visage-sport-fps-spf-30-suntribe-tres-resistant-a-leau-uva-uvb-surf-sport-biologique-sans-plastique"],"_yoast_wpseo_focuskw":["\u00c9cran Solaire Zinc"],"_oembed_6ce714c902a6c8b37bfed747aa272afa":[],"_oembed_time_6ce714c902a6c8b37bfed747aa272afa":[],"_oembed_67fd97d2449b30f3b8aff7987461bdee":[],"_oembed_time_67fd97d2449b30f3b8aff7987461bdee":[],"_yoast_wpseo_linkdex":["61"],"_oembed_8c4ad389a55d131ee3502f96b92cd139":[],"_oembed_time_8c4ad389a55d131ee3502f96b92cd139":[],"_thumbnail_id":["101115"],"_wpml_media_duplicate":["1"],"_wpml_media_has_media":["1"],"_seopress_titles_desc":["Cr\u00e8me solaire en zinc sans nanoparticules avec ingr\u00e9dients biologiques, biod\u00e9gradable. Protection UV tr\u00e8s r\u00e9sistante \u00e0 l\u2019eau et \u00e0 large spectre (UVA et UVB). Parfait pour le surf \/ sports."],"_seopress_analysis_target_kw":["\u00c9cran Solaire Zinc"],"_seopress_robots_primary_cat":[],"rank_math_seo_score":[],"rank_math_contentai_score":[],"rank_math_focus_keyword":[],"rank_math_title":[],"rank_math_description":[],"_elementor_controls_usage":[],"_ez-toc-disabled":[],"_ez-toc-insert":[],"_ez-toc-header-label":[],"_ez-toc-alignment":[],"_ez-toc-heading-levels":[],"_ez-toc-alttext":[],"_ez-toc-visibility_hide_by_default":[],"_ez-toc-hide_counter":[],"_ez-toc-exclude":[],"_ez-toc-position-specific":[],"rank_math_internal_links_processed":["1"],"rank_math_primary_category":[],"_wpml_media_featured":["1"],"_alp_processed":["1760075673"],"_wpml_word_count":["370"],"copied_media_ids":[],"referenced_media_ids":[],"_elementor_page_assets":[null],"_elementor_css":[],"_elementor_element_cache":[]},"product_brand":[],"product_cat":[166],"product_tag":[],"class_list":{"0":"post-34764","1":"product","2":"type-product","3":"status-publish","4":"has-post-thumbnail","6":"product_cat-ecrans-solaires","8":"entry","9":"has-media","11":"first","12":"instock","13":"taxable","14":"shipping-taxable","15":"purchasable","16":"product-type-variable","17":"has-default-attributes","18":"has-rating","19":"has-product-nav","20":"col","21":"span_1_of_3","22":"owp-content-center","23":"owp-thumbs-layout-horizontal","24":"owp-btn-normal","25":"owp-tabs-layout-horizontal","27":"circle-sale"},"bundled_by":["48450"],"bundle_stock_status":"instock","bundle_stock_quantity":null,"bundle_virtual":false,"bundle_layout":"","bundle_add_to_cart_form_location":"","bundle_editable_in_cart":false,"bundle_sold_individually_context":"","bundle_item_grouping":"","bundle_min_size":"","bundle_max_size":"","bundle_price":[],"bundled_items":[],"bundle_sell_ids":[],"jetpack_sharing_enabled":true,"_links":{"self":[{"href":"https:\/\/worryfreebackup.win\/fr\/wp-json\/wp\/v2\/product\/34764","targetHints":{"allow":["GET"]}}],"collection":[{"href":"https:\/\/worryfreebackup.win\/fr\/wp-json\/wp\/v2\/product"}],"about":[{"href":"https:\/\/worryfreebackup.win\/fr\/wp-json\/wp\/v2\/types\/product"}],"replies":[{"embeddable":true,"href":"https:\/\/worryfreebackup.win\/fr\/wp-json\/wp\/v2\/comments?post=34764"}],"version-history":[{"count":6,"href":"https:\/\/worryfreebackup.win\/fr\/wp-json\/wp\/v2\/product\/34764\/revisions"}],"predecessor-version":[{"id":101980,"href":"https:\/\/worryfreebackup.win\/fr\/wp-json\/wp\/v2\/product\/34764\/revisions\/101980"}],"wp:featuredmedia":[{"embeddable":true,"href":"https:\/\/worryfreebackup.win\/fr\/wp-json\/wp\/v2\/media\/101115"}],"wp:attachment":[{"href":"https:\/\/worryfreebackup.win\/fr\/wp-json\/wp\/v2\/media?parent=34764"}],"wp:term":[{"taxonomy":"product_brand","embeddable":true,"href":"https:\/\/worryfreebackup.win\/fr\/wp-json\/wp\/v2\/product_brand?post=34764"},{"taxonomy":"product_cat","embeddable":true,"href":"https:\/\/worryfreebackup.win\/fr\/wp-json\/wp\/v2\/product_cat?post=34764"},{"taxonomy":"product_tag","embeddable":true,"href":"https:\/\/worryfreebackup.win\/fr\/wp-json\/wp\/v2\/product_tag?post=34764"}],"curies":[{"name":"wp","href":"https:\/\/api.w.org\/{rel}","templated":true}]}}