





{"id":64090,"date":"2023-08-02T11:36:17","date_gmt":"2023-08-02T11:36:17","guid":{"rendered":"https:\/\/suntribesunscreen.com\/?post_type=product&#038;p=64090"},"modified":"2026-02-03T14:32:37","modified_gmt":"2026-02-03T14:32:37","slug":"coffret-de-soins-dhiver-copy","status":"publish","type":"product","link":"https:\/\/worryfreebackup.win\/fr\/produit\/coffret-de-soins-dhiver-copy\/","title":{"rendered":"Cr\u00e8me de Nuit Anti-\u00e2ge Bio avec Acide Hyaluronique, R\u00e9tinol &amp; Niacinamide"},"content":{"rendered":"<p>Dites bonjour \u00e0 une peau fra\u00eeche et \u00e9clatante ! Cette formule premium 100 % naturelle recharge, revitalise et hydrate intens\u00e9ment votre peau pendant la nuit gr\u00e2ce \u00e0 des ingr\u00e9dients naturels efficaces soigneusement s\u00e9lectionn\u00e9s. Trois super-h\u00e9ros anti-\u00e2ge font de cette cr\u00e8me de nuit biologique et vegan le compl\u00e9ment parfait de votre routine de soins naturels : l&rsquo;Acide Hyaluronique, le Niacinamide et le R\u00e9tinol (vitamine A), qui agissent en harmonie pour vous donner une peau plus jeune, plus \u00e9clatante et plus nourrie. Id\u00e9al pour les peaux normales, sensibles, s\u00e8ches et matures. Non com\u00e9dog\u00e8ne \u2014 n&rsquo;obstrue pas les pores.<\/p>\n","protected":false},"excerpt":{"rendered":"<p><span style=\"font-weight: 400;\"><strong>CR\u00c8ME DE NUIT ANTI-AGE 100 % NATURELLE<\/strong> | Cette cr\u00e8me de nuit de qualit\u00e9 sup\u00e9rieure, conditionn\u00e9e dans un pot en verre respectueux de l&rsquo;environnement, vous donnera un teint frais et \u00e9clatant.<\/span><\/p>\n<p><span style=\"font-weight: 400;\"><strong>ANTI- AGE<\/strong> | Contient trois super-h\u00e9ros anti-\u00e2ge : l&rsquo;Acide Hyaluronique, le Niacinamide et le R\u00e9tinol (Vitamine A) qui travaillent en harmonie pour vous donner une peau plus jeune, plus \u00e9clatante et plus nourrie.<\/span><\/p>\n<p><span style=\"font-weight: 400;\"><strong>BIO &amp; DOUCE POUR LA PEAU<\/strong> | Cr\u00e8me de nuit vegan et bioloque \u00e0 base d&rsquo;Huile de P\u00e9pins de Raisin et d&rsquo;Huile d&rsquo;Avocat antioxydants. Sans parfum et sans allerg\u00e8nes.<\/span><\/p>\n<p><span style=\"font-weight: 400;\"><strong>HYDRATE EN PROFONDEUR<\/strong> | Enrichie d&rsquo;Extrait d&rsquo;Aloe Vera, d&rsquo;Huile d&rsquo;Argan et de Beurre de Karit\u00e9, la peau est profond\u00e9ment hydrat\u00e9e et revitalis\u00e9e au r\u00e9veil.<\/span><\/p>\n<p><span style=\"font-weight: 400;\"><strong>NON-GRAS<\/strong> | Cette formule non com\u00e9dog\u00e8ne laisse vos pores respirer facilement. La routine nocturne id\u00e9ale pour les peaux normales, sensibles, s\u00e8ches et matures.<\/span><\/p>\n<p><strong>50 ml \/ 1.7 oz \u2014 Non parfum\u00e9 \u2014 0.5 % Retinol<\/strong><\/p>\n","protected":false},"featured_media":92192,"comment_status":"open","ping_status":"closed","template":"","meta":{"ocean_post_layout":"","ocean_both_sidebars_style":"","ocean_both_sidebars_content_width":[],"ocean_both_sidebars_sidebars_width":[],"ocean_sidebar":["0"],"ocean_second_sidebar":["0"],"ocean_disable_margins":["enable"],"ocean_add_body_class":"","ocean_shortcode_before_top_bar":"","ocean_shortcode_after_top_bar":"","ocean_shortcode_before_header":"","ocean_shortcode_after_header":"","ocean_has_shortcode":"","ocean_shortcode_after_title":"","ocean_shortcode_before_footer_widgets":"","ocean_shortcode_after_footer_widgets":"","ocean_shortcode_before_footer_bottom":"","ocean_shortcode_after_footer_bottom":"","ocean_display_top_bar":["default"],"ocean_display_header":["default"],"ocean_header_style":"","ocean_center_header_left_menu":["0"],"ocean_custom_header_template":["0"],"ocean_custom_logo":[],"ocean_custom_retina_logo":[],"ocean_custom_logo_max_width":[""],"ocean_custom_logo_tablet_max_width":[""],"ocean_custom_logo_mobile_max_width":[""],"ocean_custom_logo_max_height":[""],"ocean_custom_logo_tablet_max_height":[""],"ocean_custom_logo_mobile_max_height":[""],"ocean_header_custom_menu":["0"],"ocean_menu_typo_font_family":["0"],"ocean_menu_typo_font_subset":"","ocean_menu_typo_font_size":[],"ocean_menu_typo_font_size_tablet":0,"ocean_menu_typo_font_size_mobile":0,"ocean_menu_typo_font_size_unit":"px","ocean_menu_typo_font_weight":"","ocean_menu_typo_font_weight_tablet":"","ocean_menu_typo_font_weight_mobile":"","ocean_menu_typo_transform":"","ocean_menu_typo_transform_tablet":"","ocean_menu_typo_transform_mobile":"","ocean_menu_typo_line_height":[],"ocean_menu_typo_line_height_tablet":0,"ocean_menu_typo_line_height_mobile":0,"ocean_menu_typo_line_height_unit":"","ocean_menu_typo_spacing":[],"ocean_menu_typo_spacing_tablet":0,"ocean_menu_typo_spacing_mobile":0,"ocean_menu_typo_spacing_unit":"","ocean_menu_link_color":"","ocean_menu_link_color_hover":"","ocean_menu_link_color_active":"","ocean_menu_link_background":"","ocean_menu_link_hover_background":"","ocean_menu_link_active_background":"","ocean_menu_social_links_bg":"","ocean_menu_social_hover_links_bg":"","ocean_menu_social_links_color":"","ocean_menu_social_hover_links_color":"","ocean_disable_title":["default"],"ocean_disable_heading":["default"],"ocean_post_title":"","ocean_post_subheading":"","ocean_post_title_style":"","ocean_post_title_background_color":"","ocean_post_title_background":[],"ocean_post_title_bg_image_position":"","ocean_post_title_bg_image_attachment":"","ocean_post_title_bg_image_repeat":"","ocean_post_title_bg_image_size":"","ocean_post_title_height":[],"ocean_post_title_bg_overlay":[],"ocean_post_title_bg_overlay_color":"","ocean_disable_breadcrumbs":["default"],"ocean_breadcrumbs_color":"","ocean_breadcrumbs_separator_color":"","ocean_breadcrumbs_links_color":"","ocean_breadcrumbs_links_hover_color":"","ocean_display_footer_widgets":["default"],"ocean_display_footer_bottom":["default"],"ocean_custom_footer_template":["0"],"_wp_page_template":["default"],"ocean_link_format_target":[],"ocean_quote_format_link":[],"_wp_old_date":[],"_edit_lock":[],"_edit_last":[],"ocean_gallery_link_images":[],"osh_disable_topbar_sticky":[],"osh_disable_header_sticky":[],"_elementor_pro_version":[],"_oembed_e2253486b4ac832aa91022f965f4df74":[],"_elementor_version":[],"_oembed_time_e2253486b4ac832aa91022f965f4df74":[],"_genesis_description":["Comprend notre populaire cr\u00e8me de jour min\u00e9rale, compl\u00e9t\u00e9e par notre beurre corporel \u00e0 la noix de coco la plus pure et notre baume \u00e0 l\u00e8vres au chanvre."],"_yoast_wpseo_content_score":[],"_yoast_wpseo_primary_category":[],"_oembed_147307c9146127d25c8c9bc3fedbbdd2":[],"_oembed_time_147307c9146127d25c8c9bc3fedbbdd2":[],"_oembed_298cc3cf7783e9a730e0d30489c0767d":[],"_oembed_time_298cc3cf7783e9a730e0d30489c0767d":[],"_wp_old_slug":[],"_yoast_wpseo_focuskw":[],"_oembed_6ce714c902a6c8b37bfed747aa272afa":[],"_oembed_time_6ce714c902a6c8b37bfed747aa272afa":[],"_oembed_67fd97d2449b30f3b8aff7987461bdee":[],"_oembed_time_67fd97d2449b30f3b8aff7987461bdee":[],"_yoast_wpseo_linkdex":[],"_oembed_8c4ad389a55d131ee3502f96b92cd139":[],"_oembed_time_8c4ad389a55d131ee3502f96b92cd139":[],"_thumbnail_id":["92192"],"_wpml_media_duplicate":["1","1","1","1"],"_wpml_media_has_media":[],"_seopress_titles_desc":[],"_seopress_analysis_target_kw":[],"_seopress_robots_primary_cat":[],"rank_math_seo_score":[],"rank_math_contentai_score":[],"rank_math_focus_keyword":["Cr\u00e8me de Nuit Naturelle Anti-\u00e2ge"],"rank_math_title":["Cr\u00e8me de Nuit Naturelle Anti-\u00e2ge avec Acide Hyaluronique & R\u00e9tinol"],"rank_math_description":[],"_elementor_controls_usage":[],"_ez-toc-disabled":[],"_ez-toc-insert":[],"_ez-toc-header-label":[],"_ez-toc-alignment":[],"_ez-toc-heading-levels":[],"_ez-toc-alttext":[],"_ez-toc-visibility_hide_by_default":[],"_ez-toc-hide_counter":[],"_ez-toc-exclude":[],"_ez-toc-position-specific":[],"rank_math_internal_links_processed":["1"],"rank_math_primary_category":[],"_wpml_media_featured":["1","1","1","1"],"_alp_processed":["1757993554","1757993554"],"_wpml_word_count":["281"],"copied_media_ids":[],"referenced_media_ids":[],"_elementor_page_assets":[null],"_elementor_css":[],"_elementor_element_cache":[]},"product_brand":[],"product_cat":[191],"product_tag":[],"class_list":{"0":"post-64090","1":"product","2":"type-product","3":"status-publish","4":"has-post-thumbnail","6":"product_cat-uncategorized-fr","7":"pa_amount-achetez-en-2-economisez-10","8":"pa_amount-achetez-en-4-economisez-20","9":"pa_amount-unite-simple","11":"entry","12":"has-media","14":"first","15":"instock","16":"sale","17":"taxable","18":"shipping-taxable","19":"purchasable","20":"product-type-variable","21":"has-rating","22":"has-product-nav","23":"col","24":"span_1_of_3","25":"owp-content-center","26":"owp-thumbs-layout-horizontal","27":"owp-btn-normal","28":"owp-tabs-layout-horizontal","30":"circle-sale"},"bundled_by":[],"bundle_stock_status":"instock","bundle_stock_quantity":null,"bundle_virtual":false,"bundle_layout":"","bundle_add_to_cart_form_location":"","bundle_editable_in_cart":false,"bundle_sold_individually_context":"","bundle_item_grouping":"","bundle_min_size":"","bundle_max_size":"","bundle_price":[],"bundled_items":[],"bundle_sell_ids":[],"jetpack_sharing_enabled":true,"_links":{"self":[{"href":"https:\/\/worryfreebackup.win\/fr\/wp-json\/wp\/v2\/product\/64090","targetHints":{"allow":["GET"]}}],"collection":[{"href":"https:\/\/worryfreebackup.win\/fr\/wp-json\/wp\/v2\/product"}],"about":[{"href":"https:\/\/worryfreebackup.win\/fr\/wp-json\/wp\/v2\/types\/product"}],"replies":[{"embeddable":true,"href":"https:\/\/worryfreebackup.win\/fr\/wp-json\/wp\/v2\/comments?post=64090"}],"version-history":[{"count":5,"href":"https:\/\/worryfreebackup.win\/fr\/wp-json\/wp\/v2\/product\/64090\/revisions"}],"predecessor-version":[{"id":93314,"href":"https:\/\/worryfreebackup.win\/fr\/wp-json\/wp\/v2\/product\/64090\/revisions\/93314"}],"wp:featuredmedia":[{"embeddable":true,"href":"https:\/\/worryfreebackup.win\/fr\/wp-json\/wp\/v2\/media\/92192"}],"wp:attachment":[{"href":"https:\/\/worryfreebackup.win\/fr\/wp-json\/wp\/v2\/media?parent=64090"}],"wp:term":[{"taxonomy":"product_brand","embeddable":true,"href":"https:\/\/worryfreebackup.win\/fr\/wp-json\/wp\/v2\/product_brand?post=64090"},{"taxonomy":"product_cat","embeddable":true,"href":"https:\/\/worryfreebackup.win\/fr\/wp-json\/wp\/v2\/product_cat?post=64090"},{"taxonomy":"product_tag","embeddable":true,"href":"https:\/\/worryfreebackup.win\/fr\/wp-json\/wp\/v2\/product_tag?post=64090"}],"curies":[{"name":"wp","href":"https:\/\/api.w.org\/{rel}","templated":true}]}}