





{"id":64177,"date":"2025-08-02T10:07:40","date_gmt":"2025-08-02T10:07:40","guid":{"rendered":"https:\/\/suntribesunscreen.com\/?post_type=product&#038;p=64177"},"modified":"2026-02-03T14:32:33","modified_gmt":"2026-02-03T14:32:33","slug":"suntribe-natural-mango-delight-body-wash","status":"publish","type":"product","link":"https:\/\/worryfreebackup.win\/fr\/produit\/suntribe-natural-mango-delight-body-wash\/","title":{"rendered":"Gel Douche Naturel Doux \u00e0 l\u2019Infusion de P\u00eache"},"content":{"rendered":"<p><span style=\"font-weight: 400;\">Offrez-vous une douche \u00e0 l\u2019infusion de p\u00eache qui rafra\u00eechit et \u00e9veille vos sens. Cette formule 100 % naturelle et v\u00e9gane nettoie en douceur tout en gardant votre peau hydrat\u00e9e et douce. Enrichi en extrait de p\u00eache, il revitalise et adoucit la peau tout en lui apportant une action antioxydante, tandis que la glyc\u00e9rine naturelle assure une hydratation durable. Le sel marin, riche en min\u00e9raux, purifie d\u00e9licatement et aide \u00e0 maintenir l\u2019\u00e9quilibre naturel de la peau gr\u00e2ce \u00e0 une formule respectueuse du pH.   <\/span><\/p>\n<p><span style=\"font-weight: 400;\">Sans parab\u00e8nes, sulfates synth\u00e9tiques, PEG ni parfums synth\u00e9tiques, ce gel douche d\u00e9licat, sans compromis est naturellement parfum\u00e9. Offrez-vous un moment de bien-\u00eatre et laissez ce gel douche doux transformer chaque douche en une parenth\u00e8se fra\u00eeche et revitalisante. <\/span><\/p>\n","protected":false},"excerpt":{"rendered":"<p><span style=\"font-weight: 400;\"><strong>GEL DOUCHE 100 % NATUREL<\/strong> | D\u00e9couvrez un gel douche rafra\u00eechissant \u00e0 l\u2019extrait de p\u00eache qui nettoie en douceur tout en gardant votre peau hydrat\u00e9e et douce.<\/span><\/p>\n<p><span style=\"font-weight: 400;\"><strong>FRA\u00ceCHEUR \u00c0 LA P\u00caCHE<\/strong> | Le doux parfum fruit\u00e9 de la p\u00eache \u00e9veille vos sens tandis que ses antioxydants naturels aident votre peau \u00e0 se sentir fra\u00eeche et revitalis\u00e9e.<\/span><\/p>\n<p><span style=\"font-weight: 400;\"><strong>DOUX<\/strong> | V\u00e9gan et exempt d\u2019ingr\u00e9dients potentiellement toxiques comme les parab\u00e8nes, les sulfates synth\u00e9tiques et les PEG. Sans parfum synth\u00e9tique, naturellement parfum\u00e9. <\/span><\/p>\n<p><span style=\"font-weight: 400;\"><strong>HYDRATANT &amp; NOURRISSANT<\/strong> | Avec de la glyc\u00e9rine naturelle pour une hydratation en profondeur et de l\u2019extrait de p\u00eache pour revitaliser et adoucir votre peau, la laissant fra\u00eeche et lisse.<\/span><\/p>\n<p><span style=\"font-weight: 400;\"><strong>\u00c9QUILIBRANT <\/strong>| Purifie d\u00e9licatement gr\u00e2ce au sel marin et pr\u00e9serve l\u2019harmonie naturelle de votre peau gr\u00e2ce \u00e0 une formule au pH \u00e9quilibr\u00e9.<\/span><\/p>\n<p><strong>200 ml \u2014 Fragrance naturelle de p\u00eache<\/strong><\/p>\n","protected":false},"featured_media":101550,"comment_status":"open","ping_status":"closed","template":"","meta":{"ocean_post_layout":"","ocean_both_sidebars_style":"","ocean_both_sidebars_content_width":[],"ocean_both_sidebars_sidebars_width":[],"ocean_sidebar":[""],"ocean_second_sidebar":[""],"ocean_disable_margins":["enable"],"ocean_add_body_class":"","ocean_shortcode_before_top_bar":"","ocean_shortcode_after_top_bar":"","ocean_shortcode_before_header":"","ocean_shortcode_after_header":"","ocean_has_shortcode":"","ocean_shortcode_after_title":"","ocean_shortcode_before_footer_widgets":"","ocean_shortcode_after_footer_widgets":"","ocean_shortcode_before_footer_bottom":"","ocean_shortcode_after_footer_bottom":"","ocean_display_top_bar":["default"],"ocean_display_header":["default"],"ocean_header_style":"","ocean_center_header_left_menu":[""],"ocean_custom_header_template":[""],"ocean_custom_logo":[],"ocean_custom_retina_logo":[],"ocean_custom_logo_max_width":[""],"ocean_custom_logo_tablet_max_width":[""],"ocean_custom_logo_mobile_max_width":[""],"ocean_custom_logo_max_height":[""],"ocean_custom_logo_tablet_max_height":[""],"ocean_custom_logo_mobile_max_height":[""],"ocean_header_custom_menu":[""],"ocean_menu_typo_font_family":[""],"ocean_menu_typo_font_subset":"","ocean_menu_typo_font_size":[],"ocean_menu_typo_font_size_tablet":0,"ocean_menu_typo_font_size_mobile":0,"ocean_menu_typo_font_size_unit":"px","ocean_menu_typo_font_weight":"","ocean_menu_typo_font_weight_tablet":"","ocean_menu_typo_font_weight_mobile":"","ocean_menu_typo_transform":"","ocean_menu_typo_transform_tablet":"","ocean_menu_typo_transform_mobile":"","ocean_menu_typo_line_height":[],"ocean_menu_typo_line_height_tablet":0,"ocean_menu_typo_line_height_mobile":0,"ocean_menu_typo_line_height_unit":"","ocean_menu_typo_spacing":[],"ocean_menu_typo_spacing_tablet":0,"ocean_menu_typo_spacing_mobile":0,"ocean_menu_typo_spacing_unit":"","ocean_menu_link_color":"","ocean_menu_link_color_hover":"","ocean_menu_link_color_active":"","ocean_menu_link_background":"","ocean_menu_link_hover_background":"","ocean_menu_link_active_background":"","ocean_menu_social_links_bg":"","ocean_menu_social_hover_links_bg":"","ocean_menu_social_links_color":"","ocean_menu_social_hover_links_color":"","ocean_disable_title":["default"],"ocean_disable_heading":["default"],"ocean_post_title":"","ocean_post_subheading":"","ocean_post_title_style":"","ocean_post_title_background_color":"","ocean_post_title_background":[],"ocean_post_title_bg_image_position":"","ocean_post_title_bg_image_attachment":"","ocean_post_title_bg_image_repeat":"","ocean_post_title_bg_image_size":"","ocean_post_title_height":[],"ocean_post_title_bg_overlay":[],"ocean_post_title_bg_overlay_color":"","ocean_disable_breadcrumbs":["default"],"ocean_breadcrumbs_color":"","ocean_breadcrumbs_separator_color":"","ocean_breadcrumbs_links_color":"","ocean_breadcrumbs_links_hover_color":"","ocean_display_footer_widgets":["default"],"ocean_display_footer_bottom":["default"],"ocean_custom_footer_template":[""],"_wp_page_template":["default"],"ocean_link_format_target":[],"ocean_quote_format_link":[],"_wp_old_date":[],"_edit_lock":["1693568923:1"],"_edit_last":["1"],"ocean_gallery_link_images":[],"osh_disable_topbar_sticky":[],"osh_disable_header_sticky":[],"_elementor_pro_version":[],"_oembed_e2253486b4ac832aa91022f965f4df74":[],"_elementor_version":[],"_oembed_time_e2253486b4ac832aa91022f965f4df74":[],"_genesis_description":["Comprend notre populaire cr\u00e8me de jour min\u00e9rale, compl\u00e9t\u00e9e par notre beurre corporel \u00e0 la noix de coco la plus pure et notre baume \u00e0 l\u00e8vres au chanvre."],"_yoast_wpseo_content_score":[],"_yoast_wpseo_primary_category":[],"_oembed_147307c9146127d25c8c9bc3fedbbdd2":[],"_oembed_time_147307c9146127d25c8c9bc3fedbbdd2":[],"_oembed_298cc3cf7783e9a730e0d30489c0767d":[],"_oembed_time_298cc3cf7783e9a730e0d30489c0767d":[],"_wp_old_slug":[],"_yoast_wpseo_focuskw":[],"_oembed_6ce714c902a6c8b37bfed747aa272afa":[],"_oembed_time_6ce714c902a6c8b37bfed747aa272afa":[],"_oembed_67fd97d2449b30f3b8aff7987461bdee":[],"_oembed_time_67fd97d2449b30f3b8aff7987461bdee":[],"_yoast_wpseo_linkdex":[],"_oembed_8c4ad389a55d131ee3502f96b92cd139":[],"_oembed_time_8c4ad389a55d131ee3502f96b92cd139":[],"_thumbnail_id":["101550"],"_wpml_media_duplicate":["1","1","1","1","1","1"],"_wpml_media_has_media":["1"],"_seopress_titles_desc":[],"_seopress_analysis_target_kw":[],"_seopress_robots_primary_cat":[],"rank_math_seo_score":[],"rank_math_contentai_score":[],"rank_math_focus_keyword":[],"rank_math_title":[],"rank_math_description":[],"_elementor_controls_usage":[],"_ez-toc-disabled":[],"_ez-toc-insert":[],"_ez-toc-header-label":[],"_ez-toc-alignment":[],"_ez-toc-heading-levels":[],"_ez-toc-alttext":[],"_ez-toc-visibility_hide_by_default":[],"_ez-toc-hide_counter":[],"_ez-toc-exclude":[],"_ez-toc-position-specific":[],"rank_math_internal_links_processed":["1"],"rank_math_primary_category":[],"_wpml_media_featured":["1","1","1","1","1","1"],"_alp_processed":["1758526567","1758526567","1758526567","1758526567"],"_wpml_word_count":["294"],"copied_media_ids":[],"referenced_media_ids":[],"_elementor_page_assets":[null],"_elementor_css":[],"_elementor_element_cache":[]},"product_brand":[],"product_cat":[191],"product_tag":[],"class_list":{"0":"post-64177","1":"product","2":"type-product","3":"status-publish","4":"has-post-thumbnail","6":"product_cat-uncategorized-fr","7":"pa_amount-achetez-en-2-economisez-10","8":"pa_amount-achetez-en-4-economisez-20","9":"pa_amount-unite-simple","11":"entry","12":"has-media","14":"first","15":"instock","16":"sale","17":"taxable","18":"shipping-taxable","19":"purchasable","20":"product-type-variable","21":"has-rating","22":"has-product-nav","23":"col","24":"span_1_of_3","25":"owp-content-center","26":"owp-thumbs-layout-horizontal","27":"owp-btn-normal","28":"owp-tabs-layout-horizontal","30":"circle-sale"},"bundled_by":[],"bundle_stock_status":"instock","bundle_stock_quantity":null,"bundle_virtual":false,"bundle_layout":"","bundle_add_to_cart_form_location":"","bundle_editable_in_cart":false,"bundle_sold_individually_context":"","bundle_item_grouping":"","bundle_min_size":"","bundle_max_size":"","bundle_price":[],"bundled_items":[],"bundle_sell_ids":[],"jetpack_sharing_enabled":true,"_links":{"self":[{"href":"https:\/\/worryfreebackup.win\/fr\/wp-json\/wp\/v2\/product\/64177","targetHints":{"allow":["GET"]}}],"collection":[{"href":"https:\/\/worryfreebackup.win\/fr\/wp-json\/wp\/v2\/product"}],"about":[{"href":"https:\/\/worryfreebackup.win\/fr\/wp-json\/wp\/v2\/types\/product"}],"replies":[{"embeddable":true,"href":"https:\/\/worryfreebackup.win\/fr\/wp-json\/wp\/v2\/comments?post=64177"}],"version-history":[{"count":5,"href":"https:\/\/worryfreebackup.win\/fr\/wp-json\/wp\/v2\/product\/64177\/revisions"}],"predecessor-version":[{"id":101360,"href":"https:\/\/worryfreebackup.win\/fr\/wp-json\/wp\/v2\/product\/64177\/revisions\/101360"}],"wp:featuredmedia":[{"embeddable":true,"href":"https:\/\/worryfreebackup.win\/fr\/wp-json\/wp\/v2\/media\/101550"}],"wp:attachment":[{"href":"https:\/\/worryfreebackup.win\/fr\/wp-json\/wp\/v2\/media?parent=64177"}],"wp:term":[{"taxonomy":"product_brand","embeddable":true,"href":"https:\/\/worryfreebackup.win\/fr\/wp-json\/wp\/v2\/product_brand?post=64177"},{"taxonomy":"product_cat","embeddable":true,"href":"https:\/\/worryfreebackup.win\/fr\/wp-json\/wp\/v2\/product_cat?post=64177"},{"taxonomy":"product_tag","embeddable":true,"href":"https:\/\/worryfreebackup.win\/fr\/wp-json\/wp\/v2\/product_tag?post=64177"}],"curies":[{"name":"wp","href":"https:\/\/api.w.org\/{rel}","templated":true}]}}