





{"id":66707,"date":"2021-04-26T08:50:09","date_gmt":"2021-04-26T08:50:09","guid":{"rendered":"https:\/\/suntribesunscreen.com\/product\/creme-solaire-minerale-naturelle-spf-30-suntribe\/"},"modified":"2026-03-15T21:13:18","modified_gmt":"2026-03-15T21:13:18","slug":"suntribe-creme-solaire-minerale-naturelle-biologique-fps-spf-30-zinc-2","status":"publish","type":"product","link":"https:\/\/worryfreebackup.win\/fr\/produit\/suntribe-creme-solaire-minerale-naturelle-biologique-fps-spf-30-zinc-2\/","title":{"rendered":"Cr\u00e8me Solaire Min\u00e9rale Bio SPF 30"},"content":{"rendered":"<p><span style=\"font-weight: 400;\">Vous pouvez enfin cesser de vous inqui\u00e9ter de la composition de votre cr\u00e8me solaire \u2014 cette cr\u00e8me solaire min\u00e9rale est sans danger pour vous et pour la nature et ne laisse pas de traces blanches.<br \/>\nCompos\u00e9e d&rsquo;oxyde de zinc sans nanoparticules, cette cr\u00e8me solaire biologique offre une protection s\u00fbre \u00e0 large spectre contre les UVA et les UVB d\u00e8s la premi\u00e8re application. <\/span><\/p>\n<p><span style=\"font-weight: 400;\">Cette cr\u00e8me solaire sans danger pour les r\u00e9cifs est pr\u00e9sent\u00e9e dans un tube de canne \u00e0 sucre innovant et est l\u00e9g\u00e8rement teint\u00e9e pour se fondre dans le teint de votre peau. Cr\u00e8me solaire naturelle de premi\u00e8re qualit\u00e9 contenant de l&rsquo;huile de noix de coco et du beurre de cacao nourrissants qui aident \u00e0 pr\u00e9venir la perte d&rsquo;hydratation due au soleil et ajoutent une odeur tropicale. Particuli\u00e8rement adapt\u00e9 aux peaux normales, sensibles et s\u00e8ches.<\/span><\/p>\n","protected":false},"excerpt":{"rendered":"<p><span style=\"font-weight: 400;\"><strong>CR\u00c8ME SOLAIRE 100% NATURELLE<\/strong> | Respectueux de votre sant\u00e9 et de notre nature. Dans un tube de canne \u00e0 sucre \u00e9cologique. <\/span><\/p>\n<p><span style=\"font-weight: 400;\"><strong>TEINT\u00c9<\/strong> | L\u00e9g\u00e8rement teint\u00e9e pour que cette cr\u00e8me solaire min\u00e9rale se fonde dans le teint de votre peau. Non blanchissant.<\/span><\/p>\n<p><span style=\"font-weight: 400;\"><strong>FILTRE UV MIN\u00c9RAL<\/strong> | Protection \u00e0 large spectre scientifiquement valid\u00e9e contre les UVA et les UVB gr\u00e2ce \u00e0 l&rsquo;oxyde de zinc sans nanoparticules. Bloque 97% des rayons UVB. R\u00e9sistant \u00e0 l&rsquo;eau. Sans danger pour les r\u00e9cifs. <\/span><\/p>\n<p><span style=\"font-weight: 400;\"><strong>BIO &amp; DOUX POUR LA PEAU<\/strong> | Formul\u00e9 avec des ingr\u00e9dients biologiques. Sans allerg\u00e8ne et convient aux peaux sensibles. Parfum naturel de coco. <\/span><\/p>\n<p><span style=\"font-weight: 400;\"><strong>0% D&rsquo;ADDITIFS<\/strong> | Enfin une cr\u00e8me solaire sans souci. Sans parfum, sans conservateurs et sans chimiques synth\u00e9tiques.<\/span><\/p>\n<p><strong>100ml \u2014 40 minutes de r\u00e9sistance \u00e0 l\u2019eau \u2014 UVA  UVB \u2014 Parfum naturel de noix de coco \u2014 Teint\u00e9 \/ Non blanchissant<\/strong><\/p>\n","protected":false},"featured_media":101335,"comment_status":"open","ping_status":"closed","template":"","meta":{"ocean_post_layout":"","ocean_both_sidebars_style":"","ocean_both_sidebars_content_width":[],"ocean_both_sidebars_sidebars_width":[],"ocean_sidebar":["0"],"ocean_second_sidebar":["0"],"ocean_disable_margins":["enable"],"ocean_add_body_class":"","ocean_shortcode_before_top_bar":"","ocean_shortcode_after_top_bar":"","ocean_shortcode_before_header":"","ocean_shortcode_after_header":"","ocean_has_shortcode":"","ocean_shortcode_after_title":"","ocean_shortcode_before_footer_widgets":"","ocean_shortcode_after_footer_widgets":"","ocean_shortcode_before_footer_bottom":"","ocean_shortcode_after_footer_bottom":"","ocean_display_top_bar":["default"],"ocean_display_header":["default"],"ocean_header_style":"","ocean_center_header_left_menu":["0"],"ocean_custom_header_template":["0"],"ocean_custom_logo":[],"ocean_custom_retina_logo":[],"ocean_custom_logo_max_width":[""],"ocean_custom_logo_tablet_max_width":[""],"ocean_custom_logo_mobile_max_width":[""],"ocean_custom_logo_max_height":[""],"ocean_custom_logo_tablet_max_height":[""],"ocean_custom_logo_mobile_max_height":[""],"ocean_header_custom_menu":["0"],"ocean_menu_typo_font_family":["0"],"ocean_menu_typo_font_subset":"","ocean_menu_typo_font_size":[],"ocean_menu_typo_font_size_tablet":0,"ocean_menu_typo_font_size_mobile":0,"ocean_menu_typo_font_size_unit":"px","ocean_menu_typo_font_weight":"","ocean_menu_typo_font_weight_tablet":"","ocean_menu_typo_font_weight_mobile":"","ocean_menu_typo_transform":"","ocean_menu_typo_transform_tablet":"","ocean_menu_typo_transform_mobile":"","ocean_menu_typo_line_height":[],"ocean_menu_typo_line_height_tablet":0,"ocean_menu_typo_line_height_mobile":0,"ocean_menu_typo_line_height_unit":"","ocean_menu_typo_spacing":[],"ocean_menu_typo_spacing_tablet":0,"ocean_menu_typo_spacing_mobile":0,"ocean_menu_typo_spacing_unit":"","ocean_menu_link_color":"","ocean_menu_link_color_hover":"","ocean_menu_link_color_active":"","ocean_menu_link_background":"","ocean_menu_link_hover_background":"","ocean_menu_link_active_background":"","ocean_menu_social_links_bg":"","ocean_menu_social_hover_links_bg":"","ocean_menu_social_links_color":"","ocean_menu_social_hover_links_color":"","ocean_disable_title":["default"],"ocean_disable_heading":["on"],"ocean_post_title":"","ocean_post_subheading":"","ocean_post_title_style":"","ocean_post_title_background_color":"","ocean_post_title_background":[],"ocean_post_title_bg_image_position":"","ocean_post_title_bg_image_attachment":"","ocean_post_title_bg_image_repeat":"","ocean_post_title_bg_image_size":"","ocean_post_title_height":[],"ocean_post_title_bg_overlay":[],"ocean_post_title_bg_overlay_color":"","ocean_disable_breadcrumbs":["default"],"ocean_breadcrumbs_color":"","ocean_breadcrumbs_separator_color":"","ocean_breadcrumbs_links_color":"","ocean_breadcrumbs_links_hover_color":"","ocean_display_footer_widgets":["default"],"ocean_display_footer_bottom":["default"],"ocean_custom_footer_template":["0"],"_wp_page_template":["default"],"ocean_link_format_target":[],"ocean_quote_format_link":[],"_wp_old_date":[],"_edit_lock":[],"_edit_last":[],"ocean_gallery_link_images":[],"osh_disable_topbar_sticky":[],"osh_disable_header_sticky":[],"_elementor_pro_version":[],"_oembed_e2253486b4ac832aa91022f965f4df74":[],"_elementor_version":["0.4"],"_oembed_time_e2253486b4ac832aa91022f965f4df74":[],"_genesis_description":["Cr\u00e8me solaire min\u00e9rale naturelle avec l\u2019oxyde de zinc sans nanoparticules comme filtre UV. Large spectre (UVA\/UVB), Reef Safe, ingr\u00e9dients biologiques. Exp\u00e9di\u00e9 dans le monde entier!"],"_yoast_wpseo_content_score":[],"_yoast_wpseo_primary_category":[],"_oembed_147307c9146127d25c8c9bc3fedbbdd2":[],"_oembed_time_147307c9146127d25c8c9bc3fedbbdd2":[],"_oembed_298cc3cf7783e9a730e0d30489c0767d":[],"_oembed_time_298cc3cf7783e9a730e0d30489c0767d":[],"_wp_old_slug":[],"_yoast_wpseo_focuskw":["Cr\u00e8me Solaire Min\u00e9rale"],"_oembed_6ce714c902a6c8b37bfed747aa272afa":[],"_oembed_time_6ce714c902a6c8b37bfed747aa272afa":[],"_oembed_67fd97d2449b30f3b8aff7987461bdee":[],"_oembed_time_67fd97d2449b30f3b8aff7987461bdee":[],"_yoast_wpseo_linkdex":[],"_oembed_8c4ad389a55d131ee3502f96b92cd139":[],"_oembed_time_8c4ad389a55d131ee3502f96b92cd139":[],"_thumbnail_id":["101335"],"_wpml_media_duplicate":["1"],"_wpml_media_has_media":[],"_seopress_titles_desc":["Cr\u00e8me solaire min\u00e9rale naturelle avec l\u2019oxyde de zinc sans nanoparticules comme filtre UV. Large spectre (UVA\/UVB), Reef Safe, ingr\u00e9dients biologiques. Exp\u00e9di\u00e9 dans le monde entier!"],"_seopress_analysis_target_kw":[],"_seopress_robots_primary_cat":[],"rank_math_seo_score":[],"rank_math_contentai_score":[],"rank_math_focus_keyword":["Cr\u00e8me Solaire Min\u00e9rale"],"rank_math_title":[],"rank_math_description":[],"_elementor_controls_usage":[],"_ez-toc-disabled":[],"_ez-toc-insert":[],"_ez-toc-header-label":[],"_ez-toc-alignment":[],"_ez-toc-heading-levels":[],"_ez-toc-alttext":[],"_ez-toc-visibility_hide_by_default":[],"_ez-toc-hide_counter":[],"_ez-toc-exclude":[],"_ez-toc-position-specific":[],"rank_math_internal_links_processed":["1"],"rank_math_primary_category":[],"_wpml_media_featured":["1"],"_alp_processed":["1747497350"],"_wpml_word_count":["290"],"copied_media_ids":[],"referenced_media_ids":[],"_elementor_page_assets":[null],"_elementor_css":[],"_elementor_element_cache":[]},"product_brand":[],"product_cat":[166],"product_tag":[],"class_list":{"0":"post-66707","1":"product","2":"type-product","3":"status-publish","4":"has-post-thumbnail","6":"product_cat-ecrans-solaires","7":"pa_amount-achetez-en-2-economisez-10","8":"pa_amount-achetez-en-4-economisez-20","9":"pa_amount-unite-simple","11":"entry","12":"has-media","14":"first","15":"instock","16":"sale","17":"taxable","18":"shipping-taxable","19":"purchasable","20":"product-type-variable","21":"has-rating","22":"has-product-nav","23":"col","24":"span_1_of_3","25":"owp-content-center","26":"owp-thumbs-layout-horizontal","27":"owp-btn-normal","28":"owp-tabs-layout-horizontal","30":"circle-sale"},"bundled_by":[],"bundle_stock_status":"instock","bundle_stock_quantity":null,"bundle_virtual":false,"bundle_layout":"","bundle_add_to_cart_form_location":"","bundle_editable_in_cart":false,"bundle_sold_individually_context":"","bundle_item_grouping":"","bundle_min_size":"","bundle_max_size":"","bundle_price":[],"bundled_items":[],"bundle_sell_ids":[],"jetpack_sharing_enabled":true,"_links":{"self":[{"href":"https:\/\/worryfreebackup.win\/fr\/wp-json\/wp\/v2\/product\/66707","targetHints":{"allow":["GET"]}}],"collection":[{"href":"https:\/\/worryfreebackup.win\/fr\/wp-json\/wp\/v2\/product"}],"about":[{"href":"https:\/\/worryfreebackup.win\/fr\/wp-json\/wp\/v2\/types\/product"}],"replies":[{"embeddable":true,"href":"https:\/\/worryfreebackup.win\/fr\/wp-json\/wp\/v2\/comments?post=66707"}],"version-history":[{"count":6,"href":"https:\/\/worryfreebackup.win\/fr\/wp-json\/wp\/v2\/product\/66707\/revisions"}],"predecessor-version":[{"id":92784,"href":"https:\/\/worryfreebackup.win\/fr\/wp-json\/wp\/v2\/product\/66707\/revisions\/92784"}],"wp:featuredmedia":[{"embeddable":true,"href":"https:\/\/worryfreebackup.win\/fr\/wp-json\/wp\/v2\/media\/101335"}],"wp:attachment":[{"href":"https:\/\/worryfreebackup.win\/fr\/wp-json\/wp\/v2\/media?parent=66707"}],"wp:term":[{"taxonomy":"product_brand","embeddable":true,"href":"https:\/\/worryfreebackup.win\/fr\/wp-json\/wp\/v2\/product_brand?post=66707"},{"taxonomy":"product_cat","embeddable":true,"href":"https:\/\/worryfreebackup.win\/fr\/wp-json\/wp\/v2\/product_cat?post=66707"},{"taxonomy":"product_tag","embeddable":true,"href":"https:\/\/worryfreebackup.win\/fr\/wp-json\/wp\/v2\/product_tag?post=66707"}],"curies":[{"name":"wp","href":"https:\/\/api.w.org\/{rel}","templated":true}]}}