





{"id":77390,"date":"2008-05-23T12:52:59","date_gmt":"2024-05-23T13:01:02","guid":{"rendered":"https:\/\/suntribesunscreen.com\/product\/essayez-moi-creme-solaire-minerale-naturelle-sport-spf-50-3-ml\/"},"modified":"2025-05-17T13:22:16","modified_gmt":"2025-05-17T13:22:16","slug":"essayez-moi-creme-solaire-minerale-naturelle-sport-spf-50-3-ml","status":"publish","type":"product","link":"https:\/\/worryfreebackup.win\/fr\/produit\/essayez-moi-creme-solaire-minerale-naturelle-sport-spf-50-3-ml\/","title":{"rendered":"Essayez-moi ! Cr\u00e8me Solaire Min\u00e9rale Naturelle Sport SPF 50 (3 ml)"},"content":{"rendered":"<p style=\"text-align: left;\"><span style=\"font-weight: 400;\">Vous pouvez enfin cesser de vous inqui\u00e9ter de ce que contient votre cr\u00e8me solaire \u2014 celle-ci est sans danger pour vous et la nature. Cr\u00e8me solaire SPF 50 haute performance avec une tr\u00e8s haute r\u00e9sistance \u00e0 l&rsquo;eau et \u00e0 la sueur. Une combinaison innovante de filtres UV min\u00e9raux et d&rsquo;huile de Pongamia Glabra rend cette cr\u00e8me solaire biologique \u00e0 peine visible tout en offrant une protection \u00e0 large spectre scientifiquement valid\u00e9e contre les rayons UVA et UVB. <\/span><\/p>\n<p><span style=\"font-weight: 400;\">Une cr\u00e8me solaire doux, vegan et sans danger pour les r\u00e9cifs, avec de l&rsquo;alo\u00e8s apaisant et de la camomille calmante. Sans allerg\u00e8ne, convient aux enfants et aux peaux sensibles. <\/span><\/p>\n","protected":false},"excerpt":{"rendered":"<p><span style=\"font-weight: 400;\"><strong>CR\u00c8ME SOLAIRE 100% NATURELLE<\/strong> | Respectueux de votre sant\u00e9 et de notre nature. Enfin une cr\u00e8me solaire sans souci. <\/span><\/p>\n<p><span style=\"font-weight: 400;\"><strong>PROTECTION SOLAIRE HAUTE PERFORMANCE<\/strong> | Tr\u00e8s r\u00e9sistante \u00e0 l&rsquo;eau et \u00e0 la sueur. Cette cr\u00e8me solaire reste en place aussi bien dans les grosses vagues que dans les activit\u00e9s terrestres. <\/span><\/p>\n<p><span style=\"font-weight: 400;\"><strong>BLANC BRILLANT<\/strong> | La combinaison innovante de filtres UV min\u00e9raux et d&rsquo;huile de Pongamia Glabra r\u00e9duit l&rsquo;effet blanchissant de cette cr\u00e8me solaire sur la peau.<\/span><\/p>\n<p><span style=\"font-weight: 400;\"><strong>BIO &amp; DOUX<\/strong> | Cr\u00e8me solaire vegan avec de l&rsquo;Aloe Vera apaisant et de la camomille calmante. Sans allerg\u00e8ne, convient aux enfants et aux peaux sensibles. Senteur douce sans parfum.<\/span><\/p>\n<p><span style=\"font-weight: 400;\"><strong>FILTRES UV MIN\u00c9RAUX<\/strong> | Protection \u00e0 large spectre scientifiquement valid\u00e9e contre les UVA et les UVB gr\u00e2ce \u00e0 l&rsquo;oxyde de zinc et dioxyde de titane non nano. Sans danger pour les r\u00e9cifs et biod\u00e9gradable<\/span><\/p>\n<p><img decoding=\"async\" class=\"alignleft wp-image-84023\" src=\"https:\/\/suntribesunscreen.com\/wp-content\/uploads\/2021\/04\/SPF-50-4.jpg\" alt=\"\" width=\"600\" height=\"76\" srcset=\"https:\/\/worryfreebackup.win\/wp-content\/uploads\/2021\/04\/SPF-50-4.jpg 1688w, https:\/\/worryfreebackup.win\/wp-content\/uploads\/2021\/04\/SPF-50-4-700x89.jpg 700w, https:\/\/worryfreebackup.win\/wp-content\/uploads\/2021\/04\/SPF-50-4-1024x130.jpg 1024w, https:\/\/worryfreebackup.win\/wp-content\/uploads\/2021\/04\/SPF-50-4-768x97.jpg 768w, https:\/\/worryfreebackup.win\/wp-content\/uploads\/2021\/04\/SPF-50-4-1536x195.jpg 1536w, https:\/\/worryfreebackup.win\/wp-content\/uploads\/2021\/04\/SPF-50-4-1000x127.jpg 1000w\" sizes=\"(max-width: 600px) 100vw, 600px\" \/><\/p>\n<p>&nbsp;<\/p>\n<p>&nbsp;<\/p>\n<p>&nbsp;<\/p>\n<p><strong>3 ml \u2014 80 min r\u00e9sistant \u00e0 l\u2019eau \u2014 UVA &amp; UVB \u2014 Non parfum\u00e9 \u2014 Non teint\u00e9<\/strong><\/p>\n","protected":false},"featured_media":74420,"comment_status":"open","ping_status":"closed","template":"","meta":{"ocean_post_layout":"","ocean_both_sidebars_style":"","ocean_both_sidebars_content_width":[],"ocean_both_sidebars_sidebars_width":[],"ocean_sidebar":["0"],"ocean_second_sidebar":["0"],"ocean_disable_margins":[],"ocean_add_body_class":"","ocean_shortcode_before_top_bar":"","ocean_shortcode_after_top_bar":"","ocean_shortcode_before_header":"","ocean_shortcode_after_header":"","ocean_has_shortcode":"","ocean_shortcode_after_title":"","ocean_shortcode_before_footer_widgets":"","ocean_shortcode_after_footer_widgets":"","ocean_shortcode_before_footer_bottom":"","ocean_shortcode_after_footer_bottom":"","ocean_display_top_bar":[],"ocean_display_header":[],"ocean_header_style":"","ocean_center_header_left_menu":["0"],"ocean_custom_header_template":["0"],"ocean_custom_logo":[],"ocean_custom_retina_logo":[],"ocean_custom_logo_max_width":[""],"ocean_custom_logo_tablet_max_width":[""],"ocean_custom_logo_mobile_max_width":[""],"ocean_custom_logo_max_height":[""],"ocean_custom_logo_tablet_max_height":[""],"ocean_custom_logo_mobile_max_height":[""],"ocean_header_custom_menu":["0"],"ocean_menu_typo_font_family":["0"],"ocean_menu_typo_font_subset":"","ocean_menu_typo_font_size":[],"ocean_menu_typo_font_size_tablet":0,"ocean_menu_typo_font_size_mobile":0,"ocean_menu_typo_font_size_unit":"px","ocean_menu_typo_font_weight":"","ocean_menu_typo_font_weight_tablet":"","ocean_menu_typo_font_weight_mobile":"","ocean_menu_typo_transform":"","ocean_menu_typo_transform_tablet":"","ocean_menu_typo_transform_mobile":"","ocean_menu_typo_line_height":[],"ocean_menu_typo_line_height_tablet":0,"ocean_menu_typo_line_height_mobile":0,"ocean_menu_typo_line_height_unit":"","ocean_menu_typo_spacing":[],"ocean_menu_typo_spacing_tablet":0,"ocean_menu_typo_spacing_mobile":0,"ocean_menu_typo_spacing_unit":"","ocean_menu_link_color":"","ocean_menu_link_color_hover":"","ocean_menu_link_color_active":"","ocean_menu_link_background":"","ocean_menu_link_hover_background":"","ocean_menu_link_active_background":"","ocean_menu_social_links_bg":"","ocean_menu_social_hover_links_bg":"","ocean_menu_social_links_color":"","ocean_menu_social_hover_links_color":"","ocean_disable_title":[],"ocean_disable_heading":[],"ocean_post_title":"","ocean_post_subheading":"","ocean_post_title_style":"","ocean_post_title_background_color":"","ocean_post_title_background":[],"ocean_post_title_bg_image_position":"","ocean_post_title_bg_image_attachment":"","ocean_post_title_bg_image_repeat":"","ocean_post_title_bg_image_size":"","ocean_post_title_height":[],"ocean_post_title_bg_overlay":[],"ocean_post_title_bg_overlay_color":"","ocean_disable_breadcrumbs":[],"ocean_breadcrumbs_color":"","ocean_breadcrumbs_separator_color":"","ocean_breadcrumbs_links_color":"","ocean_breadcrumbs_links_hover_color":"","ocean_display_footer_widgets":[],"ocean_display_footer_bottom":[],"ocean_custom_footer_template":["0"],"_wp_page_template":["default"],"ocean_link_format_target":[],"ocean_quote_format_link":[],"_wp_old_date":[],"_edit_lock":[],"_edit_last":[],"ocean_gallery_link_images":[],"osh_disable_topbar_sticky":[],"osh_disable_header_sticky":[],"_elementor_pro_version":[],"_oembed_e2253486b4ac832aa91022f965f4df74":[],"_elementor_version":["0.4"],"_oembed_time_e2253486b4ac832aa91022f965f4df74":[],"_genesis_description":[],"_yoast_wpseo_content_score":[],"_yoast_wpseo_primary_category":[],"_oembed_147307c9146127d25c8c9bc3fedbbdd2":[],"_oembed_time_147307c9146127d25c8c9bc3fedbbdd2":[],"_oembed_298cc3cf7783e9a730e0d30489c0767d":[],"_oembed_time_298cc3cf7783e9a730e0d30489c0767d":[],"_wp_old_slug":[],"_yoast_wpseo_focuskw":[],"_oembed_6ce714c902a6c8b37bfed747aa272afa":[],"_oembed_time_6ce714c902a6c8b37bfed747aa272afa":[],"_oembed_67fd97d2449b30f3b8aff7987461bdee":[],"_oembed_time_67fd97d2449b30f3b8aff7987461bdee":[],"_yoast_wpseo_linkdex":[],"_oembed_8c4ad389a55d131ee3502f96b92cd139":[],"_oembed_time_8c4ad389a55d131ee3502f96b92cd139":[],"_thumbnail_id":["74420"],"_wpml_media_duplicate":["1"],"_wpml_media_has_media":[],"_seopress_titles_desc":[],"_seopress_analysis_target_kw":[],"_seopress_robots_primary_cat":[],"rank_math_seo_score":[],"rank_math_contentai_score":[],"rank_math_focus_keyword":[],"rank_math_title":[],"rank_math_description":[],"_elementor_controls_usage":[],"_ez-toc-disabled":[],"_ez-toc-insert":[],"_ez-toc-header-label":[],"_ez-toc-alignment":[],"_ez-toc-heading-levels":[],"_ez-toc-alttext":[],"_ez-toc-visibility_hide_by_default":[],"_ez-toc-hide_counter":[],"_ez-toc-exclude":[],"_ez-toc-position-specific":[],"rank_math_internal_links_processed":["1"],"rank_math_primary_category":[],"_wpml_media_featured":["1"],"_alp_processed":["1747488136"],"_wpml_word_count":["280"],"copied_media_ids":[],"referenced_media_ids":[],"_elementor_page_assets":[],"_elementor_css":[],"_elementor_element_cache":[]},"product_brand":[],"product_cat":[166],"product_tag":[],"class_list":{"0":"post-77390","1":"product","2":"type-product","3":"status-publish","4":"has-post-thumbnail","6":"product_cat-ecrans-solaires","7":"pa_amount-achetez-en-2-economisez-10","8":"pa_amount-achetez-en-4-economisez-20","9":"pa_amount-sachet-3-ml","10":"pa_amount-unite-simple","12":"entry","13":"has-media","15":"first","16":"instock","17":"taxable","18":"shipping-taxable","19":"purchasable","20":"product-type-simple","21":"has-product-nav","22":"col","23":"span_1_of_3","24":"owp-content-center","25":"owp-thumbs-layout-horizontal","26":"owp-btn-normal","27":"owp-tabs-layout-horizontal","29":"circle-sale"},"bundled_by":[],"bundle_stock_status":"instock","bundle_stock_quantity":null,"bundle_virtual":false,"bundle_layout":"","bundle_add_to_cart_form_location":"","bundle_editable_in_cart":false,"bundle_sold_individually_context":"","bundle_item_grouping":"","bundle_min_size":"","bundle_max_size":"","bundle_price":[],"bundled_items":[],"bundle_sell_ids":[],"jetpack_sharing_enabled":true,"_links":{"self":[{"href":"https:\/\/worryfreebackup.win\/fr\/wp-json\/wp\/v2\/product\/77390","targetHints":{"allow":["GET"]}}],"collection":[{"href":"https:\/\/worryfreebackup.win\/fr\/wp-json\/wp\/v2\/product"}],"about":[{"href":"https:\/\/worryfreebackup.win\/fr\/wp-json\/wp\/v2\/types\/product"}],"replies":[{"embeddable":true,"href":"https:\/\/worryfreebackup.win\/fr\/wp-json\/wp\/v2\/comments?post=77390"}],"version-history":[{"count":3,"href":"https:\/\/worryfreebackup.win\/fr\/wp-json\/wp\/v2\/product\/77390\/revisions"}],"predecessor-version":[{"id":85265,"href":"https:\/\/worryfreebackup.win\/fr\/wp-json\/wp\/v2\/product\/77390\/revisions\/85265"}],"wp:featuredmedia":[{"embeddable":true,"href":"https:\/\/worryfreebackup.win\/fr\/wp-json\/wp\/v2\/media\/74420"}],"wp:attachment":[{"href":"https:\/\/worryfreebackup.win\/fr\/wp-json\/wp\/v2\/media?parent=77390"}],"wp:term":[{"taxonomy":"product_brand","embeddable":true,"href":"https:\/\/worryfreebackup.win\/fr\/wp-json\/wp\/v2\/product_brand?post=77390"},{"taxonomy":"product_cat","embeddable":true,"href":"https:\/\/worryfreebackup.win\/fr\/wp-json\/wp\/v2\/product_cat?post=77390"},{"taxonomy":"product_tag","embeddable":true,"href":"https:\/\/worryfreebackup.win\/fr\/wp-json\/wp\/v2\/product_tag?post=77390"}],"curies":[{"name":"wp","href":"https:\/\/api.w.org\/{rel}","templated":true}]}}