





{"id":89611,"date":"2025-04-17T10:41:28","date_gmt":"2025-04-17T10:41:28","guid":{"rendered":"https:\/\/suntribesunscreen.com\/?post_type=product&#038;p=89611"},"modified":"2026-03-02T13:18:40","modified_gmt":"2026-03-02T13:18:40","slug":"baume-a-levres-teinte-mineral-bio-spf-30","status":"publish","type":"product","link":"https:\/\/worryfreebackup.win\/fr\/produit\/baume-a-levres-teinte-mineral-bio-spf-30\/","title":{"rendered":"Baume \u00e0 L\u00e8vres Teint\u00e9 Min\u00e9ral Bio SPF 30"},"content":{"rendered":"<p><span style=\"font-weight: 400;\">Ne vous souciez plus de la composition de votre baume \u00e0 l\u00e8vres solaire \u2013 celui-ci est s\u00fbr pour vous et pour la nature. Adoptez votre nouvel indispensable du quotidien : un baume \u00e0 l\u00e8vres teint\u00e9 SPF 30 qui sublime vos l\u00e8vres d\u2019une jolie teinte rouge naturelle tout en les prot\u00e9geant du soleil.  <\/span><\/p>\n<p><span style=\"font-weight: 400;\">Formul\u00e9 avec de l\u2019oxyde de zinc sans nanoparticules, ce baume \u00e0 l\u00e8vres vegan offre une protection efficace contre les UVA et UVB. L\u2019huile de coco bio et le beurre de cacao nourrissent intens\u00e9ment, tandis que l\u2019huile d\u2019argousier apporte des antioxydants puissants et des bienfaits r\u00e9parateurs. La vitamine E apaise et prot\u00e8ge durablement vos l\u00e8vres. <\/span><\/p>\n<p><span style=\"font-weight: 400;\">Sans allerg\u00e8nes, il convient m\u00eame aux peaux les plus sensibles.<\/span><\/p>\n","protected":false},"excerpt":{"rendered":"<p><span style=\"font-weight: 400;\"><strong>BAUME \u00c0 L\u00c8VRES 100% NATUREL<\/strong> | S\u00fbr pour vous et pour la nature. Enfin, un baume \u00e0 l\u00e8vres solaire sans souci. <\/span><\/p>\n<p><span style=\"font-weight: 400;\"><strong>TEINT\u00c9<\/strong> | Apporte une teinte rouge subtile et naturelle pour une touche de couleur discr\u00e8te \u2013 parfait pour un effet frais et lumineux.<\/span><\/p>\n<p><span style=\"font-weight: 400;\"><strong>FILTRE UV MIN\u00c9RAL<\/strong> | Protection \u00e0 large spectre scientifiquement valid\u00e9e contre les UVA et les UVB gr\u00e2ce \u00e0 l&rsquo;oxyde de zinc sans nanoparticules. Sans danger pour les r\u00e9cifs et biod\u00e9gradable<\/span><\/p>\n<p><span style=\"font-weight: 400;\"><strong>BIO &amp; DOUX<\/strong> | Baume \u00e0 l\u00e8vres vegan ultra-doux, enrichi en huile de coco bio et beurre de cacao bio pour une hydratation intense. Sans allerg\u00e8ne, convient aux enfants et aux peaux sensibles. Senteur douce sans parfum.<\/span><\/p>\n<p><span style=\"font-weight: 400;\"><strong>BOOST R\u00c9PARATEUR<\/strong> | Enrichi en huile d\u2019argousier, pour une dose d\u2019antioxydants et des bienfaits r\u00e9parateurs, compl\u00e9t\u00e9 par de la vitamine E pour apaiser et r\u00e9g\u00e9n\u00e9rer les l\u00e8vres.<\/span><\/p>\n<p><strong>5 g \u2014 Parfum naturel de vanille et de p\u00eache<\/strong><\/p>\n","protected":false},"featured_media":101353,"comment_status":"open","ping_status":"closed","template":"","meta":{"ocean_post_layout":"","ocean_both_sidebars_style":"","ocean_both_sidebars_content_width":[""],"ocean_both_sidebars_sidebars_width":[""],"ocean_sidebar":["0"],"ocean_second_sidebar":["0"],"ocean_disable_margins":[],"ocean_add_body_class":"","ocean_shortcode_before_top_bar":"","ocean_shortcode_after_top_bar":"","ocean_shortcode_before_header":"","ocean_shortcode_after_header":"","ocean_has_shortcode":"","ocean_shortcode_after_title":"","ocean_shortcode_before_footer_widgets":"","ocean_shortcode_after_footer_widgets":"","ocean_shortcode_before_footer_bottom":"","ocean_shortcode_after_footer_bottom":"","ocean_display_top_bar":[],"ocean_display_header":[],"ocean_header_style":"","ocean_center_header_left_menu":["0"],"ocean_custom_header_template":["0"],"ocean_custom_logo":[""],"ocean_custom_retina_logo":[""],"ocean_custom_logo_max_width":[""],"ocean_custom_logo_tablet_max_width":[""],"ocean_custom_logo_mobile_max_width":[""],"ocean_custom_logo_max_height":[""],"ocean_custom_logo_tablet_max_height":[""],"ocean_custom_logo_mobile_max_height":[""],"ocean_header_custom_menu":["0"],"ocean_menu_typo_font_family":["0"],"ocean_menu_typo_font_subset":"","ocean_menu_typo_font_size":[""],"ocean_menu_typo_font_size_tablet":0,"ocean_menu_typo_font_size_mobile":0,"ocean_menu_typo_font_size_unit":"px","ocean_menu_typo_font_weight":"","ocean_menu_typo_font_weight_tablet":"","ocean_menu_typo_font_weight_mobile":"","ocean_menu_typo_transform":"","ocean_menu_typo_transform_tablet":"","ocean_menu_typo_transform_mobile":"","ocean_menu_typo_line_height":[""],"ocean_menu_typo_line_height_tablet":0,"ocean_menu_typo_line_height_mobile":0,"ocean_menu_typo_line_height_unit":"","ocean_menu_typo_spacing":[""],"ocean_menu_typo_spacing_tablet":0,"ocean_menu_typo_spacing_mobile":0,"ocean_menu_typo_spacing_unit":"","ocean_menu_link_color":"","ocean_menu_link_color_hover":"","ocean_menu_link_color_active":"","ocean_menu_link_background":"","ocean_menu_link_hover_background":"","ocean_menu_link_active_background":"","ocean_menu_social_links_bg":"","ocean_menu_social_hover_links_bg":"","ocean_menu_social_links_color":"","ocean_menu_social_hover_links_color":"","ocean_disable_title":[],"ocean_disable_heading":[],"ocean_post_title":"","ocean_post_subheading":"","ocean_post_title_style":"","ocean_post_title_background_color":"","ocean_post_title_background":[""],"ocean_post_title_bg_image_position":"","ocean_post_title_bg_image_attachment":"","ocean_post_title_bg_image_repeat":"","ocean_post_title_bg_image_size":"","ocean_post_title_height":[""],"ocean_post_title_bg_overlay":[],"ocean_post_title_bg_overlay_color":"","ocean_disable_breadcrumbs":[],"ocean_breadcrumbs_color":"","ocean_breadcrumbs_separator_color":"","ocean_breadcrumbs_links_color":"","ocean_breadcrumbs_links_hover_color":"","ocean_display_footer_widgets":[],"ocean_display_footer_bottom":[],"ocean_custom_footer_template":["0"],"_wp_page_template":["default"],"ocean_link_format_target":[],"ocean_quote_format_link":[],"_wp_old_date":["2025-04-04"],"_edit_lock":["1745438320:1"],"_edit_last":["1"],"ocean_gallery_link_images":[],"osh_disable_topbar_sticky":["default"],"osh_disable_header_sticky":["default"],"_elementor_pro_version":[],"_oembed_e2253486b4ac832aa91022f965f4df74":[],"_elementor_version":["0.4"],"_oembed_time_e2253486b4ac832aa91022f965f4df74":[],"_genesis_description":[],"_yoast_wpseo_content_score":[],"_yoast_wpseo_primary_category":[],"_oembed_147307c9146127d25c8c9bc3fedbbdd2":[],"_oembed_time_147307c9146127d25c8c9bc3fedbbdd2":[],"_oembed_298cc3cf7783e9a730e0d30489c0767d":[],"_oembed_time_298cc3cf7783e9a730e0d30489c0767d":[],"_wp_old_slug":["gel-apres-soleil-bio-double-aloe-vera-copy"],"_yoast_wpseo_focuskw":[],"_oembed_6ce714c902a6c8b37bfed747aa272afa":[],"_oembed_time_6ce714c902a6c8b37bfed747aa272afa":[],"_oembed_67fd97d2449b30f3b8aff7987461bdee":[],"_oembed_time_67fd97d2449b30f3b8aff7987461bdee":[],"_yoast_wpseo_linkdex":[],"_oembed_8c4ad389a55d131ee3502f96b92cd139":[],"_oembed_time_8c4ad389a55d131ee3502f96b92cd139":[],"_thumbnail_id":["101353"],"_wpml_media_duplicate":["1"],"_wpml_media_has_media":["1"],"_seopress_titles_desc":[],"_seopress_analysis_target_kw":[],"_seopress_robots_primary_cat":[],"rank_math_seo_score":["10"],"rank_math_contentai_score":[],"rank_math_focus_keyword":["Baume \u00e0 L\u00e8vres Teint\u00e9 SPF"],"rank_math_title":[],"rank_math_description":[],"_elementor_controls_usage":[null],"_ez-toc-disabled":[],"_ez-toc-insert":[],"_ez-toc-header-label":[],"_ez-toc-alignment":[],"_ez-toc-heading-levels":[],"_ez-toc-alttext":[],"_ez-toc-visibility_hide_by_default":[],"_ez-toc-hide_counter":[],"_ez-toc-exclude":[],"_ez-toc-position-specific":[],"rank_math_internal_links_processed":["1","1"],"rank_math_primary_category":[],"_wpml_media_featured":["1"],"_alp_processed":["1750147833","1750147833"],"_wpml_word_count":["280"],"copied_media_ids":[],"referenced_media_ids":[],"_elementor_page_assets":[null],"_elementor_css":[],"_elementor_element_cache":[]},"product_brand":[],"product_cat":[165],"product_tag":[],"class_list":{"0":"post-89611","1":"product","2":"type-product","3":"status-publish","4":"has-post-thumbnail","6":"product_cat-hydratants","7":"pa_amount-prenez-2-economisez-10","8":"pa_amount-prenez-4-economisez-15","9":"pa_amount-unite-simple","11":"entry","12":"has-media","14":"first","15":"outofstock","16":"taxable","17":"shipping-taxable","18":"purchasable","19":"product-type-variable","20":"has-default-attributes","21":"has-rating","22":"has-product-nav","23":"col","24":"span_1_of_3","25":"owp-content-center","26":"owp-thumbs-layout-horizontal","27":"owp-btn-normal","28":"owp-tabs-layout-horizontal","30":"circle-sale"},"bundled_by":[],"bundle_stock_status":"outofstock","bundle_stock_quantity":null,"bundle_virtual":false,"bundle_layout":"","bundle_add_to_cart_form_location":"","bundle_editable_in_cart":false,"bundle_sold_individually_context":"","bundle_item_grouping":"","bundle_min_size":"","bundle_max_size":"","bundle_price":[],"bundled_items":[],"bundle_sell_ids":[],"jetpack_sharing_enabled":true,"_links":{"self":[{"href":"https:\/\/worryfreebackup.win\/fr\/wp-json\/wp\/v2\/product\/89611","targetHints":{"allow":["GET"]}}],"collection":[{"href":"https:\/\/worryfreebackup.win\/fr\/wp-json\/wp\/v2\/product"}],"about":[{"href":"https:\/\/worryfreebackup.win\/fr\/wp-json\/wp\/v2\/types\/product"}],"replies":[{"embeddable":true,"href":"https:\/\/worryfreebackup.win\/fr\/wp-json\/wp\/v2\/comments?post=89611"}],"version-history":[{"count":2,"href":"https:\/\/worryfreebackup.win\/fr\/wp-json\/wp\/v2\/product\/89611\/revisions"}],"predecessor-version":[{"id":94511,"href":"https:\/\/worryfreebackup.win\/fr\/wp-json\/wp\/v2\/product\/89611\/revisions\/94511"}],"wp:featuredmedia":[{"embeddable":true,"href":"https:\/\/worryfreebackup.win\/fr\/wp-json\/wp\/v2\/media\/101353"}],"wp:attachment":[{"href":"https:\/\/worryfreebackup.win\/fr\/wp-json\/wp\/v2\/media?parent=89611"}],"wp:term":[{"taxonomy":"product_brand","embeddable":true,"href":"https:\/\/worryfreebackup.win\/fr\/wp-json\/wp\/v2\/product_brand?post=89611"},{"taxonomy":"product_cat","embeddable":true,"href":"https:\/\/worryfreebackup.win\/fr\/wp-json\/wp\/v2\/product_cat?post=89611"},{"taxonomy":"product_tag","embeddable":true,"href":"https:\/\/worryfreebackup.win\/fr\/wp-json\/wp\/v2\/product_tag?post=89611"}],"curies":[{"name":"wp","href":"https:\/\/api.w.org\/{rel}","templated":true}]}}