





{"id":93528,"date":"2025-04-23T20:36:15","date_gmt":"2025-04-23T20:36:15","guid":{"rendered":"https:\/\/suntribesunscreen.com\/product\/serviette-suntribe\/"},"modified":"2026-02-03T08:17:59","modified_gmt":"2026-02-03T08:17:59","slug":"serviette-suntribe","status":"publish","type":"product","link":"https:\/\/worryfreebackup.win\/fr\/produit\/serviette-suntribe\/","title":{"rendered":"Serviette Suntribe"},"content":{"rendered":"<p class=\"\" data-start=\"121\" data-end=\"424\">Petite par la taille, grande par la polyvalence. La serviette Suntribe est votre compagne id\u00e9ale pour les bains spontan\u00e9s, les pieds sableux et les entra\u00eenements transpirants. Tiss\u00e9e \u00e0 partir de 100 % coton, elle est naturellement douce et agr\u00e9able pour la peau \u2013 avec juste ce qu\u2019il faut d\u2019absorption pour s\u00e9cher rapidement et se ranger encore plus vite.  <\/p>\n<p class=\"\" data-start=\"426\" data-end=\"623\">Con\u00e7ue en Su\u00e8de avec la simplicit\u00e9 en t\u00eate, cette serviette se glisse facilement dans n\u2019importe quel sac et est toujours pr\u00eate lorsque vous en avez besoin \u2013 \u00e0 la plage, au parc ou sur la route en direction du coucher de soleil.<\/p>\n<p data-start=\"426\" data-end=\"623\"><strong>Dimensions : <\/strong>40 cm de large sur 78 cm de long.<\/p>\n<p><strong>Mat\u00e9riau :<\/strong> 100 % coton. <strong>Fabriqu\u00e9 en Chine.<\/strong> <\/p>\n","protected":false},"excerpt":{"rendered":"<p class=\"\" data-start=\"154\" data-end=\"293\"><strong data-start=\"154\" data-end=\"172\">DOUCE &amp; NATURELLE<\/strong> | Tiss\u00e9e en coton 100 % pour une sensation douce et respirante \u2013 agr\u00e9able pour la peau et absorbante.<\/p>\n<p class=\"\" data-start=\"295\" data-end=\"440\"><strong data-start=\"295\" data-end=\"317\">CON\u00c7UE EN SU\u00c8DE<\/strong> | Une simplicit\u00e9 intemporelle au service de la vie quotidienne, avec des lignes \u00e9pur\u00e9es et un design minimaliste qui s\u2019int\u00e8gre partout.<\/p>\n<p class=\"\" data-start=\"442\" data-end=\"585\"><strong data-start=\"442\" data-end=\"462\">L\u00c9G\u00c8RE &amp; PORTABLE<\/strong> | Se plie facilement et se glisse dans votre sac \u2013 parfaite pour les baignades spontan\u00e9es, les entra\u00eenements ou les journ\u00e9es d\u00e9tente \u00e0 la plage.<\/p>\n<p class=\"\" data-start=\"587\" data-end=\"731\"><strong data-start=\"587\" data-end=\"606\">TAILLE PARFAITE <\/strong>| Compacte mais polyvalente \u2013 id\u00e9ale pour se s\u00e9cher, se d\u00e9tendre en d\u00e9placement ou ajouter une touche de confort o\u00f9 que vous soyez.<\/p>\n","protected":false},"featured_media":91660,"comment_status":"open","ping_status":"closed","template":"","meta":{"ocean_post_layout":"","ocean_both_sidebars_style":"","ocean_both_sidebars_content_width":[],"ocean_both_sidebars_sidebars_width":[],"ocean_sidebar":["0"],"ocean_second_sidebar":["0"],"ocean_disable_margins":[],"ocean_add_body_class":"","ocean_shortcode_before_top_bar":"","ocean_shortcode_after_top_bar":"","ocean_shortcode_before_header":"","ocean_shortcode_after_header":"","ocean_has_shortcode":"","ocean_shortcode_after_title":"","ocean_shortcode_before_footer_widgets":"","ocean_shortcode_after_footer_widgets":"","ocean_shortcode_before_footer_bottom":"","ocean_shortcode_after_footer_bottom":"","ocean_display_top_bar":[],"ocean_display_header":[],"ocean_header_style":"","ocean_center_header_left_menu":["0"],"ocean_custom_header_template":["0"],"ocean_custom_logo":[],"ocean_custom_retina_logo":[],"ocean_custom_logo_max_width":[""],"ocean_custom_logo_tablet_max_width":[""],"ocean_custom_logo_mobile_max_width":[""],"ocean_custom_logo_max_height":[""],"ocean_custom_logo_tablet_max_height":[""],"ocean_custom_logo_mobile_max_height":[""],"ocean_header_custom_menu":["0"],"ocean_menu_typo_font_family":["0"],"ocean_menu_typo_font_subset":"","ocean_menu_typo_font_size":[],"ocean_menu_typo_font_size_tablet":0,"ocean_menu_typo_font_size_mobile":0,"ocean_menu_typo_font_size_unit":"px","ocean_menu_typo_font_weight":"","ocean_menu_typo_font_weight_tablet":"","ocean_menu_typo_font_weight_mobile":"","ocean_menu_typo_transform":"","ocean_menu_typo_transform_tablet":"","ocean_menu_typo_transform_mobile":"","ocean_menu_typo_line_height":[],"ocean_menu_typo_line_height_tablet":0,"ocean_menu_typo_line_height_mobile":0,"ocean_menu_typo_line_height_unit":"","ocean_menu_typo_spacing":[],"ocean_menu_typo_spacing_tablet":0,"ocean_menu_typo_spacing_mobile":0,"ocean_menu_typo_spacing_unit":"","ocean_menu_link_color":"","ocean_menu_link_color_hover":"","ocean_menu_link_color_active":"","ocean_menu_link_background":"","ocean_menu_link_hover_background":"","ocean_menu_link_active_background":"","ocean_menu_social_links_bg":"","ocean_menu_social_hover_links_bg":"","ocean_menu_social_links_color":"","ocean_menu_social_hover_links_color":"","ocean_disable_title":[],"ocean_disable_heading":[],"ocean_post_title":"","ocean_post_subheading":"","ocean_post_title_style":"","ocean_post_title_background_color":"","ocean_post_title_background":[],"ocean_post_title_bg_image_position":"","ocean_post_title_bg_image_attachment":"","ocean_post_title_bg_image_repeat":"","ocean_post_title_bg_image_size":"","ocean_post_title_height":[],"ocean_post_title_bg_overlay":[],"ocean_post_title_bg_overlay_color":"","ocean_disable_breadcrumbs":[],"ocean_breadcrumbs_color":"","ocean_breadcrumbs_separator_color":"","ocean_breadcrumbs_links_color":"","ocean_breadcrumbs_links_hover_color":"","ocean_display_footer_widgets":[],"ocean_display_footer_bottom":[],"ocean_custom_footer_template":["0"],"_wp_page_template":["default"],"ocean_link_format_target":[],"ocean_quote_format_link":[],"_wp_old_date":[],"_edit_lock":[],"_edit_last":[],"ocean_gallery_link_images":[],"osh_disable_topbar_sticky":[],"osh_disable_header_sticky":[],"_elementor_pro_version":[],"_oembed_e2253486b4ac832aa91022f965f4df74":[],"_elementor_version":["0.4"],"_oembed_time_e2253486b4ac832aa91022f965f4df74":[],"_genesis_description":[],"_yoast_wpseo_content_score":[],"_yoast_wpseo_primary_category":[],"_oembed_147307c9146127d25c8c9bc3fedbbdd2":[],"_oembed_time_147307c9146127d25c8c9bc3fedbbdd2":[],"_oembed_298cc3cf7783e9a730e0d30489c0767d":[],"_oembed_time_298cc3cf7783e9a730e0d30489c0767d":[],"_wp_old_slug":[],"_yoast_wpseo_focuskw":[],"_oembed_6ce714c902a6c8b37bfed747aa272afa":[],"_oembed_time_6ce714c902a6c8b37bfed747aa272afa":[],"_oembed_67fd97d2449b30f3b8aff7987461bdee":[],"_oembed_time_67fd97d2449b30f3b8aff7987461bdee":[],"_yoast_wpseo_linkdex":[],"_oembed_8c4ad389a55d131ee3502f96b92cd139":[],"_oembed_time_8c4ad389a55d131ee3502f96b92cd139":[],"_thumbnail_id":["91660"],"_wpml_media_duplicate":["1"],"_wpml_media_has_media":[],"_seopress_titles_desc":[],"_seopress_analysis_target_kw":[],"_seopress_robots_primary_cat":[],"rank_math_seo_score":[],"rank_math_contentai_score":[],"rank_math_focus_keyword":[],"rank_math_title":[],"rank_math_description":[],"_elementor_controls_usage":[],"_ez-toc-disabled":[],"_ez-toc-insert":[],"_ez-toc-header-label":[],"_ez-toc-alignment":[],"_ez-toc-heading-levels":[],"_ez-toc-alttext":[],"_ez-toc-visibility_hide_by_default":[],"_ez-toc-hide_counter":[],"_ez-toc-exclude":[],"_ez-toc-position-specific":[],"rank_math_internal_links_processed":[],"rank_math_primary_category":[],"_wpml_media_featured":["1"],"_alp_processed":["1753147841"],"_wpml_word_count":["219"],"copied_media_ids":[],"referenced_media_ids":[],"_elementor_page_assets":[null],"_elementor_css":[],"_elementor_element_cache":[]},"product_brand":[],"product_cat":[166],"product_tag":[],"class_list":{"0":"post-93528","1":"product","2":"type-product","3":"status-publish","4":"has-post-thumbnail","6":"product_cat-ecrans-solaires","8":"entry","9":"has-media","11":"first","12":"instock","13":"taxable","14":"shipping-taxable","15":"purchasable","16":"product-type-simple","17":"has-rating","18":"has-product-nav","19":"col","20":"span_1_of_3","21":"owp-content-center","22":"owp-thumbs-layout-horizontal","23":"owp-btn-normal","24":"owp-tabs-layout-horizontal","26":"circle-sale"},"bundled_by":[],"bundle_stock_status":"instock","bundle_stock_quantity":null,"bundle_virtual":false,"bundle_layout":"","bundle_add_to_cart_form_location":"","bundle_editable_in_cart":false,"bundle_sold_individually_context":"","bundle_item_grouping":"","bundle_min_size":"","bundle_max_size":"","bundle_price":[],"bundled_items":[],"bundle_sell_ids":[],"jetpack_sharing_enabled":true,"_links":{"self":[{"href":"https:\/\/worryfreebackup.win\/fr\/wp-json\/wp\/v2\/product\/93528","targetHints":{"allow":["GET"]}}],"collection":[{"href":"https:\/\/worryfreebackup.win\/fr\/wp-json\/wp\/v2\/product"}],"about":[{"href":"https:\/\/worryfreebackup.win\/fr\/wp-json\/wp\/v2\/types\/product"}],"replies":[{"embeddable":true,"href":"https:\/\/worryfreebackup.win\/fr\/wp-json\/wp\/v2\/comments?post=93528"}],"version-history":[{"count":1,"href":"https:\/\/worryfreebackup.win\/fr\/wp-json\/wp\/v2\/product\/93528\/revisions"}],"predecessor-version":[{"id":98364,"href":"https:\/\/worryfreebackup.win\/fr\/wp-json\/wp\/v2\/product\/93528\/revisions\/98364"}],"wp:featuredmedia":[{"embeddable":true,"href":"https:\/\/worryfreebackup.win\/fr\/wp-json\/wp\/v2\/media\/91660"}],"wp:attachment":[{"href":"https:\/\/worryfreebackup.win\/fr\/wp-json\/wp\/v2\/media?parent=93528"}],"wp:term":[{"taxonomy":"product_brand","embeddable":true,"href":"https:\/\/worryfreebackup.win\/fr\/wp-json\/wp\/v2\/product_brand?post=93528"},{"taxonomy":"product_cat","embeddable":true,"href":"https:\/\/worryfreebackup.win\/fr\/wp-json\/wp\/v2\/product_cat?post=93528"},{"taxonomy":"product_tag","embeddable":true,"href":"https:\/\/worryfreebackup.win\/fr\/wp-json\/wp\/v2\/product_tag?post=93528"}],"curies":[{"name":"wp","href":"https:\/\/api.w.org\/{rel}","templated":true}]}}