





{"id":35561,"date":"2015-11-17T10:16:49","date_gmt":"2015-11-17T10:16:49","guid":{"rendered":"http:\/\/suntribesunscreen.com\/product\/poncho-con-cappuccio-suntribe-surf-change-extra-comfort\/"},"modified":"2025-12-11T09:15:01","modified_gmt":"2025-12-11T09:15:01","slug":"suntribe-poncho-surf-change-con-cappuccio-extra-comfort","status":"publish","type":"product","link":"https:\/\/worryfreebackup.win\/it\/prodotto\/suntribe-poncho-surf-change-con-cappuccio-extra-comfort\/","title":{"rendered":"Super accogliente poncho con cappuccio per surf e cambi"},"content":{"rendered":"<p><span style=\"font-weight: 400;\">\u200bIl poncho Surf &amp; Change, con i suoi bellissimi colori ispirati all&#8217;oceano, \u00e8 uno dei modelli pi\u00f9 comodi e morbidi di sempre. Realizzato in 100% cotone pettinato di qualit\u00e0 e con uno spessore di 420 grammi\/m2, non solo \u00e8 molto morbido e confortevole, ma tiene anche fuori il vento e il freddo. Questo poncho ha una comoda tasca a marsupio e due bottoni per chiudere il collo. Rende il cambio dopo le attivit\u00e0 all&#8217;aperto il pi\u00f9 confortevole possibile. <\/span><\/p>\n<p><span style=\"font-weight: 400;\">Sviluppato da istruttori di surf e disegnato dalla stilista svedese Clarie Ek, questo poncho offre tutto lo stile, la comodit\u00e0 e il calore di cui avrai bisogno dopo una nuotata, un&#8217;uscita in surf o un&#8217;avventura all\u2019aria aperta. Perfetto da indossare anche mentre aspetti di rientrare in sauna, quando sei in campeggio o in qualsiasi altro contesto outdoor. <\/span><\/p>\n<p><span style=\"font-weight: 400;\">Il poncho Suntribe \u00e8 pensato per ogni situazione in cui \u00e8 necessario asciugarsi o cambiarsi, ma puoi benissimo indossarlo anche per il solo gusto di farlo. \u00c8 la scelta ideale per cambiarsi ovunque e in tutta comodit\u00e0 senza temere di lasciar scappare qualche dettaglio di troppo (nudit\u00e0 politicamente corretta). Ci\u00f2 non toglie che puoi indossarlo anche mentre fai colazione dopo la doccia, sul divano di casa o quando vuoi riposarti in spiaggia: noi ormai lo usiamo praticamente tutti i giorni e non potremmo pi\u00f9 farne a meno. <\/span><\/p>\n<p><strong>Materiale:<\/strong> 100% cotone pettinato, <span style=\"font-weight: 400;\">420 gr\/mq (trama spessa)<\/span>. <strong>Prodotto in Europa. <\/strong> <\/p>\n","protected":false},"excerpt":{"rendered":"<p><span style=\"font-weight: 400;\"><strong>EXTRA SPESSO E CONFORTEVOLE <\/strong>Realizzato in cotone pettinato extra spesso da 420 g\/m\u00b2 con bottoni per chiudere il cappuccio \u2013 questo poncho ti tiene al caldo anche quando fa freddo fuori.<\/span><\/p>\n<p><span style=\"font-weight: 400;\"><strong>DESIGN SVEDESE <\/strong>Progettato dalla designer svedese Clarie Ek, creatrice di alcuni dei pi\u00f9 classici capi sportivi funzionali prodotti in Svezia dal 1960.<\/span><\/p>\n<p><span style=\"font-weight: 400;\"><strong>PRATICO<\/strong> Dotato di un comodo cappuccio e di una pratica tasca frontale per portare l\u2019essenziale, conservare la crema solare o tenere le mani al caldo.<\/span><\/p>\n<p><span style=\"font-weight: 400;\"><strong>NESSUN PENSIERO<\/strong> Facile da lavare a 40\u202f\u00b0C, disponibile in un\u2019unica taglia unisex che si adatta a tutte le corporature, adatto sia per uomini che per donne.<\/span> <\/p>\n","protected":false},"featured_media":90044,"comment_status":"open","ping_status":"closed","template":"","meta":{"ocean_post_layout":"","ocean_both_sidebars_style":"","ocean_both_sidebars_content_width":[],"ocean_both_sidebars_sidebars_width":[],"ocean_sidebar":[""],"ocean_second_sidebar":[""],"ocean_disable_margins":["enable"],"ocean_add_body_class":"","ocean_shortcode_before_top_bar":"","ocean_shortcode_after_top_bar":"","ocean_shortcode_before_header":"","ocean_shortcode_after_header":"","ocean_has_shortcode":"","ocean_shortcode_after_title":"","ocean_shortcode_before_footer_widgets":"","ocean_shortcode_after_footer_widgets":"","ocean_shortcode_before_footer_bottom":"","ocean_shortcode_after_footer_bottom":"","ocean_display_top_bar":["default"],"ocean_display_header":["default"],"ocean_header_style":"","ocean_center_header_left_menu":[""],"ocean_custom_header_template":[""],"ocean_custom_logo":[],"ocean_custom_retina_logo":[],"ocean_custom_logo_max_width":[""],"ocean_custom_logo_tablet_max_width":[""],"ocean_custom_logo_mobile_max_width":[""],"ocean_custom_logo_max_height":[""],"ocean_custom_logo_tablet_max_height":[""],"ocean_custom_logo_mobile_max_height":[""],"ocean_header_custom_menu":[""],"ocean_menu_typo_font_family":[""],"ocean_menu_typo_font_subset":"","ocean_menu_typo_font_size":[],"ocean_menu_typo_font_size_tablet":0,"ocean_menu_typo_font_size_mobile":0,"ocean_menu_typo_font_size_unit":"px","ocean_menu_typo_font_weight":"","ocean_menu_typo_font_weight_tablet":"","ocean_menu_typo_font_weight_mobile":"","ocean_menu_typo_transform":"","ocean_menu_typo_transform_tablet":"","ocean_menu_typo_transform_mobile":"","ocean_menu_typo_line_height":[],"ocean_menu_typo_line_height_tablet":0,"ocean_menu_typo_line_height_mobile":0,"ocean_menu_typo_line_height_unit":"","ocean_menu_typo_spacing":[],"ocean_menu_typo_spacing_tablet":0,"ocean_menu_typo_spacing_mobile":0,"ocean_menu_typo_spacing_unit":"","ocean_menu_link_color":"","ocean_menu_link_color_hover":"","ocean_menu_link_color_active":"","ocean_menu_link_background":"","ocean_menu_link_hover_background":"","ocean_menu_link_active_background":"","ocean_menu_social_links_bg":"","ocean_menu_social_hover_links_bg":"","ocean_menu_social_links_color":"","ocean_menu_social_hover_links_color":"","ocean_disable_title":["default"],"ocean_disable_heading":["on"],"ocean_post_title":"","ocean_post_subheading":"","ocean_post_title_style":"","ocean_post_title_background_color":"","ocean_post_title_background":[],"ocean_post_title_bg_image_position":"","ocean_post_title_bg_image_attachment":"","ocean_post_title_bg_image_repeat":"","ocean_post_title_bg_image_size":"","ocean_post_title_height":[],"ocean_post_title_bg_overlay":[],"ocean_post_title_bg_overlay_color":"","ocean_disable_breadcrumbs":["default"],"ocean_breadcrumbs_color":"","ocean_breadcrumbs_separator_color":"","ocean_breadcrumbs_links_color":"","ocean_breadcrumbs_links_hover_color":"","ocean_display_footer_widgets":["default"],"ocean_display_footer_bottom":["default"],"ocean_custom_footer_template":[""],"_wp_page_template":["default"],"ocean_link_format_target":[],"ocean_quote_format_link":[],"_wp_old_date":[],"_edit_lock":["1693569436:1"],"_edit_last":["1"],"ocean_gallery_link_images":[],"osh_disable_topbar_sticky":[],"osh_disable_header_sticky":[],"_elementor_pro_version":[],"_oembed_e2253486b4ac832aa91022f965f4df74":[],"_elementor_version":["0.4"],"_oembed_time_e2253486b4ac832aa91022f965f4df74":[],"_genesis_description":["Il poncho Suntribe Surf & Change, realizzato in cotone pettinato a trama spessa, \u00e8 uno dei modelli pi\u00f9 caldi che ci siano. Perch\u00e9 la comodit\u00e0 non \u00e8 mai troppa!"],"_yoast_wpseo_content_score":[],"_yoast_wpseo_primary_category":[],"_oembed_147307c9146127d25c8c9bc3fedbbdd2":[],"_oembed_time_147307c9146127d25c8c9bc3fedbbdd2":[],"_oembed_298cc3cf7783e9a730e0d30489c0767d":[],"_oembed_time_298cc3cf7783e9a730e0d30489c0767d":[],"_wp_old_slug":[],"_yoast_wpseo_focuskw":["poncho"],"_oembed_6ce714c902a6c8b37bfed747aa272afa":[],"_oembed_time_6ce714c902a6c8b37bfed747aa272afa":[],"_oembed_67fd97d2449b30f3b8aff7987461bdee":[],"_oembed_time_67fd97d2449b30f3b8aff7987461bdee":[],"_yoast_wpseo_linkdex":[],"_oembed_8c4ad389a55d131ee3502f96b92cd139":[],"_oembed_time_8c4ad389a55d131ee3502f96b92cd139":[],"_thumbnail_id":["90044"],"_wpml_media_duplicate":["1"],"_wpml_media_has_media":["1"],"_seopress_titles_desc":["Il poncho Suntribe Surf & Change, realizzato in cotone pettinato a trama spessa, \u00e8 uno dei modelli pi\u00f9 caldi che ci siano. Perch\u00e9 la comodit\u00e0 non \u00e8 mai troppa!"],"_seopress_analysis_target_kw":["poncho"],"_seopress_robots_primary_cat":[],"rank_math_seo_score":[],"rank_math_contentai_score":[],"rank_math_focus_keyword":[],"rank_math_title":[],"rank_math_description":[],"_elementor_controls_usage":[null],"_ez-toc-disabled":[],"_ez-toc-insert":[],"_ez-toc-header-label":[],"_ez-toc-alignment":[],"_ez-toc-heading-levels":[],"_ez-toc-alttext":[],"_ez-toc-visibility_hide_by_default":[],"_ez-toc-hide_counter":[],"_ez-toc-exclude":[],"_ez-toc-position-specific":[],"rank_math_internal_links_processed":["1"],"rank_math_primary_category":[],"_wpml_media_featured":["1"],"_alp_processed":["1747743143"],"_wpml_word_count":["355"],"copied_media_ids":[],"referenced_media_ids":[],"_elementor_page_assets":[null],"_elementor_css":[],"_elementor_element_cache":[]},"product_brand":[],"product_cat":[168],"product_tag":[],"class_list":{"0":"post-35561","1":"product","2":"type-product","3":"status-publish","4":"has-post-thumbnail","6":"product_cat-protezione-solare","8":"entry","9":"has-media","11":"first","12":"outofstock","13":"taxable","14":"shipping-taxable","15":"purchasable","16":"product-type-simple","17":"has-rating","18":"has-product-nav","19":"col","20":"span_1_of_3","21":"owp-content-center","22":"owp-thumbs-layout-horizontal","23":"owp-btn-normal","24":"owp-tabs-layout-horizontal","26":"circle-sale"},"bundled_by":["48452"],"bundle_stock_status":"outofstock","bundle_stock_quantity":0,"bundle_virtual":false,"bundle_layout":"","bundle_add_to_cart_form_location":"","bundle_editable_in_cart":false,"bundle_sold_individually_context":"","bundle_item_grouping":"","bundle_min_size":"","bundle_max_size":"","bundle_price":[],"bundled_items":[],"bundle_sell_ids":[],"jetpack_sharing_enabled":true,"_links":{"self":[{"href":"https:\/\/worryfreebackup.win\/it\/wp-json\/wp\/v2\/product\/35561","targetHints":{"allow":["GET"]}}],"collection":[{"href":"https:\/\/worryfreebackup.win\/it\/wp-json\/wp\/v2\/product"}],"about":[{"href":"https:\/\/worryfreebackup.win\/it\/wp-json\/wp\/v2\/types\/product"}],"replies":[{"embeddable":true,"href":"https:\/\/worryfreebackup.win\/it\/wp-json\/wp\/v2\/comments?post=35561"}],"version-history":[{"count":2,"href":"https:\/\/worryfreebackup.win\/it\/wp-json\/wp\/v2\/product\/35561\/revisions"}],"predecessor-version":[{"id":92758,"href":"https:\/\/worryfreebackup.win\/it\/wp-json\/wp\/v2\/product\/35561\/revisions\/92758"}],"wp:featuredmedia":[{"embeddable":true,"href":"https:\/\/worryfreebackup.win\/it\/wp-json\/wp\/v2\/media\/90044"}],"wp:attachment":[{"href":"https:\/\/worryfreebackup.win\/it\/wp-json\/wp\/v2\/media?parent=35561"}],"wp:term":[{"taxonomy":"product_brand","embeddable":true,"href":"https:\/\/worryfreebackup.win\/it\/wp-json\/wp\/v2\/product_brand?post=35561"},{"taxonomy":"product_cat","embeddable":true,"href":"https:\/\/worryfreebackup.win\/it\/wp-json\/wp\/v2\/product_cat?post=35561"},{"taxonomy":"product_tag","embeddable":true,"href":"https:\/\/worryfreebackup.win\/it\/wp-json\/wp\/v2\/product_tag?post=35561"}],"curies":[{"name":"wp","href":"https:\/\/api.w.org\/{rel}","templated":true}]}}