





{"id":35645,"date":"2021-04-26T08:10:20","date_gmt":"2021-04-26T08:10:20","guid":{"rendered":"http:\/\/suntribesunscreen.com\/product\/pasta-solare-allo-zinco-viso-sport-suntribe-all-natural-spf30-4-colori\/"},"modified":"2026-02-03T14:35:56","modified_gmt":"2026-02-03T14:35:56","slug":"suntribe-pasta-solare-allo-zinco-naturale-viso-sport-spf30","status":"publish","type":"product","link":"https:\/\/worryfreebackup.win\/it\/prodotto\/suntribe-pasta-solare-allo-zinco-naturale-viso-sport-spf30\/","title":{"rendered":"Crema Solare Minerale Biologica Zinco FPS 50"},"content":{"rendered":"<p><span style=\"font-weight: 400;\">Salutate una crema solare allo zinco completamente naturale che rimane inalterata sia con le grandi onde che con le attivit\u00e0 sudatorie sulla terraferma. Non contiene ingredienti discutibili, \u00e8 privo di sostanze chimiche dannose per le barriere coralline e non brucia se entra a contatto con gli occhi. \u00c8 l&#8217;originale crema solare allo zinco che stavate cercando.<\/span><\/p>\n<p><span style=\"font-weight: 400;\">Realizzata con ossido di zinco senza nanoparticelle, questa crema solare sportiva sicura per la barriera corallina crea uno strato di protezione visibile fin dalla prima applicazione. Resistenza all&#8217;acqua senza pari e funzionalit\u00e0 ad alte prestazioni amate dagli atleti professionisti e dagli avventurieri di tutti i giorni in tutto il mondo. <\/span><\/p>\n<p><span style=\"font-weight: 400;\">Confezionata in un barattolo di latta senza plastica e a prova di perdite che ama viaggiare quanto voi. Si applica pi\u00f9 facilmente a temperature superiori a 20 gradi (se si \u00e8 in condizioni di gelo, riscaldare il prodotto in una tasca o nella mano prima dell&#8217;uso).<\/span><\/p>\n<p><b>Originale Bianco<\/b> <span style=\"font-weight: 400;\">\u00e8 la classica formula sportiva di Suntribe e ha un colore bianco naturale. <\/span> <\/p>\n<p><b>Tinto<\/b> <span style=\"font-weight: 400;\">\u00e8 la formula sportiva pi\u00f9 discreta di Suntribe, il tono marrone creato dalla polvere di cacao biologico si fonde con i toni naturali della pelle.<\/span> <\/p>\n","protected":false},"excerpt":{"rendered":"<p><span style=\"font-weight: 400;\"><strong>CREMA SOLARE NATURALE AL 100%<\/strong> | Crema solare sicura per tutti i tipi di attivit\u00e0 all&#8217;aperto. Formula calda\/tropicale (pi\u00f9 facile da applicare sopra i 20 gradi).<\/span><\/p>\n<p><span style=\"font-weight: 400;\"><strong>BIOLOGICA &amp; MINIMALISTA<\/strong> | Crema solare sportiva densa e visibile a base di tre o quattro ingredienti naturali e biologici. <\/span><\/p>\n<p><span style=\"font-weight: 400;\"><strong>PROTEZIONE SOLARE AD ALTA PRESTAZIONE<\/strong> | Protezione ad ampio spettro scientificamente validata contro i raggi UVA e UVB \u2014 blocca il 98% degli UVB. Molto resistente all&#8217;acqua e al sudore.<\/span><\/p>\n<p><span style=\"font-weight: 400;\"><strong>FILTRO UV MINERALE<\/strong> | Contiene esclusivamente ossido di zinco non nano che, secondo le ricerche, \u00e8 il filtro UV pi\u00f9 sicuro per la salute umana, i coralli e la vita marina.<\/span><\/p>\n<p><span style=\"font-weight: 400;\"><strong>RIFIUTI ZERO<\/strong> | Confezionato in un barattolo di alluminio senza plastica, adatto ai viaggi. <\/span><\/p>\n<p><strong>45 g \/ 50 ml \u2014 Resistente all&#8217;acqua per 80 minuti \u2014 UVA e UVB \u2014 Profumo naturale di cocco \u2014 2 colori<\/strong><\/p>\n","protected":false},"featured_media":101117,"comment_status":"open","ping_status":"closed","template":"","meta":{"ocean_post_layout":"","ocean_both_sidebars_style":"","ocean_both_sidebars_content_width":[""],"ocean_both_sidebars_sidebars_width":[""],"ocean_sidebar":["0"],"ocean_second_sidebar":["0"],"ocean_disable_margins":["enable"],"ocean_add_body_class":"","ocean_shortcode_before_top_bar":"","ocean_shortcode_after_top_bar":"","ocean_shortcode_before_header":"","ocean_shortcode_after_header":"","ocean_has_shortcode":"","ocean_shortcode_after_title":"","ocean_shortcode_before_footer_widgets":"","ocean_shortcode_after_footer_widgets":"","ocean_shortcode_before_footer_bottom":"","ocean_shortcode_after_footer_bottom":"","ocean_display_top_bar":["default"],"ocean_display_header":["default"],"ocean_header_style":"","ocean_center_header_left_menu":["0"],"ocean_custom_header_template":["0"],"ocean_custom_logo":["0"],"ocean_custom_retina_logo":["0"],"ocean_custom_logo_max_width":[""],"ocean_custom_logo_tablet_max_width":[""],"ocean_custom_logo_mobile_max_width":[""],"ocean_custom_logo_max_height":[""],"ocean_custom_logo_tablet_max_height":[""],"ocean_custom_logo_mobile_max_height":[""],"ocean_header_custom_menu":["0"],"ocean_menu_typo_font_family":["0"],"ocean_menu_typo_font_subset":"","ocean_menu_typo_font_size":[""],"ocean_menu_typo_font_size_tablet":0,"ocean_menu_typo_font_size_mobile":0,"ocean_menu_typo_font_size_unit":"px","ocean_menu_typo_font_weight":"","ocean_menu_typo_font_weight_tablet":"","ocean_menu_typo_font_weight_mobile":"","ocean_menu_typo_transform":"","ocean_menu_typo_transform_tablet":"","ocean_menu_typo_transform_mobile":"","ocean_menu_typo_line_height":[""],"ocean_menu_typo_line_height_tablet":0,"ocean_menu_typo_line_height_mobile":0,"ocean_menu_typo_line_height_unit":"","ocean_menu_typo_spacing":[""],"ocean_menu_typo_spacing_tablet":0,"ocean_menu_typo_spacing_mobile":0,"ocean_menu_typo_spacing_unit":"","ocean_menu_link_color":"","ocean_menu_link_color_hover":"","ocean_menu_link_color_active":"","ocean_menu_link_background":"","ocean_menu_link_hover_background":"","ocean_menu_link_active_background":"","ocean_menu_social_links_bg":"","ocean_menu_social_hover_links_bg":"","ocean_menu_social_links_color":"","ocean_menu_social_hover_links_color":"","ocean_disable_title":["enable"],"ocean_disable_heading":["on"],"ocean_post_title":"","ocean_post_subheading":"","ocean_post_title_style":"centered","ocean_post_title_background_color":"","ocean_post_title_background":[""],"ocean_post_title_bg_image_position":"","ocean_post_title_bg_image_attachment":"","ocean_post_title_bg_image_repeat":"","ocean_post_title_bg_image_size":"","ocean_post_title_height":[""],"ocean_post_title_bg_overlay":["0.5"],"ocean_post_title_bg_overlay_color":"","ocean_disable_breadcrumbs":["default"],"ocean_breadcrumbs_color":"","ocean_breadcrumbs_separator_color":"","ocean_breadcrumbs_links_color":"","ocean_breadcrumbs_links_hover_color":"","ocean_display_footer_widgets":["default"],"ocean_display_footer_bottom":["default"],"ocean_custom_footer_template":["0"],"_wp_page_template":["default"],"ocean_link_format_target":[],"ocean_quote_format_link":[],"_wp_old_date":[],"_edit_lock":["1720473084:1"],"_edit_last":["1"],"ocean_gallery_link_images":[],"osh_disable_topbar_sticky":["default"],"osh_disable_header_sticky":["default"],"_elementor_pro_version":[],"_oembed_e2253486b4ac832aa91022f965f4df74":[],"_elementor_version":["0.4"],"_oembed_time_e2253486b4ac832aa91022f965f4df74":[],"_genesis_description":["Protezione solare a base di zinco non-nano e ingredienti biologici, biodegradabile. Molto resistente all'acqua, protezione UV ad ampio spettro (UVA e UVB). Perfetta per il surf e lo sport in generale."],"_yoast_wpseo_content_score":["30"],"_yoast_wpseo_primary_category":[],"_oembed_147307c9146127d25c8c9bc3fedbbdd2":[],"_oembed_time_147307c9146127d25c8c9bc3fedbbdd2":[],"_oembed_298cc3cf7783e9a730e0d30489c0767d":[],"_oembed_time_298cc3cf7783e9a730e0d30489c0767d":[],"_wp_old_slug":[],"_yoast_wpseo_focuskw":["Crema Solare Minerale Zinco"],"_oembed_6ce714c902a6c8b37bfed747aa272afa":[],"_oembed_time_6ce714c902a6c8b37bfed747aa272afa":[],"_oembed_67fd97d2449b30f3b8aff7987461bdee":[],"_oembed_time_67fd97d2449b30f3b8aff7987461bdee":[],"_yoast_wpseo_linkdex":["54"],"_oembed_8c4ad389a55d131ee3502f96b92cd139":[],"_oembed_time_8c4ad389a55d131ee3502f96b92cd139":[],"_thumbnail_id":["101117"],"_wpml_media_duplicate":["1"],"_wpml_media_has_media":[],"_seopress_titles_desc":["Protezione solare a base di zinco non-nano e ingredienti biologici, biodegradabile. Molto resistente all'acqua, protezione UV ad ampio spettro (UVA e UVB). Perfetta per il surf e lo sport in generale."],"_seopress_analysis_target_kw":["pasta solare allo zinco"],"_seopress_robots_primary_cat":[],"rank_math_seo_score":["10"],"rank_math_contentai_score":[null],"rank_math_focus_keyword":[],"rank_math_title":[],"rank_math_description":[],"_elementor_controls_usage":[],"_ez-toc-disabled":[],"_ez-toc-insert":[],"_ez-toc-header-label":[],"_ez-toc-alignment":[],"_ez-toc-heading-levels":[],"_ez-toc-alttext":[],"_ez-toc-visibility_hide_by_default":[],"_ez-toc-hide_counter":[],"_ez-toc-exclude":[],"_ez-toc-position-specific":[],"rank_math_internal_links_processed":["1"],"rank_math_primary_category":[],"_wpml_media_featured":["1"],"_alp_processed":["1760075493"],"_wpml_word_count":["350"],"copied_media_ids":[],"referenced_media_ids":[],"_elementor_page_assets":[],"_elementor_css":[],"_elementor_element_cache":[]},"product_brand":[],"product_cat":[168],"product_tag":[],"class_list":{"0":"post-35645","1":"product","2":"type-product","3":"status-publish","4":"has-post-thumbnail","6":"product_cat-protezione-solare","8":"entry","9":"has-media","11":"first","12":"instock","13":"taxable","14":"shipping-taxable","15":"purchasable","16":"product-type-variable","17":"has-default-attributes","18":"has-rating","19":"has-product-nav","20":"col","21":"span_1_of_3","22":"owp-content-center","23":"owp-thumbs-layout-horizontal","24":"owp-btn-normal","25":"owp-tabs-layout-horizontal","27":"circle-sale"},"bundled_by":["48452"],"bundle_stock_status":"instock","bundle_stock_quantity":null,"bundle_virtual":false,"bundle_layout":"","bundle_add_to_cart_form_location":"","bundle_editable_in_cart":false,"bundle_sold_individually_context":"","bundle_item_grouping":"","bundle_min_size":"","bundle_max_size":"","bundle_price":[],"bundled_items":[],"bundle_sell_ids":[],"jetpack_sharing_enabled":true,"_links":{"self":[{"href":"https:\/\/worryfreebackup.win\/it\/wp-json\/wp\/v2\/product\/35645","targetHints":{"allow":["GET"]}}],"collection":[{"href":"https:\/\/worryfreebackup.win\/it\/wp-json\/wp\/v2\/product"}],"about":[{"href":"https:\/\/worryfreebackup.win\/it\/wp-json\/wp\/v2\/types\/product"}],"replies":[{"embeddable":true,"href":"https:\/\/worryfreebackup.win\/it\/wp-json\/wp\/v2\/comments?post=35645"}],"version-history":[{"count":6,"href":"https:\/\/worryfreebackup.win\/it\/wp-json\/wp\/v2\/product\/35645\/revisions"}],"predecessor-version":[{"id":101978,"href":"https:\/\/worryfreebackup.win\/it\/wp-json\/wp\/v2\/product\/35645\/revisions\/101978"}],"wp:featuredmedia":[{"embeddable":true,"href":"https:\/\/worryfreebackup.win\/it\/wp-json\/wp\/v2\/media\/101117"}],"wp:attachment":[{"href":"https:\/\/worryfreebackup.win\/it\/wp-json\/wp\/v2\/media?parent=35645"}],"wp:term":[{"taxonomy":"product_brand","embeddable":true,"href":"https:\/\/worryfreebackup.win\/it\/wp-json\/wp\/v2\/product_brand?post=35645"},{"taxonomy":"product_cat","embeddable":true,"href":"https:\/\/worryfreebackup.win\/it\/wp-json\/wp\/v2\/product_cat?post=35645"},{"taxonomy":"product_tag","embeddable":true,"href":"https:\/\/worryfreebackup.win\/it\/wp-json\/wp\/v2\/product_tag?post=35645"}],"curies":[{"name":"wp","href":"https:\/\/api.w.org\/{rel}","templated":true}]}}