





{"id":33167,"date":"2021-04-15T09:56:29","date_gmt":"2021-04-15T09:56:29","guid":{"rendered":"http:\/\/suntribesunscreen.com\/villkor\/"},"modified":"2025-09-07T22:56:39","modified_gmt":"2025-09-07T22:56:39","slug":"villkor","status":"publish","type":"page","link":"https:\/\/worryfreebackup.win\/sv\/villkor\/","title":{"rendered":"Villkor"},"content":{"rendered":"\t\t<div data-elementor-type=\"wp-post\" data-elementor-id=\"33167\" class=\"elementor elementor-33167 elementor-3586\" data-elementor-post-type=\"page\">\n\t\t\t\t\t\t<section class=\"elementor-section elementor-top-section elementor-element elementor-element-60cb950e elementor-section-stretched elementor-section-full_width elementor-section-content-top elementor-section-height-default elementor-section-height-default\" data-id=\"60cb950e\" data-element_type=\"section\" data-e-type=\"section\" data-settings=\"{&quot;background_background&quot;:&quot;gradient&quot;,&quot;stretch_section&quot;:&quot;section-stretched&quot;}\">\n\t\t\t\t\t\t\t<div class=\"elementor-background-overlay\"><\/div>\n\t\t\t\t\t\t\t<div class=\"elementor-container elementor-column-gap-no\">\n\t\t\t\t\t<div class=\"elementor-column elementor-col-100 elementor-top-column elementor-element elementor-element-42b5581e\" data-id=\"42b5581e\" data-element_type=\"column\" data-e-type=\"column\">\n\t\t\t<div class=\"elementor-widget-wrap elementor-element-populated\">\n\t\t\t\t\t\t<div class=\"elementor-element elementor-element-2f0c8023 elementor-widget elementor-widget-heading\" data-id=\"2f0c8023\" data-element_type=\"widget\" data-e-type=\"widget\" data-widget_type=\"heading.default\">\n\t\t\t\t<div class=\"elementor-widget-container\">\n\t\t\t\t\t<h2 class=\"elementor-heading-title elementor-size-default\">Villkor<\/h2>\t\t\t\t<\/div>\n\t\t\t\t<\/div>\n\t\t\t\t\t<\/div>\n\t\t<\/div>\n\t\t\t\t\t<\/div>\n\t\t<\/section>\n\t\t\t\t<section class=\"elementor-section elementor-top-section elementor-element elementor-element-31f14dff elementor-section-boxed elementor-section-height-default elementor-section-height-default\" data-id=\"31f14dff\" data-element_type=\"section\" data-e-type=\"section\">\n\t\t\t\t\t\t<div class=\"elementor-container elementor-column-gap-default\">\n\t\t\t\t\t<div class=\"elementor-column elementor-col-100 elementor-top-column elementor-element elementor-element-7935fd30\" data-id=\"7935fd30\" data-element_type=\"column\" data-e-type=\"column\">\n\t\t\t<div class=\"elementor-widget-wrap elementor-element-populated\">\n\t\t\t\t\t\t<div class=\"elementor-element elementor-element-1cd519ec elementor-widget elementor-widget-text-editor\" data-id=\"1cd519ec\" data-element_type=\"widget\" data-e-type=\"widget\" data-widget_type=\"text-editor.default\">\n\t\t\t\t<div class=\"elementor-widget-container\">\n\t\t\t\t\t\t\t\t\t<p>K\u00e4ra surfare p\u00e5 n\u00e4tet,&nbsp;<\/p>\n<p>H\u00e4r hittar du de villkor (&#8221;Villkoren&#8221;) som g\u00e4ller n\u00e4r du (&#8221;Anv\u00e4ndaren&#8221;) g\u00e5r in p\u00e5 http:\/\/suntribesunscreen.com och alla dess undersidor (&#8221;Webbplatsen&#8221;, &#8221;Tj\u00e4nsten&#8221;) eller n\u00e4r du best\u00e4ller produkter.<br><\/p>\t\t\t\t\t\t\t\t<\/div>\n\t\t\t\t<\/div>\n\t\t\t\t<div class=\"elementor-element elementor-element-a1585b6 elementor-widget elementor-widget-heading\" data-id=\"a1585b6\" data-element_type=\"widget\" data-e-type=\"widget\" data-widget_type=\"heading.default\">\n\t\t\t\t<div class=\"elementor-widget-container\">\n\t\t\t\t\t<h2 class=\"elementor-heading-title elementor-size-default\">1. Privatkunder: Priser, leverans och returer\n<\/h2>\t\t\t\t<\/div>\n\t\t\t\t<\/div>\n\t\t\t\t<div class=\"elementor-element elementor-element-c72ccce elementor-widget elementor-widget-text-editor\" data-id=\"c72ccce\" data-element_type=\"widget\" data-e-type=\"widget\" data-widget_type=\"text-editor.default\">\n\t\t\t\t<div class=\"elementor-widget-container\">\n\t\t\t\t\t\t\t\t\t<p><b>1.1<\/b> Leveransen tar l\u00e4ngre tid ju l\u00e4ngre bort du befinner dig fr\u00e5n oss (vi finns i Sverige, v\u00e5rt lager ligger i Skurup n\u00e4ra Malm\u00f6). Du hittar de senaste leveranstiderna p\u00e5 shoppens sida och produktsidorna. <\/p><p><b>1.2<\/b> Alla priser \u00e4r inklusive moms f\u00f6r kunder inom EU, och exklusive moms f\u00f6r alla kunder som best\u00e4ller fr\u00e5n l\u00e4nder utanf\u00f6r EU.<\/p><p><b>1.3<\/b> Vi vill att du ska vara helt n\u00f6jd med v\u00e5ra produkter. Om du \u00e4r missn\u00f6jd p\u00e5 n\u00e5got s\u00e4tt eller har n\u00e5gra fr\u00e5gor f\u00f6re, under eller efter best\u00e4llning, skicka oss ett <a href=\"mailto:contact@suntribesunscreen.com\">e-postmeddelande till contact@suntribesunscreen.com<\/a> s\u00e5 \u00e5terbetalar vi dina pengar. Du hittar fler s\u00e4tt att kontakta oss p\u00e5 v\u00e5r kontaktsida.<\/p>\t\t\t\t\t\t\t\t<\/div>\n\t\t\t\t<\/div>\n\t\t\t\t<div class=\"elementor-element elementor-element-1b1f0d1 elementor-widget elementor-widget-heading\" data-id=\"1b1f0d1\" data-element_type=\"widget\" data-e-type=\"widget\" data-widget_type=\"heading.default\">\n\t\t\t\t<div class=\"elementor-widget-container\">\n\t\t\t\t\t<h2 class=\"elementor-heading-title elementor-size-default\">2. R\u00e4ttsliga skyldigheter och ansvarsbegr\u00e4nsning<\/h2>\t\t\t\t<\/div>\n\t\t\t\t<\/div>\n\t\t\t\t<div class=\"elementor-element elementor-element-848f451 elementor-widget elementor-widget-text-editor\" data-id=\"848f451\" data-element_type=\"widget\" data-e-type=\"widget\" data-widget_type=\"text-editor.default\">\n\t\t\t\t<div class=\"elementor-widget-container\">\n\t\t\t\t\t\t\t\t\t<p><strong>2.1<\/strong> \u00c4ven om vi g\u00f6r v\u00e5rt b\u00e4sta f\u00f6r att se till att informationen p\u00e5 denna webbplats \u00e4r korrekt, garanterar vi inte dess fullst\u00e4ndighet eller noggrannhet; Vi f\u00f6rbinder oss inte heller att se till att webbplatsen f\u00f6rblir tillg\u00e4nglig eller att materialet p\u00e5 webbplatsen h\u00e5lls uppdaterat. All information som presenteras och eventuella relaterade l\u00e4nkar tillhandah\u00e5lls endast f\u00f6r allm\u00e4n information. R\u00e5dg\u00f6r med din l\u00e4kare eller v\u00e5rdgivare f\u00f6r specifika medicinska tillst\u00e5nd eller problem som du har. Anv\u00e4nd informationen och eventuella f\u00f6reslagna produkter eller ingredienser p\u00e5 denna webbplats p\u00e5 egen risk. Vi tar inget ansvar f\u00f6r korrekt anv\u00e4ndning och till\u00e4mpning av v\u00e5r produkt och de resulterande konsekvenserna, s\u00e5som solbr\u00e4nna eller hudskador.<\/p><p><strong>2.2<\/strong> Varje avsnitt i dessa villkor g\u00e4ller i sig. Om n\u00e5gon del av eller best\u00e4mmelse i dessa villkor f\u00f6rklaras ogiltig av en domstol med beh\u00f6rig jurisdiktion eller skiljeman, f\u00f6rblir alla andra delar giltiga.<\/p><p><strong>2.3<\/strong> Vi kommer att g\u00f6ra v\u00e5rt b\u00e4sta f\u00f6r att l\u00f6sa eventuella tvister om dessa villkor. Relevant svensk lag g\u00e4ller.<\/p>\t\t\t\t\t\t\t\t<\/div>\n\t\t\t\t<\/div>\n\t\t\t\t\t<\/div>\n\t\t<\/div>\n\t\t\t\t\t<\/div>\n\t\t<\/section>\n\t\t\t\t<\/div>\n\t\t","protected":false},"excerpt":{"rendered":"<p>Villkor K\u00e4ra surfare p\u00e5 n\u00e4tet,&nbsp; H\u00e4r hittar du de villkor (&#8221;Villkoren&#8221;) som g\u00e4ller n\u00e4r du (&#8221;Anv\u00e4ndaren&#8221;) g\u00e5r in p\u00e5 http:\/\/suntribesunscreen.com och alla dess undersidor (&#8221;Webbplatsen&#8221;, &#8221;Tj\u00e4nsten&#8221;) eller n\u00e4r du best\u00e4ller produkter. 1. Privatkunder: Priser, leverans och returer 1.1 Leveransen tar l\u00e4ngre tid ju l\u00e4ngre bort du befinner dig fr\u00e5n oss (vi finns i Sverige, v\u00e5rt [&hellip;]<\/p>\n","protected":false},"author":1,"featured_media":0,"parent":0,"menu_order":9,"comment_status":"closed","ping_status":"closed","template":"elementor_header_footer","meta":{"ocean_post_layout":"","ocean_both_sidebars_style":"","ocean_both_sidebars_content_width":[],"ocean_both_sidebars_sidebars_width":[],"ocean_sidebar":["0"],"ocean_second_sidebar":["0"],"ocean_disable_margins":["enable"],"ocean_add_body_class":"","ocean_shortcode_before_top_bar":"","ocean_shortcode_after_top_bar":"","ocean_shortcode_before_header":"","ocean_shortcode_after_header":"","ocean_has_shortcode":"","ocean_shortcode_after_title":"","ocean_shortcode_before_footer_widgets":"","ocean_shortcode_after_footer_widgets":"","ocean_shortcode_before_footer_bottom":"","ocean_shortcode_after_footer_bottom":"","ocean_display_top_bar":["default"],"ocean_display_header":["default"],"ocean_header_style":"","ocean_center_header_left_menu":["0"],"ocean_custom_header_template":["0"],"ocean_custom_logo":[],"ocean_custom_retina_logo":[],"ocean_custom_logo_max_width":[],"ocean_custom_logo_tablet_max_width":[],"ocean_custom_logo_mobile_max_width":[],"ocean_custom_logo_max_height":[],"ocean_custom_logo_tablet_max_height":[],"ocean_custom_logo_mobile_max_height":[],"ocean_header_custom_menu":["0"],"ocean_menu_typo_font_family":["0"],"ocean_menu_typo_font_subset":"","ocean_menu_typo_font_size":[],"ocean_menu_typo_font_size_tablet":0,"ocean_menu_typo_font_size_mobile":0,"ocean_menu_typo_font_size_unit":"px","ocean_menu_typo_font_weight":"","ocean_menu_typo_font_weight_tablet":"","ocean_menu_typo_font_weight_mobile":"","ocean_menu_typo_transform":"","ocean_menu_typo_transform_tablet":"","ocean_menu_typo_transform_mobile":"","ocean_menu_typo_line_height":[],"ocean_menu_typo_line_height_tablet":0,"ocean_menu_typo_line_height_mobile":0,"ocean_menu_typo_line_height_unit":"","ocean_menu_typo_spacing":[],"ocean_menu_typo_spacing_tablet":0,"ocean_menu_typo_spacing_mobile":0,"ocean_menu_typo_spacing_unit":"","ocean_menu_link_color":"","ocean_menu_link_color_hover":"","ocean_menu_link_color_active":"","ocean_menu_link_background":"","ocean_menu_link_hover_background":"","ocean_menu_link_active_background":"","ocean_menu_social_links_bg":"","ocean_menu_social_hover_links_bg":"","ocean_menu_social_links_color":"","ocean_menu_social_hover_links_color":"","ocean_disable_title":["on"],"ocean_disable_heading":["default"],"ocean_post_title":"","ocean_post_subheading":"","ocean_post_title_style":"","ocean_post_title_background_color":"","ocean_post_title_background":[],"ocean_post_title_bg_image_position":"","ocean_post_title_bg_image_attachment":"","ocean_post_title_bg_image_repeat":"","ocean_post_title_bg_image_size":"","ocean_post_title_height":[],"ocean_post_title_bg_overlay":[],"ocean_post_title_bg_overlay_color":"","ocean_disable_breadcrumbs":["default"],"ocean_breadcrumbs_color":"","ocean_breadcrumbs_separator_color":"","ocean_breadcrumbs_links_color":"","ocean_breadcrumbs_links_hover_color":"","ocean_display_footer_widgets":["default"],"ocean_display_footer_bottom":["default"],"ocean_custom_footer_template":["0"],"_wp_page_template":["elementor_header_footer"],"ocean_link_format_target":[],"ocean_quote_format_link":[],"_wp_old_date":[],"_edit_lock":[],"_edit_last":[],"ocean_gallery_link_images":[],"osh_disable_topbar_sticky":[],"osh_disable_header_sticky":[],"_elementor_pro_version":[],"_oembed_e2253486b4ac832aa91022f965f4df74":[],"_elementor_version":["3.28.3"],"_oembed_time_e2253486b4ac832aa91022f965f4df74":[],"_genesis_description":[],"_yoast_wpseo_content_score":[],"_yoast_wpseo_primary_category":[],"_oembed_147307c9146127d25c8c9bc3fedbbdd2":[],"_oembed_time_147307c9146127d25c8c9bc3fedbbdd2":[],"_oembed_298cc3cf7783e9a730e0d30489c0767d":[],"_oembed_time_298cc3cf7783e9a730e0d30489c0767d":[],"_wp_old_slug":[],"_yoast_wpseo_focuskw":[],"_oembed_6ce714c902a6c8b37bfed747aa272afa":[],"_oembed_time_6ce714c902a6c8b37bfed747aa272afa":[],"_oembed_67fd97d2449b30f3b8aff7987461bdee":[],"_oembed_time_67fd97d2449b30f3b8aff7987461bdee":[],"_yoast_wpseo_linkdex":[],"_oembed_8c4ad389a55d131ee3502f96b92cd139":[],"_oembed_time_8c4ad389a55d131ee3502f96b92cd139":[],"_thumbnail_id":[],"_wpml_media_duplicate":["1"],"_wpml_media_has_media":[],"_seopress_titles_desc":[],"_seopress_analysis_target_kw":[],"_seopress_robots_primary_cat":[],"rank_math_seo_score":[],"rank_math_contentai_score":[],"rank_math_focus_keyword":[],"rank_math_title":[],"rank_math_description":[],"_elementor_controls_usage":[],"_ez-toc-disabled":[],"_ez-toc-insert":[],"_ez-toc-header-label":[],"_ez-toc-alignment":[],"_ez-toc-heading-levels":[],"_ez-toc-alttext":[],"_ez-toc-visibility_hide_by_default":[],"_ez-toc-hide_counter":[],"_ez-toc-exclude":[],"_ez-toc-position-specific":[],"rank_math_internal_links_processed":["1"],"rank_math_primary_category":[],"_wpml_media_featured":["1"],"_alp_processed":["1757285799"],"_wpml_word_count":["356"],"copied_media_ids":[],"referenced_media_ids":[],"footnotes":""},"class_list":["post-33167","page","type-page","status-publish","hentry","entry","owp-thumbs-layout-horizontal","owp-btn-normal","owp-tabs-layout-horizontal","has-no-thumbnails","has-product-nav","circle-sale"],"jetpack_sharing_enabled":true,"_links":{"self":[{"href":"https:\/\/worryfreebackup.win\/sv\/wp-json\/wp\/v2\/pages\/33167","targetHints":{"allow":["GET"]}}],"collection":[{"href":"https:\/\/worryfreebackup.win\/sv\/wp-json\/wp\/v2\/pages"}],"about":[{"href":"https:\/\/worryfreebackup.win\/sv\/wp-json\/wp\/v2\/types\/page"}],"author":[{"embeddable":true,"href":"https:\/\/worryfreebackup.win\/sv\/wp-json\/wp\/v2\/users\/1"}],"replies":[{"embeddable":true,"href":"https:\/\/worryfreebackup.win\/sv\/wp-json\/wp\/v2\/comments?post=33167"}],"version-history":[{"count":3,"href":"https:\/\/worryfreebackup.win\/sv\/wp-json\/wp\/v2\/pages\/33167\/revisions"}],"predecessor-version":[{"id":101008,"href":"https:\/\/worryfreebackup.win\/sv\/wp-json\/wp\/v2\/pages\/33167\/revisions\/101008"}],"wp:attachment":[{"href":"https:\/\/worryfreebackup.win\/sv\/wp-json\/wp\/v2\/media?parent=33167"}],"curies":[{"name":"wp","href":"https:\/\/api.w.org\/{rel}","templated":true}]}}