





{"id":32191,"date":"2021-04-26T08:49:27","date_gmt":"2021-04-26T08:49:27","guid":{"rendered":"http:\/\/suntribesunscreen.com\/product\/suntribe-all-natural-mineral-kids-vanilla-sunscreen-spf-30\/"},"modified":"2026-02-08T15:25:47","modified_gmt":"2026-02-08T15:25:47","slug":"suntribe-natural-mineral-baby-kids-sunscreen-spf-30","status":"publish","type":"product","link":"https:\/\/worryfreebackup.win\/sv\/produkt\/suntribe-natural-mineral-baby-kids-sunscreen-spf-30\/","title":{"rendered":"Baby &amp; Kids Organic Mineral Sunscreen SPF 30"},"content":{"rendered":"<p><span style=\"font-weight: 400;\">\u00c4ntligen en solkr\u00e4m f\u00f6r barn och bebisar \u00f6ver 6 m\u00e5nader d\u00e4r du inte beh\u00f6ver oroa dig f\u00f6r ingredienserna. Tillverkad med non-nano zinkoxid ger denna ekologiska och mineralbaserade solkr\u00e4m ett s\u00e4kert bredspektrum UVA- och UVB-skydd fr\u00e5n f\u00f6rsta applicerings\u00f6gonblicket. Allergenfri och noggrant formulerad f\u00f6r barns och sp\u00e4dbarns k\u00e4nsliga hud. Svider inte om den kommer i \u00f6gonen.<\/span><\/p>\n<p><span style=\"font-weight: 400;\">Kommer i en innovativ tub av sockerr\u00f6r och l\u00e4mnar ett svagt vitt skimmer s\u00e5 att du l\u00e4tt kan se var ditt barn \u00e4r skyddat fr\u00e5n solen. Skonsam naturlig formula med en l\u00e4cker vaniljdoft som g\u00f6r detta solskydd oemotst\u00e5ndligt f\u00f6r b\u00e5de barn och vuxna.<\/span><\/p>\n","protected":false},"excerpt":{"rendered":"<p style=\"text-align: left;\"><span style=\"font-weight: 400;\"><strong>&#8221;B\u00e4sta mineralbaserade solkr\u00e4m&#8221;<\/strong> enligt <a href=\"https:\/\/www.independent.co.uk\/extras\/indybest\/kids\/best-sunscreen-kids-sun-cream-children-face-spf-protection-lotion-uva-uvb-a9526726.html\">The Independent UK <\/a><\/span><\/p>\n<p style=\"text-align: left;\"><span style=\"font-weight: 400;\"><strong>100% NATURLIG MINERALSOLKR\u00c4M |<\/strong> En solkr\u00e4m f\u00f6r barn och bebisar d\u00e4r du inte beh\u00f6ver oroa dig f\u00f6r ingredienserna, f\u00f6rpackad i en milj\u00f6v\u00e4nlig tub av sockerr\u00f6r.<\/span><\/p>\n<p><span style=\"font-weight: 400;\"><strong>EKOLOGISK &amp; SKONSAM<\/strong> | Allergenfri och noggrant formulerad f\u00f6r barns k\u00e4nsliga hud. Naturlig vaniljdoft som g\u00f6r appliceringen till en barnlek.<\/span><\/p>\n<p><span style=\"font-weight: 400;\"><strong>MINERALBASERAT UV-FILTER |<\/strong> Vetenskapligt validerat bredspektrumskydd mot UVA &amp; UVB med non-nano zinkoxid. Blockerar 97 % av UVB-str\u00e5lar. Vattenresistent. Reef safe &#8211; s\u00e4ker f\u00f6r korallrev och marint liv.<\/span><\/p>\n<p><span style=\"font-weight: 400;\"><strong>SYNLIGT SKYDD |<\/strong> Ger en synlig indikation var huden \u00e4r skyddad s\u00e5 att du inte missar n\u00e5gra fl\u00e4ckar. <\/span><\/p>\n<p><span style=\"font-weight: 400;\"><strong>0% TILLSATSER<\/strong> | \u00c4ntligen en bekymmersfri solkr\u00e4m. Fri fr\u00e5n parfym, konserveringsmedel och syntetiska kemikalier. <\/span><\/p>\n<p><strong>100 ml \u2014 40 min vattenresistent \u2014 UVA &amp; UVB \u2014 Naturlig vaniljdoft \u2014 Otonad<\/strong><\/p>\n","protected":false},"featured_media":101333,"comment_status":"open","ping_status":"closed","template":"","meta":{"ocean_post_layout":"","ocean_both_sidebars_style":"","ocean_both_sidebars_content_width":[""],"ocean_both_sidebars_sidebars_width":[""],"ocean_sidebar":["0"],"ocean_second_sidebar":["0"],"ocean_disable_margins":["enable"],"ocean_add_body_class":"","ocean_shortcode_before_top_bar":"","ocean_shortcode_after_top_bar":"","ocean_shortcode_before_header":"","ocean_shortcode_after_header":"","ocean_has_shortcode":"","ocean_shortcode_after_title":"","ocean_shortcode_before_footer_widgets":"","ocean_shortcode_after_footer_widgets":"","ocean_shortcode_before_footer_bottom":"","ocean_shortcode_after_footer_bottom":"","ocean_display_top_bar":["default"],"ocean_display_header":["default"],"ocean_header_style":"","ocean_center_header_left_menu":["0"],"ocean_custom_header_template":["0"],"ocean_custom_logo":["0"],"ocean_custom_retina_logo":["0"],"ocean_custom_logo_max_width":[""],"ocean_custom_logo_tablet_max_width":[""],"ocean_custom_logo_mobile_max_width":[""],"ocean_custom_logo_max_height":[""],"ocean_custom_logo_tablet_max_height":[""],"ocean_custom_logo_mobile_max_height":[""],"ocean_header_custom_menu":["0"],"ocean_menu_typo_font_family":["0"],"ocean_menu_typo_font_subset":"","ocean_menu_typo_font_size":[""],"ocean_menu_typo_font_size_tablet":0,"ocean_menu_typo_font_size_mobile":0,"ocean_menu_typo_font_size_unit":"px","ocean_menu_typo_font_weight":"","ocean_menu_typo_font_weight_tablet":"","ocean_menu_typo_font_weight_mobile":"","ocean_menu_typo_transform":"","ocean_menu_typo_transform_tablet":"","ocean_menu_typo_transform_mobile":"","ocean_menu_typo_line_height":[""],"ocean_menu_typo_line_height_tablet":0,"ocean_menu_typo_line_height_mobile":0,"ocean_menu_typo_line_height_unit":"","ocean_menu_typo_spacing":[""],"ocean_menu_typo_spacing_tablet":0,"ocean_menu_typo_spacing_mobile":0,"ocean_menu_typo_spacing_unit":"","ocean_menu_link_color":"","ocean_menu_link_color_hover":"","ocean_menu_link_color_active":"","ocean_menu_link_background":"","ocean_menu_link_hover_background":"","ocean_menu_link_active_background":"","ocean_menu_social_links_bg":"","ocean_menu_social_hover_links_bg":"","ocean_menu_social_links_color":"","ocean_menu_social_hover_links_color":"","ocean_disable_title":["default"],"ocean_disable_heading":["on"],"ocean_post_title":"","ocean_post_subheading":"","ocean_post_title_style":"","ocean_post_title_background_color":"","ocean_post_title_background":[""],"ocean_post_title_bg_image_position":"","ocean_post_title_bg_image_attachment":"","ocean_post_title_bg_image_repeat":"","ocean_post_title_bg_image_size":"","ocean_post_title_height":[""],"ocean_post_title_bg_overlay":["0.5"],"ocean_post_title_bg_overlay_color":"","ocean_disable_breadcrumbs":["default"],"ocean_breadcrumbs_color":"","ocean_breadcrumbs_separator_color":"","ocean_breadcrumbs_links_color":"","ocean_breadcrumbs_links_hover_color":"","ocean_display_footer_widgets":["default"],"ocean_display_footer_bottom":["default"],"ocean_custom_footer_template":["0"],"_wp_page_template":["default"],"ocean_link_format_target":[],"ocean_quote_format_link":[],"_wp_old_date":[],"_edit_lock":["1716277038:1"],"_edit_last":["1"],"ocean_gallery_link_images":[],"osh_disable_topbar_sticky":["default"],"osh_disable_header_sticky":["default"],"_elementor_pro_version":[],"_oembed_e2253486b4ac832aa91022f965f4df74":[],"_elementor_version":["0.4"],"_oembed_time_e2253486b4ac832aa91022f965f4df74":[],"_genesis_description":["SPF 30 bredspektrum mineralsolkr\u00e4m f\u00f6r barn och sp\u00e4dbarn. 100% naturlig & ekologiskt. Svider eller kliar inte. S\u00e4ker f\u00f6r korallrev och skonsam mot barns k\u00e4nsliga hud."],"_yoast_wpseo_content_score":["90"],"_yoast_wpseo_primary_category":[],"_oembed_147307c9146127d25c8c9bc3fedbbdd2":[],"_oembed_time_147307c9146127d25c8c9bc3fedbbdd2":[],"_oembed_298cc3cf7783e9a730e0d30489c0767d":[],"_oembed_time_298cc3cf7783e9a730e0d30489c0767d":[],"_wp_old_slug":[],"_yoast_wpseo_focuskw":["solkr\u00e4m barn"],"_oembed_6ce714c902a6c8b37bfed747aa272afa":[],"_oembed_time_6ce714c902a6c8b37bfed747aa272afa":[],"_oembed_67fd97d2449b30f3b8aff7987461bdee":[],"_oembed_time_67fd97d2449b30f3b8aff7987461bdee":[],"_yoast_wpseo_linkdex":["48"],"_oembed_8c4ad389a55d131ee3502f96b92cd139":[],"_oembed_time_8c4ad389a55d131ee3502f96b92cd139":[],"_thumbnail_id":["101333"],"_wpml_media_duplicate":["1","1"],"_wpml_media_has_media":[],"_seopress_titles_desc":["SPF 30 bredspektrum mineralsolkr\u00e4m f\u00f6r barn och sp\u00e4dbarn. 100% naturlig & ekologiskt. Svider eller kliar inte. S\u00e4ker f\u00f6r korallrev och skonsam mot barns k\u00e4nsliga hud."],"_seopress_analysis_target_kw":["solkr\u00e4m barn"],"_seopress_robots_primary_cat":[],"rank_math_seo_score":["15"],"rank_math_contentai_score":[],"rank_math_focus_keyword":["organic mineral sunscreen"],"rank_math_title":[],"rank_math_description":[],"_elementor_controls_usage":[],"_ez-toc-disabled":[],"_ez-toc-insert":[],"_ez-toc-header-label":[],"_ez-toc-alignment":[],"_ez-toc-heading-levels":[],"_ez-toc-alttext":[],"_ez-toc-visibility_hide_by_default":[],"_ez-toc-hide_counter":[],"_ez-toc-exclude":[],"_ez-toc-position-specific":[],"rank_math_internal_links_processed":["1"],"rank_math_primary_category":[],"_wpml_media_featured":["1","1"],"_alp_processed":["1747407476"],"_wpml_word_count":["265"],"copied_media_ids":[],"referenced_media_ids":[],"_elementor_page_assets":[],"_elementor_css":[],"_elementor_element_cache":[]},"product_brand":[],"product_cat":[157],"product_tag":[],"class_list":{"0":"post-32191","1":"product","2":"type-product","3":"status-publish","4":"has-post-thumbnail","6":"product_cat-sunscreens-sv","7":"pa_amount-kop-1","8":"pa_amount-kop-2-spara-10","9":"pa_amount-kop-4-spara-20","11":"entry","12":"has-media","14":"first","15":"instock","16":"sale","17":"taxable","18":"shipping-taxable","19":"purchasable","20":"product-type-variable","21":"has-rating","22":"has-product-nav","23":"col","24":"span_1_of_3","25":"owp-content-center","26":"owp-thumbs-layout-horizontal","27":"owp-btn-normal","28":"owp-tabs-layout-horizontal","30":"circle-sale"},"bundled_by":["48462","48466"],"bundle_stock_status":"instock","bundle_stock_quantity":null,"bundle_virtual":false,"bundle_layout":"","bundle_add_to_cart_form_location":"","bundle_editable_in_cart":false,"bundle_sold_individually_context":"","bundle_item_grouping":"","bundle_min_size":"","bundle_max_size":"","bundle_price":[],"bundled_items":[],"bundle_sell_ids":[],"jetpack_sharing_enabled":true,"_links":{"self":[{"href":"https:\/\/worryfreebackup.win\/sv\/wp-json\/wp\/v2\/product\/32191","targetHints":{"allow":["GET"]}}],"collection":[{"href":"https:\/\/worryfreebackup.win\/sv\/wp-json\/wp\/v2\/product"}],"about":[{"href":"https:\/\/worryfreebackup.win\/sv\/wp-json\/wp\/v2\/types\/product"}],"replies":[{"embeddable":true,"href":"https:\/\/worryfreebackup.win\/sv\/wp-json\/wp\/v2\/comments?post=32191"}],"version-history":[{"count":7,"href":"https:\/\/worryfreebackup.win\/sv\/wp-json\/wp\/v2\/product\/32191\/revisions"}],"predecessor-version":[{"id":92715,"href":"https:\/\/worryfreebackup.win\/sv\/wp-json\/wp\/v2\/product\/32191\/revisions\/92715"}],"wp:featuredmedia":[{"embeddable":true,"href":"https:\/\/worryfreebackup.win\/sv\/wp-json\/wp\/v2\/media\/101333"}],"wp:attachment":[{"href":"https:\/\/worryfreebackup.win\/sv\/wp-json\/wp\/v2\/media?parent=32191"}],"wp:term":[{"taxonomy":"product_brand","embeddable":true,"href":"https:\/\/worryfreebackup.win\/sv\/wp-json\/wp\/v2\/product_brand?post=32191"},{"taxonomy":"product_cat","embeddable":true,"href":"https:\/\/worryfreebackup.win\/sv\/wp-json\/wp\/v2\/product_cat?post=32191"},{"taxonomy":"product_tag","embeddable":true,"href":"https:\/\/worryfreebackup.win\/sv\/wp-json\/wp\/v2\/product_tag?post=32191"}],"curies":[{"name":"wp","href":"https:\/\/api.w.org\/{rel}","templated":true}]}}