





{"id":32261,"date":"2015-11-17T10:16:49","date_gmt":"2015-11-17T10:16:49","guid":{"rendered":"http:\/\/suntribesunscreen.com\/product\/suntribe-super-cosy-hooded-surf-change-poncho\/"},"modified":"2025-12-11T09:15:00","modified_gmt":"2025-12-11T09:15:00","slug":"suntribe-super-cosy-hooded-surf-change-poncho","status":"publish","type":"product","link":"https:\/\/worryfreebackup.win\/sv\/produkt\/suntribe-super-cosy-hooded-surf-change-poncho\/","title":{"rendered":"Super Cosy Hooded Surf &amp; Change Poncho"},"content":{"rendered":"<p><span style=\"font-weight: 400;\">Surf &amp; Change Poncho i vackra havsf\u00e4rger, en av de tjockaste och mysigaste ponchos som finns p\u00e5 marknaden. Tillverkad av 100% kvalitet kammad bomull och med en tjocklek av 420 gram \/ m2. Mjuk och bekv\u00e4mt utan h\u00e5ller ocks\u00e5 vinden och kylan ute. Denna poncho har en bekv\u00e4m ficka och tv\u00e5 knappar f\u00f6r att st\u00e4nga runt halsen. G\u00f6r bekv\u00e4mt att byta efter utomhusaktiviteter. <\/span><\/p>\n<p><span style=\"font-weight: 400;\">Utvecklad av surfl\u00e4rare och designad av den svenska designern Clarie Ek, kommer denna poncho att ge dig den stil, mysighet och v\u00e4rme du \u00f6nskar efter n\u00e5gon form av bad, surf eller utomhus\u00e4ventyr. Funkar ocks\u00e5 bra f\u00f6r att h\u00e5lla dig varm mellan bastusessioner eller n\u00e4r du \u00e4r ute och campar! <\/span><\/p>\n<p><span style=\"font-weight: 400;\">Suntribes poncho \u00e4r bra att anv\u00e4nda f\u00f6r alla situationer d\u00e4r det beh\u00f6vs lite torkning eller ett kl\u00e4dbyte. Ibland beh\u00f6vs det inte ens en orsak f\u00f6r att mysa till det. Ponchon \u00e4r den perfekta l\u00f6sningen f\u00f6r att byta om var som helst utan att beh\u00f6va oroa dig f\u00f6r att exponera k\u00e4nsliga delar &#8211; det h\u00e4r \u00e4r politiskt korrekt nakenhet! Naturligtvis kan du ocks\u00e5 b\u00e4ra den medan du \u00e4ter frukost efter din morgondusch, vilket r\u00e5kar vara v\u00e5r personliga vardagsfavorit. Och n\u00e4r du vill vara mysig medan du tar en snabb tupplur p\u00e5 stranden eller till och med p\u00e5 din soffa hemma, \u00e4r denna poncho ett m\u00e5ste. <\/span><\/p>\n<p><strong>Material:<\/strong> 100% kammad bomull, <span style=\"font-weight: 400;\">420 gram\/m2 (extra<\/span>tjock). <strong>Tillverkad i EU. <\/strong> <\/p>\n","protected":false},"excerpt":{"rendered":"<p><span style=\"font-weight: 400;\"><strong>EXTRA TJOCK &amp; MYSIG<\/strong> Tillverkad av extra tjock, kammad bomull (420 g\/m\u00b2) med knappar f\u00f6r att st\u00e4nga huvan \u2013 denna poncho h\u00e5ller dig varm \u00e4ven n\u00e4r det \u00e4r kyligt ute!<\/span><\/p>\n<p><span style=\"font-weight: 400;\"><strong>SVENSK DESIGN <\/strong>Designad av den svenska designern Clarie Ek, som ligger bakom n\u00e5gra av de mest klassiska funktionella sportkl\u00e4derna tillverkade i Sverige sedan 1960.<\/span><\/p>\n<p><span style=\"font-weight: 400;\"><strong>PRAKTISK<\/strong> Kommer med en mysig huva och en praktisk magficka f\u00f6r dina n\u00f6dv\u00e4ndigheter \u2013 perfekt f\u00f6r att f\u00f6rvara solkr\u00e4m eller v\u00e4rma h\u00e4nderna.<\/span><\/p>\n<p><span style=\"font-weight: 400;\"><strong>INGA BEKYMMER<\/strong> L\u00e4tt att tv\u00e4tta i 40\u202f\u00b0C, finns i en unisexstorlek som passar alla \u2013 l\u00e4mplig f\u00f6r b\u00e5de kvinnor och m\u00e4n.<\/span> <\/p>\n","protected":false},"featured_media":90046,"comment_status":"open","ping_status":"closed","template":"","meta":{"ocean_post_layout":"","ocean_both_sidebars_style":"","ocean_both_sidebars_content_width":[],"ocean_both_sidebars_sidebars_width":[],"ocean_sidebar":["0"],"ocean_second_sidebar":["0"],"ocean_disable_margins":["enable"],"ocean_add_body_class":"","ocean_shortcode_before_top_bar":"","ocean_shortcode_after_top_bar":"","ocean_shortcode_before_header":"","ocean_shortcode_after_header":"","ocean_has_shortcode":"","ocean_shortcode_after_title":"","ocean_shortcode_before_footer_widgets":"","ocean_shortcode_after_footer_widgets":"","ocean_shortcode_before_footer_bottom":"","ocean_shortcode_after_footer_bottom":"","ocean_display_top_bar":["default"],"ocean_display_header":["default"],"ocean_header_style":"","ocean_center_header_left_menu":["0"],"ocean_custom_header_template":["0"],"ocean_custom_logo":[],"ocean_custom_retina_logo":[],"ocean_custom_logo_max_width":[""],"ocean_custom_logo_tablet_max_width":[""],"ocean_custom_logo_mobile_max_width":[""],"ocean_custom_logo_max_height":[""],"ocean_custom_logo_tablet_max_height":[""],"ocean_custom_logo_mobile_max_height":[""],"ocean_header_custom_menu":["0"],"ocean_menu_typo_font_family":["0"],"ocean_menu_typo_font_subset":"","ocean_menu_typo_font_size":[],"ocean_menu_typo_font_size_tablet":0,"ocean_menu_typo_font_size_mobile":0,"ocean_menu_typo_font_size_unit":"px","ocean_menu_typo_font_weight":"","ocean_menu_typo_font_weight_tablet":"","ocean_menu_typo_font_weight_mobile":"","ocean_menu_typo_transform":"","ocean_menu_typo_transform_tablet":"","ocean_menu_typo_transform_mobile":"","ocean_menu_typo_line_height":[],"ocean_menu_typo_line_height_tablet":0,"ocean_menu_typo_line_height_mobile":0,"ocean_menu_typo_line_height_unit":"","ocean_menu_typo_spacing":[],"ocean_menu_typo_spacing_tablet":0,"ocean_menu_typo_spacing_mobile":0,"ocean_menu_typo_spacing_unit":"","ocean_menu_link_color":"","ocean_menu_link_color_hover":"","ocean_menu_link_color_active":"","ocean_menu_link_background":"","ocean_menu_link_hover_background":"","ocean_menu_link_active_background":"","ocean_menu_social_links_bg":"","ocean_menu_social_hover_links_bg":"","ocean_menu_social_links_color":"","ocean_menu_social_hover_links_color":"","ocean_disable_title":["default"],"ocean_disable_heading":["on"],"ocean_post_title":"","ocean_post_subheading":"","ocean_post_title_style":"","ocean_post_title_background_color":"","ocean_post_title_background":[],"ocean_post_title_bg_image_position":"","ocean_post_title_bg_image_attachment":"","ocean_post_title_bg_image_repeat":"","ocean_post_title_bg_image_size":"","ocean_post_title_height":[],"ocean_post_title_bg_overlay":[],"ocean_post_title_bg_overlay_color":"","ocean_disable_breadcrumbs":["default"],"ocean_breadcrumbs_color":"","ocean_breadcrumbs_separator_color":"","ocean_breadcrumbs_links_color":"","ocean_breadcrumbs_links_hover_color":"","ocean_display_footer_widgets":["default"],"ocean_display_footer_bottom":["default"],"ocean_custom_footer_template":["0"],"_wp_page_template":["default"],"ocean_link_format_target":[],"ocean_quote_format_link":[],"_wp_old_date":[],"_edit_lock":["1633597255:300"],"_edit_last":["718"],"ocean_gallery_link_images":[],"osh_disable_topbar_sticky":["default"],"osh_disable_header_sticky":["default"],"_elementor_pro_version":[],"_oembed_e2253486b4ac832aa91022f965f4df74":[],"_elementor_version":["0.4"],"_oembed_time_e2253486b4ac832aa91022f965f4df74":[],"_genesis_description":["Suntribe Surf and Change Poncho \u00e4r tillverkad av extra tjock kammad bomull och \u00e4r en av de varmaste ponchos som finns p\u00e5 marknaden. Extra mysig!"],"_yoast_wpseo_content_score":["90"],"_yoast_wpseo_primary_category":[],"_oembed_147307c9146127d25c8c9bc3fedbbdd2":[],"_oembed_time_147307c9146127d25c8c9bc3fedbbdd2":[],"_oembed_298cc3cf7783e9a730e0d30489c0767d":[],"_oembed_time_298cc3cf7783e9a730e0d30489c0767d":[],"_wp_old_slug":[],"_yoast_wpseo_focuskw":["Poncho"],"_oembed_6ce714c902a6c8b37bfed747aa272afa":[],"_oembed_time_6ce714c902a6c8b37bfed747aa272afa":[],"_oembed_67fd97d2449b30f3b8aff7987461bdee":[],"_oembed_time_67fd97d2449b30f3b8aff7987461bdee":[],"_yoast_wpseo_linkdex":["52"],"_oembed_8c4ad389a55d131ee3502f96b92cd139":[],"_oembed_time_8c4ad389a55d131ee3502f96b92cd139":[],"_thumbnail_id":["90046"],"_wpml_media_duplicate":["1"],"_wpml_media_has_media":[],"_seopress_titles_desc":["Suntribe Surf and Change Poncho \u00e4r tillverkad av extra tjock kammad bomull och \u00e4r en av de varmaste ponchos som finns p\u00e5 marknaden. Extra mysig!"],"_seopress_analysis_target_kw":["Poncho"],"_seopress_robots_primary_cat":[],"rank_math_seo_score":[],"rank_math_contentai_score":[],"rank_math_focus_keyword":[],"rank_math_title":[],"rank_math_description":[],"_elementor_controls_usage":[],"_ez-toc-disabled":[],"_ez-toc-insert":[],"_ez-toc-header-label":[],"_ez-toc-alignment":[],"_ez-toc-heading-levels":[],"_ez-toc-alttext":[],"_ez-toc-visibility_hide_by_default":[],"_ez-toc-hide_counter":[],"_ez-toc-exclude":[],"_ez-toc-position-specific":[],"rank_math_internal_links_processed":["1"],"rank_math_primary_category":[],"_wpml_media_featured":["1"],"_alp_processed":["1747743112"],"_wpml_word_count":["334"],"copied_media_ids":[],"referenced_media_ids":[],"_elementor_page_assets":[],"_elementor_css":[],"_elementor_element_cache":[]},"product_brand":[],"product_cat":[157],"product_tag":[],"class_list":{"0":"post-32261","1":"product","2":"type-product","3":"status-publish","4":"has-post-thumbnail","6":"product_cat-sunscreens-sv","8":"entry","9":"has-media","11":"first","12":"outofstock","13":"taxable","14":"shipping-taxable","15":"purchasable","16":"product-type-simple","17":"has-rating","18":"has-product-nav","19":"col","20":"span_1_of_3","21":"owp-content-center","22":"owp-thumbs-layout-horizontal","23":"owp-btn-normal","24":"owp-tabs-layout-horizontal","26":"circle-sale"},"bundled_by":["48455"],"bundle_stock_status":"outofstock","bundle_stock_quantity":0,"bundle_virtual":false,"bundle_layout":"","bundle_add_to_cart_form_location":"","bundle_editable_in_cart":false,"bundle_sold_individually_context":"","bundle_item_grouping":"","bundle_min_size":"","bundle_max_size":"","bundle_price":[],"bundled_items":[],"bundle_sell_ids":[],"jetpack_sharing_enabled":true,"_links":{"self":[{"href":"https:\/\/worryfreebackup.win\/sv\/wp-json\/wp\/v2\/product\/32261","targetHints":{"allow":["GET"]}}],"collection":[{"href":"https:\/\/worryfreebackup.win\/sv\/wp-json\/wp\/v2\/product"}],"about":[{"href":"https:\/\/worryfreebackup.win\/sv\/wp-json\/wp\/v2\/types\/product"}],"replies":[{"embeddable":true,"href":"https:\/\/worryfreebackup.win\/sv\/wp-json\/wp\/v2\/comments?post=32261"}],"version-history":[{"count":3,"href":"https:\/\/worryfreebackup.win\/sv\/wp-json\/wp\/v2\/product\/32261\/revisions"}],"predecessor-version":[{"id":92756,"href":"https:\/\/worryfreebackup.win\/sv\/wp-json\/wp\/v2\/product\/32261\/revisions\/92756"}],"wp:featuredmedia":[{"embeddable":true,"href":"https:\/\/worryfreebackup.win\/sv\/wp-json\/wp\/v2\/media\/90046"}],"wp:attachment":[{"href":"https:\/\/worryfreebackup.win\/sv\/wp-json\/wp\/v2\/media?parent=32261"}],"wp:term":[{"taxonomy":"product_brand","embeddable":true,"href":"https:\/\/worryfreebackup.win\/sv\/wp-json\/wp\/v2\/product_brand?post=32261"},{"taxonomy":"product_cat","embeddable":true,"href":"https:\/\/worryfreebackup.win\/sv\/wp-json\/wp\/v2\/product_cat?post=32261"},{"taxonomy":"product_tag","embeddable":true,"href":"https:\/\/worryfreebackup.win\/sv\/wp-json\/wp\/v2\/product_tag?post=32261"}],"curies":[{"name":"wp","href":"https:\/\/api.w.org\/{rel}","templated":true}]}}