





{"id":32386,"date":"2018-12-18T14:29:25","date_gmt":"2018-12-18T14:29:25","guid":{"rendered":"http:\/\/suntribesunscreen.com\/product\/suntribe-all-natural-mini-zinc-sunscreens-face-sport-spf30-4-colours\/"},"modified":"2026-02-03T14:32:36","modified_gmt":"2026-02-03T14:32:36","slug":"suntribe-natural-mini-zinc-sunscreen-face-sport-spf30","status":"publish","type":"product","link":"https:\/\/worryfreebackup.win\/sv\/produkt\/suntribe-natural-mini-zinc-sunscreen-face-sport-spf30\/","title":{"rendered":"Organic Mineral Face &amp; Sport Mini Zinc Sunscreens SPF 50"},"content":{"rendered":"<p><span style=\"font-weight: 400;\">S\u00e4g hej till en helt naturlig zink-solkr\u00e4m som h\u00e5ller sig p\u00e5 plats i b\u00e5de stora v\u00e5gor och svettiga aktiviteter p\u00e5 land. Inneh\u00e5ller inga tvivelaktiga ingredienser och svider inte om den hamnar i \u00f6gonen. Reef safe &#8211; s\u00e4ker f\u00f6r korallrev och marint liv. Det h\u00e4r \u00e4r originalet. Det \u00e4r helt enkelt den zink-solkr\u00e4m som du alltid har letat efter.<\/span><\/p>\n<p><span style=\"font-weight: 400;\">Denna sportsolkr\u00e4m \u00e4r formulerad med non-nano zinkoxid och skapar ett synligt skyddslager fr\u00e5n f\u00f6rsta applicerings\u00f6gonblicket. O\u00f6vertr\u00e4ffad vattenresistens och h\u00f6gpresterande funktionalitet som \u00e4lskas av professionella idrottare och vardagliga \u00e4ventyrare runt om i v\u00e4rlden. <\/span><\/p>\n<p><span style=\"font-weight: 400;\">F\u00f6rpackad i en plastfri och l\u00e4ckages\u00e4ker aluminiumburk som \u00e4lskar att resa lika mycket som du g\u00f6r. L\u00e4ttast att anv\u00e4nda vid temperaturer \u00f6ver 20 grader (om du \u00e4r i kalla temperaturer, v\u00e4rm burken i fickan eller handen f\u00f6re anv\u00e4ndning).<\/span><\/p>\n<p><b>Original White <\/b><span style=\"font-weight: 400;\">Suntribes klassiska sportformula och har en naturlig vit f\u00e4rg. <\/span> <\/p>\n<p><b>Mud Tint<\/b> <span style=\"font-weight: 400;\">\u00e4r Suntribe mest diskreta sportformula, ekologiskt kakaopulver g\u00f6r att kr\u00e4men sm\u00e4lter in i huden.<\/span><\/p>\n<p><strong>Ocean Blue<\/strong> \u00e4r Suntribes mest f\u00e4rgstarka variant av v\u00e5r sportformula, och kommer i en rolig bl\u00e5 f\u00e4rg som skapats av det naturliga mineralet ultramarin.<\/p>\n<p><strong>Pretty Pink<\/strong> har en r\u00f6daktig f\u00e4rg tack vare naturlig j\u00e4rnoxid, som sm\u00e4lter in i hudtonen hos l\u00e4tt r\u00f6daktiga hudtyper och ger en naturlig rougeffekt.<\/p>\n<p>&nbsp;<\/p>\n","protected":false},"excerpt":{"rendered":"<p><span style=\"font-weight: 400;\"><strong>100% NATURLIG SOLKR\u00c4M F\u00d6R SPORT |<\/strong> Reef-safe solkr\u00e4m f\u00f6r alla typer av utomhusaktiviteter. Gjord f\u00f6r varmt v\u00e4der (l\u00e4ttast att applicera \u00f6ver 20 grader).<\/span><\/p>\n<p><span style=\"font-weight: 400;\"><strong>EKOLOGISK &amp; MINIMALISTISK | Kr\u00e4mig<\/strong> solkr\u00e4m med tjock konsistens s\u00e5 att du l\u00e4tt ser var du \u00e4r skyddad. Baserad p\u00e5 tre till fyra naturliga och ekologiska ingredienser. <\/span><\/p>\n<p><span style=\"font-weight: 400;\"><strong>H\u00d6GPRESTERANDE SOLKR\u00c4M<\/strong> | Vetenskapligt validerat bredspektrumskydd mot UVA- och UVB-str\u00e5lar \u2014 blockerar 97 % av UVB. Mycket vattenresistent och svettresistent. Mycket vatten- och svettresistent.<\/span><\/p>\n<p><span style=\"font-weight: 400;\"><strong>MINERALBASERAT UV-FILTER |<\/strong> Inneh\u00e5ller non-nano zinkoxid som enligt forskning \u00e4r det s\u00e4kraste tillg\u00e4ngliga UV-filtret f\u00f6r m\u00e4nniskors h\u00e4lsa, koraller och marint liv.<\/span><\/p>\n<p><span style=\"font-weight: 400;\"><strong>ZERO WASTE |<\/strong> F\u00f6rpackad i en resev\u00e4nlig aluminiumburk. Helt plastfri! <\/span><\/p>\n<p><strong>15 g \/ 16 ml \u2014 80 min vattenresistent \u2014 UVA &amp; UVB \u2014 Naturlig kokosdoft \u2014 4 f\u00e4rger<\/strong><\/p>\n","protected":false},"featured_media":92182,"comment_status":"open","ping_status":"closed","template":"","meta":{"ocean_post_layout":"","ocean_both_sidebars_style":"","ocean_both_sidebars_content_width":[""],"ocean_both_sidebars_sidebars_width":[""],"ocean_sidebar":["0"],"ocean_second_sidebar":["0"],"ocean_disable_margins":["enable"],"ocean_add_body_class":"","ocean_shortcode_before_top_bar":"","ocean_shortcode_after_top_bar":"","ocean_shortcode_before_header":"","ocean_shortcode_after_header":"","ocean_has_shortcode":"","ocean_shortcode_after_title":"","ocean_shortcode_before_footer_widgets":"","ocean_shortcode_after_footer_widgets":"","ocean_shortcode_before_footer_bottom":"","ocean_shortcode_after_footer_bottom":"","ocean_display_top_bar":["default"],"ocean_display_header":["default"],"ocean_header_style":"","ocean_center_header_left_menu":["0"],"ocean_custom_header_template":["0"],"ocean_custom_logo":["0"],"ocean_custom_retina_logo":["0"],"ocean_custom_logo_max_width":[""],"ocean_custom_logo_tablet_max_width":[""],"ocean_custom_logo_mobile_max_width":[""],"ocean_custom_logo_max_height":[""],"ocean_custom_logo_tablet_max_height":[""],"ocean_custom_logo_mobile_max_height":[""],"ocean_header_custom_menu":["0"],"ocean_menu_typo_font_family":["0"],"ocean_menu_typo_font_subset":"","ocean_menu_typo_font_size":[""],"ocean_menu_typo_font_size_tablet":0,"ocean_menu_typo_font_size_mobile":0,"ocean_menu_typo_font_size_unit":"px","ocean_menu_typo_font_weight":"","ocean_menu_typo_font_weight_tablet":"","ocean_menu_typo_font_weight_mobile":"","ocean_menu_typo_transform":"","ocean_menu_typo_transform_tablet":"","ocean_menu_typo_transform_mobile":"","ocean_menu_typo_line_height":[""],"ocean_menu_typo_line_height_tablet":0,"ocean_menu_typo_line_height_mobile":0,"ocean_menu_typo_line_height_unit":"","ocean_menu_typo_spacing":[""],"ocean_menu_typo_spacing_tablet":0,"ocean_menu_typo_spacing_mobile":0,"ocean_menu_typo_spacing_unit":"","ocean_menu_link_color":"","ocean_menu_link_color_hover":"","ocean_menu_link_color_active":"","ocean_menu_link_background":"","ocean_menu_link_hover_background":"","ocean_menu_link_active_background":"","ocean_menu_social_links_bg":"","ocean_menu_social_hover_links_bg":"","ocean_menu_social_links_color":"","ocean_menu_social_hover_links_color":"","ocean_disable_title":["enable"],"ocean_disable_heading":["on"],"ocean_post_title":"","ocean_post_subheading":"","ocean_post_title_style":"centered","ocean_post_title_background_color":"","ocean_post_title_background":[""],"ocean_post_title_bg_image_position":"","ocean_post_title_bg_image_attachment":"","ocean_post_title_bg_image_repeat":"","ocean_post_title_bg_image_size":"","ocean_post_title_height":[""],"ocean_post_title_bg_overlay":["0.5"],"ocean_post_title_bg_overlay_color":"","ocean_disable_breadcrumbs":["default"],"ocean_breadcrumbs_color":"","ocean_breadcrumbs_separator_color":"","ocean_breadcrumbs_links_color":"","ocean_breadcrumbs_links_hover_color":"","ocean_display_footer_widgets":["default"],"ocean_display_footer_bottom":["default"],"ocean_custom_footer_template":["0"],"_wp_page_template":["default"],"ocean_link_format_target":[],"ocean_quote_format_link":[],"_wp_old_date":[],"_edit_lock":["1716278064:1"],"_edit_last":["1"],"ocean_gallery_link_images":[],"osh_disable_topbar_sticky":["default"],"osh_disable_header_sticky":["default"],"_elementor_pro_version":[],"_oembed_e2253486b4ac832aa91022f965f4df74":[],"_elementor_version":["0.4"],"_oembed_time_e2253486b4ac832aa91022f965f4df74":[],"_genesis_description":["V\u00e5ra popul\u00e4ra zinksolkr\u00e4mer i ett praktiskt format och 4 olika f\u00e4rger. Reefsafe - biologiskt nedbrytbara. SPF 30, blockerar UVA & UVB. Plastfri."],"_yoast_wpseo_content_score":["90"],"_yoast_wpseo_primary_category":[],"_oembed_147307c9146127d25c8c9bc3fedbbdd2":[],"_oembed_time_147307c9146127d25c8c9bc3fedbbdd2":[],"_oembed_298cc3cf7783e9a730e0d30489c0767d":[],"_oembed_time_298cc3cf7783e9a730e0d30489c0767d":[],"_wp_old_slug":[],"_yoast_wpseo_focuskw":["zink-solkr\u00e4m"],"_oembed_6ce714c902a6c8b37bfed747aa272afa":[],"_oembed_time_6ce714c902a6c8b37bfed747aa272afa":[],"_oembed_67fd97d2449b30f3b8aff7987461bdee":[],"_oembed_time_67fd97d2449b30f3b8aff7987461bdee":[],"_yoast_wpseo_linkdex":["49"],"_oembed_8c4ad389a55d131ee3502f96b92cd139":[],"_oembed_time_8c4ad389a55d131ee3502f96b92cd139":[],"_thumbnail_id":["92182"],"_wpml_media_duplicate":["1"],"_wpml_media_has_media":[],"_seopress_titles_desc":["V\u00e5ra popul\u00e4ra zinksolkr\u00e4mer i ett praktiskt format och 4 olika f\u00e4rger. Reefsafe - biologiskt nedbrytbara. SPF 30, blockerar UVA & UVB. Plastfri."],"_seopress_analysis_target_kw":["zink-solkr\u00e4m"],"_seopress_robots_primary_cat":[],"rank_math_seo_score":[],"rank_math_contentai_score":[],"rank_math_focus_keyword":[],"rank_math_title":[],"rank_math_description":[],"_elementor_controls_usage":[],"_ez-toc-disabled":[],"_ez-toc-insert":[],"_ez-toc-header-label":[],"_ez-toc-alignment":[],"_ez-toc-heading-levels":[],"_ez-toc-alttext":[],"_ez-toc-visibility_hide_by_default":[],"_ez-toc-hide_counter":[],"_ez-toc-exclude":[],"_ez-toc-position-specific":[],"rank_math_internal_links_processed":["1"],"rank_math_primary_category":[],"_wpml_media_featured":["1"],"_alp_processed":["1747888639"],"_wpml_word_count":["392"],"copied_media_ids":[],"referenced_media_ids":[],"_elementor_page_assets":[],"_elementor_css":[],"_elementor_element_cache":[]},"product_brand":[],"product_cat":[157],"product_tag":[],"class_list":{"0":"post-32386","1":"product","2":"type-product","3":"status-publish","4":"has-post-thumbnail","6":"product_cat-sunscreens-sv","8":"entry","9":"has-media","11":"first","12":"instock","13":"sale","14":"taxable","15":"shipping-taxable","16":"purchasable","17":"product-type-variable","18":"has-rating","19":"has-product-nav","20":"col","21":"span_1_of_3","22":"owp-content-center","23":"owp-thumbs-layout-horizontal","24":"owp-btn-normal","25":"owp-tabs-layout-horizontal","27":"circle-sale"},"bundled_by":["48455","48462","48466","48467"],"bundle_stock_status":"instock","bundle_stock_quantity":null,"bundle_virtual":false,"bundle_layout":"","bundle_add_to_cart_form_location":"","bundle_editable_in_cart":false,"bundle_sold_individually_context":"","bundle_item_grouping":"","bundle_min_size":"","bundle_max_size":"","bundle_price":[],"bundled_items":[],"bundle_sell_ids":[],"jetpack_sharing_enabled":true,"_links":{"self":[{"href":"https:\/\/worryfreebackup.win\/sv\/wp-json\/wp\/v2\/product\/32386","targetHints":{"allow":["GET"]}}],"collection":[{"href":"https:\/\/worryfreebackup.win\/sv\/wp-json\/wp\/v2\/product"}],"about":[{"href":"https:\/\/worryfreebackup.win\/sv\/wp-json\/wp\/v2\/types\/product"}],"replies":[{"embeddable":true,"href":"https:\/\/worryfreebackup.win\/sv\/wp-json\/wp\/v2\/comments?post=32386"}],"version-history":[{"count":9,"href":"https:\/\/worryfreebackup.win\/sv\/wp-json\/wp\/v2\/product\/32386\/revisions"}],"predecessor-version":[{"id":93278,"href":"https:\/\/worryfreebackup.win\/sv\/wp-json\/wp\/v2\/product\/32386\/revisions\/93278"}],"wp:featuredmedia":[{"embeddable":true,"href":"https:\/\/worryfreebackup.win\/sv\/wp-json\/wp\/v2\/media\/92182"}],"wp:attachment":[{"href":"https:\/\/worryfreebackup.win\/sv\/wp-json\/wp\/v2\/media?parent=32386"}],"wp:term":[{"taxonomy":"product_brand","embeddable":true,"href":"https:\/\/worryfreebackup.win\/sv\/wp-json\/wp\/v2\/product_brand?post=32386"},{"taxonomy":"product_cat","embeddable":true,"href":"https:\/\/worryfreebackup.win\/sv\/wp-json\/wp\/v2\/product_cat?post=32386"},{"taxonomy":"product_tag","embeddable":true,"href":"https:\/\/worryfreebackup.win\/sv\/wp-json\/wp\/v2\/product_tag?post=32386"}],"curies":[{"name":"wp","href":"https:\/\/api.w.org\/{rel}","templated":true}]}}