





{"id":32501,"date":"2023-08-03T08:32:22","date_gmt":"2023-08-03T08:32:22","guid":{"rendered":"http:\/\/suntribesunscreen.com\/product\/suntribe-alla-naturliga-mineral-day-cream-spf20\/"},"modified":"2026-02-03T14:35:35","modified_gmt":"2026-02-03T14:35:35","slug":"suntribe-natural-mineral-day-cream-spf-20","status":"publish","type":"product","link":"https:\/\/worryfreebackup.win\/sv\/produkt\/suntribe-natural-mineral-day-cream-spf-20\/","title":{"rendered":"Organic Mineral Day Cream SPF 20"},"content":{"rendered":"<p><span style=\"font-weight: 400;\">Du kan \u00e4ntligen sluta oroa dig f\u00f6r vad din dagkr\u00e4m inneh\u00e5ller. Med endast naturliga och ekologiska ingredienser \u00e4r denna exklusiva, icke-oljiga mineralbaserade formel med non-nano zinkoxid och anti-aging nyponolja utvecklad f\u00f6r daglig anv\u00e4ndning och hj\u00e4lper till att bevara din huds livskraft och ungdomlighet.<\/span><\/p>\n<p><span style=\"font-weight: 400;\">Denna veganska och icke-komedogena dagkr\u00e4m \u00e4r den perfekta f\u00f6ljeslagaren i din morgonrutin! Den kan appliceras ist\u00e4llet f\u00f6r eller f\u00f6re smink och erbjuder SPF 20-skydd med bredspektrum f\u00f6r att s\u00e4kerst\u00e4lla att din hud f\u00f6rblir frisk och skyddad hela dagen. Dessutom skyddar den dig ocks\u00e5 effektivt mot synligt bl\u00e5tt ljus fr\u00e5n elektroniska apparater (HEV). Perfekt f\u00f6r normal, k\u00e4nslig och torr hud.<\/span><\/p>\n","protected":false},"excerpt":{"rendered":"<p><span style=\"font-weight: 400;\"><strong>100% NATURLIG DAGKR\u00c4M<\/strong> | Exklusiv anti-aging dagkr\u00e4m med SPF. Mattg\u00f6rande och f\u00f6rpackad i en milj\u00f6v\u00e4nligt tub av sockerr\u00f6r.<\/span><\/p>\n<p><span style=\"font-weight: 400;\"><strong>TONAD &amp; OTONAD<\/strong> | V\u00e4lj det mest l\u00e4mpliga alternativet f\u00f6r dig f\u00f6r att f\u00e5 denna mineralbaserade dagkr\u00e4m att sm\u00e4lta in med din hudton: Otonad f\u00f6r ljusa hudtoner och tonad f\u00f6r m\u00f6rkare hudtoner (eller om du vill anv\u00e4nda den som en foundation).<\/span><\/p>\n<p><span style=\"font-weight: 400;\"><strong>EKOLOGISK &amp; SKONSAM |<\/strong> Ekologisk nyponolja ger din hud en anti-aging-boost, avrundad av n\u00e4rande mandelolja och antioxidativ jojobaolja. Icke-komedogen (t\u00e4pper inte till porerna). Allergenfri och vegansk ocks\u00e5!<\/span><\/p>\n<p><span style=\"font-weight: 400;\"><strong>MINERALBASERAT UV-FILTER |<\/strong> Vetenskapligt validerat bredspektrumskydd mot UVA &amp; UVB med non-nano zinkoxid. Blockerar 95% UVB-str\u00e5lar. <\/span><\/p>\n<p><span style=\"font-weight: 400;\"><strong>0% TILLSATSER<\/strong> | \u00c4ntligen en bekymmersfri dagkr\u00e4m. Fri fr\u00e5n parfym, konserveringsmedel och syntetiska kemikalier.<\/span><\/p>\n<p><strong>50 ml \u2014 UVA &amp; UVB \u2014 Naturlig doft \u2014 Tonad \/ Otonad<\/strong><\/p>\n","protected":false},"featured_media":92129,"comment_status":"open","ping_status":"closed","template":"","meta":{"ocean_post_layout":"","ocean_both_sidebars_style":"","ocean_both_sidebars_content_width":[""],"ocean_both_sidebars_sidebars_width":[""],"ocean_sidebar":["0"],"ocean_second_sidebar":["0"],"ocean_disable_margins":["enable"],"ocean_add_body_class":"","ocean_shortcode_before_top_bar":"","ocean_shortcode_after_top_bar":"","ocean_shortcode_before_header":"","ocean_shortcode_after_header":"","ocean_has_shortcode":"","ocean_shortcode_after_title":"","ocean_shortcode_before_footer_widgets":"","ocean_shortcode_after_footer_widgets":"","ocean_shortcode_before_footer_bottom":"","ocean_shortcode_after_footer_bottom":"","ocean_display_top_bar":["default"],"ocean_display_header":["default"],"ocean_header_style":"","ocean_center_header_left_menu":["0"],"ocean_custom_header_template":["0"],"ocean_custom_logo":["0"],"ocean_custom_retina_logo":["0"],"ocean_custom_logo_max_width":[""],"ocean_custom_logo_tablet_max_width":[""],"ocean_custom_logo_mobile_max_width":[""],"ocean_custom_logo_max_height":[""],"ocean_custom_logo_tablet_max_height":[""],"ocean_custom_logo_mobile_max_height":[""],"ocean_header_custom_menu":["0"],"ocean_menu_typo_font_family":["0"],"ocean_menu_typo_font_subset":"","ocean_menu_typo_font_size":[""],"ocean_menu_typo_font_size_tablet":0,"ocean_menu_typo_font_size_mobile":0,"ocean_menu_typo_font_size_unit":"px","ocean_menu_typo_font_weight":"","ocean_menu_typo_font_weight_tablet":"","ocean_menu_typo_font_weight_mobile":"","ocean_menu_typo_transform":"","ocean_menu_typo_transform_tablet":"","ocean_menu_typo_transform_mobile":"","ocean_menu_typo_line_height":[""],"ocean_menu_typo_line_height_tablet":0,"ocean_menu_typo_line_height_mobile":0,"ocean_menu_typo_line_height_unit":"","ocean_menu_typo_spacing":[""],"ocean_menu_typo_spacing_tablet":0,"ocean_menu_typo_spacing_mobile":0,"ocean_menu_typo_spacing_unit":"","ocean_menu_link_color":"","ocean_menu_link_color_hover":"","ocean_menu_link_color_active":"","ocean_menu_link_background":"","ocean_menu_link_hover_background":"","ocean_menu_link_active_background":"","ocean_menu_social_links_bg":"","ocean_menu_social_hover_links_bg":"","ocean_menu_social_links_color":"","ocean_menu_social_hover_links_color":"","ocean_disable_title":["default"],"ocean_disable_heading":["on"],"ocean_post_title":"","ocean_post_subheading":"","ocean_post_title_style":"","ocean_post_title_background_color":"","ocean_post_title_background":[""],"ocean_post_title_bg_image_position":"","ocean_post_title_bg_image_attachment":"","ocean_post_title_bg_image_repeat":"","ocean_post_title_bg_image_size":"","ocean_post_title_height":[""],"ocean_post_title_bg_overlay":["0.5"],"ocean_post_title_bg_overlay_color":"","ocean_disable_breadcrumbs":["default"],"ocean_breadcrumbs_color":"","ocean_breadcrumbs_separator_color":"","ocean_breadcrumbs_links_color":"","ocean_breadcrumbs_links_hover_color":"","ocean_display_footer_widgets":["default"],"ocean_display_footer_bottom":["default"],"ocean_custom_footer_template":["0"],"_wp_page_template":["default"],"ocean_link_format_target":[],"ocean_quote_format_link":[],"_wp_old_date":[],"_edit_lock":["1716278045:1"],"_edit_last":["1"],"ocean_gallery_link_images":[],"osh_disable_topbar_sticky":["default"],"osh_disable_header_sticky":["default"],"_elementor_pro_version":[],"_oembed_e2253486b4ac832aa91022f965f4df74":[],"_elementor_version":["0.4"],"_oembed_time_e2253486b4ac832aa91022f965f4df74":[],"_genesis_description":["SPF 20 dagkr\u00e4m med bredspektrum och mineralbaserat UV-filter. Naturliga och veganska ingredienser. Mattifierande med en tint."],"_yoast_wpseo_content_score":["90"],"_yoast_wpseo_primary_category":[],"_oembed_147307c9146127d25c8c9bc3fedbbdd2":[],"_oembed_time_147307c9146127d25c8c9bc3fedbbdd2":[],"_oembed_298cc3cf7783e9a730e0d30489c0767d":[],"_oembed_time_298cc3cf7783e9a730e0d30489c0767d":[],"_wp_old_slug":[],"_yoast_wpseo_focuskw":["dagkr\u00e4m"],"_oembed_6ce714c902a6c8b37bfed747aa272afa":[],"_oembed_time_6ce714c902a6c8b37bfed747aa272afa":[],"_oembed_67fd97d2449b30f3b8aff7987461bdee":[],"_oembed_time_67fd97d2449b30f3b8aff7987461bdee":[],"_yoast_wpseo_linkdex":["56"],"_oembed_8c4ad389a55d131ee3502f96b92cd139":[],"_oembed_time_8c4ad389a55d131ee3502f96b92cd139":[],"_thumbnail_id":["92129"],"_wpml_media_duplicate":["1"],"_wpml_media_has_media":[],"_seopress_titles_desc":["SPF 20 dagkr\u00e4m med bredspektrum och mineralbaserat UV-filter. Naturliga och veganska ingredienser. Mattifierande med en tint."],"_seopress_analysis_target_kw":["dagkr\u00e4m"],"_seopress_robots_primary_cat":[],"rank_math_seo_score":["10"],"rank_math_contentai_score":[],"rank_math_focus_keyword":["mineral day cream"],"rank_math_title":[],"rank_math_description":[],"_elementor_controls_usage":[],"_ez-toc-disabled":[],"_ez-toc-insert":[],"_ez-toc-header-label":[],"_ez-toc-alignment":[],"_ez-toc-heading-levels":[],"_ez-toc-alttext":[],"_ez-toc-visibility_hide_by_default":[],"_ez-toc-hide_counter":[],"_ez-toc-exclude":[],"_ez-toc-position-specific":[],"rank_math_internal_links_processed":["1"],"rank_math_primary_category":[],"_wpml_media_featured":["1"],"_alp_processed":["1747889495"],"_wpml_word_count":["282"],"copied_media_ids":[],"referenced_media_ids":[],"_elementor_page_assets":[null],"_elementor_css":[],"_elementor_element_cache":[]},"product_brand":[],"product_cat":[157],"product_tag":[],"class_list":{"0":"post-32501","1":"product","2":"type-product","3":"status-publish","4":"has-post-thumbnail","6":"product_cat-sunscreens-sv","7":"pa_amount-kop-2-spara-10-otonad","8":"pa_amount-kop-2-spara-10-tonad","9":"pa_amount-otonad","10":"pa_amount-tinted-3-ml-prov","11":"pa_amount-tonad","13":"entry","14":"has-media","16":"first","17":"instock","18":"sale","19":"taxable","20":"shipping-taxable","21":"purchasable","22":"product-type-variable","23":"has-rating","24":"has-product-nav","25":"col","26":"span_1_of_3","27":"owp-content-center","28":"owp-thumbs-layout-horizontal","29":"owp-btn-normal","30":"owp-tabs-layout-horizontal","32":"circle-sale"},"bundled_by":["48462","48464","48465"],"bundle_stock_status":"instock","bundle_stock_quantity":null,"bundle_virtual":false,"bundle_layout":"","bundle_add_to_cart_form_location":"","bundle_editable_in_cart":false,"bundle_sold_individually_context":"","bundle_item_grouping":"","bundle_min_size":"","bundle_max_size":"","bundle_price":[],"bundled_items":[],"bundle_sell_ids":[],"jetpack_sharing_enabled":true,"_links":{"self":[{"href":"https:\/\/worryfreebackup.win\/sv\/wp-json\/wp\/v2\/product\/32501","targetHints":{"allow":["GET"]}}],"collection":[{"href":"https:\/\/worryfreebackup.win\/sv\/wp-json\/wp\/v2\/product"}],"about":[{"href":"https:\/\/worryfreebackup.win\/sv\/wp-json\/wp\/v2\/types\/product"}],"replies":[{"embeddable":true,"href":"https:\/\/worryfreebackup.win\/sv\/wp-json\/wp\/v2\/comments?post=32501"}],"version-history":[{"count":11,"href":"https:\/\/worryfreebackup.win\/sv\/wp-json\/wp\/v2\/product\/32501\/revisions"}],"predecessor-version":[{"id":93315,"href":"https:\/\/worryfreebackup.win\/sv\/wp-json\/wp\/v2\/product\/32501\/revisions\/93315"}],"wp:featuredmedia":[{"embeddable":true,"href":"https:\/\/worryfreebackup.win\/sv\/wp-json\/wp\/v2\/media\/92129"}],"wp:attachment":[{"href":"https:\/\/worryfreebackup.win\/sv\/wp-json\/wp\/v2\/media?parent=32501"}],"wp:term":[{"taxonomy":"product_brand","embeddable":true,"href":"https:\/\/worryfreebackup.win\/sv\/wp-json\/wp\/v2\/product_brand?post=32501"},{"taxonomy":"product_cat","embeddable":true,"href":"https:\/\/worryfreebackup.win\/sv\/wp-json\/wp\/v2\/product_cat?post=32501"},{"taxonomy":"product_tag","embeddable":true,"href":"https:\/\/worryfreebackup.win\/sv\/wp-json\/wp\/v2\/product_tag?post=32501"}],"curies":[{"name":"wp","href":"https:\/\/api.w.org\/{rel}","templated":true}]}}