





{"id":32607,"date":"2022-08-19T11:10:04","date_gmt":"2022-08-19T11:10:04","guid":{"rendered":"http:\/\/suntribesunscreen.com\/product\/suntribe-all-natural-after-sun-balm-eucalyptus-jojoba\/"},"modified":"2026-03-01T11:46:52","modified_gmt":"2026-03-01T11:46:52","slug":"suntribe-natural-after-sun-balm-eucalyptus-jojoba","status":"publish","type":"product","link":"https:\/\/worryfreebackup.win\/sv\/produkt\/suntribe-natural-after-sun-balm-eucalyptus-jojoba\/","title":{"rendered":"Organic After Sun Balm Eucalyptus &amp; Jojoba"},"content":{"rendered":"<p><span style=\"font-weight: 400;\">Beh\u00f6ver du ge din hud en behandling efter en l\u00e5ng dag i solen? Detta rika After Sun-balsam \u00e4r det ultimata komplementet till din solv\u00e5rdsrutin! Minimalistisk formula med bara fem ingredienser som alla \u00e4r 100 % ekologiska och veganska. Kr\u00e4men lugnar huden samtidigt som den bidrar med djupg\u00e5ende \u00e5terfuktning.<\/span> <span style=\"font-weight: 400;\">Exklusiv tamanuolja \u00e4r lugnande medan jojobaolja kickstartar hudens naturliga reparationsprocess. Kommer med en naturlig doft av eukalyptus och pepparmynta. Kommer med en naturlig doft av eukalyptus och pepparmynta.<\/span><\/p>\n<p><span style=\"font-weight: 400;\">Passar alla hudtyper, s\u00e4rskilt l\u00e4mplig f\u00f6r k\u00e4nslig hud. Icke-komedogen (t\u00e4pper inte till dina porer). <\/span><\/p>\n","protected":false},"excerpt":{"rendered":"<p><span style=\"font-weight: 400;\"><strong>100% NATURLIGT AFTER SUN BALSAM<\/strong> | Ger din hud den djupa \u00e5terfuktning och svalka som beh\u00f6vs efter en solintensiv dag.<\/span><\/p>\n<p><span style=\"font-weight: 400;\"><strong>EKOLOGISK &amp; SKONSAM<\/strong> | Ren och rik formula med fem olika 100 % ekologiska och veganska ingredienser.<\/span><\/p>\n<p><span style=\"font-weight: 400;\"><strong>LUGNANDE &amp; KYLANDE<\/strong> | Inneh\u00e5ller eukalyptus, pepparmint och tamanuolja f\u00f6r omedelbar lindring tillsammans med en avslappnande och fr\u00e4sch doft.<\/span><\/p>\n<p><span style=\"font-weight: 400;\"><strong>ZERO WASTE |<\/strong> F\u00f6rpackad i en resev\u00e4nlig aluminiumburk. Helt plastfri! <\/span><\/p>\n<p><span style=\"font-weight: 400;\"><strong>0% TILLSATSER<\/strong> | Slipp oroa dig f\u00f6r vad din after sun balsam inneh\u00e5ller. Fri fr\u00e5n parfym, konserveringsmedel och syntetiska kemikalier. <\/span><\/p>\n<p><strong>100 ml \u2014 Naturlig doft av eukalyptus &amp; mynta<\/strong><\/p>\n","protected":false},"featured_media":92202,"comment_status":"open","ping_status":"closed","template":"","meta":{"ocean_post_layout":"","ocean_both_sidebars_style":"","ocean_both_sidebars_content_width":[""],"ocean_both_sidebars_sidebars_width":[""],"ocean_sidebar":["0"],"ocean_second_sidebar":["0"],"ocean_disable_margins":["enable"],"ocean_add_body_class":"","ocean_shortcode_before_top_bar":"","ocean_shortcode_after_top_bar":"","ocean_shortcode_before_header":"","ocean_shortcode_after_header":"","ocean_has_shortcode":"","ocean_shortcode_after_title":"","ocean_shortcode_before_footer_widgets":"","ocean_shortcode_after_footer_widgets":"","ocean_shortcode_before_footer_bottom":"","ocean_shortcode_after_footer_bottom":"","ocean_display_top_bar":["default"],"ocean_display_header":["default"],"ocean_header_style":"","ocean_center_header_left_menu":["0"],"ocean_custom_header_template":["0"],"ocean_custom_logo":["0"],"ocean_custom_retina_logo":["0"],"ocean_custom_logo_max_width":[""],"ocean_custom_logo_tablet_max_width":[""],"ocean_custom_logo_mobile_max_width":[""],"ocean_custom_logo_max_height":[""],"ocean_custom_logo_tablet_max_height":[""],"ocean_custom_logo_mobile_max_height":[""],"ocean_header_custom_menu":["0"],"ocean_menu_typo_font_family":["0"],"ocean_menu_typo_font_subset":"","ocean_menu_typo_font_size":[""],"ocean_menu_typo_font_size_tablet":0,"ocean_menu_typo_font_size_mobile":0,"ocean_menu_typo_font_size_unit":"px","ocean_menu_typo_font_weight":"","ocean_menu_typo_font_weight_tablet":"","ocean_menu_typo_font_weight_mobile":"","ocean_menu_typo_transform":"","ocean_menu_typo_transform_tablet":"","ocean_menu_typo_transform_mobile":"","ocean_menu_typo_line_height":[""],"ocean_menu_typo_line_height_tablet":0,"ocean_menu_typo_line_height_mobile":0,"ocean_menu_typo_line_height_unit":"","ocean_menu_typo_spacing":[""],"ocean_menu_typo_spacing_tablet":0,"ocean_menu_typo_spacing_mobile":0,"ocean_menu_typo_spacing_unit":"","ocean_menu_link_color":"","ocean_menu_link_color_hover":"","ocean_menu_link_color_active":"","ocean_menu_link_background":"","ocean_menu_link_hover_background":"","ocean_menu_link_active_background":"","ocean_menu_social_links_bg":"","ocean_menu_social_hover_links_bg":"","ocean_menu_social_links_color":"","ocean_menu_social_hover_links_color":"","ocean_disable_title":["default"],"ocean_disable_heading":["on"],"ocean_post_title":"","ocean_post_subheading":"","ocean_post_title_style":"","ocean_post_title_background_color":"","ocean_post_title_background":[""],"ocean_post_title_bg_image_position":"","ocean_post_title_bg_image_attachment":"","ocean_post_title_bg_image_repeat":"","ocean_post_title_bg_image_size":"","ocean_post_title_height":[""],"ocean_post_title_bg_overlay":["0.5"],"ocean_post_title_bg_overlay_color":"","ocean_disable_breadcrumbs":["default"],"ocean_breadcrumbs_color":"","ocean_breadcrumbs_separator_color":"","ocean_breadcrumbs_links_color":"","ocean_breadcrumbs_links_hover_color":"","ocean_display_footer_widgets":["default"],"ocean_display_footer_bottom":["default"],"ocean_custom_footer_template":["0"],"_wp_page_template":["default"],"ocean_link_format_target":[],"ocean_quote_format_link":[],"_wp_old_date":[],"_edit_lock":["1718116459:1"],"_edit_last":["1"],"ocean_gallery_link_images":[],"osh_disable_topbar_sticky":["default"],"osh_disable_header_sticky":["default"],"_elementor_pro_version":[],"_oembed_e2253486b4ac832aa91022f965f4df74":[],"_elementor_version":["0.4"],"_oembed_time_e2253486b4ac832aa91022f965f4df74":[],"_genesis_description":["100% naturligt, ekologiskt och veganskt after sun-balsam. Lugnar och ger n\u00e4ring \u00e5t huden efter en intensiv dag i solen."],"_yoast_wpseo_content_score":["60"],"_yoast_wpseo_primary_category":[],"_oembed_147307c9146127d25c8c9bc3fedbbdd2":[],"_oembed_time_147307c9146127d25c8c9bc3fedbbdd2":[],"_oembed_298cc3cf7783e9a730e0d30489c0767d":[],"_oembed_time_298cc3cf7783e9a730e0d30489c0767d":[],"_wp_old_slug":[],"_yoast_wpseo_focuskw":["After sun-balsam"],"_oembed_6ce714c902a6c8b37bfed747aa272afa":[],"_oembed_time_6ce714c902a6c8b37bfed747aa272afa":[],"_oembed_67fd97d2449b30f3b8aff7987461bdee":[],"_oembed_time_67fd97d2449b30f3b8aff7987461bdee":[],"_yoast_wpseo_linkdex":["45"],"_oembed_8c4ad389a55d131ee3502f96b92cd139":[],"_oembed_time_8c4ad389a55d131ee3502f96b92cd139":[],"_thumbnail_id":["92202"],"_wpml_media_duplicate":["1"],"_wpml_media_has_media":[],"_seopress_titles_desc":["100% naturligt, ekologiskt och veganskt after sun-balsam. Lugnar och ger n\u00e4ring \u00e5t huden efter en intensiv dag i solen."],"_seopress_analysis_target_kw":["After sun-balsam"],"_seopress_robots_primary_cat":["105"],"rank_math_seo_score":["13"],"rank_math_contentai_score":[],"rank_math_focus_keyword":[],"rank_math_title":[],"rank_math_description":[],"_elementor_controls_usage":[],"_ez-toc-disabled":[],"_ez-toc-insert":[],"_ez-toc-header-label":[],"_ez-toc-alignment":[],"_ez-toc-heading-levels":[],"_ez-toc-alttext":[],"_ez-toc-visibility_hide_by_default":[],"_ez-toc-hide_counter":[],"_ez-toc-exclude":[],"_ez-toc-position-specific":[],"rank_math_internal_links_processed":["1"],"rank_math_primary_category":[],"_wpml_media_featured":["1"],"_alp_processed":["1747889325"],"_wpml_word_count":["220"],"copied_media_ids":[],"referenced_media_ids":[],"_elementor_page_assets":[null],"_elementor_css":[],"_elementor_element_cache":[]},"product_brand":[],"product_cat":[158],"product_tag":[],"class_list":{"0":"post-32607","1":"product","2":"type-product","3":"status-publish","4":"has-post-thumbnail","6":"product_cat-moisturisers","7":"pa_amount-kop-1","8":"pa_amount-kop-2-spara-10","9":"pa_amount-kop-4-spara-20","11":"entry","12":"has-media","14":"first","15":"instock","16":"sale","17":"taxable","18":"shipping-taxable","19":"purchasable","20":"product-type-variable","21":"has-rating","22":"has-product-nav","23":"col","24":"span_1_of_3","25":"owp-content-center","26":"owp-thumbs-layout-horizontal","27":"owp-btn-normal","28":"owp-tabs-layout-horizontal","30":"circle-sale"},"bundled_by":["48465","48466"],"bundle_stock_status":"instock","bundle_stock_quantity":null,"bundle_virtual":false,"bundle_layout":"","bundle_add_to_cart_form_location":"","bundle_editable_in_cart":false,"bundle_sold_individually_context":"","bundle_item_grouping":"","bundle_min_size":"","bundle_max_size":"","bundle_price":[],"bundled_items":[],"bundle_sell_ids":[],"jetpack_sharing_enabled":true,"_links":{"self":[{"href":"https:\/\/worryfreebackup.win\/sv\/wp-json\/wp\/v2\/product\/32607","targetHints":{"allow":["GET"]}}],"collection":[{"href":"https:\/\/worryfreebackup.win\/sv\/wp-json\/wp\/v2\/product"}],"about":[{"href":"https:\/\/worryfreebackup.win\/sv\/wp-json\/wp\/v2\/types\/product"}],"replies":[{"embeddable":true,"href":"https:\/\/worryfreebackup.win\/sv\/wp-json\/wp\/v2\/comments?post=32607"}],"version-history":[{"count":8,"href":"https:\/\/worryfreebackup.win\/sv\/wp-json\/wp\/v2\/product\/32607\/revisions"}],"predecessor-version":[{"id":93305,"href":"https:\/\/worryfreebackup.win\/sv\/wp-json\/wp\/v2\/product\/32607\/revisions\/93305"}],"wp:featuredmedia":[{"embeddable":true,"href":"https:\/\/worryfreebackup.win\/sv\/wp-json\/wp\/v2\/media\/92202"}],"wp:attachment":[{"href":"https:\/\/worryfreebackup.win\/sv\/wp-json\/wp\/v2\/media?parent=32607"}],"wp:term":[{"taxonomy":"product_brand","embeddable":true,"href":"https:\/\/worryfreebackup.win\/sv\/wp-json\/wp\/v2\/product_brand?post=32607"},{"taxonomy":"product_cat","embeddable":true,"href":"https:\/\/worryfreebackup.win\/sv\/wp-json\/wp\/v2\/product_cat?post=32607"},{"taxonomy":"product_tag","embeddable":true,"href":"https:\/\/worryfreebackup.win\/sv\/wp-json\/wp\/v2\/product_tag?post=32607"}],"curies":[{"name":"wp","href":"https:\/\/api.w.org\/{rel}","templated":true}]}}