





{"id":64089,"date":"2023-08-02T11:36:17","date_gmt":"2023-08-02T11:36:17","guid":{"rendered":"https:\/\/suntribesunscreen.com\/?post_type=product&#038;p=64089"},"modified":"2026-02-03T14:32:38","modified_gmt":"2026-02-03T14:32:38","slug":"natural-skincare-bundle-copy","status":"publish","type":"product","link":"https:\/\/worryfreebackup.win\/sv\/produkt\/natural-skincare-bundle-copy\/","title":{"rendered":"Organic Anti-Aging Night Cream Hyaluronic Acid, Retinol &amp; Niacinamide"},"content":{"rendered":"<p>S\u00e4g hej till en frisk hy och fr\u00e4sch lyster! Denna 100% naturliga premium formula laddar upp, vitaliserar och \u00e5terfuktar huden intensivt \u00f6ver natten med noggrant utvalda naturligt effektiva ingredienser. Tre anti-aging superhj\u00e4ltar g\u00f6r denna ekologiska och veganska nattkr\u00e4m till det perfekta tillskottet till din naturliga hudv\u00e5rdsrutin: Hyaluronsyra, Niacinamid och Retinol (vitamin A), som arbetar i harmoni f\u00f6r att ge dig en mer ungdomlig, str\u00e5lande och n\u00e4ringsrik hud. Perfekt f\u00f6r normal, k\u00e4nslig, torr och mogen hud. Icke-komedogen \u2014 t\u00e4pper inte till porerna.<\/p>\n","protected":false},"excerpt":{"rendered":"<p><span style=\"font-weight: 400;\"><strong>100 % NATURLIG ANTI-AGING NATTKR\u00c4M<\/strong> | S\u00e4g hej till frisk hy och fr\u00e4sch lyster med denna f\u00f6rstklassiga nattkr\u00e4m f\u00f6rpackad i en milj\u00f6v\u00e4nlig glasburk.<\/span><\/p>\n<p><span style=\"font-weight: 400;\"><strong>ANTI-AGING<\/strong> | Inneh\u00e5ller tre superhj\u00e4ltar mot \u00e5ldrande: Hyaluronsyra, Niacinamid och Retinol (vitamin A) arbetar i harmoni f\u00f6r att ge dig en ungdomligare, str\u00e5lande och mer v\u00e4lm\u00e5ende hud.<\/span><\/p>\n<p><span style=\"font-weight: 400;\"><strong>EKOLOGISK &amp; SKONSAM<\/strong> | Vegansk nattkr\u00e4m med antioxidanter fr\u00e5n ekologisk druvk\u00e4rneolja och avokadoolja. Utan parfym och fri fr\u00e5n allergener.<\/span><\/p>\n<p><span style=\"font-weight: 400;\"><strong>\u00c5TERFUKTANDE<\/strong> | Berikad med Aloe Vera-Extrakt, Arganolja och Sheasm\u00f6r s\u00e5 att du vaknar med en djupt \u00e5terfuktad och vitaliserad hud.<\/span><\/p>\n<p><span style=\"font-weight: 400;\"><strong>INTE OLJIG<\/strong> | Denna icke-komedogena formula l\u00e5ter dina porer andas l\u00e4tt. Den perfekta nattrutinen f\u00f6r normal, k\u00e4nslig, torr och mogen hud.<\/span><\/p>\n<p><strong>50 ml \u2014 Oparfymerad \u2014 0,5 % Retinol<\/strong><\/p>\n","protected":false},"featured_media":92196,"comment_status":"open","ping_status":"closed","template":"","meta":{"ocean_post_layout":"","ocean_both_sidebars_style":"","ocean_both_sidebars_content_width":[""],"ocean_both_sidebars_sidebars_width":[""],"ocean_sidebar":[""],"ocean_second_sidebar":[""],"ocean_disable_margins":[],"ocean_add_body_class":"","ocean_shortcode_before_top_bar":"","ocean_shortcode_after_top_bar":"","ocean_shortcode_before_header":"","ocean_shortcode_after_header":"","ocean_has_shortcode":"","ocean_shortcode_after_title":"","ocean_shortcode_before_footer_widgets":"","ocean_shortcode_after_footer_widgets":"","ocean_shortcode_before_footer_bottom":"","ocean_shortcode_after_footer_bottom":"","ocean_display_top_bar":[],"ocean_display_header":[],"ocean_header_style":"","ocean_center_header_left_menu":[""],"ocean_custom_header_template":[""],"ocean_custom_logo":[""],"ocean_custom_retina_logo":[""],"ocean_custom_logo_max_width":[""],"ocean_custom_logo_tablet_max_width":[""],"ocean_custom_logo_mobile_max_width":[""],"ocean_custom_logo_max_height":[""],"ocean_custom_logo_tablet_max_height":[""],"ocean_custom_logo_mobile_max_height":[""],"ocean_header_custom_menu":[""],"ocean_menu_typo_font_family":[""],"ocean_menu_typo_font_subset":"","ocean_menu_typo_font_size":[""],"ocean_menu_typo_font_size_tablet":0,"ocean_menu_typo_font_size_mobile":0,"ocean_menu_typo_font_size_unit":"px","ocean_menu_typo_font_weight":"","ocean_menu_typo_font_weight_tablet":"","ocean_menu_typo_font_weight_mobile":"","ocean_menu_typo_transform":"","ocean_menu_typo_transform_tablet":"","ocean_menu_typo_transform_mobile":"","ocean_menu_typo_line_height":[""],"ocean_menu_typo_line_height_tablet":0,"ocean_menu_typo_line_height_mobile":0,"ocean_menu_typo_line_height_unit":"","ocean_menu_typo_spacing":[""],"ocean_menu_typo_spacing_tablet":0,"ocean_menu_typo_spacing_mobile":0,"ocean_menu_typo_spacing_unit":"","ocean_menu_link_color":"","ocean_menu_link_color_hover":"","ocean_menu_link_color_active":"","ocean_menu_link_background":"","ocean_menu_link_hover_background":"","ocean_menu_link_active_background":"","ocean_menu_social_links_bg":"","ocean_menu_social_hover_links_bg":"","ocean_menu_social_links_color":"","ocean_menu_social_hover_links_color":"","ocean_disable_title":[],"ocean_disable_heading":[],"ocean_post_title":"","ocean_post_subheading":"","ocean_post_title_style":"","ocean_post_title_background_color":"","ocean_post_title_background":[""],"ocean_post_title_bg_image_position":"","ocean_post_title_bg_image_attachment":"","ocean_post_title_bg_image_repeat":"","ocean_post_title_bg_image_size":"","ocean_post_title_height":[""],"ocean_post_title_bg_overlay":[],"ocean_post_title_bg_overlay_color":"","ocean_disable_breadcrumbs":[],"ocean_breadcrumbs_color":"","ocean_breadcrumbs_separator_color":"","ocean_breadcrumbs_links_color":"","ocean_breadcrumbs_links_hover_color":"","ocean_display_footer_widgets":[],"ocean_display_footer_bottom":[],"ocean_custom_footer_template":[""],"_wp_page_template":["default"],"ocean_link_format_target":[],"ocean_quote_format_link":[],"_wp_old_date":[],"_edit_lock":["1716276878:1"],"_edit_last":["1"],"ocean_gallery_link_images":[],"osh_disable_topbar_sticky":[],"osh_disable_header_sticky":[],"_elementor_pro_version":[],"_oembed_e2253486b4ac832aa91022f965f4df74":[],"_elementor_version":[],"_oembed_time_e2253486b4ac832aa91022f965f4df74":[],"_genesis_description":["Inneh\u00e5ller v\u00e5r popul\u00e4ra Mineral Day Cream, kompletterad med v\u00e5rt renaste Coconut Body Butter och v\u00e5rt Hemp Lip Balm."],"_yoast_wpseo_content_score":[],"_yoast_wpseo_primary_category":[],"_oembed_147307c9146127d25c8c9bc3fedbbdd2":[],"_oembed_time_147307c9146127d25c8c9bc3fedbbdd2":[],"_oembed_298cc3cf7783e9a730e0d30489c0767d":[],"_oembed_time_298cc3cf7783e9a730e0d30489c0767d":[],"_wp_old_slug":[],"_yoast_wpseo_focuskw":[],"_oembed_6ce714c902a6c8b37bfed747aa272afa":[],"_oembed_time_6ce714c902a6c8b37bfed747aa272afa":[],"_oembed_67fd97d2449b30f3b8aff7987461bdee":[],"_oembed_time_67fd97d2449b30f3b8aff7987461bdee":[],"_yoast_wpseo_linkdex":[],"_oembed_8c4ad389a55d131ee3502f96b92cd139":[],"_oembed_time_8c4ad389a55d131ee3502f96b92cd139":[],"_thumbnail_id":["92196"],"_wpml_media_duplicate":["1","1","1","1"],"_wpml_media_has_media":["1"],"_seopress_titles_desc":[],"_seopress_analysis_target_kw":[],"_seopress_robots_primary_cat":[],"rank_math_seo_score":[],"rank_math_contentai_score":[],"rank_math_focus_keyword":["Natural anti-aging Night Cream"],"rank_math_title":["Natural Anti-Aging Night Cream Hyaluronic Acid & Retinol"],"rank_math_description":[],"_elementor_controls_usage":[],"_ez-toc-disabled":[],"_ez-toc-insert":[],"_ez-toc-header-label":[],"_ez-toc-alignment":[],"_ez-toc-heading-levels":[],"_ez-toc-alttext":[],"_ez-toc-visibility_hide_by_default":[],"_ez-toc-hide_counter":[],"_ez-toc-exclude":[],"_ez-toc-position-specific":[],"rank_math_internal_links_processed":["1"],"rank_math_primary_category":[],"_wpml_media_featured":["1","1","1","1"],"_alp_processed":["1753147514","1753147514"],"_wpml_word_count":["249"],"copied_media_ids":[],"referenced_media_ids":[],"_elementor_page_assets":[],"_elementor_css":[],"_elementor_element_cache":[]},"product_brand":[],"product_cat":[195],"product_tag":[],"class_list":{"0":"post-64089","1":"product","2":"type-product","3":"status-publish","4":"has-post-thumbnail","6":"product_cat-uncategorized-sv","7":"pa_amount-kop-1","8":"pa_amount-kop-2-spara-10","9":"pa_amount-kop-4-spara-20","11":"entry","12":"has-media","14":"first","15":"instock","16":"sale","17":"taxable","18":"shipping-taxable","19":"purchasable","20":"product-type-variable","21":"has-rating","22":"has-product-nav","23":"col","24":"span_1_of_3","25":"owp-content-center","26":"owp-thumbs-layout-horizontal","27":"owp-btn-normal","28":"owp-tabs-layout-horizontal","30":"circle-sale"},"bundled_by":[],"bundle_stock_status":"instock","bundle_stock_quantity":null,"bundle_virtual":false,"bundle_layout":"","bundle_add_to_cart_form_location":"","bundle_editable_in_cart":false,"bundle_sold_individually_context":"","bundle_item_grouping":"","bundle_min_size":"","bundle_max_size":"","bundle_price":[],"bundled_items":[],"bundle_sell_ids":[],"jetpack_sharing_enabled":true,"_links":{"self":[{"href":"https:\/\/worryfreebackup.win\/sv\/wp-json\/wp\/v2\/product\/64089","targetHints":{"allow":["GET"]}}],"collection":[{"href":"https:\/\/worryfreebackup.win\/sv\/wp-json\/wp\/v2\/product"}],"about":[{"href":"https:\/\/worryfreebackup.win\/sv\/wp-json\/wp\/v2\/types\/product"}],"replies":[{"embeddable":true,"href":"https:\/\/worryfreebackup.win\/sv\/wp-json\/wp\/v2\/comments?post=64089"}],"version-history":[{"count":7,"href":"https:\/\/worryfreebackup.win\/sv\/wp-json\/wp\/v2\/product\/64089\/revisions"}],"predecessor-version":[{"id":93309,"href":"https:\/\/worryfreebackup.win\/sv\/wp-json\/wp\/v2\/product\/64089\/revisions\/93309"}],"wp:featuredmedia":[{"embeddable":true,"href":"https:\/\/worryfreebackup.win\/sv\/wp-json\/wp\/v2\/media\/92196"}],"wp:attachment":[{"href":"https:\/\/worryfreebackup.win\/sv\/wp-json\/wp\/v2\/media?parent=64089"}],"wp:term":[{"taxonomy":"product_brand","embeddable":true,"href":"https:\/\/worryfreebackup.win\/sv\/wp-json\/wp\/v2\/product_brand?post=64089"},{"taxonomy":"product_cat","embeddable":true,"href":"https:\/\/worryfreebackup.win\/sv\/wp-json\/wp\/v2\/product_cat?post=64089"},{"taxonomy":"product_tag","embeddable":true,"href":"https:\/\/worryfreebackup.win\/sv\/wp-json\/wp\/v2\/product_tag?post=64089"}],"curies":[{"name":"wp","href":"https:\/\/api.w.org\/{rel}","templated":true}]}}