





{"id":66710,"date":"2021-04-26T08:50:09","date_gmt":"2021-04-26T08:50:09","guid":{"rendered":"https:\/\/suntribesunscreen.com\/product\/suntribe-natural-mineral-sunscreen-spf-30\/"},"modified":"2026-03-15T21:13:18","modified_gmt":"2026-03-15T21:13:18","slug":"suntribe-natural-mineral-sunscreen-spf30-2","status":"publish","type":"product","link":"https:\/\/worryfreebackup.win\/sv\/produkt\/suntribe-natural-mineral-sunscreen-spf30-2\/","title":{"rendered":"Organic Mineral Sunscreen SPF 30"},"content":{"rendered":"<p><span style=\"font-weight: 400;\">Du kan \u00e4ntligen sluta oroa dig f\u00f6r vad din solkr\u00e4m inneh\u00e5ller \u2014 den h\u00e4r \u00e4r s\u00e4ker f\u00f6r dig och naturen.<br \/>\nDenna ekologiska och mineralbaserade solkr\u00e4m \u00e4r tillverkad med non-nano zinkoxid och ger ett s\u00e4kert bredspektrum UVA- och UVB-skydd fr\u00e5n f\u00f6rsta \u00f6gonblicket av appliceringen. <\/span><\/p>\n<p><span style=\"font-weight: 400;\">Denna solkr\u00e4m \u00e4r s\u00e4ker f\u00f6r korallev och kommer i en innovativ tub av sockerr\u00f6r. Dessutom \u00e4r den l\u00e4tt tintad f\u00f6r att sm\u00e4lta in i din hudton. Exklusiv naturlig formula med v\u00e5rdande kokosolja och kakaosm\u00f6r som hj\u00e4lper till att \u00e5terfukta huden samtidigt som kr\u00e4men f\u00e5r en h\u00e4rligt tropisk doft. S\u00e4rskilt l\u00e4mpad f\u00f6r normal, k\u00e4nslig och torr hud.<\/span><\/p>\n","protected":false},"excerpt":{"rendered":"<p><span style=\"font-weight: 400;\"><strong>100% NATURLIG SOLKR\u00c4M<\/strong> | S\u00e4ker b\u00e5de f\u00f6r dig och naturen, f\u00f6rpackad i en milj\u00f6v\u00e4nlig tub av sockerr\u00f6r. <\/span><\/p>\n<p><span style=\"font-weight: 400;\"><strong>TINTAD <\/strong> | En l\u00e4tt tint g\u00f6r att denna mineralbaserade solkr\u00e4m sm\u00e4lter in b\u00e4ttre i huden. Icke-vitg\u00f6rande.<\/span><\/p>\n<p><span style=\"font-weight: 400;\"><strong>MINERALBASERAT UV-FILTER |<\/strong> Vetenskapligt validerat bredspektrumskydd mot UVA &amp; UVB med non-nano zinkoxid. Blockerar 97 % av UVB-str\u00e5lar. Vattenresistent. Reef safe \u2013 s\u00e4ker f\u00f6r korallrev. <\/span><\/p>\n<p><span style=\"font-weight: 400;\"><strong>EKOLOGISK &amp; SKONSAM |<\/strong> Formulerad med ekologiska ingredienser. Allergenfri och l\u00e4mplig f\u00f6r k\u00e4nslig hud. Naturlig doft av kokos. <\/span><\/p>\n<p><span style=\"font-weight: 400;\"><strong>0% TILLSATSER<\/strong> | \u00c4ntligen en bekymmersfri solkr\u00e4m. Fri fr\u00e5n parfym, konserveringsmedel och syntetiska kemikalier.<\/span><\/p>\n<p><strong>100 ml \u2014 40 min vattenresistent \u2014 UVA &amp; UVB \u2014 Naturlig kokosdoft \u2014 Tonad &amp; icke blekande<\/strong><\/p>\n","protected":false},"featured_media":101349,"comment_status":"open","ping_status":"closed","template":"","meta":{"ocean_post_layout":"","ocean_both_sidebars_style":"","ocean_both_sidebars_content_width":[""],"ocean_both_sidebars_sidebars_width":[""],"ocean_sidebar":["0"],"ocean_second_sidebar":["0"],"ocean_disable_margins":["enable"],"ocean_add_body_class":"","ocean_shortcode_before_top_bar":"","ocean_shortcode_after_top_bar":"","ocean_shortcode_before_header":"","ocean_shortcode_after_header":"","ocean_has_shortcode":"","ocean_shortcode_after_title":"","ocean_shortcode_before_footer_widgets":"","ocean_shortcode_after_footer_widgets":"","ocean_shortcode_before_footer_bottom":"","ocean_shortcode_after_footer_bottom":"","ocean_display_top_bar":["default"],"ocean_display_header":["default"],"ocean_header_style":"","ocean_center_header_left_menu":["0"],"ocean_custom_header_template":["0"],"ocean_custom_logo":["0"],"ocean_custom_retina_logo":["0"],"ocean_custom_logo_max_width":[""],"ocean_custom_logo_tablet_max_width":[""],"ocean_custom_logo_mobile_max_width":[""],"ocean_custom_logo_max_height":[""],"ocean_custom_logo_tablet_max_height":[""],"ocean_custom_logo_mobile_max_height":[""],"ocean_header_custom_menu":["0"],"ocean_menu_typo_font_family":["0"],"ocean_menu_typo_font_subset":"","ocean_menu_typo_font_size":[""],"ocean_menu_typo_font_size_tablet":0,"ocean_menu_typo_font_size_mobile":0,"ocean_menu_typo_font_size_unit":"px","ocean_menu_typo_font_weight":"","ocean_menu_typo_font_weight_tablet":"","ocean_menu_typo_font_weight_mobile":"","ocean_menu_typo_transform":"","ocean_menu_typo_transform_tablet":"","ocean_menu_typo_transform_mobile":"","ocean_menu_typo_line_height":[""],"ocean_menu_typo_line_height_tablet":0,"ocean_menu_typo_line_height_mobile":0,"ocean_menu_typo_line_height_unit":"","ocean_menu_typo_spacing":[""],"ocean_menu_typo_spacing_tablet":0,"ocean_menu_typo_spacing_mobile":0,"ocean_menu_typo_spacing_unit":"","ocean_menu_link_color":"","ocean_menu_link_color_hover":"","ocean_menu_link_color_active":"","ocean_menu_link_background":"","ocean_menu_link_hover_background":"","ocean_menu_link_active_background":"","ocean_menu_social_links_bg":"","ocean_menu_social_hover_links_bg":"","ocean_menu_social_links_color":"","ocean_menu_social_hover_links_color":"","ocean_disable_title":["default"],"ocean_disable_heading":["on"],"ocean_post_title":"","ocean_post_subheading":"","ocean_post_title_style":"","ocean_post_title_background_color":"","ocean_post_title_background":[""],"ocean_post_title_bg_image_position":"","ocean_post_title_bg_image_attachment":"","ocean_post_title_bg_image_repeat":"","ocean_post_title_bg_image_size":"","ocean_post_title_height":[""],"ocean_post_title_bg_overlay":["0.5"],"ocean_post_title_bg_overlay_color":"","ocean_disable_breadcrumbs":["default"],"ocean_breadcrumbs_color":"","ocean_breadcrumbs_separator_color":"","ocean_breadcrumbs_links_color":"","ocean_breadcrumbs_links_hover_color":"","ocean_display_footer_widgets":["default"],"ocean_display_footer_bottom":["default"],"ocean_custom_footer_template":["0"],"_wp_page_template":["default"],"ocean_link_format_target":[],"ocean_quote_format_link":[],"_wp_old_date":[],"_edit_lock":["1716277054:1"],"_edit_last":["1"],"ocean_gallery_link_images":[],"osh_disable_topbar_sticky":["default"],"osh_disable_header_sticky":["default"],"_elementor_pro_version":[],"_oembed_e2253486b4ac832aa91022f965f4df74":[],"_elementor_version":["0.4"],"_oembed_time_e2253486b4ac832aa91022f965f4df74":[],"_genesis_description":["Naturlig mineralbaserat solkr\u00e4m med non-nano zinkoxid som UV-filter. Bredspektrum (UVA\/UVB), Reef Safe, ekologiska ingredienser. Skickas \u00f6ver hela v\u00e4rlden!"],"_yoast_wpseo_content_score":[],"_yoast_wpseo_primary_category":[],"_oembed_147307c9146127d25c8c9bc3fedbbdd2":[],"_oembed_time_147307c9146127d25c8c9bc3fedbbdd2":[],"_oembed_298cc3cf7783e9a730e0d30489c0767d":[],"_oembed_time_298cc3cf7783e9a730e0d30489c0767d":[],"_wp_old_slug":[],"_yoast_wpseo_focuskw":["mineral sunscreen"],"_oembed_6ce714c902a6c8b37bfed747aa272afa":[],"_oembed_time_6ce714c902a6c8b37bfed747aa272afa":[],"_oembed_67fd97d2449b30f3b8aff7987461bdee":[],"_oembed_time_67fd97d2449b30f3b8aff7987461bdee":[],"_yoast_wpseo_linkdex":[],"_oembed_8c4ad389a55d131ee3502f96b92cd139":[],"_oembed_time_8c4ad389a55d131ee3502f96b92cd139":[],"_thumbnail_id":["101349"],"_wpml_media_duplicate":["1"],"_wpml_media_has_media":[],"_seopress_titles_desc":["Naturlig mineralbaserat solkr\u00e4m med non-nano zinkoxid som UV-filter. Bredspektrum (UVA\/UVB), Reef Safe, ekologiska ingredienser. Skickas \u00f6ver hela v\u00e4rlden!"],"_seopress_analysis_target_kw":[],"_seopress_robots_primary_cat":[],"rank_math_seo_score":["10"],"rank_math_contentai_score":[],"rank_math_focus_keyword":["mineral sunscreen"],"rank_math_title":[],"rank_math_description":[],"_elementor_controls_usage":[],"_ez-toc-disabled":[],"_ez-toc-insert":[],"_ez-toc-header-label":[],"_ez-toc-alignment":[],"_ez-toc-heading-levels":[],"_ez-toc-alttext":[],"_ez-toc-visibility_hide_by_default":[],"_ez-toc-hide_counter":[],"_ez-toc-exclude":[],"_ez-toc-position-specific":[],"rank_math_internal_links_processed":["1"],"rank_math_primary_category":[],"_wpml_media_featured":["1"],"_alp_processed":["1747490271"],"_wpml_word_count":["243"],"copied_media_ids":[],"referenced_media_ids":[],"_elementor_page_assets":[null],"_elementor_css":[],"_elementor_element_cache":[]},"product_brand":[],"product_cat":[157],"product_tag":[],"class_list":{"0":"post-66710","1":"product","2":"type-product","3":"status-publish","4":"has-post-thumbnail","6":"product_cat-sunscreens-sv","7":"pa_amount-kop-1","8":"pa_amount-kop-2-spara-10","9":"pa_amount-kop-4-spara-20","11":"entry","12":"has-media","14":"first","15":"instock","16":"sale","17":"taxable","18":"shipping-taxable","19":"purchasable","20":"product-type-variable","21":"has-rating","22":"has-product-nav","23":"col","24":"span_1_of_3","25":"owp-content-center","26":"owp-thumbs-layout-horizontal","27":"owp-btn-normal","28":"owp-tabs-layout-horizontal","30":"circle-sale"},"bundled_by":[],"bundle_stock_status":"instock","bundle_stock_quantity":null,"bundle_virtual":false,"bundle_layout":"","bundle_add_to_cart_form_location":"","bundle_editable_in_cart":false,"bundle_sold_individually_context":"","bundle_item_grouping":"","bundle_min_size":"","bundle_max_size":"","bundle_price":[],"bundled_items":[],"bundle_sell_ids":[],"jetpack_sharing_enabled":true,"_links":{"self":[{"href":"https:\/\/worryfreebackup.win\/sv\/wp-json\/wp\/v2\/product\/66710","targetHints":{"allow":["GET"]}}],"collection":[{"href":"https:\/\/worryfreebackup.win\/sv\/wp-json\/wp\/v2\/product"}],"about":[{"href":"https:\/\/worryfreebackup.win\/sv\/wp-json\/wp\/v2\/types\/product"}],"replies":[{"embeddable":true,"href":"https:\/\/worryfreebackup.win\/sv\/wp-json\/wp\/v2\/comments?post=66710"}],"version-history":[{"count":9,"href":"https:\/\/worryfreebackup.win\/sv\/wp-json\/wp\/v2\/product\/66710\/revisions"}],"predecessor-version":[{"id":92775,"href":"https:\/\/worryfreebackup.win\/sv\/wp-json\/wp\/v2\/product\/66710\/revisions\/92775"}],"wp:featuredmedia":[{"embeddable":true,"href":"https:\/\/worryfreebackup.win\/sv\/wp-json\/wp\/v2\/media\/101349"}],"wp:attachment":[{"href":"https:\/\/worryfreebackup.win\/sv\/wp-json\/wp\/v2\/media?parent=66710"}],"wp:term":[{"taxonomy":"product_brand","embeddable":true,"href":"https:\/\/worryfreebackup.win\/sv\/wp-json\/wp\/v2\/product_brand?post=66710"},{"taxonomy":"product_cat","embeddable":true,"href":"https:\/\/worryfreebackup.win\/sv\/wp-json\/wp\/v2\/product_cat?post=66710"},{"taxonomy":"product_tag","embeddable":true,"href":"https:\/\/worryfreebackup.win\/sv\/wp-json\/wp\/v2\/product_tag?post=66710"}],"curies":[{"name":"wp","href":"https:\/\/api.w.org\/{rel}","templated":true}]}}