





{"id":77395,"date":"2008-05-23T12:52:59","date_gmt":"2024-05-23T13:09:55","guid":{"rendered":"https:\/\/suntribesunscreen.com\/product\/prova-active-natural-mineral-sunscreen-spf-50-3-ml\/"},"modified":"2025-05-17T13:19:23","modified_gmt":"2025-05-17T13:19:23","slug":"prova-active-natural-mineral-sunscreen-spf-50-3-ml","status":"publish","type":"product","link":"https:\/\/worryfreebackup.win\/sv\/produkt\/prova-active-natural-mineral-sunscreen-spf-50-3-ml\/","title":{"rendered":"Prov! Active Organic Mineral Sunscreen SPF 50 (3 ml)"},"content":{"rendered":"<p style=\"text-align: left;\"><span style=\"font-weight: 400;\">Du kan \u00e4ntligen sluta oroa dig f\u00f6r vad din solkr\u00e4m inneh\u00e5ller \u2014 den h\u00e4r \u00e4r s\u00e4ker f\u00f6r dig och naturen. H\u00f6gpresterande solkr\u00e4m med SPF 50 med mycket h\u00f6g vatten- och svettbest\u00e4ndighet. En innovativ kombination av mineralbaserade UV-filter och pongamia glabra olja g\u00f6r att denna ekologiska solkr\u00e4m knappt syns samtidigt som den ger ett vetenskapligt validerat bredspektrumskydd mot UVA- och UVB-str\u00e5lar. <\/span><\/p>\n<p><span style=\"font-weight: 400;\">Vegansk och rev-s\u00e4ker solkr\u00e4m med lugnande aloe vera och kamomill. Allergenfri och l\u00e4mplig f\u00f6r barn och k\u00e4nslig hud. <\/span><\/p>\n","protected":false},"excerpt":{"rendered":"<p><span style=\"font-weight: 400;\"><strong>100% NATURLIG SOLKR\u00c4M<\/strong> | S\u00e4ker f\u00f6r dig och naturen. Slipp oroa dig f\u00f6r vad din solkr\u00e4m inneh\u00e5ller. <\/span><\/p>\n<p><span style=\"font-weight: 400;\"><strong>H\u00d6GPRESTERANDE SOLKR\u00c4M | <\/strong> Mycket vatten- och svettresistent. H\u00e5ller sig kvar i b\u00e5de stora v\u00e5gor och svettiga aktiviteter p\u00e5 land. <\/span><\/p>\n<p><span style=\"font-weight: 400;\"><strong>VITT SKIMMER<\/strong> | Den innovativa kombinationen av mineralbaserade UV-filter och pongamia glabra-olja minskar solkr\u00e4mens vita effekt p\u00e5 huden.<\/span><\/p>\n<p><span style=\"font-weight: 400;\"><strong>EKOLOGISK &amp; SKONSAM<\/strong> | Vegansk solkr\u00e4m med aloe vera och kamomill som b\u00e5de lugnar och \u00e5terfuktar huden. Allergenfri och l\u00e4mplig f\u00f6r barn och k\u00e4nslig hud. Mild doft utan parfym.<\/span><\/p>\n<p><span style=\"font-weight: 400;\"><strong>MINERALBASERAT UV-FILTER<\/strong> | Vetenskapligt validerat bredspektrumskydd mot UVA &amp; UVB tack vare non-nano zinkoxid och non-nano titandioxid. Reef safe &#8211; s\u00e4ker f\u00f6r korallrev och marint liv.<\/span><\/p>\n<p><img decoding=\"async\" class=\"alignleft wp-image-84023\" src=\"https:\/\/suntribesunscreen.com\/wp-content\/uploads\/2021\/04\/SPF-50-4.jpg\" alt=\"\" width=\"600\" height=\"76\" srcset=\"https:\/\/worryfreebackup.win\/wp-content\/uploads\/2021\/04\/SPF-50-4.jpg 1688w, https:\/\/worryfreebackup.win\/wp-content\/uploads\/2021\/04\/SPF-50-4-700x89.jpg 700w, https:\/\/worryfreebackup.win\/wp-content\/uploads\/2021\/04\/SPF-50-4-1024x130.jpg 1024w, https:\/\/worryfreebackup.win\/wp-content\/uploads\/2021\/04\/SPF-50-4-768x97.jpg 768w, https:\/\/worryfreebackup.win\/wp-content\/uploads\/2021\/04\/SPF-50-4-1536x195.jpg 1536w, https:\/\/worryfreebackup.win\/wp-content\/uploads\/2021\/04\/SPF-50-4-1000x127.jpg 1000w\" sizes=\"(max-width: 600px) 100vw, 600px\" \/><\/p>\n<p>&nbsp;<\/p>\n<p>&nbsp;<\/p>\n<p>&nbsp;<\/p>\n<p><strong>3 ml \u2014 80 min vattenresistent \u2014 UVA &amp; UVB \u2014 Oparfymerad \u2014 Otonad<\/strong><\/p>\n","protected":false},"featured_media":74425,"comment_status":"open","ping_status":"closed","template":"","meta":{"ocean_post_layout":"","ocean_both_sidebars_style":"","ocean_both_sidebars_content_width":[],"ocean_both_sidebars_sidebars_width":[],"ocean_sidebar":["0"],"ocean_second_sidebar":["0"],"ocean_disable_margins":[],"ocean_add_body_class":"","ocean_shortcode_before_top_bar":"","ocean_shortcode_after_top_bar":"","ocean_shortcode_before_header":"","ocean_shortcode_after_header":"","ocean_has_shortcode":"","ocean_shortcode_after_title":"","ocean_shortcode_before_footer_widgets":"","ocean_shortcode_after_footer_widgets":"","ocean_shortcode_before_footer_bottom":"","ocean_shortcode_after_footer_bottom":"","ocean_display_top_bar":[],"ocean_display_header":[],"ocean_header_style":"","ocean_center_header_left_menu":["0"],"ocean_custom_header_template":["0"],"ocean_custom_logo":[],"ocean_custom_retina_logo":[],"ocean_custom_logo_max_width":[""],"ocean_custom_logo_tablet_max_width":[""],"ocean_custom_logo_mobile_max_width":[""],"ocean_custom_logo_max_height":[""],"ocean_custom_logo_tablet_max_height":[""],"ocean_custom_logo_mobile_max_height":[""],"ocean_header_custom_menu":["0"],"ocean_menu_typo_font_family":["0"],"ocean_menu_typo_font_subset":"","ocean_menu_typo_font_size":[],"ocean_menu_typo_font_size_tablet":0,"ocean_menu_typo_font_size_mobile":0,"ocean_menu_typo_font_size_unit":"px","ocean_menu_typo_font_weight":"","ocean_menu_typo_font_weight_tablet":"","ocean_menu_typo_font_weight_mobile":"","ocean_menu_typo_transform":"","ocean_menu_typo_transform_tablet":"","ocean_menu_typo_transform_mobile":"","ocean_menu_typo_line_height":[],"ocean_menu_typo_line_height_tablet":0,"ocean_menu_typo_line_height_mobile":0,"ocean_menu_typo_line_height_unit":"","ocean_menu_typo_spacing":[],"ocean_menu_typo_spacing_tablet":0,"ocean_menu_typo_spacing_mobile":0,"ocean_menu_typo_spacing_unit":"","ocean_menu_link_color":"","ocean_menu_link_color_hover":"","ocean_menu_link_color_active":"","ocean_menu_link_background":"","ocean_menu_link_hover_background":"","ocean_menu_link_active_background":"","ocean_menu_social_links_bg":"","ocean_menu_social_hover_links_bg":"","ocean_menu_social_links_color":"","ocean_menu_social_hover_links_color":"","ocean_disable_title":[],"ocean_disable_heading":[],"ocean_post_title":"","ocean_post_subheading":"","ocean_post_title_style":"","ocean_post_title_background_color":"","ocean_post_title_background":[],"ocean_post_title_bg_image_position":"","ocean_post_title_bg_image_attachment":"","ocean_post_title_bg_image_repeat":"","ocean_post_title_bg_image_size":"","ocean_post_title_height":[],"ocean_post_title_bg_overlay":[],"ocean_post_title_bg_overlay_color":"","ocean_disable_breadcrumbs":[],"ocean_breadcrumbs_color":"","ocean_breadcrumbs_separator_color":"","ocean_breadcrumbs_links_color":"","ocean_breadcrumbs_links_hover_color":"","ocean_display_footer_widgets":[],"ocean_display_footer_bottom":[],"ocean_custom_footer_template":["0"],"_wp_page_template":["default"],"ocean_link_format_target":[],"ocean_quote_format_link":[],"_wp_old_date":[],"_edit_lock":[],"_edit_last":[],"ocean_gallery_link_images":[],"osh_disable_topbar_sticky":[],"osh_disable_header_sticky":[],"_elementor_pro_version":[],"_oembed_e2253486b4ac832aa91022f965f4df74":[],"_elementor_version":["0.4"],"_oembed_time_e2253486b4ac832aa91022f965f4df74":[],"_genesis_description":[],"_yoast_wpseo_content_score":[],"_yoast_wpseo_primary_category":[],"_oembed_147307c9146127d25c8c9bc3fedbbdd2":[],"_oembed_time_147307c9146127d25c8c9bc3fedbbdd2":[],"_oembed_298cc3cf7783e9a730e0d30489c0767d":[],"_oembed_time_298cc3cf7783e9a730e0d30489c0767d":[],"_wp_old_slug":[],"_yoast_wpseo_focuskw":[],"_oembed_6ce714c902a6c8b37bfed747aa272afa":[],"_oembed_time_6ce714c902a6c8b37bfed747aa272afa":[],"_oembed_67fd97d2449b30f3b8aff7987461bdee":[],"_oembed_time_67fd97d2449b30f3b8aff7987461bdee":[],"_yoast_wpseo_linkdex":[],"_oembed_8c4ad389a55d131ee3502f96b92cd139":[],"_oembed_time_8c4ad389a55d131ee3502f96b92cd139":[],"_thumbnail_id":["74425"],"_wpml_media_duplicate":["1"],"_wpml_media_has_media":[],"_seopress_titles_desc":[],"_seopress_analysis_target_kw":[],"_seopress_robots_primary_cat":[],"rank_math_seo_score":[],"rank_math_contentai_score":[],"rank_math_focus_keyword":[],"rank_math_title":[],"rank_math_description":[],"_elementor_controls_usage":[],"_ez-toc-disabled":[],"_ez-toc-insert":[],"_ez-toc-header-label":[],"_ez-toc-alignment":[],"_ez-toc-heading-levels":[],"_ez-toc-alttext":[],"_ez-toc-visibility_hide_by_default":[],"_ez-toc-hide_counter":[],"_ez-toc-exclude":[],"_ez-toc-position-specific":[],"rank_math_internal_links_processed":["1"],"rank_math_primary_category":[],"_wpml_media_featured":["1"],"_alp_processed":["1747487963"],"_wpml_word_count":["242"],"copied_media_ids":[],"referenced_media_ids":[],"_elementor_page_assets":[],"_elementor_css":[],"_elementor_element_cache":[]},"product_brand":[],"product_cat":[157],"product_tag":[],"class_list":{"0":"post-77395","1":"product","2":"type-product","3":"status-publish","4":"has-post-thumbnail","6":"product_cat-sunscreens-sv","7":"pa_amount-kop-1","8":"pa_amount-kop-2-spara-10","9":"pa_amount-kop-4-spara-20","10":"pa_amount-produktprov-3-ml","12":"entry","13":"has-media","15":"first","16":"instock","17":"taxable","18":"shipping-taxable","19":"purchasable","20":"product-type-simple","21":"has-product-nav","22":"col","23":"span_1_of_3","24":"owp-content-center","25":"owp-thumbs-layout-horizontal","26":"owp-btn-normal","27":"owp-tabs-layout-horizontal","29":"circle-sale"},"bundled_by":[],"bundle_stock_status":"instock","bundle_stock_quantity":null,"bundle_virtual":false,"bundle_layout":"","bundle_add_to_cart_form_location":"","bundle_editable_in_cart":false,"bundle_sold_individually_context":"","bundle_item_grouping":"","bundle_min_size":"","bundle_max_size":"","bundle_price":[],"bundled_items":[],"bundle_sell_ids":[],"jetpack_sharing_enabled":true,"_links":{"self":[{"href":"https:\/\/worryfreebackup.win\/sv\/wp-json\/wp\/v2\/product\/77395","targetHints":{"allow":["GET"]}}],"collection":[{"href":"https:\/\/worryfreebackup.win\/sv\/wp-json\/wp\/v2\/product"}],"about":[{"href":"https:\/\/worryfreebackup.win\/sv\/wp-json\/wp\/v2\/types\/product"}],"replies":[{"embeddable":true,"href":"https:\/\/worryfreebackup.win\/sv\/wp-json\/wp\/v2\/comments?post=77395"}],"version-history":[{"count":4,"href":"https:\/\/worryfreebackup.win\/sv\/wp-json\/wp\/v2\/product\/77395\/revisions"}],"predecessor-version":[{"id":92753,"href":"https:\/\/worryfreebackup.win\/sv\/wp-json\/wp\/v2\/product\/77395\/revisions\/92753"}],"wp:featuredmedia":[{"embeddable":true,"href":"https:\/\/worryfreebackup.win\/sv\/wp-json\/wp\/v2\/media\/74425"}],"wp:attachment":[{"href":"https:\/\/worryfreebackup.win\/sv\/wp-json\/wp\/v2\/media?parent=77395"}],"wp:term":[{"taxonomy":"product_brand","embeddable":true,"href":"https:\/\/worryfreebackup.win\/sv\/wp-json\/wp\/v2\/product_brand?post=77395"},{"taxonomy":"product_cat","embeddable":true,"href":"https:\/\/worryfreebackup.win\/sv\/wp-json\/wp\/v2\/product_cat?post=77395"},{"taxonomy":"product_tag","embeddable":true,"href":"https:\/\/worryfreebackup.win\/sv\/wp-json\/wp\/v2\/product_tag?post=77395"}],"curies":[{"name":"wp","href":"https:\/\/api.w.org\/{rel}","templated":true}]}}