





{"id":89603,"date":"2025-04-17T10:41:28","date_gmt":"2025-04-17T10:41:28","guid":{"rendered":"https:\/\/suntribesunscreen.com\/?post_type=product&#038;p=89603"},"modified":"2026-03-02T13:18:40","modified_gmt":"2026-03-02T13:18:40","slug":"organic-after-sun-gel-double-aloe-vera-copy","status":"publish","type":"product","link":"https:\/\/worryfreebackup.win\/sv\/produkt\/organic-after-sun-gel-double-aloe-vera-copy\/","title":{"rendered":"Organic Mineral Tinted Lip Balm SPF 30"},"content":{"rendered":"<p><span style=\"font-weight: 400;\">Du kan \u00e4ntligen sluta oroa dig f\u00f6r vad ditt SPF l\u00e4ppbalsam inneh\u00e5ller &#8211; det h\u00e4r \u00e4r s\u00e4kert f\u00f6r dig och naturen. G\u00f6r dig redo att bli f\u00f6r\u00e4lskad i detta SPF 30 tonade l\u00e4ppbalsam som din nya dagliga n\u00f6dv\u00e4ndighet! Det ger dina l\u00e4ppar en underbar naturlig r\u00f6d nyans samtidigt som det skyddar dem mot solen.  <\/span><\/p>\n<p><span style=\"font-weight: 400;\">Detta veganska l\u00e4ppbalsam inneh\u00e5ller zinkoxid utan nanopartiklar och skyddar effektivt mot UVA- och UVB-str\u00e5lar medan ekologisk kokosolja och kakaosm\u00f6r \u00e5terfuktar p\u00e5 djupet. Havtornsfruktolja ger kraftfulla antioxidanter och l\u00e4kande egenskaper, och E-vitamin lugnar och h\u00e5ller l\u00e4pparna friska. <\/span><\/p>\n<p><span style=\"font-weight: 400;\">Allergenfri, s\u00e5 \u00e4ven om du har k\u00e4nslig hud kan du anv\u00e4nda den.<\/span><\/p>\n","protected":false},"excerpt":{"rendered":"<p><span style=\"font-weight: 400;\"><strong>100% NATURLIGT L\u00c4PPBALSAM <\/strong>| S\u00e4kert f\u00f6r dig och naturen. \u00c4ntligen ett bekymmersfritt l\u00e4ppbalsam med solskydd. <\/span><\/p>\n<p><span style=\"font-weight: 400;\"><strong>TONAD<\/strong> | Har en naturlig, subtil r\u00f6d nyans som matchar med l\u00e4ppf\u00e4rg &#8211; perfekt f\u00f6r en naturlig look.<\/span><\/p>\n<p><span style=\"font-weight: 400;\"><strong>MINERALBASERAT UV-FILTER |<\/strong> Vetenskapligt validerat bredspektrumskydd mot UVA &amp; UVB med non-nano zinkoxid. Reef safe &#8211; s\u00e4ker f\u00f6r korallrev och marint liv.<\/span><\/p>\n<p><span style=\"font-weight: 400;\"><strong>EKOLOGISK &amp; SKONSAM<\/strong> | Smidigt veganskt l\u00e4ppbalsam med \u00e5terfuktande ekologisk kokosolja och kakaosm\u00f6r. Allergenfritt och l\u00e4mplig f\u00f6r barn och k\u00e4nslig hud. Mild doft utan parfym. Allergenfri och l\u00e4mplig f\u00f6r barn och k\u00e4nslig hud. Mild doft utan parfym.<\/span><\/p>\n<p><span style=\"font-weight: 400;\"><strong>REPAIR BOOST<\/strong> | Berikad med havtornsolja f\u00f6r en h\u00e4lsosam dos antioxidanter och reparativa f\u00f6rdelar, kompletterad med vitamin E f\u00f6r att lugna och l\u00e4ka l\u00e4pparna.<\/span><\/p>\n<p><strong>5 g \u2014 Naturlig doft av vanilj och persika<\/strong><\/p>\n","protected":false},"featured_media":101357,"comment_status":"open","ping_status":"closed","template":"","meta":{"ocean_post_layout":"","ocean_both_sidebars_style":"","ocean_both_sidebars_content_width":[""],"ocean_both_sidebars_sidebars_width":[""],"ocean_sidebar":["0"],"ocean_second_sidebar":["0"],"ocean_disable_margins":[],"ocean_add_body_class":"","ocean_shortcode_before_top_bar":"","ocean_shortcode_after_top_bar":"","ocean_shortcode_before_header":"","ocean_shortcode_after_header":"","ocean_has_shortcode":"","ocean_shortcode_after_title":"","ocean_shortcode_before_footer_widgets":"","ocean_shortcode_after_footer_widgets":"","ocean_shortcode_before_footer_bottom":"","ocean_shortcode_after_footer_bottom":"","ocean_display_top_bar":[],"ocean_display_header":[],"ocean_header_style":"","ocean_center_header_left_menu":["0"],"ocean_custom_header_template":["0"],"ocean_custom_logo":[""],"ocean_custom_retina_logo":[""],"ocean_custom_logo_max_width":[""],"ocean_custom_logo_tablet_max_width":[""],"ocean_custom_logo_mobile_max_width":[""],"ocean_custom_logo_max_height":[""],"ocean_custom_logo_tablet_max_height":[""],"ocean_custom_logo_mobile_max_height":[""],"ocean_header_custom_menu":["0"],"ocean_menu_typo_font_family":["0"],"ocean_menu_typo_font_subset":"","ocean_menu_typo_font_size":[""],"ocean_menu_typo_font_size_tablet":0,"ocean_menu_typo_font_size_mobile":0,"ocean_menu_typo_font_size_unit":"px","ocean_menu_typo_font_weight":"","ocean_menu_typo_font_weight_tablet":"","ocean_menu_typo_font_weight_mobile":"","ocean_menu_typo_transform":"","ocean_menu_typo_transform_tablet":"","ocean_menu_typo_transform_mobile":"","ocean_menu_typo_line_height":[""],"ocean_menu_typo_line_height_tablet":0,"ocean_menu_typo_line_height_mobile":0,"ocean_menu_typo_line_height_unit":"","ocean_menu_typo_spacing":[""],"ocean_menu_typo_spacing_tablet":0,"ocean_menu_typo_spacing_mobile":0,"ocean_menu_typo_spacing_unit":"","ocean_menu_link_color":"","ocean_menu_link_color_hover":"","ocean_menu_link_color_active":"","ocean_menu_link_background":"","ocean_menu_link_hover_background":"","ocean_menu_link_active_background":"","ocean_menu_social_links_bg":"","ocean_menu_social_hover_links_bg":"","ocean_menu_social_links_color":"","ocean_menu_social_hover_links_color":"","ocean_disable_title":[],"ocean_disable_heading":[],"ocean_post_title":"","ocean_post_subheading":"","ocean_post_title_style":"","ocean_post_title_background_color":"","ocean_post_title_background":[""],"ocean_post_title_bg_image_position":"","ocean_post_title_bg_image_attachment":"","ocean_post_title_bg_image_repeat":"","ocean_post_title_bg_image_size":"","ocean_post_title_height":[""],"ocean_post_title_bg_overlay":["0.5"],"ocean_post_title_bg_overlay_color":"","ocean_disable_breadcrumbs":[],"ocean_breadcrumbs_color":"","ocean_breadcrumbs_separator_color":"","ocean_breadcrumbs_links_color":"","ocean_breadcrumbs_links_hover_color":"","ocean_display_footer_widgets":[],"ocean_display_footer_bottom":[],"ocean_custom_footer_template":["0"],"_wp_page_template":["default"],"ocean_link_format_target":[],"ocean_quote_format_link":[],"_wp_old_date":["2025-04-04"],"_edit_lock":["1748609821:1"],"_edit_last":["1"],"ocean_gallery_link_images":[],"osh_disable_topbar_sticky":["default"],"osh_disable_header_sticky":["default"],"_elementor_pro_version":[],"_oembed_e2253486b4ac832aa91022f965f4df74":[],"_elementor_version":["0.4"],"_oembed_time_e2253486b4ac832aa91022f965f4df74":[],"_genesis_description":[],"_yoast_wpseo_content_score":[],"_yoast_wpseo_primary_category":[],"_oembed_147307c9146127d25c8c9bc3fedbbdd2":[],"_oembed_time_147307c9146127d25c8c9bc3fedbbdd2":[],"_oembed_298cc3cf7783e9a730e0d30489c0767d":[],"_oembed_time_298cc3cf7783e9a730e0d30489c0767d":[],"_wp_old_slug":[],"_yoast_wpseo_focuskw":[],"_oembed_6ce714c902a6c8b37bfed747aa272afa":[],"_oembed_time_6ce714c902a6c8b37bfed747aa272afa":[],"_oembed_67fd97d2449b30f3b8aff7987461bdee":[],"_oembed_time_67fd97d2449b30f3b8aff7987461bdee":[],"_yoast_wpseo_linkdex":[],"_oembed_8c4ad389a55d131ee3502f96b92cd139":[],"_oembed_time_8c4ad389a55d131ee3502f96b92cd139":[],"_thumbnail_id":["101357"],"_wpml_media_duplicate":["1"],"_wpml_media_has_media":["1"],"_seopress_titles_desc":[],"_seopress_analysis_target_kw":[],"_seopress_robots_primary_cat":[],"rank_math_seo_score":[],"rank_math_contentai_score":[],"rank_math_focus_keyword":["tinted lip balm spf"],"rank_math_title":[],"rank_math_description":[],"_elementor_controls_usage":[null],"_ez-toc-disabled":[],"_ez-toc-insert":[],"_ez-toc-header-label":[],"_ez-toc-alignment":[],"_ez-toc-heading-levels":[],"_ez-toc-alttext":[],"_ez-toc-visibility_hide_by_default":[],"_ez-toc-hide_counter":[],"_ez-toc-exclude":[],"_ez-toc-position-specific":[],"rank_math_internal_links_processed":["1","1"],"rank_math_primary_category":[],"_wpml_media_featured":["1"],"_alp_processed":["1750147768","1750147768"],"_wpml_word_count":["265"],"copied_media_ids":[],"referenced_media_ids":[],"_elementor_page_assets":[null],"_elementor_css":[],"_elementor_element_cache":[]},"product_brand":[],"product_cat":[158],"product_tag":[],"class_list":{"0":"post-89603","1":"product","2":"type-product","3":"status-publish","4":"has-post-thumbnail","6":"product_cat-moisturisers","7":"pa_amount-kop-1","8":"pa_amount-ta-2-spara-10","9":"pa_amount-ta-4-spara-15","11":"entry","12":"has-media","14":"first","15":"outofstock","16":"taxable","17":"shipping-taxable","18":"purchasable","19":"product-type-variable","20":"has-default-attributes","21":"has-rating","22":"has-product-nav","23":"col","24":"span_1_of_3","25":"owp-content-center","26":"owp-thumbs-layout-horizontal","27":"owp-btn-normal","28":"owp-tabs-layout-horizontal","30":"circle-sale"},"bundled_by":[],"bundle_stock_status":"outofstock","bundle_stock_quantity":null,"bundle_virtual":false,"bundle_layout":"","bundle_add_to_cart_form_location":"","bundle_editable_in_cart":false,"bundle_sold_individually_context":"","bundle_item_grouping":"","bundle_min_size":"","bundle_max_size":"","bundle_price":[],"bundled_items":[],"bundle_sell_ids":[],"jetpack_sharing_enabled":true,"_links":{"self":[{"href":"https:\/\/worryfreebackup.win\/sv\/wp-json\/wp\/v2\/product\/89603","targetHints":{"allow":["GET"]}}],"collection":[{"href":"https:\/\/worryfreebackup.win\/sv\/wp-json\/wp\/v2\/product"}],"about":[{"href":"https:\/\/worryfreebackup.win\/sv\/wp-json\/wp\/v2\/types\/product"}],"replies":[{"embeddable":true,"href":"https:\/\/worryfreebackup.win\/sv\/wp-json\/wp\/v2\/comments?post=89603"}],"version-history":[{"count":1,"href":"https:\/\/worryfreebackup.win\/sv\/wp-json\/wp\/v2\/product\/89603\/revisions"}],"predecessor-version":[{"id":90037,"href":"https:\/\/worryfreebackup.win\/sv\/wp-json\/wp\/v2\/product\/89603\/revisions\/90037"}],"wp:featuredmedia":[{"embeddable":true,"href":"https:\/\/worryfreebackup.win\/sv\/wp-json\/wp\/v2\/media\/101357"}],"wp:attachment":[{"href":"https:\/\/worryfreebackup.win\/sv\/wp-json\/wp\/v2\/media?parent=89603"}],"wp:term":[{"taxonomy":"product_brand","embeddable":true,"href":"https:\/\/worryfreebackup.win\/sv\/wp-json\/wp\/v2\/product_brand?post=89603"},{"taxonomy":"product_cat","embeddable":true,"href":"https:\/\/worryfreebackup.win\/sv\/wp-json\/wp\/v2\/product_cat?post=89603"},{"taxonomy":"product_tag","embeddable":true,"href":"https:\/\/worryfreebackup.win\/sv\/wp-json\/wp\/v2\/product_tag?post=89603"}],"curies":[{"name":"wp","href":"https:\/\/api.w.org\/{rel}","templated":true}]}}