





{"id":93529,"date":"2025-05-27T15:07:24","date_gmt":"2025-05-27T15:07:24","guid":{"rendered":"https:\/\/suntribesunscreen.com\/?post_type=product&#038;p=93529"},"modified":"2025-07-23T01:13:51","modified_gmt":"2025-07-23T01:13:51","slug":"organic-mineral-zinc-lip-balm-spf-50","status":"publish","type":"product","link":"https:\/\/worryfreebackup.win\/sv\/produkt\/organic-mineral-zinc-lip-balm-spf-50\/","title":{"rendered":"Organic Mineral Zinc Lip Balm SPF 50"},"content":{"rendered":"<p>Du kan \u00e4ntligen sluta oroa dig f\u00f6r vad ditt solskyddande l\u00e4ppbalsam inneh\u00e5ller &#8211; detta \u00e4r s\u00e4kert f\u00f6r dig och naturen. V\u00e5rt SPF 50-l\u00e4ppbalsam \u00e4r perfekt utformat f\u00f6r alla utomhusaktiviteter och l\u00e4mnar dina l\u00e4ppar skyddade med bara ett l\u00e4tt vitt skimmer. <\/p>\n<p>Detta kraftfulla SPF l\u00e4ppbalsam inneh\u00e5ller zinkoxid utan nanopartiklar f\u00f6r ett effektivt bredspektrumskydd mot UVA och UVB. Ekologisk kokosolja och kakaosm\u00f6r \u00e5terfuktar p\u00e5 djupet och ser till att dina l\u00e4ppar f\u00f6rblir mjuka och lena under dina utomhus\u00e4ventyr. Morotsextrakt ger kraftfulla antioxidanter och l\u00e4kande egenskaper medan vitamin E lugnar och h\u00e5ller l\u00e4pparna friska.  <\/p>\n<p>Allergenfri, s\u00e5 \u00e4ven om du har k\u00e4nslig hud kan du anv\u00e4nda den.<\/p>\n","protected":false},"excerpt":{"rendered":"<p><span style=\"font-weight: 400;\"><strong>100% NATURLIGT L\u00c4PPBALSAM <\/strong>| S\u00e4kert f\u00f6r dig och naturen. \u00c4ntligen ett bekymmersfritt l\u00e4ppbalsam med solskydd. <\/span><\/p>\n<p><span style=\"font-weight: 400;\"><strong>VIT SKIMMER<\/strong> | Synligt skydd f\u00f6r sportaktiviteter och utomhus\u00e4ventyr.<\/span><\/p>\n<p><span style=\"font-weight: 400;\"><strong>MINERALBASERAD UV-FILTER <\/strong>| Vetenskapligt validerat bredspektrumskydd mot UVA &amp; UVB tack vare Zinkoxid utan nanopartiklar. Reef safe &#8211; s\u00e4ker f\u00f6r korallrev och marint liv.<\/span><\/p>\n<p><span style=\"font-weight: 400;\"><strong>EKOLOGISK &amp; SKONSAM<\/strong> | Smidigt veganskt l\u00e4ppbalsam med \u00e5terfuktande ekologisk kokosolja och kakaosm\u00f6r. Allergenfritt och l\u00e4mplig f\u00f6r barn och k\u00e4nslig hud. Mild doft utan parfym. Allergenfri och l\u00e4mplig f\u00f6r barn och k\u00e4nslig hud. Mild doft utan parfym.<\/span><\/p>\n<p><span style=\"font-weight: 400;\"><strong>REPARERANDE BOOST <\/strong>| Berikad med morotsextrakt f\u00f6r en h\u00e4lsosam dos antioxidanter och reparerande egenskaper, kompletterat med vitamin E f\u00f6r att lugna och l\u00e4ka dina l\u00e4ppar.<\/span><\/p>\n<p><strong>5 g \u2014 Naturlig doft av vanilj och persika<\/strong><\/p>\n","protected":false},"featured_media":101617,"comment_status":"open","ping_status":"closed","template":"","meta":{"ocean_post_layout":"","ocean_both_sidebars_style":"","ocean_both_sidebars_content_width":[""],"ocean_both_sidebars_sidebars_width":[""],"ocean_sidebar":["0"],"ocean_second_sidebar":["0"],"ocean_disable_margins":[],"ocean_add_body_class":"","ocean_shortcode_before_top_bar":"","ocean_shortcode_after_top_bar":"","ocean_shortcode_before_header":"","ocean_shortcode_after_header":"","ocean_has_shortcode":"","ocean_shortcode_after_title":"","ocean_shortcode_before_footer_widgets":"","ocean_shortcode_after_footer_widgets":"","ocean_shortcode_before_footer_bottom":"","ocean_shortcode_after_footer_bottom":"","ocean_display_top_bar":[],"ocean_display_header":[],"ocean_header_style":"","ocean_center_header_left_menu":["0"],"ocean_custom_header_template":["0"],"ocean_custom_logo":["0"],"ocean_custom_retina_logo":["0"],"ocean_custom_logo_max_width":[""],"ocean_custom_logo_tablet_max_width":[""],"ocean_custom_logo_mobile_max_width":[""],"ocean_custom_logo_max_height":[""],"ocean_custom_logo_tablet_max_height":[""],"ocean_custom_logo_mobile_max_height":[""],"ocean_header_custom_menu":["0"],"ocean_menu_typo_font_family":["0"],"ocean_menu_typo_font_subset":"","ocean_menu_typo_font_size":[""],"ocean_menu_typo_font_size_tablet":0,"ocean_menu_typo_font_size_mobile":0,"ocean_menu_typo_font_size_unit":"px","ocean_menu_typo_font_weight":"","ocean_menu_typo_font_weight_tablet":"","ocean_menu_typo_font_weight_mobile":"","ocean_menu_typo_transform":"","ocean_menu_typo_transform_tablet":"","ocean_menu_typo_transform_mobile":"","ocean_menu_typo_line_height":[""],"ocean_menu_typo_line_height_tablet":0,"ocean_menu_typo_line_height_mobile":0,"ocean_menu_typo_line_height_unit":"","ocean_menu_typo_spacing":[""],"ocean_menu_typo_spacing_tablet":0,"ocean_menu_typo_spacing_mobile":0,"ocean_menu_typo_spacing_unit":"","ocean_menu_link_color":"","ocean_menu_link_color_hover":"","ocean_menu_link_color_active":"","ocean_menu_link_background":"","ocean_menu_link_hover_background":"","ocean_menu_link_active_background":"","ocean_menu_social_links_bg":"","ocean_menu_social_hover_links_bg":"","ocean_menu_social_links_color":"","ocean_menu_social_hover_links_color":"","ocean_disable_title":[],"ocean_disable_heading":[],"ocean_post_title":"","ocean_post_subheading":"","ocean_post_title_style":"","ocean_post_title_background_color":"","ocean_post_title_background":[""],"ocean_post_title_bg_image_position":"","ocean_post_title_bg_image_attachment":"","ocean_post_title_bg_image_repeat":"","ocean_post_title_bg_image_size":"","ocean_post_title_height":[""],"ocean_post_title_bg_overlay":["0.5"],"ocean_post_title_bg_overlay_color":"","ocean_disable_breadcrumbs":[],"ocean_breadcrumbs_color":"","ocean_breadcrumbs_separator_color":"","ocean_breadcrumbs_links_color":"","ocean_breadcrumbs_links_hover_color":"","ocean_display_footer_widgets":[],"ocean_display_footer_bottom":[],"ocean_custom_footer_template":["0"],"_wp_page_template":["default"],"ocean_link_format_target":[],"ocean_quote_format_link":[],"_wp_old_date":["2025-05-27"],"_edit_lock":["1748607534:1"],"_edit_last":["1"],"ocean_gallery_link_images":[],"osh_disable_topbar_sticky":["default"],"osh_disable_header_sticky":["default"],"_elementor_pro_version":[],"_oembed_e2253486b4ac832aa91022f965f4df74":[],"_elementor_version":["0.4"],"_oembed_time_e2253486b4ac832aa91022f965f4df74":[],"_genesis_description":[],"_yoast_wpseo_content_score":[],"_yoast_wpseo_primary_category":[],"_oembed_147307c9146127d25c8c9bc3fedbbdd2":[],"_oembed_time_147307c9146127d25c8c9bc3fedbbdd2":[],"_oembed_298cc3cf7783e9a730e0d30489c0767d":[],"_oembed_time_298cc3cf7783e9a730e0d30489c0767d":[],"_wp_old_slug":[],"_yoast_wpseo_focuskw":[],"_oembed_6ce714c902a6c8b37bfed747aa272afa":[],"_oembed_time_6ce714c902a6c8b37bfed747aa272afa":[],"_oembed_67fd97d2449b30f3b8aff7987461bdee":[],"_oembed_time_67fd97d2449b30f3b8aff7987461bdee":[],"_yoast_wpseo_linkdex":[],"_oembed_8c4ad389a55d131ee3502f96b92cd139":[],"_oembed_time_8c4ad389a55d131ee3502f96b92cd139":[],"_thumbnail_id":["101617"],"_wpml_media_duplicate":["1"],"_wpml_media_has_media":[],"_seopress_titles_desc":[],"_seopress_analysis_target_kw":[],"_seopress_robots_primary_cat":[],"rank_math_seo_score":[],"rank_math_contentai_score":[],"rank_math_focus_keyword":[],"rank_math_title":[],"rank_math_description":[],"_elementor_controls_usage":[null],"_ez-toc-disabled":[],"_ez-toc-insert":[],"_ez-toc-header-label":[],"_ez-toc-alignment":[],"_ez-toc-heading-levels":[],"_ez-toc-alttext":[],"_ez-toc-visibility_hide_by_default":[],"_ez-toc-hide_counter":[],"_ez-toc-exclude":[],"_ez-toc-position-specific":[],"rank_math_internal_links_processed":[],"rank_math_primary_category":[],"_wpml_media_featured":["1"],"_alp_processed":["1753233231"],"_wpml_word_count":["271"],"copied_media_ids":[],"referenced_media_ids":[],"_elementor_page_assets":[null],"_elementor_css":[],"_elementor_element_cache":[]},"product_brand":[],"product_cat":[158],"product_tag":[],"class_list":{"0":"post-93529","1":"product","2":"type-product","3":"status-publish","4":"has-post-thumbnail","6":"product_cat-moisturisers","7":"pa_amount-kop-1","8":"pa_amount-ta-2-spara-10","9":"pa_amount-ta-4-spara-15","11":"entry","12":"has-media","14":"first","15":"instock","16":"sale","17":"taxable","18":"shipping-taxable","19":"purchasable","20":"product-type-variable","21":"has-product-nav","22":"col","23":"span_1_of_3","24":"owp-content-center","25":"owp-thumbs-layout-horizontal","26":"owp-btn-normal","27":"owp-tabs-layout-horizontal","29":"circle-sale"},"bundled_by":[],"bundle_stock_status":"instock","bundle_stock_quantity":null,"bundle_virtual":false,"bundle_layout":"","bundle_add_to_cart_form_location":"","bundle_editable_in_cart":false,"bundle_sold_individually_context":"","bundle_item_grouping":"","bundle_min_size":"","bundle_max_size":"","bundle_price":[],"bundled_items":[],"bundle_sell_ids":[],"jetpack_sharing_enabled":true,"_links":{"self":[{"href":"https:\/\/worryfreebackup.win\/sv\/wp-json\/wp\/v2\/product\/93529","targetHints":{"allow":["GET"]}}],"collection":[{"href":"https:\/\/worryfreebackup.win\/sv\/wp-json\/wp\/v2\/product"}],"about":[{"href":"https:\/\/worryfreebackup.win\/sv\/wp-json\/wp\/v2\/types\/product"}],"replies":[{"embeddable":true,"href":"https:\/\/worryfreebackup.win\/sv\/wp-json\/wp\/v2\/comments?post=93529"}],"version-history":[{"count":4,"href":"https:\/\/worryfreebackup.win\/sv\/wp-json\/wp\/v2\/product\/93529\/revisions"}],"predecessor-version":[{"id":98409,"href":"https:\/\/worryfreebackup.win\/sv\/wp-json\/wp\/v2\/product\/93529\/revisions\/98409"}],"wp:featuredmedia":[{"embeddable":true,"href":"https:\/\/worryfreebackup.win\/sv\/wp-json\/wp\/v2\/media\/101617"}],"wp:attachment":[{"href":"https:\/\/worryfreebackup.win\/sv\/wp-json\/wp\/v2\/media?parent=93529"}],"wp:term":[{"taxonomy":"product_brand","embeddable":true,"href":"https:\/\/worryfreebackup.win\/sv\/wp-json\/wp\/v2\/product_brand?post=93529"},{"taxonomy":"product_cat","embeddable":true,"href":"https:\/\/worryfreebackup.win\/sv\/wp-json\/wp\/v2\/product_cat?post=93529"},{"taxonomy":"product_tag","embeddable":true,"href":"https:\/\/worryfreebackup.win\/sv\/wp-json\/wp\/v2\/product_tag?post=93529"}],"curies":[{"name":"wp","href":"https:\/\/api.w.org\/{rel}","templated":true}]}}